{"id":10031,"date":"2020-10-30T17:50:02","date_gmt":"2020-10-30T16:50:02","guid":{"rendered":"https:\/\/deftech.ch\/?page_id=10031"},"modified":"2021-08-22T13:25:28","modified_gmt":"2021-08-22T11:25:28","slug":"futures-fragments","status":"publish","type":"page","link":"https:\/\/deftech.ch\/de\/futures-fragments\/","title":{"rendered":"Futures Fragments"},"content":{"rendered":"\n\t<section class=\"section\" id=\"section_552350664\">\n\t\t<div class=\"section-bg fill\" >\n\t\t\t\t\t\t\t\t\t\n\t\t\t\n\n\t\t<\/div>\n\n\t\t\n\n\t\t<div class=\"section-content relative\">\n\t\t\t\n<div class=\"row\"  id=\"row-56543538\">\n\n\t<div id=\"col-280366881\" class=\"col small-12 large-12\"  >\n\t\t\t\t<div class=\"col-inner text-center\"  >\n\t\t\t\n\t\t\t\n\t<div class=\"img has-hover x md-x lg-x y md-y lg-y\" id=\"image_1302274495\">\n\t\t\t\t\t\t\t\t<div class=\"img-inner dark\" >\n\t\t\t<img loading=\"lazy\" decoding=\"async\" width=\"1020\" height=\"1020\" src=\"https:\/\/deftech.ch\/wp-content\/uploads\/2020\/10\/Futures-Fragments-1024x1024.png\" class=\"attachment-large size-large\" alt=\"\" srcset=\"https:\/\/deftech.ch\/wp-content\/uploads\/2020\/10\/Futures-Fragments-1024x1024.png 1024w, https:\/\/deftech.ch\/wp-content\/uploads\/2020\/10\/Futures-Fragments-300x300.png 300w, https:\/\/deftech.ch\/wp-content\/uploads\/2020\/10\/Futures-Fragments-150x150.png 150w, https:\/\/deftech.ch\/wp-content\/uploads\/2020\/10\/Futures-Fragments-768x768.png 768w, https:\/\/deftech.ch\/wp-content\/uploads\/2020\/10\/Futures-Fragments-1536x1536.png 1536w, https:\/\/deftech.ch\/wp-content\/uploads\/2020\/10\/Futures-Fragments.png 1920w\" sizes=\"auto, (max-width: 1020px) 100vw, 1020px\" \/>\t\t\t\t\t\t\n\t\t\t\t\t<\/div>\n\t\t\t\t\t\t\t\t\n<style>\n#image_1302274495 {\n  width: 64%;\n}\n<\/style>\n\t<\/div>\n\t\n\t\t<\/div>\n\t\t\t\t\t<\/div>\n\n\t\n<\/div>\n\t\t<\/div>\n\n\t\t\n<style>\n#section_552350664 {\n  padding-top: 30px;\n  padding-bottom: 30px;\n}\n<\/style>\n\t<\/section>\n\t\n\n\t<section class=\"section\" id=\"section_362480804\">\n\t\t<div class=\"section-bg fill\" >\n\t\t\t\t\t\t\t\t\t\n\t\t\t\n\n\t\t<\/div>\n\n\t\t\n\n\t\t<div class=\"section-content relative\">\n\t\t\t\n<h1>Fragmente der Zukunft<\/h1>\n<p>Um die Zukunft zu ver\u00e4ndern, m\u00fcssen wir sie uns zuerst vorstellen.<\/p>\n<p>Zusammen mit dem <a href=\"https:\/\/www.plurality-university.org\/\">The Plurality University Network<\/a> und dem <a href=\"https:\/\/www.swissnex.org\/\">Swissnex Netzwerk<\/a>, lancieren wir eine gemeinsame und offene Erkundung der Zukunft von <a href=\"https:\/\/corpora.latelier-des-chercheurs.fr\/health-futures\">Gesundheit<\/a>, <a href=\"https:\/\/corpora.latelier-des-chercheurs.fr\/futures-of-communication\/\">Kommunikation <\/a> und <a href=\"https:\/\/corpora.latelier-des-chercheurs.fr\/energy-futures\">Energie<\/a>, wobei wir Kunst, Fiktion, Design und Utopien als prim\u00e4res Studienmaterial verwenden.<\/p>\n<p>Wir bieten eine gemeinsame Sammlung von Visionen, wie die Zukunft aus m\u00f6glichst vielen verschiedenen Perspektiven aussehen k\u00f6nnte. Denken Sie an die Zukunft, in der Sie leben wollen, die Zukunft, die Sie f\u00fcrchten, die faszinierendste Zukunft, die Zukunft von Arten, von St\u00e4dten, Ihre eigene oder unsere kollektive Zukunft: Gibt es ein Bild, einen Text, ein Video, das diese Zukunft am besten darstellt?<\/p>\n<p>Wenn ja, dann teilen Sie es mit uns!<\/p>\n\t\t<\/div>\n\n\t\t\n<style>\n#section_362480804 {\n  padding-top: 30px;\n  padding-bottom: 30px;\n}\n<\/style>\n\t<\/section>\n\t\n\n\t<section class=\"section\" id=\"section_389073086\">\n\t\t<div class=\"section-bg fill\" >\n\t\t\t\t\t\t\t\t\t\n\t\t\t\n\n\t\t<\/div>\n\n\t\t\n\n\t\t<div class=\"section-content relative\">\n\t\t\t\n<h1>Zukunft der Gesundheit<\/h1>\n<div class=\"row\"  id=\"row-1260396586\">\n\n\t<div id=\"col-1021922707\" class=\"col medium-6 small-12 large-6\"  >\n\t\t\t\t<div class=\"col-inner\"  >\n\t\t\t\n\t\t\t\n\t<div class=\"img has-hover x md-x lg-x y md-y lg-y\" id=\"image_1402991604\">\n\t\t<a class=\"\" href=\"https:\/\/corpora.latelier-des-chercheurs.fr\/health-futures\" >\t\t\t\t\t\t<div class=\"img-inner dark\" >\n\t\t\t<img loading=\"lazy\" decoding=\"async\" width=\"1020\" height=\"604\" src=\"https:\/\/deftech.ch\/wp-content\/uploads\/2020\/10\/The-futures-of-health-1024x606.jpeg\" class=\"attachment-large size-large\" alt=\"\" srcset=\"https:\/\/deftech.ch\/wp-content\/uploads\/2020\/10\/The-futures-of-health-1024x606.jpeg 1024w, https:\/\/deftech.ch\/wp-content\/uploads\/2020\/10\/The-futures-of-health-300x178.jpeg 300w, https:\/\/deftech.ch\/wp-content\/uploads\/2020\/10\/The-futures-of-health-768x455.jpeg 768w, https:\/\/deftech.ch\/wp-content\/uploads\/2020\/10\/The-futures-of-health-1536x909.jpeg 1536w, https:\/\/deftech.ch\/wp-content\/uploads\/2020\/10\/The-futures-of-health-2048x1212.jpeg 2048w\" sizes=\"auto, (max-width: 1020px) 100vw, 1020px\" \/>\t\t\t\t\t\t\n\t\t\t\t\t<\/div>\n\t\t\t\t\t\t<\/a>\t\t\n<style>\n#image_1402991604 {\n  width: 100%;\n}\n<\/style>\n\t<\/div>\n\t\n\t\t<\/div>\n\t\t\t\t\t<\/div>\n\n\t\n\n\t<div id=\"col-107248851\" class=\"col medium-6 small-12 large-6\"  >\n\t\t\t\t<div class=\"col-inner\"  >\n\t\t\t\n\t\t\t\n<p>Genetische Modifikationen; K\u00f6rper und Geist getrennt; die Ewigkeit als Traum oder Alptraum; pharmazeutischer mit nat\u00fcrlicher Nahrung kombiniert ; reparierter K\u00f6rper oder verbesserte F\u00e4higkeiten&#8230;<\/p>\n<p>Geben Sie uns einige Hinweise, um ein Fragment dessen zu erstellen, was <stark>Gesundheit<\/stark> in der Zukunft darstellen k\u00f6nnte !<\/p>\n\t\t<\/div>\n\t\t\t\t\t<\/div>\n\n\t\n<\/div>\n\t\t<\/div>\n\n\t\t\n<style>\n#section_389073086 {\n  padding-top: 30px;\n  padding-bottom: 30px;\n}\n<\/style>\n\t<\/section>\n\t\n\n\t<section class=\"section\" id=\"section_1280879345\">\n\t\t<div class=\"section-bg fill\" >\n\t\t\t\t\t\t\t\t\t\n\t\t\t\n\n\t\t<\/div>\n\n\t\t\n\n\t\t<div class=\"section-content relative\">\n\t\t\t\n<h1 id=\"communication\">Zukunft der Kommunikation<\/h1>\n<div class=\"row\"  id=\"row-1854810521\">\n\n\t<div id=\"col-319869988\" class=\"col medium-6 small-12 large-6\"  >\n\t\t\t\t<div class=\"col-inner\"  >\n\t\t\t\n\t\t\t\n\t<div class=\"img has-hover x md-x lg-x y md-y lg-y\" id=\"image_67307930\">\n\t\t<a class=\"\" href=\"https:\/\/corpora.latelier-des-chercheurs.fr\/futures-of-communication\/\" >\t\t\t\t\t\t<div class=\"img-inner dark\" >\n\t\t\t<img loading=\"lazy\" decoding=\"async\" width=\"1020\" height=\"680\" src=\"https:\/\/deftech.ch\/wp-content\/uploads\/2020\/10\/The-futures-of-communication-1024x683.jpg\" class=\"attachment-large size-large\" alt=\"\" srcset=\"https:\/\/deftech.ch\/wp-content\/uploads\/2020\/10\/The-futures-of-communication-1024x683.jpg 1024w, https:\/\/deftech.ch\/wp-content\/uploads\/2020\/10\/The-futures-of-communication-300x200.jpg 300w, https:\/\/deftech.ch\/wp-content\/uploads\/2020\/10\/The-futures-of-communication-768x512.jpg 768w, https:\/\/deftech.ch\/wp-content\/uploads\/2020\/10\/The-futures-of-communication.jpg 1200w\" sizes=\"auto, (max-width: 1020px) 100vw, 1020px\" \/>\t\t\t\t\t\t\n\t\t\t\t\t<\/div>\n\t\t\t\t\t\t<\/a>\t\t\n<style>\n#image_67307930 {\n  width: 100%;\n}\n<\/style>\n\t<\/div>\n\t\n\t\t<\/div>\n\t\t\t\t\t<\/div>\n\n\t\n\n\t<div id=\"col-1977158020\" class=\"col medium-6 small-12 large-6\"  >\n\t\t\t\t<div class=\"col-inner\"  >\n\t\t\t\n\t\t\t\n<p><strong>Kommunikation<\/strong> ist ein weit gefasstes Thema, das Technologien, Informationsquellen, Geisteszustand(e), kognitive Verzerrung, Pers\u00f6nlichkeit, Timing sowie unendliche M\u00f6glichkeiten, dies zu tun, integriert.<\/p>\n<p>Wie stellen Sie sich eine Zukunft im Austausch von Daten, Informationen, Emotionen, Erfahrungen und vielem mehr vor ?\u00a0<\/p>\n<p>Teilen Sie ein Fragment dessen, was es am besten repr\u00e4sentieren w\u00fcrde !<\/p>\n\t\t<\/div>\n\t\t\t\t\t<\/div>\n\n\t\n<\/div>\n\t\t<\/div>\n\n\t\t\n<style>\n#section_1280879345 {\n  padding-top: 30px;\n  padding-bottom: 30px;\n}\n<\/style>\n\t<\/section>\n\t\n\n\t<section class=\"section\" id=\"section_606422766\">\n\t\t<div class=\"section-bg fill\" >\n\t\t\t\t\t\t\t\t\t\n\t\t\t\n\n\t\t<\/div>\n\n\t\t\n\n\t\t<div class=\"section-content relative\">\n\t\t\t\n<h1>Zukunft der Energie<\/h1>\n<div class=\"row\"  id=\"row-448926949\">\n\n\t<div id=\"col-126293093\" class=\"col medium-6 small-12 large-6\"  >\n\t\t\t\t<div class=\"col-inner\"  >\n\t\t\t\n\t\t\t\n\t<div class=\"img has-hover x md-x lg-x y md-y lg-y\" id=\"image_1958295010\">\n\t\t<a class=\"\" href=\"https:\/\/corpora.latelier-des-chercheurs.fr\/energy-futures\" >\t\t\t\t\t\t<div class=\"img-inner dark\" >\n\t\t\t<img loading=\"lazy\" decoding=\"async\" width=\"1020\" height=\"666\" src=\"https:\/\/deftech.ch\/wp-content\/uploads\/2020\/10\/The-futures-of-energy-1024x669.jpeg\" class=\"attachment-large size-large\" alt=\"\" srcset=\"https:\/\/deftech.ch\/wp-content\/uploads\/2020\/10\/The-futures-of-energy-1024x669.jpeg 1024w, https:\/\/deftech.ch\/wp-content\/uploads\/2020\/10\/The-futures-of-energy-300x196.jpeg 300w, https:\/\/deftech.ch\/wp-content\/uploads\/2020\/10\/The-futures-of-energy-768x502.jpeg 768w, https:\/\/deftech.ch\/wp-content\/uploads\/2020\/10\/The-futures-of-energy-1536x1004.jpeg 1536w, https:\/\/deftech.ch\/wp-content\/uploads\/2020\/10\/The-futures-of-energy-2048x1338.jpeg 2048w\" sizes=\"auto, (max-width: 1020px) 100vw, 1020px\" \/>\t\t\t\t\t\t\n\t\t\t\t\t<\/div>\n\t\t\t\t\t\t<\/a>\t\t\n<style>\n#image_1958295010 {\n  width: 100%;\n}\n<\/style>\n\t<\/div>\n\t\n\t\t<\/div>\n\t\t\t\t\t<\/div>\n\n\t\n\n\t<div id=\"col-198630295\" class=\"col medium-6 small-12 large-6\"  >\n\t\t\t\t<div class=\"col-inner\"  >\n\t\t\t\n\t\t\t\n<p>Unsere heutige Gesellschaft braucht <strong>Energie<\/strong>, so sehr wie wir Luft zum Leben brauchen !<\/p>\n<p>Wird die Zukunft anders sein? Werden wir weniger Energie verbrauchen? Mehr Energie? Bessere Energie? Wird sie tragbar sein? Speicherbar? Energie wof\u00fcr? Jederzeit verf\u00fcgbar?<\/p>\n<p>Energie kann St\u00e4dte ver\u00e4ndern, die Art, wie wir uns bewegen, die Art, wie wir leben!<\/p>\n<p>Was sagt Ihnen Ihre Vorstellungskraft dar\u00fcber? Teilen Sie sie!<\/p>\n\t\t<\/div>\n\t\t\t\t\t<\/div>\n\n\t\n<\/div>\n\t\t<\/div>\n\n\t\t\n<style>\n#section_606422766 {\n  padding-top: 30px;\n  padding-bottom: 30px;\n}\n<\/style>\n\t<\/section>\n\t\n\n\t<section class=\"section\" id=\"section_912117810\">\n\t\t<div class=\"section-bg fill\" >\n\t\t\t\t\t\t\t\t\t\n\t\t\t\n\n\t\t<\/div>\n\n\t\t\n\n\t\t<div class=\"section-content relative\">\n\t\t\t\n<p><span style=\"font-size: 120%;\">Wir fordern Sie auf, sich an diesem Projekt zu beteiligen! Hier ist das &#8220;Warum und Wie&#8221;.<\/span><\/p>\n<div class=\"row\"  id=\"row-1092439716\">\n\n\t<div id=\"col-1240201692\" class=\"col medium-8 small-12 large-8\"  >\n\t\t\t\t<div class=\"col-inner\"  >\n\t\t\t\n\t\t\t\n<h2>Warum?<\/h2>\n<ul>\n<li>Denn es scheint eine <strong>Menge Dinge zum (neu)erfinden zu geben<\/strong> <br \/>\u2192 Kunst und Fiktion k\u00f6nnen das Gespr\u00e4ch f\u00fcr neue Ideen \u00f6ffnen, uns helfen, den gegenw\u00e4rtigen Paradigmen zu entkommen.<\/li>\n<li>Wegen <strong>kultureller, aber auch technischer oder wirtschaftlicher Fragen <\/strong><br \/>\u2192 Kunst und Fiktion k\u00f6nnen die Ansichten \u00fcber die Zukunft diversifizieren.<\/li>\n<li><strong>Weil jeder Mensch Tr\u00e4ume und \u00c4ngste hat<\/strong>, nicht nur Experten und Profis<br \/>\u2192 Kunst und Fiktion k\u00f6nnen das Gespr\u00e4ch \u00fcber die Zukunft erweitern.<\/li>\n<\/ul>\n\t\t<\/div>\n\t\t\t\t\t<\/div>\n\n\t\n\n\t<div id=\"col-609111050\" class=\"col medium-4 small-12 large-4\"  >\n\t\t\t\t<div class=\"col-inner\"  >\n\t\t\t\n\t\t\t\n<h2>Wie?<\/h2>\n<p>Wir werden in drei verschiedenen Phasen vorgehen, an denen Sie auf verschiedene Weise teilnehmen k\u00f6nnen:<\/p>\n\t\t<\/div>\n\t\t\t\t\t<\/div>\n\n\t\n<\/div>\n\t\t<\/div>\n\n\t\t\n<style>\n#section_912117810 {\n  padding-top: 30px;\n  padding-bottom: 30px;\n}\n<\/style>\n\t<\/section>\n\t\n\n\t<section class=\"section\" id=\"section_1634884624\">\n\t\t<div class=\"section-bg fill\" >\n\t\t\t\t\t\t\t\t\t\n\t\t\t\n\n\t\t<\/div>\n\n\t\t\n\n\t\t<div class=\"section-content relative\">\n\t\t\t\n<div class=\"row\"  id=\"row-1685823533\">\n\n\t<div id=\"col-31874592\" class=\"col medium-4 small-6 large-4\"  >\n\t\t\t\t<div class=\"col-inner\" style=\"background-color:rgba(110, 193, 228, 0.37);\" >\n\t\t\t\n\t\t\t\n<p><span style=\"font-size: 120%;\">1.<\/span> <span style=\"font-size: 120%;\"><strong>Sammeln Sie <\/strong><\/span> Fragmente aus der Zukunft in Kunst, Fiktion, Design, Utopie: Bilder, Texte, neue Worte, Filmausschnitte, T\u00f6ne, die etwas \u00fcber die Zukunft der Mobilit\u00e4t aussagen. Sie haben eines oder mehrere davon in Ihrer Bibliothek, Ihrem Verstand, Ihrem Computer, Ihren Lesezeichen, Ihrer Kamera. Ihre Freunde, Kollegen, Studenten tun das auch. Teilen Sie sie!<\/p>\n<p><strong>Wie?<\/strong> Entweder direkt online, auf der Plattform sogar per E-Mail; oder indem Sie an einem Workshop teilnehmen oder ihn organisieren.<\/p>\n<p><strong>Was wird daraus hervorgehen?<\/strong> Ein Lager an Fragmenten \u00fcber die Zukunft der 3 Themen, auf das Sie und jeder andere zur\u00fcckgreifen k\u00f6nnen und das die Grundlage f\u00fcr Phase 2 bilden wird.<\/p>\n\t\t<\/div>\n\t\t\t\t\t<\/div>\n\n\t\n\n\t<div id=\"col-146505465\" class=\"col medium-4 small-6 large-4\"  >\n\t\t\t\t<div class=\"col-inner\" style=\"background-color:rgba(110, 193, 228, 0.37);\" >\n\t\t\t\n\t\t\t\n<p><span style=\"font-size: 120%;\">2. <strong>KURATIEREN, KARTIEREN, INTERPRETEN<\/strong><\/span> Sie die Zukunftsfragmente, indem Sie sich mit Profis, Experten, Forschern und anderen Interessengruppen austauschen.<br \/>Wie stellen sich diese Fragmente f\u00fcr Sie dar, als Quellen der \u00dcberraschung, des Schocks, der Herausforderung, der Kontroverse oder der Inspiration ?<\/p>\n<p><strong>Wie?<\/strong> Entweder, indem Sie Ihre eigene Auswahl treffen und mit anderen teilen, oder indem Sie Kurations- und Kartierungs-Workshops organisieren.<\/p>\n<p><strong>Was wird daraus hervorgehen?<\/strong> Kuratierte S\u00e4tze von Fragmenten, Karten und anderen Darstellungen der Zukunft dieser spezifischen Themen.<\/p>\n\t\t<\/div>\n\t\t\t\t\t<\/div>\n\n\t\n\n\t<div id=\"col-997718193\" class=\"col medium-4 small-6 large-4\"  >\n\t\t\t\t<div class=\"col-inner\" style=\"background-color:rgba(110, 193, 228, 0.37);\" >\n\t\t\t\n\t\t\t\n<p><span style=\"font-size: 120%;\">3. <strong>PROJEKTIEREN<\/strong><\/span> Sie sich selbst und andere in eine alternative Zukunft, indem Sie mit Experten und Nicht-Experten zusammenarbeiten, um neue Einsichten, Geschichten und Richtungen zu entwickeln.<\/p>\n<p><strong>Wie?<\/strong> Indem Sie an multidisziplin\u00e4ren Workshops teilnehmen oder diese organisieren. Dabei handelt es sich in der Regel um l\u00e4ngere Workshops (2-3 Tage).<\/p>\n<p><strong>Was wird daraus hervorgehen?<\/strong> Neue Geschichten, Gem\u00e4lde, fiktionale Artefakte und andere Vorschl\u00e4ge zu neuen Paradigmen; Transformationsdynamiken, bei denen die Teilnehmer ihre Vision Wirklichkeit werden lassen.<\/p>\n\t\t<\/div>\n\t\t\t\t\t<\/div>\n\n\t\n<\/div>\n\t\t<\/div>\n\n\t\t\n<style>\n#section_1634884624 {\n  padding-top: 30px;\n  padding-bottom: 30px;\n  background-color: rgba(110, 193, 228, 0.37);\n}\n<\/style>\n\t<\/section>\n\t\n\t<div id=\"gap-2070727081\" class=\"gap-element clearfix\" style=\"display:block; height:auto;\">\n\t\t\n<style>\n#gap-2070727081 {\n  padding-top: 100px;\n}\n<\/style>\n\t<\/div>\n\t\n","protected":false},"excerpt":{"rendered":"","protected":false},"author":3,"featured_media":0,"parent":0,"menu_order":0,"comment_status":"closed","ping_status":"closed","template":"","meta":{"jetpack_post_was_ever_published":false,"footnotes":""},"class_list":["post-10031","page","type-page","status-publish","hentry"],"yoast_head":"<!-- This site is optimized with the Yoast SEO plugin v27.4 - https:\/\/yoast.com\/product\/yoast-seo-wordpress\/ -->\n<title>Futures Fragments - Deftech \u00b7 Defence Future Technologies<\/title>\n<meta name=\"robots\" content=\"index, follow, max-snippet:-1, max-image-preview:large, max-video-preview:-1\" \/>\n<link rel=\"canonical\" href=\"https:\/\/deftech.ch\/de\/futures-fragments\/\" \/>\n<meta property=\"og:locale\" content=\"de_DE\" \/>\n<meta property=\"og:type\" content=\"article\" \/>\n<meta property=\"og:title\" content=\"Futures Fragments - Deftech \u00b7 Defence Future Technologies\" \/>\n<meta property=\"og:url\" content=\"https:\/\/deftech.ch\/de\/futures-fragments\/\" \/>\n<meta property=\"og:site_name\" content=\"Deftech \u00b7 Defence Future Technologies\" \/>\n<meta property=\"article:modified_time\" content=\"2021-08-22T11:25:28+00:00\" \/>\n<meta property=\"og:image\" content=\"https:\/\/deftech.ch\/wp-content\/uploads\/2024\/01\/LOGO_DEFTECH-RED_Transparent_avec-Texte.png\" \/>\n\t<meta property=\"og:image:width\" content=\"944\" \/>\n\t<meta property=\"og:image:height\" content=\"838\" \/>\n\t<meta property=\"og:image:type\" content=\"image\/png\" \/>\n<meta name=\"twitter:card\" content=\"summary_large_image\" \/>\n<meta name=\"twitter:site\" content=\"@deftechCH\" \/>\n<meta name=\"twitter:label1\" content=\"Gesch\u00e4tzte Lesezeit\" \/>\n\t<meta name=\"twitter:data1\" content=\"4\u00a0Minuten\" \/>\n<script type=\"application\/ld+json\" class=\"yoast-schema-graph\">{\"@context\":\"https:\\\/\\\/schema.org\",\"@graph\":[{\"@type\":\"WebPage\",\"@id\":\"https:\\\/\\\/deftech.ch\\\/de\\\/futures-fragments\\\/\",\"url\":\"https:\\\/\\\/deftech.ch\\\/de\\\/futures-fragments\\\/\",\"name\":\"Futures Fragments - Deftech \u00b7 Defence Future Technologies\",\"isPartOf\":{\"@id\":\"https:\\\/\\\/deftech.ch\\\/#website\"},\"datePublished\":\"2020-10-30T16:50:02+00:00\",\"dateModified\":\"2021-08-22T11:25:28+00:00\",\"breadcrumb\":{\"@id\":\"https:\\\/\\\/deftech.ch\\\/de\\\/futures-fragments\\\/#breadcrumb\"},\"inLanguage\":\"de\",\"potentialAction\":[{\"@type\":\"ReadAction\",\"target\":[\"https:\\\/\\\/deftech.ch\\\/de\\\/futures-fragments\\\/\"]}]},{\"@type\":\"BreadcrumbList\",\"@id\":\"https:\\\/\\\/deftech.ch\\\/de\\\/futures-fragments\\\/#breadcrumb\",\"itemListElement\":[{\"@type\":\"ListItem\",\"position\":1,\"name\":\"Home\",\"item\":\"https:\\\/\\\/deftech.ch\\\/de\\\/\"},{\"@type\":\"ListItem\",\"position\":2,\"name\":\"Futures Fragments\"}]},{\"@type\":\"WebSite\",\"@id\":\"https:\\\/\\\/deftech.ch\\\/#website\",\"url\":\"https:\\\/\\\/deftech.ch\\\/\",\"name\":\"Deftech - Defence Future Technologies\",\"description\":\"Inspire - Inform - Instruct\",\"publisher\":{\"@id\":\"https:\\\/\\\/deftech.ch\\\/#organization\"},\"potentialAction\":[{\"@type\":\"SearchAction\",\"target\":{\"@type\":\"EntryPoint\",\"urlTemplate\":\"https:\\\/\\\/deftech.ch\\\/?s={search_term_string}\"},\"query-input\":{\"@type\":\"PropertyValueSpecification\",\"valueRequired\":true,\"valueName\":\"search_term_string\"}}],\"inLanguage\":\"de\"},{\"@type\":\"Organization\",\"@id\":\"https:\\\/\\\/deftech.ch\\\/#organization\",\"name\":\"Deftech - Defence Future Technologies\",\"alternateName\":\"Foresight Program by armasuisse Science and Technology\",\"url\":\"https:\\\/\\\/deftech.ch\\\/\",\"logo\":{\"@type\":\"ImageObject\",\"inLanguage\":\"de\",\"@id\":\"https:\\\/\\\/deftech.ch\\\/#\\\/schema\\\/logo\\\/image\\\/\",\"url\":\"https:\\\/\\\/i0.wp.com\\\/deftech.ch\\\/wp-content\\\/uploads\\\/2024\\\/09\\\/deftech-white-red-round-background.002.png?fit=1500%2C1500&ssl=1\",\"contentUrl\":\"https:\\\/\\\/i0.wp.com\\\/deftech.ch\\\/wp-content\\\/uploads\\\/2024\\\/09\\\/deftech-white-red-round-background.002.png?fit=1500%2C1500&ssl=1\",\"width\":1500,\"height\":1500,\"caption\":\"Deftech - Defence Future Technologies\"},\"image\":{\"@id\":\"https:\\\/\\\/deftech.ch\\\/#\\\/schema\\\/logo\\\/image\\\/\"},\"sameAs\":[\"https:\\\/\\\/x.com\\\/deftechCH\",\"https:\\\/\\\/linkedin.com\\\/in\\\/ladetto\"]}]}<\/script>\n<!-- \/ Yoast SEO plugin. -->","yoast_head_json":{"title":"Futures Fragments - Deftech \u00b7 Defence Future Technologies","robots":{"index":"index","follow":"follow","max-snippet":"max-snippet:-1","max-image-preview":"max-image-preview:large","max-video-preview":"max-video-preview:-1"},"canonical":"https:\/\/deftech.ch\/de\/futures-fragments\/","og_locale":"de_DE","og_type":"article","og_title":"Futures Fragments - Deftech \u00b7 Defence Future Technologies","og_url":"https:\/\/deftech.ch\/de\/futures-fragments\/","og_site_name":"Deftech \u00b7 Defence Future Technologies","article_modified_time":"2021-08-22T11:25:28+00:00","og_image":[{"width":944,"height":838,"url":"https:\/\/deftech.ch\/wp-content\/uploads\/2024\/01\/LOGO_DEFTECH-RED_Transparent_avec-Texte.png","type":"image\/png"}],"twitter_card":"summary_large_image","twitter_site":"@deftechCH","twitter_misc":{"Gesch\u00e4tzte Lesezeit":"4\u00a0Minuten"},"schema":{"@context":"https:\/\/schema.org","@graph":[{"@type":"WebPage","@id":"https:\/\/deftech.ch\/de\/futures-fragments\/","url":"https:\/\/deftech.ch\/de\/futures-fragments\/","name":"Futures Fragments - Deftech \u00b7 Defence Future Technologies","isPartOf":{"@id":"https:\/\/deftech.ch\/#website"},"datePublished":"2020-10-30T16:50:02+00:00","dateModified":"2021-08-22T11:25:28+00:00","breadcrumb":{"@id":"https:\/\/deftech.ch\/de\/futures-fragments\/#breadcrumb"},"inLanguage":"de","potentialAction":[{"@type":"ReadAction","target":["https:\/\/deftech.ch\/de\/futures-fragments\/"]}]},{"@type":"BreadcrumbList","@id":"https:\/\/deftech.ch\/de\/futures-fragments\/#breadcrumb","itemListElement":[{"@type":"ListItem","position":1,"name":"Home","item":"https:\/\/deftech.ch\/de\/"},{"@type":"ListItem","position":2,"name":"Futures Fragments"}]},{"@type":"WebSite","@id":"https:\/\/deftech.ch\/#website","url":"https:\/\/deftech.ch\/","name":"Deftech - Defence Future Technologies","description":"Inspire - Inform - Instruct","publisher":{"@id":"https:\/\/deftech.ch\/#organization"},"potentialAction":[{"@type":"SearchAction","target":{"@type":"EntryPoint","urlTemplate":"https:\/\/deftech.ch\/?s={search_term_string}"},"query-input":{"@type":"PropertyValueSpecification","valueRequired":true,"valueName":"search_term_string"}}],"inLanguage":"de"},{"@type":"Organization","@id":"https:\/\/deftech.ch\/#organization","name":"Deftech - Defence Future Technologies","alternateName":"Foresight Program by armasuisse Science and Technology","url":"https:\/\/deftech.ch\/","logo":{"@type":"ImageObject","inLanguage":"de","@id":"https:\/\/deftech.ch\/#\/schema\/logo\/image\/","url":"https:\/\/i0.wp.com\/deftech.ch\/wp-content\/uploads\/2024\/09\/deftech-white-red-round-background.002.png?fit=1500%2C1500&ssl=1","contentUrl":"https:\/\/i0.wp.com\/deftech.ch\/wp-content\/uploads\/2024\/09\/deftech-white-red-round-background.002.png?fit=1500%2C1500&ssl=1","width":1500,"height":1500,"caption":"Deftech - Defence Future Technologies"},"image":{"@id":"https:\/\/deftech.ch\/#\/schema\/logo\/image\/"},"sameAs":["https:\/\/x.com\/deftechCH","https:\/\/linkedin.com\/in\/ladetto"]}]}},"jetpack_sharing_enabled":true,"jetpack_shortlink":"https:\/\/wp.me\/PaO9lW-2BN","_links":{"self":[{"href":"https:\/\/deftech.ch\/de\/wp-json\/wp\/v2\/pages\/10031","targetHints":{"allow":["GET"]}}],"collection":[{"href":"https:\/\/deftech.ch\/de\/wp-json\/wp\/v2\/pages"}],"about":[{"href":"https:\/\/deftech.ch\/de\/wp-json\/wp\/v2\/types\/page"}],"author":[{"embeddable":true,"href":"https:\/\/deftech.ch\/de\/wp-json\/wp\/v2\/users\/3"}],"replies":[{"embeddable":true,"href":"https:\/\/deftech.ch\/de\/wp-json\/wp\/v2\/comments?post=10031"}],"version-history":[{"count":0,"href":"https:\/\/deftech.ch\/de\/wp-json\/wp\/v2\/pages\/10031\/revisions"}],"wp:attachment":[{"href":"https:\/\/deftech.ch\/de\/wp-json\/wp\/v2\/media?parent=10031"}],"curies":[{"name":"wp","href":"https:\/\/api.w.org\/{rel}","templated":true}]}}