{"id":10616,"date":"2020-12-13T23:32:55","date_gmt":"2020-12-13T22:32:55","guid":{"rendered":"https:\/\/deftech.ch\/?page_id=10616"},"modified":"2024-02-01T18:01:37","modified_gmt":"2024-02-01T17:01:37","slug":"numerik-games","status":"publish","type":"page","link":"https:\/\/deftech.ch\/de\/numerik-games\/","title":{"rendered":"Numerik Games"},"content":{"rendered":"\n\t<section class=\"section\" id=\"section_2095921982\">\n\t\t<div class=\"section-bg fill\" >\n\t\t\t\t\t\t\t\t\t\n\t\t\t\n\n\t\t<\/div>\n\n\t\t\n\n\t\t<div class=\"section-content relative\">\n\t\t\t\n<div class=\"row align-center\"  id=\"row-538299907\">\n\n\t<div id=\"col-1663391441\" class=\"col medium-10 small-12 large-10\"  >\n\t\t\t\t<div class=\"col-inner\"  >\n\t\t\t\n\t\t\t\n\t<div class=\"img has-hover x md-x lg-x y md-y lg-y\" id=\"image_1202825907\">\n\t\t\t\t\t\t\t\t<div class=\"img-inner dark\" >\n\t\t\t<img loading=\"lazy\" decoding=\"async\" width=\"1020\" height=\"448\" src=\"https:\/\/deftech.ch\/wp-content\/uploads\/2020\/12\/numerik-games-deftech-1024x450.jpg\" class=\"attachment-large size-large\" alt=\"\" srcset=\"https:\/\/deftech.ch\/wp-content\/uploads\/2020\/12\/numerik-games-deftech-1024x450.jpg 1024w, https:\/\/deftech.ch\/wp-content\/uploads\/2020\/12\/numerik-games-deftech-300x132.jpg 300w, https:\/\/deftech.ch\/wp-content\/uploads\/2020\/12\/numerik-games-deftech-768x338.jpg 768w, https:\/\/deftech.ch\/wp-content\/uploads\/2020\/12\/numerik-games-deftech-1536x676.jpg 1536w, https:\/\/deftech.ch\/wp-content\/uploads\/2020\/12\/numerik-games-deftech-2048x901.jpg 2048w\" sizes=\"auto, (max-width: 1020px) 100vw, 1020px\" \/>\t\t\t\t\t\t\n\t\t\t\t\t<\/div>\n\t\t\t\t\t\t\t\t\n<style>\n#image_1202825907 {\n  width: 100%;\n}\n<\/style>\n\t<\/div>\n\t\n<div class=\"container section-title-container\" ><h2 class=\"section-title section-title-center\"><b aria-hidden=\"true\"><\/b><span class=\"section-title-main\" >Digitale Spiele und neue Technologien<\/span><b aria-hidden=\"true\"><\/b><\/h2><\/div>\n<div class=\"row\"  id=\"row-1313143118\">\n\n\t<div id=\"col-1294578100\" class=\"col medium-8 small-12 large-8\"  >\n\t\t\t\t<div class=\"col-inner\"  >\n\t\t\t\n\t\t\t\n<p class=\"lead\">Das Bewusstsein sch\u00e4rfen, lernen, Spa\u00df haben, testen, innovativ sein, virtuell mit neuen Technologien experimentieren, um die Chancen und Bedrohungen besser zu verstehen? Ist es m\u00f6glich, auf spielerische Art und Weise neue Konzepte zu vermitteln oder gar Berufungen zu erzeugen?<\/p>\n<p class=\"lead\">Das sind die Ziele, die im Rahmen des Festivals <a href=\"https:\/\/www.numerik-games.ch\/\">Numerik Games<\/a> als Herausforderung gestartet werden !<\/p>\n<p class=\"lead\">Mit dem Comicbuch <a href=\"https:\/\/deftech.ch\/wp-content\/uploads\/2019\/08\/armasuisse-DEFTECH_CH-2050-The-Future-Soldier_DE.pdf\">CH 2050 &#8211; The Future Soldier<\/a>, das einen Konzept-Workshop \u00fcber den Zukunftssoldaten zusammenfasst, als Ausgangspunkt, wurden zwei Arcade-Spiele entwickelt.<\/p>\n<p class=\"lead\">Lassen Sie sich von der Originalit\u00e4t der Ans\u00e4tze inspirieren und mitrei\u00dfen!<\/p>\n\t\t<\/div>\n\t\t\t\t\t<\/div>\n\n\t\n\n\t<div id=\"col-1445850968\" class=\"col medium-4 small-12 large-4\"  >\n\t\t\t\t<div class=\"col-inner\"  >\n\t\t\t\n\t\t\t\n\t<div class=\"img has-hover x md-x lg-x y md-y lg-y\" id=\"image_1838911679\">\n\t\t<a class=\"\" href=\"https:\/\/deftech.ch\/wp-content\/uploads\/2019\/08\/armasuisse-DEFTECH_CH-2050-The-Future-Soldier_DE.pdf\" >\t\t\t\t\t\t<div class=\"img-inner dark\" >\n\t\t\t<img loading=\"lazy\" decoding=\"async\" width=\"735\" height=\"1024\" src=\"https:\/\/deftech.ch\/wp-content\/uploads\/2019\/07\/armasuisse-DEFTECH_CH-2050-The-Future-Soldier_Cover-735x1024.jpg\" class=\"attachment-large size-large\" alt=\"\" srcset=\"https:\/\/deftech.ch\/wp-content\/uploads\/2019\/07\/armasuisse-DEFTECH_CH-2050-The-Future-Soldier_Cover-735x1024.jpg 735w, https:\/\/deftech.ch\/wp-content\/uploads\/2019\/07\/armasuisse-DEFTECH_CH-2050-The-Future-Soldier_Cover-215x300.jpg 215w, https:\/\/deftech.ch\/wp-content\/uploads\/2019\/07\/armasuisse-DEFTECH_CH-2050-The-Future-Soldier_Cover-768x1070.jpg 768w, https:\/\/deftech.ch\/wp-content\/uploads\/2019\/07\/armasuisse-DEFTECH_CH-2050-The-Future-Soldier_Cover-105x146.jpg 105w, https:\/\/deftech.ch\/wp-content\/uploads\/2019\/07\/armasuisse-DEFTECH_CH-2050-The-Future-Soldier_Cover-36x50.jpg 36w, https:\/\/deftech.ch\/wp-content\/uploads\/2019\/07\/armasuisse-DEFTECH_CH-2050-The-Future-Soldier_Cover-54x75.jpg 54w, https:\/\/deftech.ch\/wp-content\/uploads\/2019\/07\/armasuisse-DEFTECH_CH-2050-The-Future-Soldier_Cover.jpg 935w\" sizes=\"auto, (max-width: 735px) 100vw, 735px\" \/>\t\t\t\t\t\t\n\t\t\t\t\t<\/div>\n\t\t\t\t\t\t<\/a>\t\t\n<style>\n#image_1838911679 {\n  width: 91%;\n}\n<\/style>\n\t<\/div>\n\t\n\t\t<\/div>\n\t\t\t\t\t<\/div>\n\n\t\n<\/div>\n<div class=\"container section-title-container\" ><h1 class=\"section-title section-title-normal\"><b aria-hidden=\"true\"><\/b><span class=\"section-title-main\" >FUTURE SOLDIER<\/span><b aria-hidden=\"true\"><\/b><\/h1><\/div>\n<div class=\"row\"  id=\"row-2019782742\">\n\n\t<div id=\"col-2034875249\" class=\"col medium-8 small-12 large-8\"  >\n\t\t\t\t<div class=\"col-inner\"  >\n\t\t\t\n\t\t\t\n<div class=\"video video-fit mb\" style=\"padding-top:56.25%;\"><p><span class=\"embed-youtube\" style=\"text-align:center; display: block;\"><iframe loading=\"lazy\" class=\"youtube-player\" width=\"1020\" height=\"574\" src=\"https:\/\/www.youtube.com\/embed\/HEbGA4LVnWg?version=3&#038;rel=1&#038;showsearch=0&#038;showinfo=1&#038;iv_load_policy=1&#038;fs=1&#038;hl=de-DE&#038;autohide=2&#038;wmode=transparent\" allowfullscreen=\"true\" style=\"border:0;\" sandbox=\"allow-scripts allow-same-origin allow-popups allow-presentation allow-popups-to-escape-sandbox\"><\/iframe><\/span><\/p>\n<\/div>\n<p>Entwickelt von <a href=\"https:\/\/www.linkedin.com\/in\/quicung\/\">Qui Cung<\/a> (<a href=\"https:\/\/cci-cotting.ch\/\">CCI-Cotting<\/a>) und <a href=\"https:\/\/www.clementchassot.com\/\">Cl\u00e9ment Chassot<\/a><\/p>\n<p>\u00a0<\/p>\n<p><a href=\"https:\/\/cung.itch.io\/future-soldier\"><img loading=\"lazy\" decoding=\"async\" class=\"aligncenter wp-image-10462\" src=\"https:\/\/deftech.ch\/wp-content\/uploads\/2020\/12\/play_button.jpg\" alt=\"\" width=\"255\" height=\"191\" srcset=\"https:\/\/deftech.ch\/wp-content\/uploads\/2020\/12\/play_button.jpg 1024w, https:\/\/deftech.ch\/wp-content\/uploads\/2020\/12\/play_button-300x224.jpg 300w, https:\/\/deftech.ch\/wp-content\/uploads\/2020\/12\/play_button-768x575.jpg 768w\" sizes=\"auto, (max-width: 255px) 100vw, 255px\" \/><\/a><\/p>\n\t\t<\/div>\n\t\t\t\t\t<\/div>\n\n\t\n\n\t<div id=\"col-639463516\" class=\"col medium-4 small-12 large-4\"  >\n\t\t\t\t<div class=\"col-inner\"  >\n\t\t\t\n\t\t\t\n<p class=\"lead\"><em>Schweiz, 23. September 2050. <\/em><\/p>\n<p class=\"lead\"><em>Die Schweiz wird auf ihrem Territorium angegriffen. Sie sind die Erkundungssoldatin Clothilde und Ihre Aufgabe ist es, sich zum Einsatzort zu begeben, um die Bedrohungen zu identifizieren und sie zu neutralisieren. <\/em><\/p>\n<p class=\"lead\"><em>Dieses Actionspiel basiert auf der Publikation &#8220;Future Soldier&#8221; zum Thema &#8220;Soldat der Zukunft&#8221; und erz\u00e4hlt die Geschichte einer Soldatin, die mit Hilfe fortschrittlicher Technologien wie <a href=\"https:\/\/soldat-du-futur.com\/propulsin\/\">Propulsin<\/a>, <a href=\"&quot;https:\/\/soldat-du-futur.com\/urgalise\/\u00ab\">Urgalise<\/a>oder <a href=\"https:\/\/soldat-du-futur.com\/cobrette\/\">Cobrette<\/a> die Bedrohungen in einer Schweiz der Zukunft besiegt. <\/em><\/p>\n<p class=\"lead\"><em>Reisen Sie durch schweizer Regionen wie Bern, die Alpen oder den Genfer See und bek\u00e4mpfen Sie Bedrohungen wie Cyberkriminalit\u00e4t oder chemische Angriffe.<\/em><\/p>\n\t\t<\/div>\n\t\t\t\t\t<\/div>\n\n\t\n<\/div>\n\t<div id=\"gap-145313753\" class=\"gap-element clearfix\" style=\"display:block; height:auto;\">\n\t\t\n<style>\n#gap-145313753 {\n  padding-top: 55px;\n}\n<\/style>\n\t<\/div>\n\t\n<div class=\"container section-title-container\" ><h1 class=\"section-title section-title-normal\"><b aria-hidden=\"true\"><\/b><span class=\"section-title-main\" >Synaptische Instruktion<\/span><b aria-hidden=\"true\"><\/b><\/h1><\/div>\n<div class=\"row\"  id=\"row-1684165027\">\n\n\t<div id=\"col-955616261\" class=\"col medium-4 small-12 large-4\"  >\n\t\t\t\t<div class=\"col-inner\"  >\n\t\t\t\n\t\t\t\n<p class=\"lead\"><em>Im Jahr 2050 ist die Entwicklung der virtuellen Realit\u00e4t so weit fortgeschritten, dass der eingetauchte Benutzer\/die eingetauchte Benutzerin den Unterschied zur realen Welt nicht mehr erkennen kann. Diese Technologie hat sich schnell auf allen Ebenen unserer Gesellschaft verbreitet.<\/em><\/p>\n<p class=\"lead\"><em>Die Schweizer Armee hat k\u00fcrzlich ein experimentelles synaptisches Immersionstrainingsprogramm namens Neurocob entwickelt. Sie spielen einen jungen Rekruten, der in ein immersives Realit\u00e4tstrainingssystem versetzt wird.<\/em><\/p>\n<p class=\"lead\"><em>Ihre Punktzahl und Ihre R\u00fcckmeldungen werden vom Kursleiter ausgewertet, um Ihre zuk\u00fcnftige Aufgabe zu bestimmen.<\/em><\/p>\n\t\t<\/div>\n\t\t\t\t\t<\/div>\n\n\t\n\n\t<div id=\"col-797534484\" class=\"col medium-8 small-12 large-8\"  >\n\t\t\t\t<div class=\"col-inner\"  >\n\t\t\t\n\t\t\t\n<div style=\"width: 600px;\" class=\"wp-video\"><video class=\"wp-video-shortcode\" id=\"video-10616-1\" width=\"600\" height=\"338\" preload=\"metadata\" controls=\"controls\"><source type=\"video\/mp4\" src=\"https:\/\/deftech.ch\/wp-content\/uploads\/2020\/12\/Instruction-Synaptique_Numerik-Games-Deftech.mp4?_=1\" \/><a href=\"https:\/\/deftech.ch\/wp-content\/uploads\/2020\/12\/Instruction-Synaptique_Numerik-Games-Deftech.mp4\">https:\/\/deftech.ch\/wp-content\/uploads\/2020\/12\/Instruction-Synaptique_Numerik-Games-Deftech.mp4<\/a><\/video><\/div>\n<p>Entwickelt von <a href=\"https:\/\/twitter.com\/mrgreaby\" data-wplink-edit=\"true\">Justine Gasche<\/a>\u00a0<\/p>\n<p>\u00a0<\/p>\n<p><a href=\"https:\/\/greaby.itch.io\/instruction-synaptique\"><img loading=\"lazy\" decoding=\"async\" class=\"aligncenter wp-image-10462\" src=\"https:\/\/deftech.ch\/wp-content\/uploads\/2020\/12\/play_button.jpg\" alt=\"\" width=\"255\" height=\"191\" srcset=\"https:\/\/deftech.ch\/wp-content\/uploads\/2020\/12\/play_button.jpg 1024w, https:\/\/deftech.ch\/wp-content\/uploads\/2020\/12\/play_button-300x224.jpg 300w, https:\/\/deftech.ch\/wp-content\/uploads\/2020\/12\/play_button-768x575.jpg 768w\" sizes=\"auto, (max-width: 255px) 100vw, 255px\" \/><\/a><\/p>\n\t\t<\/div>\n\t\t\t\t\t<\/div>\n\n\t\n<\/div>\n\t<div id=\"gap-1937706018\" class=\"gap-element clearfix\" style=\"display:block; height:auto;\">\n\t\t\n<style>\n#gap-1937706018 {\n  padding-top: 100px;\n}\n<\/style>\n\t<\/div>\n\t\n\t\t<\/div>\n\t\t\t\t\t<\/div>\n\n\t\n<\/div>\n\t\t<\/div>\n\n\t\t\n<style>\n#section_2095921982 {\n  padding-top: 30px;\n  padding-bottom: 30px;\n}\n<\/style>\n\t<\/section>\n\t\n","protected":false},"excerpt":{"rendered":"","protected":false},"author":3,"featured_media":0,"parent":0,"menu_order":0,"comment_status":"closed","ping_status":"closed","template":"","meta":{"jetpack_post_was_ever_published":false,"footnotes":""},"class_list":["post-10616","page","type-page","status-publish","hentry"],"yoast_head":"<!-- This site is optimized with the Yoast SEO plugin v27.3 - https:\/\/yoast.com\/product\/yoast-seo-wordpress\/ -->\n<title>Numerik Games - Deftech \u00b7 Defence Future Technologies<\/title>\n<meta name=\"robots\" content=\"index, follow, max-snippet:-1, max-image-preview:large, max-video-preview:-1\" \/>\n<link rel=\"canonical\" href=\"https:\/\/deftech.ch\/de\/numerik-games\/\" \/>\n<meta property=\"og:locale\" content=\"de_DE\" \/>\n<meta property=\"og:type\" content=\"article\" \/>\n<meta property=\"og:title\" content=\"Numerik Games - Deftech \u00b7 Defence Future Technologies\" \/>\n<meta property=\"og:url\" content=\"https:\/\/deftech.ch\/de\/numerik-games\/\" \/>\n<meta property=\"og:site_name\" content=\"Deftech \u00b7 Defence Future Technologies\" \/>\n<meta property=\"article:modified_time\" content=\"2024-02-01T17:01:37+00:00\" \/>\n<meta property=\"og:image\" content=\"https:\/\/deftech.ch\/wp-content\/uploads\/2020\/12\/play_button.jpg\" \/>\n<meta name=\"twitter:card\" content=\"summary_large_image\" \/>\n<meta name=\"twitter:site\" content=\"@deftechCH\" \/>\n<meta name=\"twitter:label1\" content=\"Gesch\u00e4tzte Lesezeit\" \/>\n\t<meta name=\"twitter:data1\" content=\"2\u00a0Minuten\" \/>\n<script type=\"application\/ld+json\" class=\"yoast-schema-graph\">{\"@context\":\"https:\\\/\\\/schema.org\",\"@graph\":[{\"@type\":\"WebPage\",\"@id\":\"https:\\\/\\\/deftech.ch\\\/de\\\/numerik-games\\\/\",\"url\":\"https:\\\/\\\/deftech.ch\\\/de\\\/numerik-games\\\/\",\"name\":\"Numerik Games - Deftech \u00b7 Defence Future Technologies\",\"isPartOf\":{\"@id\":\"https:\\\/\\\/deftech.ch\\\/#website\"},\"primaryImageOfPage\":{\"@id\":\"https:\\\/\\\/deftech.ch\\\/de\\\/numerik-games\\\/#primaryimage\"},\"image\":{\"@id\":\"https:\\\/\\\/deftech.ch\\\/de\\\/numerik-games\\\/#primaryimage\"},\"thumbnailUrl\":\"https:\\\/\\\/deftech.ch\\\/wp-content\\\/uploads\\\/2020\\\/12\\\/play_button.jpg\",\"datePublished\":\"2020-12-13T22:32:55+00:00\",\"dateModified\":\"2024-02-01T17:01:37+00:00\",\"breadcrumb\":{\"@id\":\"https:\\\/\\\/deftech.ch\\\/de\\\/numerik-games\\\/#breadcrumb\"},\"inLanguage\":\"de\",\"potentialAction\":[{\"@type\":\"ReadAction\",\"target\":[\"https:\\\/\\\/deftech.ch\\\/de\\\/numerik-games\\\/\"]}]},{\"@type\":\"ImageObject\",\"inLanguage\":\"de\",\"@id\":\"https:\\\/\\\/deftech.ch\\\/de\\\/numerik-games\\\/#primaryimage\",\"url\":\"https:\\\/\\\/deftech.ch\\\/wp-content\\\/uploads\\\/2020\\\/12\\\/play_button.jpg\",\"contentUrl\":\"https:\\\/\\\/deftech.ch\\\/wp-content\\\/uploads\\\/2020\\\/12\\\/play_button.jpg\"},{\"@type\":\"BreadcrumbList\",\"@id\":\"https:\\\/\\\/deftech.ch\\\/de\\\/numerik-games\\\/#breadcrumb\",\"itemListElement\":[{\"@type\":\"ListItem\",\"position\":1,\"name\":\"Home\",\"item\":\"https:\\\/\\\/deftech.ch\\\/de\\\/\"},{\"@type\":\"ListItem\",\"position\":2,\"name\":\"Numerik Games\"}]},{\"@type\":\"WebSite\",\"@id\":\"https:\\\/\\\/deftech.ch\\\/#website\",\"url\":\"https:\\\/\\\/deftech.ch\\\/\",\"name\":\"Deftech - Defence Future Technologies\",\"description\":\"Inspire - Inform - Instruct\",\"publisher\":{\"@id\":\"https:\\\/\\\/deftech.ch\\\/#organization\"},\"potentialAction\":[{\"@type\":\"SearchAction\",\"target\":{\"@type\":\"EntryPoint\",\"urlTemplate\":\"https:\\\/\\\/deftech.ch\\\/?s={search_term_string}\"},\"query-input\":{\"@type\":\"PropertyValueSpecification\",\"valueRequired\":true,\"valueName\":\"search_term_string\"}}],\"inLanguage\":\"de\"},{\"@type\":\"Organization\",\"@id\":\"https:\\\/\\\/deftech.ch\\\/#organization\",\"name\":\"Deftech - Defence Future Technologies\",\"alternateName\":\"Foresight Program by armasuisse Science and Technology\",\"url\":\"https:\\\/\\\/deftech.ch\\\/\",\"logo\":{\"@type\":\"ImageObject\",\"inLanguage\":\"de\",\"@id\":\"https:\\\/\\\/deftech.ch\\\/#\\\/schema\\\/logo\\\/image\\\/\",\"url\":\"https:\\\/\\\/i0.wp.com\\\/deftech.ch\\\/wp-content\\\/uploads\\\/2024\\\/09\\\/deftech-white-red-round-background.002.png?fit=1500%2C1500&ssl=1\",\"contentUrl\":\"https:\\\/\\\/i0.wp.com\\\/deftech.ch\\\/wp-content\\\/uploads\\\/2024\\\/09\\\/deftech-white-red-round-background.002.png?fit=1500%2C1500&ssl=1\",\"width\":1500,\"height\":1500,\"caption\":\"Deftech - Defence Future Technologies\"},\"image\":{\"@id\":\"https:\\\/\\\/deftech.ch\\\/#\\\/schema\\\/logo\\\/image\\\/\"},\"sameAs\":[\"https:\\\/\\\/x.com\\\/deftechCH\",\"https:\\\/\\\/linkedin.com\\\/in\\\/ladetto\"]}]}<\/script>\n<!-- \/ Yoast SEO plugin. -->","yoast_head_json":{"title":"Numerik Games - Deftech \u00b7 Defence Future Technologies","robots":{"index":"index","follow":"follow","max-snippet":"max-snippet:-1","max-image-preview":"max-image-preview:large","max-video-preview":"max-video-preview:-1"},"canonical":"https:\/\/deftech.ch\/de\/numerik-games\/","og_locale":"de_DE","og_type":"article","og_title":"Numerik Games - Deftech \u00b7 Defence Future Technologies","og_url":"https:\/\/deftech.ch\/de\/numerik-games\/","og_site_name":"Deftech \u00b7 Defence Future Technologies","article_modified_time":"2024-02-01T17:01:37+00:00","og_image":[{"url":"https:\/\/deftech.ch\/wp-content\/uploads\/2020\/12\/play_button.jpg","type":"","width":"","height":""}],"twitter_card":"summary_large_image","twitter_site":"@deftechCH","twitter_misc":{"Gesch\u00e4tzte Lesezeit":"2\u00a0Minuten"},"schema":{"@context":"https:\/\/schema.org","@graph":[{"@type":"WebPage","@id":"https:\/\/deftech.ch\/de\/numerik-games\/","url":"https:\/\/deftech.ch\/de\/numerik-games\/","name":"Numerik Games - Deftech \u00b7 Defence Future Technologies","isPartOf":{"@id":"https:\/\/deftech.ch\/#website"},"primaryImageOfPage":{"@id":"https:\/\/deftech.ch\/de\/numerik-games\/#primaryimage"},"image":{"@id":"https:\/\/deftech.ch\/de\/numerik-games\/#primaryimage"},"thumbnailUrl":"https:\/\/deftech.ch\/wp-content\/uploads\/2020\/12\/play_button.jpg","datePublished":"2020-12-13T22:32:55+00:00","dateModified":"2024-02-01T17:01:37+00:00","breadcrumb":{"@id":"https:\/\/deftech.ch\/de\/numerik-games\/#breadcrumb"},"inLanguage":"de","potentialAction":[{"@type":"ReadAction","target":["https:\/\/deftech.ch\/de\/numerik-games\/"]}]},{"@type":"ImageObject","inLanguage":"de","@id":"https:\/\/deftech.ch\/de\/numerik-games\/#primaryimage","url":"https:\/\/deftech.ch\/wp-content\/uploads\/2020\/12\/play_button.jpg","contentUrl":"https:\/\/deftech.ch\/wp-content\/uploads\/2020\/12\/play_button.jpg"},{"@type":"BreadcrumbList","@id":"https:\/\/deftech.ch\/de\/numerik-games\/#breadcrumb","itemListElement":[{"@type":"ListItem","position":1,"name":"Home","item":"https:\/\/deftech.ch\/de\/"},{"@type":"ListItem","position":2,"name":"Numerik Games"}]},{"@type":"WebSite","@id":"https:\/\/deftech.ch\/#website","url":"https:\/\/deftech.ch\/","name":"Deftech - Defence Future Technologies","description":"Inspire - Inform - Instruct","publisher":{"@id":"https:\/\/deftech.ch\/#organization"},"potentialAction":[{"@type":"SearchAction","target":{"@type":"EntryPoint","urlTemplate":"https:\/\/deftech.ch\/?s={search_term_string}"},"query-input":{"@type":"PropertyValueSpecification","valueRequired":true,"valueName":"search_term_string"}}],"inLanguage":"de"},{"@type":"Organization","@id":"https:\/\/deftech.ch\/#organization","name":"Deftech - Defence Future Technologies","alternateName":"Foresight Program by armasuisse Science and Technology","url":"https:\/\/deftech.ch\/","logo":{"@type":"ImageObject","inLanguage":"de","@id":"https:\/\/deftech.ch\/#\/schema\/logo\/image\/","url":"https:\/\/i0.wp.com\/deftech.ch\/wp-content\/uploads\/2024\/09\/deftech-white-red-round-background.002.png?fit=1500%2C1500&ssl=1","contentUrl":"https:\/\/i0.wp.com\/deftech.ch\/wp-content\/uploads\/2024\/09\/deftech-white-red-round-background.002.png?fit=1500%2C1500&ssl=1","width":1500,"height":1500,"caption":"Deftech - Defence Future Technologies"},"image":{"@id":"https:\/\/deftech.ch\/#\/schema\/logo\/image\/"},"sameAs":["https:\/\/x.com\/deftechCH","https:\/\/linkedin.com\/in\/ladetto"]}]}},"jetpack_sharing_enabled":true,"jetpack_shortlink":"https:\/\/wp.me\/PaO9lW-2Le","_links":{"self":[{"href":"https:\/\/deftech.ch\/de\/wp-json\/wp\/v2\/pages\/10616","targetHints":{"allow":["GET"]}}],"collection":[{"href":"https:\/\/deftech.ch\/de\/wp-json\/wp\/v2\/pages"}],"about":[{"href":"https:\/\/deftech.ch\/de\/wp-json\/wp\/v2\/types\/page"}],"author":[{"embeddable":true,"href":"https:\/\/deftech.ch\/de\/wp-json\/wp\/v2\/users\/3"}],"replies":[{"embeddable":true,"href":"https:\/\/deftech.ch\/de\/wp-json\/wp\/v2\/comments?post=10616"}],"version-history":[{"count":2,"href":"https:\/\/deftech.ch\/de\/wp-json\/wp\/v2\/pages\/10616\/revisions"}],"predecessor-version":[{"id":37513,"href":"https:\/\/deftech.ch\/de\/wp-json\/wp\/v2\/pages\/10616\/revisions\/37513"}],"wp:attachment":[{"href":"https:\/\/deftech.ch\/de\/wp-json\/wp\/v2\/media?parent=10616"}],"curies":[{"name":"wp","href":"https:\/\/api.w.org\/{rel}","templated":true}]}}