{"id":10857,"date":"2020-12-16T22:04:15","date_gmt":"2020-12-16T21:04:15","guid":{"rendered":"https:\/\/deftech.ch\/?page_id=10857"},"modified":"2021-01-10T11:40:18","modified_gmt":"2021-01-10T10:40:18","slug":"technocast-analytics","status":"publish","type":"page","link":"https:\/\/deftech.ch\/de\/technocast-analytics\/","title":{"rendered":"Technocast Analytics"},"content":{"rendered":"\n\t<section class=\"section\" id=\"section_1961747887\">\n\t\t<div class=\"section-bg fill\" >\n\t\t\t\t\t\t\t\t\t\n\t\t\t\n\n\t\t<\/div>\n\n\t\t\n\n\t\t<div class=\"section-content relative\">\n\t\t\t\n<div class=\"row align-middle\"  id=\"row-700132959\">\n\n\t<div id=\"col-1553084318\" class=\"col small-12 large-12\"  >\n\t\t\t\t<div class=\"col-inner\"  >\n\t\t\t\n\t\t\t\n\t<div class=\"img has-hover x md-x lg-x y md-y lg-y\" id=\"image_434151698\">\n\t\t\t\t\t\t\t\t<div class=\"img-inner dark\" >\n\t\t\t<img loading=\"lazy\" decoding=\"async\" width=\"1020\" height=\"229\" src=\"https:\/\/deftech.ch\/wp-content\/uploads\/2020\/12\/Logo-Technocast-Analytics__BleuTurquoise-1024x230.png\" class=\"attachment-large size-large\" alt=\"\" srcset=\"https:\/\/deftech.ch\/wp-content\/uploads\/2020\/12\/Logo-Technocast-Analytics__BleuTurquoise-1024x230.png 1024w, https:\/\/deftech.ch\/wp-content\/uploads\/2020\/12\/Logo-Technocast-Analytics__BleuTurquoise-300x67.png 300w, https:\/\/deftech.ch\/wp-content\/uploads\/2020\/12\/Logo-Technocast-Analytics__BleuTurquoise-768x173.png 768w, https:\/\/deftech.ch\/wp-content\/uploads\/2020\/12\/Logo-Technocast-Analytics__BleuTurquoise-1536x345.png 1536w, https:\/\/deftech.ch\/wp-content\/uploads\/2020\/12\/Logo-Technocast-Analytics__BleuTurquoise-2048x460.png 2048w\" sizes=\"auto, (max-width: 1020px) 100vw, 1020px\" \/>\t\t\t\t\t\t\n\t\t\t\t\t<\/div>\n\t\t\t\t\t\t\t\t\n<style>\n#image_434151698 {\n  width: 100%;\n}\n<\/style>\n\t<\/div>\n\t\n\t\t<\/div>\n\t\t\t\t\t<\/div>\n\n\t\n<\/div>\n\t\t<\/div>\n\n\t\t\n<style>\n#section_1961747887 {\n  padding-top: 30px;\n  padding-bottom: 30px;\n  min-height: 300px;\n  background-color: rgb(31, 25, 56);\n}\n<\/style>\n\t<\/section>\n\t\n\t<div id=\"gap-691602871\" class=\"gap-element clearfix\" style=\"display:block; height:auto;\">\n\t\t\n<style>\n#gap-691602871 {\n  padding-top: 30px;\n}\n<\/style>\n\t<\/div>\n\t\n\n\t<section class=\"section\" id=\"section_2068946457\">\n\t\t<div class=\"section-bg fill\" >\n\t\t\t\t\t\t\t\t\t\n\t\t\t\n\n\t\t<\/div>\n\n\t\t\n\n\t\t<div class=\"section-content relative\">\n\t\t\t\n<div class=\"row\"  id=\"row-44302726\">\n\n\t<div id=\"col-1451689796\" class=\"col medium-10 small-12 large-10\"  >\n\t\t\t\t<div class=\"col-inner\"  >\n\t\t\t\n\t\t\t\n<h1>Was ist Analytik und warum wir sie brauchen<\/h1>\n<p>Analytik ist die systematische Analyse von Daten, um Erkenntnisse f\u00fcr bestimmte Fragestellungen zu gewinnen. Jedes Mal, wenn wir etwas verstehen wollen, sammeln wir normalerweise Daten und nutzen sie, um unsere Fragen zu beantworten oder Entscheidungen zu treffen.<\/p>\n<p>Wir schauen uns das Wetter draussen vor dem Fenster an und entscheiden, ob wir den Regenschirm mitnehmen wollen oder nicht, oder welche Schuhe am besten geeignet sind. Menschen f\u00fchren Analysen und deduktive Schlussfolgerungen durch, ohne es die meiste Zeit zu bemerken. Daten ohne Analytik sind wie Benzin ohne Auto. Es ist nicht n\u00fctzlich und einfach eine Zeitverschwendung.<\/p>\n<p>Daher war es eines unserer Hauptanliegen in diesem Projekt, der Analytik von Anfang an das richtige Gewicht zu geben und sie in alle Projektphasen einzubeziehen. Nur so k\u00f6nnen wir die Fragen, die wir uns gestellt haben, wissenschaftlich fundiert beantworten.\n<\/p>\n<p>\u00a0<\/p>\n<blockquote>\n<p>Daten ohne Analytik sind wie Benzin ohne Auto !<\/p>\n<\/blockquote>\n<h1>\u00a0<\/h1>\n<h1>Analytik in Umfragen<\/h1>\n<p>Normalerweise sind Umfragen, und Sie haben sicher schon an einer oder mehreren teilgenommen, eine Aneinanderreihung von Fragen, eine nach der anderen. Um die Auswertung einfach zu halten, haben die Fragen in der Regel wenig bis gar keine Korrelation zueinander. Daher ist die Datenanalyse normalerweise nicht kompliziert und es reicht aus, die Antworten einzeln zu betrachten.<\/p>\n<p>Es ist zu beachten, dass die richtige Auswahl der Teilnehmer von grundlegender Bedeutung ist, um bias zu vermeiden. Wenn die Teilnehmer nur m\u00e4nnlich sind, haben wir eindeutig eine starke Bias, und wir werden nicht in der Lage sein, interessante Informationen zu sammeln, die z. B. die Meinung von Frauen widerspiegeln. Normalerweise wird viel Aufwand betrieben, um sicherzustellen, dass die Auswahl der Teilnehmer keine Bias aufweist, die f\u00fcr die Fragen, die man zu beantworten versucht, relevant sein k\u00f6nnten (gleiche Anzahl von M\u00e4nnern und Frauen, gleiche Anzahl von Teilnehmern in allen Altersgruppen usw.).<\/p>\n<p>In diesem Projekt befassen wir uns sehr ernsthaft mit dem Thema Bias, um sicherzustellen, dass unsere Schlussfolgerungen m\u00f6glichst frei von Bias sind, und suchen mit Experten nach verschiedenen M\u00f6glichkeiten, dies zu erreichen.<\/p>\n<h1>\u00a0<\/h1>\n<h1>Die Herausforderungen f\u00fcr Analytics im Storytelling<\/h1>\n<p>Die Verwendung von Storytelling zum Aufbau einer Umfrage, oder anders ausgedr\u00fcckt, die Teilnehmer entscheiden zu lassen, wie sich die Geschichte und damit die Umfrage entwickeln wird, macht den klassischen Ansatz zur statistischen Analyse von Umfragen viel weniger sinnvoll. In diesem Projekt entwickeln wir neue Analyseans\u00e4tze, um zu verstehen, wie die verschiedenen Wahlm\u00f6glichkeiten miteinander in Beziehung stehen und wie man diese Korrelation nutzen kann, um die Meinungen der Teilnehmer zu verschiedenen Themen zu verstehen. Indem wir den Fragen einen Kontext (die Geschichte) hinzuf\u00fcgen, k\u00f6nnen wir wirklich spezifische Fragen formulieren, die wir den Teilnehmern stellen. <\/p>\n<p>In diesem neuen Paradigma sind nicht nur die Fragen wichtig, sondern (und vielleicht noch mehr) auch, wie sie miteinander verbunden sind. Die gesamte Geschichte wird zu einem Baum, durch den ein Teilnehmer navigieren kann. Die neuen Analysemethoden, die wir entwickeln, werden es erm\u00f6glichen, diese Baumnavigation zu analysieren und was dies \u00fcber die Meinungen der Teilnehmer aussagt. In der Abbildung unten sehen Sie eine schematische Darstellung einer m\u00f6glichen Story mit f\u00fcnf Fragen.<\/p>\n<p>\u00a0<\/p>\n<p><img loading=\"lazy\" decoding=\"async\" class=\"size-full wp-image-10832 aligncenter\" src=\"https:\/\/deftech.ch\/wp-content\/uploads\/2020\/12\/Analytics_fig_DE.png\" alt=\"\" width=\"615\" height=\"319\" \/><\/p>\n<p>\u00a0<\/p>\n<p>Verschiedene Teilnehmer sehen verschiedene Fragen und werden mit verschiedenen Auswahlm\u00f6glichkeiten konfrontiert. Eine korrekte Analyse dessen, was w\u00e4hrend der Geschichte passiert, ist zwingend erforderlich, um die Ergebnisse genau interpretieren zu k\u00f6nnen. Wie Sie in der Abbildung sehen k\u00f6nnen, kann ein Teilnehmer auf zwei verschiedene Arten zu Frage 4 gelangen. So wird der Weg zu einem Punkt pl\u00f6tzlich sehr wichtig und enth\u00e4lt wichtige Informationen, die entschl\u00fcsselt werden m\u00fcssen, um die Meinung des Teilnehmers zu interpretieren. Diese zus\u00e4tzliche Ebene der Komplexit\u00e4t erfordert neue Analysemethoden, die in diesem Projekt entwickelt werden.<\/p>\n<p>\u00a0<\/p>\n<p><a href=\"https:\/\/technocast.org\">Lassen Sie sich auf das Abenteuer ein.<\/a> und entdecken Sie Ihr Profil !<\/p>\n\t<div id=\"gap-1335463610\" class=\"gap-element clearfix\" style=\"display:block; height:auto;\">\n\t\t\n<style>\n#gap-1335463610 {\n  padding-top: 55px;\n}\n<\/style>\n\t<\/div>\n\t\n\t\t<\/div>\n\t\t\t\t\t<\/div>\n\n\t\n\n\t<div id=\"col-1478017576\" class=\"col medium-2 small-12 large-2\"  >\n\t\t\t\t<div class=\"col-inner text-center\"  >\n\t\t\t\n\t\t\t\n\t<div class=\"img has-hover x md-x lg-x y md-y lg-y\" id=\"image_829979215\">\n\t\t<a class=\"\" href=\"https:\/\/deftech.ch\/de\/technocast\" >\t\t\t\t\t\t<div class=\"img-inner dark\" >\n\t\t\t<img loading=\"lazy\" decoding=\"async\" width=\"1020\" height=\"224\" src=\"https:\/\/deftech.ch\/wp-content\/uploads\/2020\/12\/Logo-Technocast-Noir-1024x225.png\" class=\"attachment-large size-large\" alt=\"\" srcset=\"https:\/\/deftech.ch\/wp-content\/uploads\/2020\/12\/Logo-Technocast-Noir-1024x225.png 1024w, https:\/\/deftech.ch\/wp-content\/uploads\/2020\/12\/Logo-Technocast-Noir-300x66.png 300w, https:\/\/deftech.ch\/wp-content\/uploads\/2020\/12\/Logo-Technocast-Noir-768x169.png 768w, https:\/\/deftech.ch\/wp-content\/uploads\/2020\/12\/Logo-Technocast-Noir.png 1366w\" sizes=\"auto, (max-width: 1020px) 100vw, 1020px\" \/>\t\t\t\t\t\t\n\t\t\t\t\t<\/div>\n\t\t\t\t\t\t<\/a>\t\t\n<style>\n#image_829979215 {\n  width: 100%;\n}\n<\/style>\n\t<\/div>\n\t\n\t\t<\/div>\n\t\t\t\t\t<\/div>\n\n\t\n<\/div>\n\t\t<\/div>\n\n\t\t\n<style>\n#section_2068946457 {\n  padding-top: 30px;\n  padding-bottom: 30px;\n}\n<\/style>\n\t<\/section>\n\t\n\n\t<section class=\"section\" id=\"section_659238888\">\n\t\t<div class=\"section-bg fill\" >\n\t\t\t\t\t\t\t\t\t\n\t\t\t\n\n\t\t<\/div>\n\n\t\t\n\n\t\t<div class=\"section-content relative\">\n\t\t\t\n<div class=\"row\"  id=\"row-1230529698\">\n\n\t<div id=\"col-367563137\" class=\"col small-12 large-12\"  >\n\t\t\t\t<div class=\"col-inner\"  >\n\t\t\t\n\t\t\t\n<p style=\"text-align: left;\"><strong>Impressum<\/strong>:<\/p>\n<p class=\"alt-font\">Umberto Michelucci, TOELT LLC, umberto.michelucci@toelt.ai\u00a0<br \/>Prof. Aya Kachi, Universit\u00e0 Basilea, aya.kachi@gmail.com<\/p>\n\t\t<\/div>\n\t\t\t\t\t<\/div>\n\n\t\n<\/div>\n<div class=\"row align-middle\"  id=\"row-872071868\">\n\n\t<div id=\"col-844825409\" class=\"col medium-5 small-12 large-5\"  >\n\t\t\t\t<div class=\"col-inner text-center\"  >\n\t\t\t\n\t\t\t\n\t<div class=\"img has-hover x md-x lg-x y md-y lg-y\" id=\"image_1665128335\">\n\t\t<a class=\"\" href=\"http:\/\/toelt.ai\" >\t\t\t\t\t\t<div class=\"img-inner dark\" >\n\t\t\t<img loading=\"lazy\" decoding=\"async\" width=\"1000\" height=\"183\" src=\"https:\/\/deftech.ch\/wp-content\/uploads\/2020\/12\/TOELT_Horizontal_V1.png\" class=\"attachment-large size-large\" alt=\"\" srcset=\"https:\/\/deftech.ch\/wp-content\/uploads\/2020\/12\/TOELT_Horizontal_V1.png 1000w, https:\/\/deftech.ch\/wp-content\/uploads\/2020\/12\/TOELT_Horizontal_V1-300x55.png 300w, https:\/\/deftech.ch\/wp-content\/uploads\/2020\/12\/TOELT_Horizontal_V1-768x141.png 768w\" sizes=\"auto, (max-width: 1000px) 100vw, 1000px\" \/>\t\t\t\t\t\t\n\t\t\t\t\t<\/div>\n\t\t\t\t\t\t<\/a>\t\t\n<style>\n#image_1665128335 {\n  width: 90%;\n}\n<\/style>\n\t<\/div>\n\t\n\t\t<\/div>\n\t\t\t\t\t<\/div>\n\n\t\n\n\t<div id=\"col-320770375\" class=\"col medium-5 small-12 large-5\"  >\n\t\t\t\t<div class=\"col-inner text-center\"  >\n\t\t\t\n\t\t\t\n\t<div class=\"img has-hover x md-x lg-x y md-y lg-y\" id=\"image_1068718093\">\n\t\t<a class=\"\" href=\"https:\/\/www.ayakachi.org\/\" >\t\t\t\t\t\t<div class=\"img-inner dark\" >\n\t\t\t<img loading=\"lazy\" decoding=\"async\" width=\"1020\" height=\"414\" src=\"https:\/\/deftech.ch\/wp-content\/uploads\/2021\/01\/Aya-Kachi-Learning-from-differences-in-ideas__Logo.png\" class=\"attachment-large size-large\" alt=\"\" srcset=\"https:\/\/deftech.ch\/wp-content\/uploads\/2021\/01\/Aya-Kachi-Learning-from-differences-in-ideas__Logo.png 1024w, https:\/\/deftech.ch\/wp-content\/uploads\/2021\/01\/Aya-Kachi-Learning-from-differences-in-ideas__Logo-300x122.png 300w, https:\/\/deftech.ch\/wp-content\/uploads\/2021\/01\/Aya-Kachi-Learning-from-differences-in-ideas__Logo-768x312.png 768w\" sizes=\"auto, (max-width: 1020px) 100vw, 1020px\" \/>\t\t\t\t\t\t\n\t\t\t\t\t<\/div>\n\t\t\t\t\t\t<\/a>\t\t\n<style>\n#image_1068718093 {\n  width: 90%;\n}\n<\/style>\n\t<\/div>\n\t\n\t\t<\/div>\n\t\t\t\t\t<\/div>\n\n\t\n<\/div>\n\t\t<\/div>\n\n\t\t\n<style>\n#section_659238888 {\n  padding-top: 30px;\n  padding-bottom: 30px;\n}\n<\/style>\n\t<\/section>\n\t\n","protected":false},"excerpt":{"rendered":"","protected":false},"author":3,"featured_media":0,"parent":0,"menu_order":0,"comment_status":"closed","ping_status":"closed","template":"","meta":{"jetpack_post_was_ever_published":false,"footnotes":""},"class_list":["post-10857","page","type-page","status-publish","hentry"],"yoast_head":"<!-- This site is optimized with the Yoast SEO plugin v27.4 - https:\/\/yoast.com\/product\/yoast-seo-wordpress\/ -->\n<title>Technocast Analytics - Deftech \u00b7 Defence Future Technologies<\/title>\n<meta name=\"robots\" content=\"index, follow, max-snippet:-1, max-image-preview:large, max-video-preview:-1\" \/>\n<link rel=\"canonical\" href=\"https:\/\/deftech.ch\/de\/technocast-analytics\/\" \/>\n<meta property=\"og:locale\" content=\"de_DE\" \/>\n<meta property=\"og:type\" content=\"article\" \/>\n<meta property=\"og:title\" content=\"Technocast Analytics - Deftech \u00b7 Defence Future Technologies\" \/>\n<meta property=\"og:url\" content=\"https:\/\/deftech.ch\/de\/technocast-analytics\/\" \/>\n<meta property=\"og:site_name\" content=\"Deftech \u00b7 Defence Future Technologies\" \/>\n<meta property=\"article:modified_time\" content=\"2021-01-10T10:40:18+00:00\" \/>\n<meta property=\"og:image\" content=\"https:\/\/deftech.ch\/wp-content\/uploads\/2020\/12\/Analytics_fig_DE.png\" \/>\n<meta name=\"twitter:card\" content=\"summary_large_image\" \/>\n<meta name=\"twitter:site\" content=\"@deftechCH\" \/>\n<meta name=\"twitter:label1\" content=\"Gesch\u00e4tzte Lesezeit\" \/>\n\t<meta name=\"twitter:data1\" content=\"4\u00a0Minuten\" \/>\n<script type=\"application\/ld+json\" class=\"yoast-schema-graph\">{\"@context\":\"https:\\\/\\\/schema.org\",\"@graph\":[{\"@type\":\"WebPage\",\"@id\":\"https:\\\/\\\/deftech.ch\\\/de\\\/technocast-analytics\\\/\",\"url\":\"https:\\\/\\\/deftech.ch\\\/de\\\/technocast-analytics\\\/\",\"name\":\"Technocast Analytics - Deftech \u00b7 Defence Future Technologies\",\"isPartOf\":{\"@id\":\"https:\\\/\\\/deftech.ch\\\/#website\"},\"primaryImageOfPage\":{\"@id\":\"https:\\\/\\\/deftech.ch\\\/de\\\/technocast-analytics\\\/#primaryimage\"},\"image\":{\"@id\":\"https:\\\/\\\/deftech.ch\\\/de\\\/technocast-analytics\\\/#primaryimage\"},\"thumbnailUrl\":\"https:\\\/\\\/deftech.ch\\\/wp-content\\\/uploads\\\/2020\\\/12\\\/Analytics_fig_DE.png\",\"datePublished\":\"2020-12-16T21:04:15+00:00\",\"dateModified\":\"2021-01-10T10:40:18+00:00\",\"breadcrumb\":{\"@id\":\"https:\\\/\\\/deftech.ch\\\/de\\\/technocast-analytics\\\/#breadcrumb\"},\"inLanguage\":\"de\",\"potentialAction\":[{\"@type\":\"ReadAction\",\"target\":[\"https:\\\/\\\/deftech.ch\\\/de\\\/technocast-analytics\\\/\"]}]},{\"@type\":\"ImageObject\",\"inLanguage\":\"de\",\"@id\":\"https:\\\/\\\/deftech.ch\\\/de\\\/technocast-analytics\\\/#primaryimage\",\"url\":\"https:\\\/\\\/deftech.ch\\\/wp-content\\\/uploads\\\/2020\\\/12\\\/Analytics_fig_DE.png\",\"contentUrl\":\"https:\\\/\\\/deftech.ch\\\/wp-content\\\/uploads\\\/2020\\\/12\\\/Analytics_fig_DE.png\"},{\"@type\":\"BreadcrumbList\",\"@id\":\"https:\\\/\\\/deftech.ch\\\/de\\\/technocast-analytics\\\/#breadcrumb\",\"itemListElement\":[{\"@type\":\"ListItem\",\"position\":1,\"name\":\"Home\",\"item\":\"https:\\\/\\\/deftech.ch\\\/de\\\/\"},{\"@type\":\"ListItem\",\"position\":2,\"name\":\"Technocast Analytics\"}]},{\"@type\":\"WebSite\",\"@id\":\"https:\\\/\\\/deftech.ch\\\/#website\",\"url\":\"https:\\\/\\\/deftech.ch\\\/\",\"name\":\"Deftech - Defence Future Technologies\",\"description\":\"Inspire - Inform - Instruct\",\"publisher\":{\"@id\":\"https:\\\/\\\/deftech.ch\\\/#organization\"},\"potentialAction\":[{\"@type\":\"SearchAction\",\"target\":{\"@type\":\"EntryPoint\",\"urlTemplate\":\"https:\\\/\\\/deftech.ch\\\/?s={search_term_string}\"},\"query-input\":{\"@type\":\"PropertyValueSpecification\",\"valueRequired\":true,\"valueName\":\"search_term_string\"}}],\"inLanguage\":\"de\"},{\"@type\":\"Organization\",\"@id\":\"https:\\\/\\\/deftech.ch\\\/#organization\",\"name\":\"Deftech - Defence Future Technologies\",\"alternateName\":\"Foresight Program by armasuisse Science and Technology\",\"url\":\"https:\\\/\\\/deftech.ch\\\/\",\"logo\":{\"@type\":\"ImageObject\",\"inLanguage\":\"de\",\"@id\":\"https:\\\/\\\/deftech.ch\\\/#\\\/schema\\\/logo\\\/image\\\/\",\"url\":\"https:\\\/\\\/i0.wp.com\\\/deftech.ch\\\/wp-content\\\/uploads\\\/2024\\\/09\\\/deftech-white-red-round-background.002.png?fit=1500%2C1500&ssl=1\",\"contentUrl\":\"https:\\\/\\\/i0.wp.com\\\/deftech.ch\\\/wp-content\\\/uploads\\\/2024\\\/09\\\/deftech-white-red-round-background.002.png?fit=1500%2C1500&ssl=1\",\"width\":1500,\"height\":1500,\"caption\":\"Deftech - Defence Future Technologies\"},\"image\":{\"@id\":\"https:\\\/\\\/deftech.ch\\\/#\\\/schema\\\/logo\\\/image\\\/\"},\"sameAs\":[\"https:\\\/\\\/x.com\\\/deftechCH\",\"https:\\\/\\\/linkedin.com\\\/in\\\/ladetto\"]}]}<\/script>\n<!-- \/ Yoast SEO plugin. -->","yoast_head_json":{"title":"Technocast Analytics - Deftech \u00b7 Defence Future Technologies","robots":{"index":"index","follow":"follow","max-snippet":"max-snippet:-1","max-image-preview":"max-image-preview:large","max-video-preview":"max-video-preview:-1"},"canonical":"https:\/\/deftech.ch\/de\/technocast-analytics\/","og_locale":"de_DE","og_type":"article","og_title":"Technocast Analytics - Deftech \u00b7 Defence Future Technologies","og_url":"https:\/\/deftech.ch\/de\/technocast-analytics\/","og_site_name":"Deftech \u00b7 Defence Future Technologies","article_modified_time":"2021-01-10T10:40:18+00:00","og_image":[{"url":"https:\/\/deftech.ch\/wp-content\/uploads\/2020\/12\/Analytics_fig_DE.png","type":"","width":"","height":""}],"twitter_card":"summary_large_image","twitter_site":"@deftechCH","twitter_misc":{"Gesch\u00e4tzte Lesezeit":"4\u00a0Minuten"},"schema":{"@context":"https:\/\/schema.org","@graph":[{"@type":"WebPage","@id":"https:\/\/deftech.ch\/de\/technocast-analytics\/","url":"https:\/\/deftech.ch\/de\/technocast-analytics\/","name":"Technocast Analytics - Deftech \u00b7 Defence Future Technologies","isPartOf":{"@id":"https:\/\/deftech.ch\/#website"},"primaryImageOfPage":{"@id":"https:\/\/deftech.ch\/de\/technocast-analytics\/#primaryimage"},"image":{"@id":"https:\/\/deftech.ch\/de\/technocast-analytics\/#primaryimage"},"thumbnailUrl":"https:\/\/deftech.ch\/wp-content\/uploads\/2020\/12\/Analytics_fig_DE.png","datePublished":"2020-12-16T21:04:15+00:00","dateModified":"2021-01-10T10:40:18+00:00","breadcrumb":{"@id":"https:\/\/deftech.ch\/de\/technocast-analytics\/#breadcrumb"},"inLanguage":"de","potentialAction":[{"@type":"ReadAction","target":["https:\/\/deftech.ch\/de\/technocast-analytics\/"]}]},{"@type":"ImageObject","inLanguage":"de","@id":"https:\/\/deftech.ch\/de\/technocast-analytics\/#primaryimage","url":"https:\/\/deftech.ch\/wp-content\/uploads\/2020\/12\/Analytics_fig_DE.png","contentUrl":"https:\/\/deftech.ch\/wp-content\/uploads\/2020\/12\/Analytics_fig_DE.png"},{"@type":"BreadcrumbList","@id":"https:\/\/deftech.ch\/de\/technocast-analytics\/#breadcrumb","itemListElement":[{"@type":"ListItem","position":1,"name":"Home","item":"https:\/\/deftech.ch\/de\/"},{"@type":"ListItem","position":2,"name":"Technocast Analytics"}]},{"@type":"WebSite","@id":"https:\/\/deftech.ch\/#website","url":"https:\/\/deftech.ch\/","name":"Deftech - Defence Future Technologies","description":"Inspire - Inform - Instruct","publisher":{"@id":"https:\/\/deftech.ch\/#organization"},"potentialAction":[{"@type":"SearchAction","target":{"@type":"EntryPoint","urlTemplate":"https:\/\/deftech.ch\/?s={search_term_string}"},"query-input":{"@type":"PropertyValueSpecification","valueRequired":true,"valueName":"search_term_string"}}],"inLanguage":"de"},{"@type":"Organization","@id":"https:\/\/deftech.ch\/#organization","name":"Deftech - Defence Future Technologies","alternateName":"Foresight Program by armasuisse Science and Technology","url":"https:\/\/deftech.ch\/","logo":{"@type":"ImageObject","inLanguage":"de","@id":"https:\/\/deftech.ch\/#\/schema\/logo\/image\/","url":"https:\/\/i0.wp.com\/deftech.ch\/wp-content\/uploads\/2024\/09\/deftech-white-red-round-background.002.png?fit=1500%2C1500&ssl=1","contentUrl":"https:\/\/i0.wp.com\/deftech.ch\/wp-content\/uploads\/2024\/09\/deftech-white-red-round-background.002.png?fit=1500%2C1500&ssl=1","width":1500,"height":1500,"caption":"Deftech - Defence Future Technologies"},"image":{"@id":"https:\/\/deftech.ch\/#\/schema\/logo\/image\/"},"sameAs":["https:\/\/x.com\/deftechCH","https:\/\/linkedin.com\/in\/ladetto"]}]}},"jetpack_sharing_enabled":true,"jetpack_shortlink":"https:\/\/wp.me\/PaO9lW-2P7","_links":{"self":[{"href":"https:\/\/deftech.ch\/de\/wp-json\/wp\/v2\/pages\/10857","targetHints":{"allow":["GET"]}}],"collection":[{"href":"https:\/\/deftech.ch\/de\/wp-json\/wp\/v2\/pages"}],"about":[{"href":"https:\/\/deftech.ch\/de\/wp-json\/wp\/v2\/types\/page"}],"author":[{"embeddable":true,"href":"https:\/\/deftech.ch\/de\/wp-json\/wp\/v2\/users\/3"}],"replies":[{"embeddable":true,"href":"https:\/\/deftech.ch\/de\/wp-json\/wp\/v2\/comments?post=10857"}],"version-history":[{"count":0,"href":"https:\/\/deftech.ch\/de\/wp-json\/wp\/v2\/pages\/10857\/revisions"}],"wp:attachment":[{"href":"https:\/\/deftech.ch\/de\/wp-json\/wp\/v2\/media?parent=10857"}],"curies":[{"name":"wp","href":"https:\/\/api.w.org\/{rel}","templated":true}]}}