{"id":30536,"date":"2021-09-15T09:24:23","date_gmt":"2021-09-15T07:24:23","guid":{"rendered":"https:\/\/deftech.ch\/?page_id=30536"},"modified":"2021-12-15T10:44:18","modified_gmt":"2021-12-15T09:44:18","slug":"hyperschallschnelle-flugkoerper-1-dezember-2021","status":"publish","type":"page","link":"https:\/\/deftech.ch\/de\/hyperschallschnelle-flugkoerper-1-dezember-2021\/","title":{"rendered":"Hyperschallschnelle Flugk\u00f6rper &#8211; 1. Dezember 2021"},"content":{"rendered":"\n\t<section class=\"section\" id=\"section_467465065\">\n\t\t<div class=\"section-bg fill\" >\n\t\t\t\t\t\t\t\t\t\n\t\t\t\n\n\t\t<\/div>\n\n\t\t\n\n\t\t<div class=\"section-content relative\">\n\t\t\t\n  <div id=\"page-header-1156390049\" class=\"page-header-wrapper\">\n  <div class=\"page-title dark featured-title box-shadow-5\">\n\n        <div class=\"page-title-bg\">\n      <div class=\"title-bg fill bg-fill\"\n        data-parallax-container=\".page-title\"\n        data-parallax-background\n        data-parallax=\"-\">\n      <\/div>\n      <div class=\"title-overlay fill\"><\/div>\n    <\/div>\n    \n    <div class=\"page-title-inner container align-center text-center flex-row-col medium-flex-wrap\" >\n              <div class=\"title-wrapper is-xlarge flex-col\">\n          <h1 class=\"entry-title mb-0\">\n            Hyperschallschnelle Flugk\u00f6rper &#8211; 1. Dezember 2021          <\/h1>\n        <\/div>\n                    <div class=\"title-content flex-col\">\n              <\/div>\n    <\/div>\n\n     \n<style>\n#page-header-1156390049 .title-bg {\n  background-image: url(https:\/\/deftech.ch\/wp-content\/uploads\/2021\/09\/DEFTECH-DAY-Hypervelocity-Missiles-December-1st-2021_new.jpg);\n}\n<\/style>\n  <\/div>\n    <\/div>\n  \n\t\t<\/div>\n\n\t\t\n<style>\n#section_467465065 {\n  padding-top: 30px;\n  padding-bottom: 30px;\n}\n<\/style>\n\t<\/section>\n\t\n\n\t<section class=\"section\" id=\"section_425324376\">\n\t\t<div class=\"section-bg fill\" >\n\t\t\t\t\t\t\t\t\t\n\t\t\t\n\n\t\t<\/div>\n\n\t\t\n\n\t\t<div class=\"section-content relative\">\n\t\t\t\n<div class=\"row\"  id=\"row-455836894\">\n\n\t<div id=\"col-1388430150\" class=\"col medium-6 small-12 large-6\"  >\n\t\t\t\t<div class=\"col-inner\"  >\n\t\t\t\n\t\t\t\n<h1>Hyperschallschnelle Flugk\u00f6rper<\/h1>\n<p class=\"lead\"><a href=\"https:\/\/en.wikipedia.org\/wiki\/Hypervelocity\">Hochgeschwindigkeitsraketen<\/a> bewegen sich mit Geschwindigkeiten von \u00fcber <a href=\"https:\/\/de.wikipedia.org\/wiki\/Mach-Zahl\">Mach<\/a> 5 und bis zu Mach 25 &#8211; das ist schnell, sehr, sehr schnell.<\/p>\n<p class=\"lead\">Wie sehen sie aus?<br \/>\nWie werden sie verwendet?<br \/>\nWelche aerodynamischen, technischen und materiellen F\u00e4higkeiten sind erforderlich, um sie anzutreiben und an ihr Ziel zu bringen?<br \/>\nWie k\u00f6nnen wir uns gegen solche Bedrohungen verteidigen?<\/p>\n<p class=\"lead\">Um mehr zu erfahren, melden Sie sich f\u00fcr diesen Hochgeschwindigkeitstag an!<\/p>\n\t\t<\/div>\n\t\t\t\t\t<\/div>\n\n\t\n\n\t<div id=\"col-1681339059\" class=\"col medium-6 small-12 large-6\"  >\n\t\t\t\t<div class=\"col-inner text-center\"  >\n\t\t\t\n\t\t\t\n\t<div class=\"img has-hover x md-x lg-x y md-y lg-y\" id=\"image_1593164662\">\n\t\t<a class=\"\" href=\"https:\/\/deftech.ch\/wp-content\/uploads\/2021\/09\/DEFTECH-DAY-Hypervelocity-Missiles-December-1st-2021-compressed.pdf\" >\t\t\t\t\t\t<div class=\"img-inner dark\" >\n\t\t\t<img loading=\"lazy\" decoding=\"async\" width=\"724\" height=\"1024\" src=\"https:\/\/deftech.ch\/wp-content\/uploads\/2021\/09\/DEFTECH-DAY-Hypervelocity-Missiles-December-1st-2021_new-724x1024.jpg\" class=\"attachment-large size-large\" alt=\"deftech-day | Hypervelocity Missiles\" srcset=\"https:\/\/deftech.ch\/wp-content\/uploads\/2021\/09\/DEFTECH-DAY-Hypervelocity-Missiles-December-1st-2021_new-724x1024.jpg 724w, https:\/\/deftech.ch\/wp-content\/uploads\/2021\/09\/DEFTECH-DAY-Hypervelocity-Missiles-December-1st-2021_new-212x300.jpg 212w, https:\/\/deftech.ch\/wp-content\/uploads\/2021\/09\/DEFTECH-DAY-Hypervelocity-Missiles-December-1st-2021_new-768x1086.jpg 768w, https:\/\/deftech.ch\/wp-content\/uploads\/2021\/09\/DEFTECH-DAY-Hypervelocity-Missiles-December-1st-2021_new.jpg 905w\" sizes=\"auto, (max-width: 724px) 100vw, 724px\" \/>\t\t\t\t\t\t\n\t\t\t\t\t<\/div>\n\t\t\t\t\t\t<\/a>\t\t\n<style>\n#image_1593164662 {\n  width: 100%;\n}\n<\/style>\n\t<\/div>\n\t\n\t\t<\/div>\n\t\t\t\t\t<\/div>\n\n\t\n<\/div>\n\t\t<\/div>\n\n\t\t\n<style>\n#section_425324376 {\n  padding-top: 30px;\n  padding-bottom: 30px;\n}\n<\/style>\n\t<\/section>\n\t\n\n\t<section class=\"section\" id=\"section_260982405\">\n\t\t<div class=\"section-bg fill\" >\n\t\t\t\t\t\t\t\t\t\n\t\t\t\n\n\t\t<\/div>\n\n\t\t\n\n\t\t<div class=\"section-content relative\">\n\t\t\t\n<div class=\"row\"  id=\"row-672289598\">\n\n\t<div id=\"col-890799865\" class=\"col small-12 large-12\"  >\n\t\t\t\t<div class=\"col-inner\"  >\n\t\t\t\n\t\t\t\n<h1>Publikum<\/h1>\n<p class=\"lead\">Es erwartet Sie eine gute Mischung von Teilnehmern zwischen Milit\u00e4r, Ingenieuren, Forschern und Akademikern. Es ist eine einzigartige Gelegenheit, die Bed\u00fcrfnisse und Anforderungen von den Endanwendern zu erfahren und ihnen gleichzeitig zu zeigen, was m\u00f6glich ist oder bald m\u00f6glich sein wird!<\/p>\n<p class=\"lead\">Die Mehrheit der Teilnehmer wird eher an den <strong>Konzepten<\/strong>, der <strong>Vision<\/strong>, <strong>realen Ergebnissen<\/strong> im Vergleich zu <strong>Laborergebnissen<\/strong>, <strong>Systemanforderungen<\/strong> usw. interessiert sein als an detaillierter Mathematik (aber es sind auch immer Experten im Raum!)<\/p>\n\t\t<\/div>\n\t\t\t\t\t<\/div>\n\n\t\n<\/div>\n<div class=\"row align-center\"  id=\"row-402401770\">\n\n\t<div id=\"col-1857342208\" class=\"col small-12 large-12\"  >\n\t\t\t\t<div class=\"col-inner text-center\"  >\n\t\t\t\n\t\t\t\n<a href=\"https:\/\/drive.infomaniak.com\/app\/share\/119220\/a95a230e-2c2e-43be-895a-bd45c4712fa6\/files\/146501\" class=\"button alert is-bevel is-xlarge box-shadow-4 box-shadow-5-hover\" style=\"border-radius:10px;\">\n\t\t<span>Download<\/span>\n\t<\/a>\n\n\t\t<\/div>\n\t\t\t\t\t<\/div>\n\n\t\n<\/div>\n\t\t<\/div>\n\n\t\t\n<style>\n#section_260982405 {\n  padding-top: 30px;\n  padding-bottom: 30px;\n}\n<\/style>\n\t<\/section>\n\t\n\n\t<section class=\"section\" id=\"section_312885406\">\n\t\t<div class=\"section-bg fill\" >\n\t\t\t\t\t\t\t\t\t\n\t\t\t\n\n\t\t<\/div>\n\n\t\t\n\n\t\t<div class=\"section-content relative\">\n\t\t\t\n<h1>Addresse<\/h1>\n<p class=\"lead\"><a href=\"https:\/\/s.geo.admin.ch\/8402fe4154\">Feuerwerkerstrasse 39<\/a><br \/>\nCH-3602 Thun<\/p>\n\t\t<\/div>\n\n\t\t\n<style>\n#section_312885406 {\n  padding-top: 30px;\n  padding-bottom: 30px;\n}\n<\/style>\n\t<\/section>\n\t\n\n\t<section class=\"section\" id=\"section_879698083\">\n\t\t<div class=\"section-bg fill\" >\n\t\t\t\t\t\t\t\t\t\n\t\t\t\n\n\t\t<\/div>\n\n\t\t\n\n\t\t<div class=\"section-content relative\">\n\t\t\t\n<div class=\"row\"  id=\"row-1339674005\">\n\n\t<div id=\"col-357793648\" class=\"col small-12 large-12\"  >\n\t\t\t\t<div class=\"col-inner\"  >\n\t\t\t\n\t\t\t\n<h1>Programm<\/h1>\n<table>\n<tbody>\n<tr>\n<td>09:00-09:15<\/td>\n<td><strong>Introduction<\/strong><\/td>\n<td><a href=\"https:\/\/www.linkedin.com\/in\/ladetto\/\">Quentin Ladetto<\/a>, <a href=\"https:\/\/armasuisse.ch\/wt\">armasuisse W+T<\/a><\/td>\n<\/tr>\n<tr>\n<td>09:15-09:45<\/td>\n<td><strong>Various uses of hypervelocity &#8211; overview<\/strong><\/td>\n<td><a href=\"https:\/\/www.linkedin.com\/in\/hans-martin-pastuszka-a54712124\/\">Mr. Hans-Martin Pastuszka<\/a>, <a href=\"https:\/\/www.int.fraunhofer.de\/en.html\">Fraunhofer INT<\/a><br \/>\n<a href=\"https:\/\/www.researchgate.net\/profile\/Guido-Huppertz\">Dr. Guido Huppertz<\/a>, <a href=\"https:\/\/www.int.fraunhofer.de\/en.html\">Fraunhofer INT<\/a><\/td>\n<\/tr>\n<tr>\n<td>09:45-10:15<\/td>\n<td><strong>The hypersonic advantage<\/strong><\/td>\n<td><a href=\"https:\/\/www.linkedin.com\/in\/daniel-paukner-443365201\/\">Mr. Daniel Paukner<\/a>, <a href=\"https:\/\/www.iabg.de\/\">IABG<\/a><\/td>\n<\/tr>\n<tr>\n<td>10:15-10:45<\/td>\n<td><strong>Aerothermodynamik von den Hypervelocity missiles<\/strong><\/td>\n<td>Dr. Friedrich Leopold, <a href=\"https:\/\/www.isl.eu\/\">ISL<\/a><\/td>\n<\/tr>\n<tr>\n<td><\/td>\n<td><\/td>\n<td><\/td>\n<\/tr>\n<tr>\n<td>10:45-11:15<\/td>\n<td><strong>Coffee Break<\/strong><\/td>\n<td><\/td>\n<\/tr>\n<tr>\n<td><\/td>\n<td><\/td>\n<td><\/td>\n<\/tr>\n<tr>\n<td>11:15-11:45<\/td>\n<td><b>Tekna PlasmaSonic solutions :<br \/>\nHigh enthalpy ground material testing facilities<\/b><\/td>\n<td><a href=\"https:\/\/www.linkedin.com\/in\/jochen-altenberend-9427b943\/\">Dr. Jochen Altenberend<\/a>, <a href=\"https:\/\/www.tekna.com\/\">Tekna<\/a><\/td>\n<\/tr>\n<tr>\n<td>11:45-12:15<\/td>\n<td><b>Radar Remote Sensing of the Meteor Earth Environment<br \/>\nand their hypersonic atmospheric flight<\/b><\/td>\n<td><a href=\"https:\/\/www.linkedin.com\/in\/gunter-stober-33920130\/\">Dr. Gunter Stober<\/a>, <a href=\"https:\/\/www.iap.unibe.ch\/\">University Bern<\/a><\/td>\n<\/tr>\n<tr>\n<td>12:15-12:45<\/td>\n<td><strong>In the News &#8211; Hype vs Real<\/strong><\/td>\n<td><a href=\"#\">Round table &amp; discussion<\/a>, all speakers (and audience!)<\/td>\n<\/tr>\n<tr>\n<td><\/td>\n<td><\/td>\n<td><\/td>\n<\/tr>\n<tr>\n<td>12:45-13:30<\/td>\n<td><strong>Lunch<\/strong><\/td>\n<td><\/td>\n<\/tr>\n<tr>\n<td><\/td>\n<td><\/td>\n<td><\/td>\n<\/tr>\n<tr>\n<td>13:30-14:00<\/td>\n<td><strong>Technical and tactical simulations of hypersonic missiles<\/strong><\/td>\n<td><a href=\"https:\/\/www.linkedin.com\/in\/matthias-sommer-574666144\/\">Dr. Matthias Sommer<\/a>, <a href=\"https:\/\/armasuisse.ch\/wt\">armasuisse W+T<\/a><br \/>\n<a href=\"https:\/\/www.linkedin.com\/in\/andre-koch-28077010a\/\">Dr. Andr\u00e9 Koch<\/a>, <a href=\"https:\/\/dynamicphenomena.ch\/\">Dynamic Phenomena<\/a><br \/>\nDr. Fran\u00e7ois Ubertini, <a href=\"https:\/\/dynamicphenomena.ch\/\">Dynamic Phenomena<\/a><\/td>\n<\/tr>\n<tr>\n<td>14:00-14:30<\/td>\n<td><strong>How to fight hypersonic threats<\/strong><\/td>\n<td><a href=\"https:\/\/www.linkedin.com\/in\/stefan-matzka-544899170\/\">Mr. Stefan Matzka<\/a>, <a href=\"https:\/\/www.diehl.com\">Diehl Defence GmbH<\/a><\/td>\n<\/tr>\n<tr>\n<td>14:30-15:00<\/td>\n<td><strong>Anticipating 2060 &#8211; L&#8217;hyperforteresse<\/strong><\/td>\n<td><a href=\"https:\/\/www.linkedin.com\/in\/jb-colas\/\">Mr. Jean-Baptiste Colas<\/a>, <a href=\"https:\/\/www.defense.gouv.fr\/aid\">Agence de l&#8217;Innovation de D\u00e9fense<\/a> \/ <a href=\"https:\/\/redteamdefense.org\/\">RedTeam<\/a><\/td>\n<\/tr>\n<tr>\n<td><\/td>\n<td><\/td>\n<td><\/td>\n<\/tr>\n<tr>\n<td>15:00<\/td>\n<td><strong>End of the Conference<\/strong><\/td>\n<td><\/td>\n<\/tr>\n<\/tbody>\n<\/table>\n\t\t<\/div>\n\t\t\t\t\t<\/div>\n\n\t\n\n\t<div id=\"col-1080873313\" class=\"col medium-5 small-12 large-5\"  >\n\t\t\t\t<div class=\"col-inner\"  >\n\t\t\t\n\t\t\t\n\t\t<\/div>\n\t\t\t\t\t<\/div>\n\n\t\n<\/div>\n<div class=\"row align-center\"  id=\"row-761292193\">\n\n\t<div id=\"col-703345539\" class=\"col small-12 large-12\"  >\n\t\t\t\t<div class=\"col-inner text-center\"  >\n\t\t\t\n\t\t\t\n<a href=\"https:\/\/drive.infomaniak.com\/app\/share\/119220\/a95a230e-2c2e-43be-895a-bd45c4712fa6\/files\/146501\" class=\"button alert is-bevel is-xlarge box-shadow-4 box-shadow-5-hover\" style=\"border-radius:10px;\">\n\t\t<span>Download<\/span>\n\t<\/a>\n\n\t\t<\/div>\n\t\t\t\t\t<\/div>\n\n\t\n<\/div>\n\t\t<\/div>\n\n\t\t\n<style>\n#section_879698083 {\n  padding-top: 30px;\n  padding-bottom: 30px;\n}\n<\/style>\n\t<\/section>\n\t\n\n\t<section class=\"section\" id=\"section_69507502\">\n\t\t<div class=\"section-bg fill\" >\n\t\t\t\t\t\t\t\t\t\n\t\t\t\n\n\t\t<\/div>\n\n\t\t\n\n\t\t<div class=\"section-content relative\">\n\t\t\t\n<div class=\"row\"  id=\"row-376481569\">\n\n\t<div id=\"col-1570819486\" class=\"col small-12 large-12\"  >\n\t\t\t\t<div class=\"col-inner\"  >\n\t\t\t\n\t\t\t\n<p class=\"lead\" style=\"text-align: center;\">organised by<\/p>\n\t\t<\/div>\n\t\t\t\t\t<\/div>\n\n\t\n<\/div>\n\t\t<\/div>\n\n\t\t\n<style>\n#section_69507502 {\n  padding-top: 30px;\n  padding-bottom: 30px;\n}\n<\/style>\n\t<\/section>\n\t\n\n\t<section class=\"section\" id=\"section_1060142518\">\n\t\t<div class=\"section-bg fill\" >\n\t\t\t\t\t\t\t\t\t\n\t\t\t\n\n\t\t<\/div>\n\n\t\t\n\n\t\t<div class=\"section-content relative\">\n\t\t\t\n<div class=\"row\"  id=\"row-244023466\">\n\n\t<div id=\"col-695825894\" class=\"col medium-4 small-12 large-4\"  >\n\t\t\t\t<div class=\"col-inner\"  >\n\t\t\t\n\t\t\t\n\t\t<\/div>\n\t\t\t\t\t<\/div>\n\n\t\n\n\t<div id=\"col-671923677\" class=\"col medium-4 small-12 large-4\"  >\n\t\t\t\t<div class=\"col-inner\"  >\n\t\t\t\n\t\t\t\n\t<div class=\"img has-hover x md-x lg-x y md-y lg-y\" id=\"image_1489810559\">\n\t\t\t\t\t\t\t\t<div class=\"img-inner dark\" >\n\t\t\t<img loading=\"lazy\" decoding=\"async\" width=\"1000\" height=\"650\" src=\"https:\/\/deftech.ch\/wp-content\/uploads\/2021\/02\/deftech-2021_alone_lent.gif\" class=\"attachment-large size-large\" alt=\"\" \/>\t\t\t\t\t\t\n\t\t\t\t\t<\/div>\n\t\t\t\t\t\t\t\t\n<style>\n#image_1489810559 {\n  width: 100%;\n}\n<\/style>\n\t<\/div>\n\t\n\t<div class=\"img has-hover x md-x lg-x y md-y lg-y\" id=\"image_57765121\">\n\t\t\t\t\t\t\t\t<div class=\"img-inner dark\" >\n\t\t\t<img loading=\"lazy\" decoding=\"async\" width=\"1020\" height=\"383\" src=\"https:\/\/deftech.ch\/wp-content\/uploads\/2021\/02\/deftech_2021_text-1024x385.png\" class=\"attachment-large size-large\" alt=\"\" srcset=\"https:\/\/deftech.ch\/wp-content\/uploads\/2021\/02\/deftech_2021_text-1024x385.png 1024w, https:\/\/deftech.ch\/wp-content\/uploads\/2021\/02\/deftech_2021_text-300x113.png 300w, https:\/\/deftech.ch\/wp-content\/uploads\/2021\/02\/deftech_2021_text-768x289.png 768w, https:\/\/deftech.ch\/wp-content\/uploads\/2021\/02\/deftech_2021_text-1536x577.png 1536w, https:\/\/deftech.ch\/wp-content\/uploads\/2021\/02\/deftech_2021_text.png 1703w\" sizes=\"auto, (max-width: 1020px) 100vw, 1020px\" \/>\t\t\t\t\t\t\n\t\t\t\t\t<\/div>\n\t\t\t\t\t\t\t\t\n<style>\n#image_57765121 {\n  width: 100%;\n}\n<\/style>\n\t<\/div>\n\t\n\t\t<\/div>\n\t\t\t\t\t<\/div>\n\n\t\n\n\t<div id=\"col-74624481\" class=\"col medium-4 small-12 large-4\"  >\n\t\t\t\t<div class=\"col-inner\"  >\n\t\t\t\n\t\t\t\n\t\t<\/div>\n\t\t\t\t\t<\/div>\n\n\t\n<\/div>\n\t\t<\/div>\n\n\t\t\n<style>\n#section_1060142518 {\n  padding-top: 30px;\n  padding-bottom: 30px;\n}\n<\/style>\n\t<\/section>\n\t\n","protected":false},"excerpt":{"rendered":"","protected":false},"author":3,"featured_media":30549,"parent":0,"menu_order":0,"comment_status":"closed","ping_status":"closed","template":"","meta":{"jetpack_post_was_ever_published":false,"footnotes":""},"class_list":["post-30536","page","type-page","status-publish","has-post-thumbnail","hentry"],"yoast_head":"<!-- This site is optimized with the Yoast SEO plugin v27.3 - https:\/\/yoast.com\/product\/yoast-seo-wordpress\/ -->\n<title>Hyperschallschnelle Flugk\u00f6rper - 1. Dezember 2021 - Deftech \u00b7 Defence Future Technologies<\/title>\n<meta name=\"robots\" content=\"index, follow, max-snippet:-1, max-image-preview:large, max-video-preview:-1\" \/>\n<link rel=\"canonical\" href=\"https:\/\/deftech.ch\/de\/hyperschallschnelle-flugkoerper-1-dezember-2021\/\" \/>\n<meta property=\"og:locale\" content=\"de_DE\" \/>\n<meta property=\"og:type\" content=\"article\" \/>\n<meta property=\"og:title\" content=\"Hyperschallschnelle Flugk\u00f6rper - 1. Dezember 2021 - Deftech \u00b7 Defence Future Technologies\" \/>\n<meta property=\"og:url\" content=\"https:\/\/deftech.ch\/de\/hyperschallschnelle-flugkoerper-1-dezember-2021\/\" \/>\n<meta property=\"og:site_name\" content=\"Deftech \u00b7 Defence Future Technologies\" \/>\n<meta property=\"article:modified_time\" content=\"2021-12-15T09:44:18+00:00\" \/>\n<meta property=\"og:image\" content=\"https:\/\/deftech.ch\/wp-content\/uploads\/2021\/09\/DEFTECH-DAY-Hypervelocity-Missiles-December-1st-2021_new.jpg\" \/>\n\t<meta property=\"og:image:width\" content=\"905\" \/>\n\t<meta property=\"og:image:height\" content=\"1280\" \/>\n\t<meta property=\"og:image:type\" content=\"image\/jpeg\" \/>\n<meta name=\"twitter:card\" content=\"summary_large_image\" \/>\n<meta name=\"twitter:site\" content=\"@deftechCH\" \/>\n<meta name=\"twitter:label1\" content=\"Gesch\u00e4tzte Lesezeit\" \/>\n\t<meta name=\"twitter:data1\" content=\"2\u00a0Minuten\" \/>\n<script type=\"application\/ld+json\" class=\"yoast-schema-graph\">{\"@context\":\"https:\\\/\\\/schema.org\",\"@graph\":[{\"@type\":\"WebPage\",\"@id\":\"https:\\\/\\\/deftech.ch\\\/de\\\/hyperschallschnelle-flugkoerper-1-dezember-2021\\\/\",\"url\":\"https:\\\/\\\/deftech.ch\\\/de\\\/hyperschallschnelle-flugkoerper-1-dezember-2021\\\/\",\"name\":\"Hyperschallschnelle Flugk\u00f6rper - 1. Dezember 2021 - Deftech \u00b7 Defence Future Technologies\",\"isPartOf\":{\"@id\":\"https:\\\/\\\/deftech.ch\\\/#website\"},\"primaryImageOfPage\":{\"@id\":\"https:\\\/\\\/deftech.ch\\\/de\\\/hyperschallschnelle-flugkoerper-1-dezember-2021\\\/#primaryimage\"},\"image\":{\"@id\":\"https:\\\/\\\/deftech.ch\\\/de\\\/hyperschallschnelle-flugkoerper-1-dezember-2021\\\/#primaryimage\"},\"thumbnailUrl\":\"https:\\\/\\\/deftech.ch\\\/wp-content\\\/uploads\\\/2021\\\/09\\\/DEFTECH-DAY-Hypervelocity-Missiles-December-1st-2021_new.jpg\",\"datePublished\":\"2021-09-15T07:24:23+00:00\",\"dateModified\":\"2021-12-15T09:44:18+00:00\",\"breadcrumb\":{\"@id\":\"https:\\\/\\\/deftech.ch\\\/de\\\/hyperschallschnelle-flugkoerper-1-dezember-2021\\\/#breadcrumb\"},\"inLanguage\":\"de\",\"potentialAction\":[{\"@type\":\"ReadAction\",\"target\":[\"https:\\\/\\\/deftech.ch\\\/de\\\/hyperschallschnelle-flugkoerper-1-dezember-2021\\\/\"]}]},{\"@type\":\"ImageObject\",\"inLanguage\":\"de\",\"@id\":\"https:\\\/\\\/deftech.ch\\\/de\\\/hyperschallschnelle-flugkoerper-1-dezember-2021\\\/#primaryimage\",\"url\":\"https:\\\/\\\/deftech.ch\\\/wp-content\\\/uploads\\\/2021\\\/09\\\/DEFTECH-DAY-Hypervelocity-Missiles-December-1st-2021_new.jpg\",\"contentUrl\":\"https:\\\/\\\/deftech.ch\\\/wp-content\\\/uploads\\\/2021\\\/09\\\/DEFTECH-DAY-Hypervelocity-Missiles-December-1st-2021_new.jpg\",\"width\":905,\"height\":1280,\"caption\":\"deftech-day | Hypervelocity Missiles\"},{\"@type\":\"BreadcrumbList\",\"@id\":\"https:\\\/\\\/deftech.ch\\\/de\\\/hyperschallschnelle-flugkoerper-1-dezember-2021\\\/#breadcrumb\",\"itemListElement\":[{\"@type\":\"ListItem\",\"position\":1,\"name\":\"Home\",\"item\":\"https:\\\/\\\/deftech.ch\\\/de\\\/\"},{\"@type\":\"ListItem\",\"position\":2,\"name\":\"Hyperschallschnelle Flugk\u00f6rper &#8211; 1. Dezember 2021\"}]},{\"@type\":\"WebSite\",\"@id\":\"https:\\\/\\\/deftech.ch\\\/#website\",\"url\":\"https:\\\/\\\/deftech.ch\\\/\",\"name\":\"Deftech - Defence Future Technologies\",\"description\":\"Inspire - Inform - Instruct\",\"publisher\":{\"@id\":\"https:\\\/\\\/deftech.ch\\\/#organization\"},\"potentialAction\":[{\"@type\":\"SearchAction\",\"target\":{\"@type\":\"EntryPoint\",\"urlTemplate\":\"https:\\\/\\\/deftech.ch\\\/?s={search_term_string}\"},\"query-input\":{\"@type\":\"PropertyValueSpecification\",\"valueRequired\":true,\"valueName\":\"search_term_string\"}}],\"inLanguage\":\"de\"},{\"@type\":\"Organization\",\"@id\":\"https:\\\/\\\/deftech.ch\\\/#organization\",\"name\":\"Deftech - Defence Future Technologies\",\"alternateName\":\"Foresight Program by armasuisse Science and Technology\",\"url\":\"https:\\\/\\\/deftech.ch\\\/\",\"logo\":{\"@type\":\"ImageObject\",\"inLanguage\":\"de\",\"@id\":\"https:\\\/\\\/deftech.ch\\\/#\\\/schema\\\/logo\\\/image\\\/\",\"url\":\"https:\\\/\\\/i0.wp.com\\\/deftech.ch\\\/wp-content\\\/uploads\\\/2024\\\/09\\\/deftech-white-red-round-background.002.png?fit=1500%2C1500&ssl=1\",\"contentUrl\":\"https:\\\/\\\/i0.wp.com\\\/deftech.ch\\\/wp-content\\\/uploads\\\/2024\\\/09\\\/deftech-white-red-round-background.002.png?fit=1500%2C1500&ssl=1\",\"width\":1500,\"height\":1500,\"caption\":\"Deftech - Defence Future Technologies\"},\"image\":{\"@id\":\"https:\\\/\\\/deftech.ch\\\/#\\\/schema\\\/logo\\\/image\\\/\"},\"sameAs\":[\"https:\\\/\\\/x.com\\\/deftechCH\",\"https:\\\/\\\/linkedin.com\\\/in\\\/ladetto\"]}]}<\/script>\n<!-- \/ Yoast SEO plugin. -->","yoast_head_json":{"title":"Hyperschallschnelle Flugk\u00f6rper - 1. Dezember 2021 - Deftech \u00b7 Defence Future Technologies","robots":{"index":"index","follow":"follow","max-snippet":"max-snippet:-1","max-image-preview":"max-image-preview:large","max-video-preview":"max-video-preview:-1"},"canonical":"https:\/\/deftech.ch\/de\/hyperschallschnelle-flugkoerper-1-dezember-2021\/","og_locale":"de_DE","og_type":"article","og_title":"Hyperschallschnelle Flugk\u00f6rper - 1. Dezember 2021 - Deftech \u00b7 Defence Future Technologies","og_url":"https:\/\/deftech.ch\/de\/hyperschallschnelle-flugkoerper-1-dezember-2021\/","og_site_name":"Deftech \u00b7 Defence Future Technologies","article_modified_time":"2021-12-15T09:44:18+00:00","og_image":[{"width":905,"height":1280,"url":"https:\/\/deftech.ch\/wp-content\/uploads\/2021\/09\/DEFTECH-DAY-Hypervelocity-Missiles-December-1st-2021_new.jpg","type":"image\/jpeg"}],"twitter_card":"summary_large_image","twitter_site":"@deftechCH","twitter_misc":{"Gesch\u00e4tzte Lesezeit":"2\u00a0Minuten"},"schema":{"@context":"https:\/\/schema.org","@graph":[{"@type":"WebPage","@id":"https:\/\/deftech.ch\/de\/hyperschallschnelle-flugkoerper-1-dezember-2021\/","url":"https:\/\/deftech.ch\/de\/hyperschallschnelle-flugkoerper-1-dezember-2021\/","name":"Hyperschallschnelle Flugk\u00f6rper - 1. Dezember 2021 - Deftech \u00b7 Defence Future Technologies","isPartOf":{"@id":"https:\/\/deftech.ch\/#website"},"primaryImageOfPage":{"@id":"https:\/\/deftech.ch\/de\/hyperschallschnelle-flugkoerper-1-dezember-2021\/#primaryimage"},"image":{"@id":"https:\/\/deftech.ch\/de\/hyperschallschnelle-flugkoerper-1-dezember-2021\/#primaryimage"},"thumbnailUrl":"https:\/\/deftech.ch\/wp-content\/uploads\/2021\/09\/DEFTECH-DAY-Hypervelocity-Missiles-December-1st-2021_new.jpg","datePublished":"2021-09-15T07:24:23+00:00","dateModified":"2021-12-15T09:44:18+00:00","breadcrumb":{"@id":"https:\/\/deftech.ch\/de\/hyperschallschnelle-flugkoerper-1-dezember-2021\/#breadcrumb"},"inLanguage":"de","potentialAction":[{"@type":"ReadAction","target":["https:\/\/deftech.ch\/de\/hyperschallschnelle-flugkoerper-1-dezember-2021\/"]}]},{"@type":"ImageObject","inLanguage":"de","@id":"https:\/\/deftech.ch\/de\/hyperschallschnelle-flugkoerper-1-dezember-2021\/#primaryimage","url":"https:\/\/deftech.ch\/wp-content\/uploads\/2021\/09\/DEFTECH-DAY-Hypervelocity-Missiles-December-1st-2021_new.jpg","contentUrl":"https:\/\/deftech.ch\/wp-content\/uploads\/2021\/09\/DEFTECH-DAY-Hypervelocity-Missiles-December-1st-2021_new.jpg","width":905,"height":1280,"caption":"deftech-day | Hypervelocity Missiles"},{"@type":"BreadcrumbList","@id":"https:\/\/deftech.ch\/de\/hyperschallschnelle-flugkoerper-1-dezember-2021\/#breadcrumb","itemListElement":[{"@type":"ListItem","position":1,"name":"Home","item":"https:\/\/deftech.ch\/de\/"},{"@type":"ListItem","position":2,"name":"Hyperschallschnelle Flugk\u00f6rper &#8211; 1. Dezember 2021"}]},{"@type":"WebSite","@id":"https:\/\/deftech.ch\/#website","url":"https:\/\/deftech.ch\/","name":"Deftech - Defence Future Technologies","description":"Inspire - Inform - Instruct","publisher":{"@id":"https:\/\/deftech.ch\/#organization"},"potentialAction":[{"@type":"SearchAction","target":{"@type":"EntryPoint","urlTemplate":"https:\/\/deftech.ch\/?s={search_term_string}"},"query-input":{"@type":"PropertyValueSpecification","valueRequired":true,"valueName":"search_term_string"}}],"inLanguage":"de"},{"@type":"Organization","@id":"https:\/\/deftech.ch\/#organization","name":"Deftech - Defence Future Technologies","alternateName":"Foresight Program by armasuisse Science and Technology","url":"https:\/\/deftech.ch\/","logo":{"@type":"ImageObject","inLanguage":"de","@id":"https:\/\/deftech.ch\/#\/schema\/logo\/image\/","url":"https:\/\/i0.wp.com\/deftech.ch\/wp-content\/uploads\/2024\/09\/deftech-white-red-round-background.002.png?fit=1500%2C1500&ssl=1","contentUrl":"https:\/\/i0.wp.com\/deftech.ch\/wp-content\/uploads\/2024\/09\/deftech-white-red-round-background.002.png?fit=1500%2C1500&ssl=1","width":1500,"height":1500,"caption":"Deftech - Defence Future Technologies"},"image":{"@id":"https:\/\/deftech.ch\/#\/schema\/logo\/image\/"},"sameAs":["https:\/\/x.com\/deftechCH","https:\/\/linkedin.com\/in\/ladetto"]}]}},"jetpack_sharing_enabled":true,"jetpack_shortlink":"https:\/\/wp.me\/PaO9lW-7Ww","_links":{"self":[{"href":"https:\/\/deftech.ch\/de\/wp-json\/wp\/v2\/pages\/30536","targetHints":{"allow":["GET"]}}],"collection":[{"href":"https:\/\/deftech.ch\/de\/wp-json\/wp\/v2\/pages"}],"about":[{"href":"https:\/\/deftech.ch\/de\/wp-json\/wp\/v2\/types\/page"}],"author":[{"embeddable":true,"href":"https:\/\/deftech.ch\/de\/wp-json\/wp\/v2\/users\/3"}],"replies":[{"embeddable":true,"href":"https:\/\/deftech.ch\/de\/wp-json\/wp\/v2\/comments?post=30536"}],"version-history":[{"count":0,"href":"https:\/\/deftech.ch\/de\/wp-json\/wp\/v2\/pages\/30536\/revisions"}],"wp:featuredmedia":[{"embeddable":true,"href":"https:\/\/deftech.ch\/de\/wp-json\/wp\/v2\/media\/30549"}],"wp:attachment":[{"href":"https:\/\/deftech.ch\/de\/wp-json\/wp\/v2\/media?parent=30536"}],"curies":[{"name":"wp","href":"https:\/\/api.w.org\/{rel}","templated":true}]}}