{"id":32277,"date":"2022-04-19T20:19:52","date_gmt":"2022-04-19T18:19:52","guid":{"rendered":"https:\/\/deftech.ch\/?page_id=32277"},"modified":"2022-04-19T20:21:37","modified_gmt":"2022-04-19T18:21:37","slug":"neue-waffen","status":"publish","type":"page","link":"https:\/\/deftech.ch\/de\/neue-waffen\/","title":{"rendered":"Neue Waffen"},"content":{"rendered":"<div class=\"container section-title-container\" ><h3 class=\"section-title section-title-center\"><b aria-hidden=\"true\"><\/b><span class=\"section-title-main\" >Neue Waffen<\/span><b aria-hidden=\"true\"><\/b><\/h3><\/div>\n\n\t<section class=\"section\" id=\"section_1057960300\">\n\t\t<div class=\"section-bg fill\" >\n\t\t\t\t\t\t\t\t\t\n\t\t\t\n\n\t\t<\/div>\n\n\t\t\n\n\t\t<div class=\"section-content relative\">\n\t\t\t\n<p><em>Der Mensch kennt keine Grenzen, wenn es darum geht, sich \u00fcber die Konvergenz von Technologien und die Kombination von Erfindungen in verschiedenen Bereichen neue L\u00f6sungen auszudenken. Schon Jules Verne sagte: &#8220;Alles, was sich ein Mensch vorstellen kann, wird eines Tages von jemandem verwirklicht werden&#8221;. Was wir erleben, scheint ihm Recht zu geben!<\/em><\/p>\n\t\t<\/div>\n\n\t\t\n<style>\n#section_1057960300 {\n  padding-top: 30px;\n  padding-bottom: 30px;\n}\n<\/style>\n\t<\/section>\n\t\n\n\t<section class=\"section\" id=\"section_1725633700\">\n\t\t<div class=\"section-bg fill\" >\n\t\t\t\t\t\t\t\t\t\n\t\t\t\n\n\t\t<\/div>\n\n\t\t\n\n\t\t<div class=\"section-content relative\">\n\t\t\t\n<div class=\"row\"  id=\"row-44173166\">\n\n\t<div id=\"col-1057470951\" class=\"col medium-4 small-12 large-4 col-divided\"  >\n\t\t\t\t<div class=\"col-inner\"  >\n\t\t\t\n\t\t\t\n\t<div class=\"box has-hover   has-hover box-text-bottom\" >\n\n\t\t<div class=\"box-image\" >\n\t\t\t\t\t\t<div class=\"image-cover\" style=\"padding-top:56.25%;\">\n\t\t\t\t<img loading=\"lazy\" decoding=\"async\" width=\"485\" height=\"323\" src=\"https:\/\/deftech.ch\/wp-content\/uploads\/2022\/04\/06.A.jpeg\" class=\"attachment- size-\" alt=\"\" srcset=\"https:\/\/deftech.ch\/wp-content\/uploads\/2022\/04\/06.A.jpeg 485w, https:\/\/deftech.ch\/wp-content\/uploads\/2022\/04\/06.A-300x200.jpeg 300w\" sizes=\"auto, (max-width: 485px) 100vw, 485px\" \/>\t\t\t\t\t\t\t\t\t\t\t<\/div>\n\t\t\t\t\t<\/div>\n\n\t\t<div class=\"box-text text-center\" >\n\t\t\t<div class=\"box-text-inner\">\n\t\t\t\t\n\t<div id=\"text-3028306977\" class=\"text\">\n\t\t\n<h4><span style=\"color: #ff6600;\"><strong>06.A  Energiestrahlen<\/strong><\/span><\/h4>\n<p style=\"text-align: left;\">Automatische Verteidigung von Luft-, See- und Landressourcen gegen feindliche Raketen oder Systeme mithilfe von Hochleistungs-Energiestrahlwaffen (z. B. Lasern), die als Module auf diesen Ressourcen installiert werden.<\/p>\n\t\t\n<style>\n#text-3028306977 {\n  text-align: left;\n}\n<\/style>\n\t<\/div>\n\t\n\t<div id=\"gap-1325370515\" class=\"gap-element clearfix\" style=\"display:block; height:auto;\">\n\t\t\n<style>\n#gap-1325370515 {\n  padding-top: 30px;\n}\n<\/style>\n\t<\/div>\n\t\n<p style=\"text-align: left;\"><em>Stichworte :<\/em><br \/>\n<em>Hochleistung, Strahl<\/em><\/p>\n\t\t\t<\/div>\n\t\t<\/div>\n\t<\/div>\n\t\n\t\t<\/div>\n\t\t\t\t\t<\/div>\n\n\t\n\n\t<div id=\"col-131158415\" class=\"col medium-4 small-12 large-4 col-divided\"  >\n\t\t\t\t<div class=\"col-inner\"  >\n\t\t\t\n\t\t\t\n\t<div class=\"box has-hover   has-hover box-text-bottom\" >\n\n\t\t<div class=\"box-image\" >\n\t\t\t\t\t\t<div class=\"image-cover\" style=\"padding-top:56.25%;\">\n\t\t\t\t<img loading=\"lazy\" decoding=\"async\" width=\"1600\" height=\"900\" src=\"https:\/\/deftech.ch\/wp-content\/uploads\/2022\/04\/06.B.jpeg\" class=\"attachment- size-\" alt=\"\" srcset=\"https:\/\/deftech.ch\/wp-content\/uploads\/2022\/04\/06.B.jpeg 1600w, https:\/\/deftech.ch\/wp-content\/uploads\/2022\/04\/06.B-300x169.jpeg 300w, https:\/\/deftech.ch\/wp-content\/uploads\/2022\/04\/06.B-1024x576.jpeg 1024w, https:\/\/deftech.ch\/wp-content\/uploads\/2022\/04\/06.B-768x432.jpeg 768w, https:\/\/deftech.ch\/wp-content\/uploads\/2022\/04\/06.B-1536x864.jpeg 1536w\" sizes=\"auto, (max-width: 1600px) 100vw, 1600px\" \/>\t\t\t\t\t\t\t\t\t\t\t<\/div>\n\t\t\t\t\t<\/div>\n\n\t\t<div class=\"box-text text-center\" >\n\t\t\t<div class=\"box-text-inner\">\n\t\t\t\t\n\t<div id=\"text-3743557178\" class=\"text\">\n\t\t\n<h4><span style=\"color: #ff6600;\"><strong>06.B Hyperschallrakete<\/strong><\/span><\/h4>\n<p style=\"text-align: left;\">Einen pr\u00e4zisen Hyperschallangriff vom Boden, aus der Luft oder aus dem Orbit starten, der ein Gebiet in der Gr\u00f6\u00dfe eines gro\u00dfen Geb\u00e4udes oder eines Gesch\u00e4ftskomplexes absolut zerst\u00f6ren kann.<\/p>\n\t\t\n<style>\n#text-3743557178 {\n  text-align: left;\n}\n<\/style>\n\t<\/div>\n\t\n\t<div id=\"gap-262754094\" class=\"gap-element clearfix\" style=\"display:block; height:auto;\">\n\t\t\n<style>\n#gap-262754094 {\n  padding-top: 30px;\n}\n<\/style>\n\t<\/div>\n\t\n<p style=\"text-align: left;\"><em>Stichworte :<\/em><br \/>\n<em>Hyperschall, Pr\u00e4zision<\/em><\/p>\n\t\t\t<\/div>\n\t\t<\/div>\n\t<\/div>\n\t\n\t\t<\/div>\n\t\t\t\t\t<\/div>\n\n\t\n\n\t<div id=\"col-175247865\" class=\"col medium-4 small-12 large-4 col-divided\"  >\n\t\t\t\t<div class=\"col-inner\"  >\n\t\t\t\n\t\t\t\n\t<div class=\"box has-hover   has-hover box-text-bottom\" >\n\n\t\t<div class=\"box-image\" >\n\t\t\t\t\t\t<div class=\"image-cover\" style=\"padding-top:56.25%;\">\n\t\t\t\t<img loading=\"lazy\" decoding=\"async\" width=\"1024\" height=\"739\" src=\"https:\/\/deftech.ch\/wp-content\/uploads\/2022\/04\/06.C.jpg\" class=\"attachment- size-\" alt=\"\" srcset=\"https:\/\/deftech.ch\/wp-content\/uploads\/2022\/04\/06.C.jpg 1024w, https:\/\/deftech.ch\/wp-content\/uploads\/2022\/04\/06.C-300x217.jpg 300w, https:\/\/deftech.ch\/wp-content\/uploads\/2022\/04\/06.C-768x554.jpg 768w\" sizes=\"auto, (max-width: 1024px) 100vw, 1024px\" \/>\t\t\t\t\t\t\t\t\t\t\t<\/div>\n\t\t\t\t\t<\/div>\n\n\t\t<div class=\"box-text text-center\" >\n\t\t\t<div class=\"box-text-inner\">\n\t\t\t\t\n\t<div id=\"text-2321757768\" class=\"text\">\n\t\t\n<h4><span style=\"color: #ff6600;\"><strong>06.C Super-Projektile<\/strong><\/span><\/h4>\n<p style=\"text-align: left;\">Geschosse \u00fcber gro\u00dfe Entfernungen ohne chemischen Antrieb allein mithilfe von Elektromagnetismus antreiben. Extreme zerst\u00f6rerische Kraft. Weniger starke Versionen sind sowohl f\u00fcr Privatpersonen als auch f\u00fcr Staaten erh\u00e4ltlich.<\/p>\n\t\t\n<style>\n#text-2321757768 {\n  text-align: left;\n}\n<\/style>\n\t<\/div>\n\t\n\t<div id=\"gap-182413701\" class=\"gap-element clearfix\" style=\"display:block; height:auto;\">\n\t\t\n<style>\n#gap-182413701 {\n  padding-top: 30px;\n}\n<\/style>\n\t<\/div>\n\t\n<p style=\"text-align: left;\"><em>Stichworte :<\/em><br \/>\n<em>Railgun, EM-Antrieb<\/em><\/p>\n\t\t\t<\/div>\n\t\t<\/div>\n\t<\/div>\n\t\n\t\t<\/div>\n\t\t\t\t\t<\/div>\n\n\t\n<\/div>\n<div class=\"row\"  id=\"row-788781655\">\n\n\t<div id=\"col-2072639838\" class=\"col medium-4 small-12 large-4 col-divided\"  >\n\t\t\t\t<div class=\"col-inner\"  >\n\t\t\t\n\t\t\t\n\t<div class=\"box has-hover   has-hover box-text-bottom\" >\n\n\t\t<div class=\"box-image\" >\n\t\t\t\t\t\t<div class=\"image-cover\" style=\"padding-top:56.25%;\">\n\t\t\t\t<img loading=\"lazy\" decoding=\"async\" width=\"1280\" height=\"720\" src=\"https:\/\/deftech.ch\/wp-content\/uploads\/2022\/04\/06.D.jpeg\" class=\"attachment- size-\" alt=\"\" srcset=\"https:\/\/deftech.ch\/wp-content\/uploads\/2022\/04\/06.D.jpeg 1280w, https:\/\/deftech.ch\/wp-content\/uploads\/2022\/04\/06.D-300x169.jpeg 300w, https:\/\/deftech.ch\/wp-content\/uploads\/2022\/04\/06.D-1024x576.jpeg 1024w, https:\/\/deftech.ch\/wp-content\/uploads\/2022\/04\/06.D-768x432.jpeg 768w\" sizes=\"auto, (max-width: 1280px) 100vw, 1280px\" \/>\t\t\t\t\t\t\t\t\t\t\t<\/div>\n\t\t\t\t\t<\/div>\n\n\t\t<div class=\"box-text text-center\" >\n\t\t\t<div class=\"box-text-inner\">\n\t\t\t\t\n\t<div id=\"text-952797055\" class=\"text\">\n\t\t\n<h4><span style=\"color: #ff6600;\"><strong>06.D Kleines Raketenabwehrsystem <\/strong><\/span><\/h4>\n<p style=\"text-align: left;\">Neutralisierung von Unterwasserminen, Verteidigung gegen Torpedos und andere U-Boote und generell die Zerst\u00f6rung von Unterwasserausr\u00fcstung ohne Bomben oder Raketen (z. B. akustische Waffe an einem Unterwassersystem).<\/p>\n\t\t\n<style>\n#text-952797055 {\n  text-align: left;\n}\n<\/style>\n\t<\/div>\n\t\n\t<div id=\"gap-411076041\" class=\"gap-element clearfix\" style=\"display:block; height:auto;\">\n\t\t\n<style>\n#gap-411076041 {\n  padding-top: 30px;\n}\n<\/style>\n\t<\/div>\n\t\n<p style=\"text-align: left;\"><em>Stichworte:<\/em><br \/>\n<em>Akustik, Unterwasserwaffe<\/em><\/p>\n\t\t\t<\/div>\n\t\t<\/div>\n\t<\/div>\n\t\n\t\t<\/div>\n\t\t\t\t\t<\/div>\n\n\t\n\n\t<div id=\"col-1915112098\" class=\"col medium-4 small-12 large-4 col-divided\"  >\n\t\t\t\t<div class=\"col-inner\"  >\n\t\t\t\n\t\t\t\n\t<div class=\"box has-hover   has-hover box-text-bottom\" >\n\n\t\t<div class=\"box-image\" >\n\t\t\t\t\t\t<div class=\"image-cover\" style=\"padding-top:56.25%;\">\n\t\t\t\t<img loading=\"lazy\" decoding=\"async\" width=\"380\" height=\"285\" src=\"https:\/\/deftech.ch\/wp-content\/uploads\/2022\/04\/06.E.png\" class=\"attachment- size-\" alt=\"\" srcset=\"https:\/\/deftech.ch\/wp-content\/uploads\/2022\/04\/06.E.png 380w, https:\/\/deftech.ch\/wp-content\/uploads\/2022\/04\/06.E-300x225.png 300w\" sizes=\"auto, (max-width: 380px) 100vw, 380px\" \/>\t\t\t\t\t\t\t\t\t\t\t<\/div>\n\t\t\t\t\t<\/div>\n\n\t\t<div class=\"box-text text-center\" >\n\t\t\t<div class=\"box-text-inner\">\n\t\t\t\t\n\t<div id=\"text-3302097311\" class=\"text\">\n\t\t\n<h4><span style=\"color: #ff6600;\"><strong>06.E St\u00f6rung von Frequenzen<\/strong><\/span><\/h4>\n<p style=\"text-align: left;\">St\u00f6rt die Hochfrequenzfunktionen von Sensoren, Kommunikations- und Navigationsger\u00e4ten. Besonders n\u00fctzlich bei der Luftverteidigung und gegen Satelliten oder Sensoren im Weltraum. Hochfrequenzst\u00f6rer k\u00f6nnen in Systemen aus jedem Bereich eingebaut werden.<\/p>\n\t\t\n<style>\n#text-3302097311 {\n  text-align: left;\n}\n<\/style>\n\t<\/div>\n\t\n\t<div id=\"gap-2067410371\" class=\"gap-element clearfix\" style=\"display:block; height:auto;\">\n\t\t\n<style>\n#gap-2067410371 {\n  padding-top: 30px;\n}\n<\/style>\n\t<\/div>\n\t\n<p style=\"text-align: left;\"><em>Stichworte :<\/em><br \/>\n<em>Radiofrequenz, Jamming<\/em><\/p>\n\t\t\t<\/div>\n\t\t<\/div>\n\t<\/div>\n\t\n\t\t<\/div>\n\t\t\t\t\t<\/div>\n\n\t\n\n\t<div id=\"col-1790553473\" class=\"col medium-4 small-12 large-4 col-divided\"  >\n\t\t\t\t<div class=\"col-inner\"  >\n\t\t\t\n\t\t\t\n\t<div class=\"box has-hover   has-hover box-text-bottom\" >\n\n\t\t<div class=\"box-image\" >\n\t\t\t\t\t\t<div class=\"image-cover\" style=\"padding-top:56.25%;\">\n\t\t\t\t<img loading=\"lazy\" decoding=\"async\" width=\"2560\" height=\"1638\" src=\"https:\/\/deftech.ch\/wp-content\/uploads\/2022\/04\/06.F-scaled.jpg\" class=\"attachment- size-\" alt=\"\" srcset=\"https:\/\/deftech.ch\/wp-content\/uploads\/2022\/04\/06.F-scaled.jpg 2560w, https:\/\/deftech.ch\/wp-content\/uploads\/2022\/04\/06.F-300x192.jpg 300w, https:\/\/deftech.ch\/wp-content\/uploads\/2022\/04\/06.F-1024x655.jpg 1024w, https:\/\/deftech.ch\/wp-content\/uploads\/2022\/04\/06.F-768x491.jpg 768w, https:\/\/deftech.ch\/wp-content\/uploads\/2022\/04\/06.F-1536x983.jpg 1536w, https:\/\/deftech.ch\/wp-content\/uploads\/2022\/04\/06.F-2048x1311.jpg 2048w\" sizes=\"auto, (max-width: 2560px) 100vw, 2560px\" \/>\t\t\t\t\t\t\t\t\t\t\t<\/div>\n\t\t\t\t\t<\/div>\n\n\t\t<div class=\"box-text text-center\" >\n\t\t\t<div class=\"box-text-inner\">\n\t\t\t\t\n\t<div id=\"text-3086298941\" class=\"text\">\n\t\t\n<h4><span style=\"color: #ff6600;\"><strong>06.F Nicht letale Wirkung<\/strong><\/span><\/h4>\n<p style=\"text-align: left;\">Abschreckung oder Ablenkung von Einzelpersonen oder Gruppen in einem bestimmten Gebiet aus der Ferne durch das Hervorrufen unangenehmer k\u00f6rperlicher Empfindungen, die von leicht unangenehm bis unertr\u00e4glich reichen.<\/p>\n\t\t\n<style>\n#text-3086298941 {\n  text-align: left;\n}\n<\/style>\n\t<\/div>\n\t\n\t<div id=\"gap-1325451275\" class=\"gap-element clearfix\" style=\"display:block; height:auto;\">\n\t\t\n<style>\n#gap-1325451275 {\n  padding-top: 30px;\n}\n<\/style>\n\t<\/div>\n\t\n<p style=\"text-align: left;\"><em>Stichworte :<\/em><br \/>\n<em>Nicht-letal, Gerichtete Energie<\/em><\/p>\n\t\t\t<\/div>\n\t\t<\/div>\n\t<\/div>\n\t\n\t\t<\/div>\n\t\t\t\t\t<\/div>\n\n\t\n<\/div>\n<div class=\"row\"  id=\"row-1512951312\">\n\n\t<div id=\"col-1923685824\" class=\"col medium-4 small-12 large-4 col-divided\"  >\n\t\t\t\t<div class=\"col-inner\"  >\n\t\t\t\n\t\t\t\n\t<div class=\"box has-hover   has-hover box-text-bottom\" >\n\n\t\t<div class=\"box-image\" >\n\t\t\t\t\t\t<div class=\"image-cover\" style=\"padding-top:56.25%;\">\n\t\t\t\t<img loading=\"lazy\" decoding=\"async\" width=\"700\" height=\"531\" src=\"https:\/\/deftech.ch\/wp-content\/uploads\/2022\/04\/06.G.jpg\" class=\"attachment- size-\" alt=\"\" srcset=\"https:\/\/deftech.ch\/wp-content\/uploads\/2022\/04\/06.G.jpg 700w, https:\/\/deftech.ch\/wp-content\/uploads\/2022\/04\/06.G-300x228.jpg 300w\" sizes=\"auto, (max-width: 700px) 100vw, 700px\" \/>\t\t\t\t\t\t\t\t\t\t\t<\/div>\n\t\t\t\t\t<\/div>\n\n\t\t<div class=\"box-text text-center\" >\n\t\t\t<div class=\"box-text-inner\">\n\t\t\t\t\n\t<div id=\"text-394153759\" class=\"text\">\n\t\t\n<h4><span style=\"color: #ff6600;\"><strong>06.G Elektromagnetischem Impuls<\/strong><\/span><\/h4>\n<p style=\"text-align: left;\">Verhindert vor\u00fcbergehend oder dauerhaft, dass elektronische Ger\u00e4te in einem Wirkungsbereich funktionieren. Kann Schw\u00e4rme, Roboter, Fahrzeuge usw. st\u00f6ren.<\/p>\n\t\t\n<style>\n#text-394153759 {\n  text-align: left;\n}\n<\/style>\n\t<\/div>\n\t\n\t<div id=\"gap-784256239\" class=\"gap-element clearfix\" style=\"display:block; height:auto;\">\n\t\t\n<style>\n#gap-784256239 {\n  padding-top: 30px;\n}\n<\/style>\n\t<\/div>\n\t\n<p style=\"text-align: left;\"><em>Stichworte :<\/em><br \/>\n<em>Elektronische Interferenz<\/em><\/p>\n\t\t\t<\/div>\n\t\t<\/div>\n\t<\/div>\n\t\n\t\t<\/div>\n\t\t\t\t\t<\/div>\n\n\t\n\n\t<div id=\"col-370195848\" class=\"col medium-4 small-12 large-4 col-divided\"  >\n\t\t\t\t<div class=\"col-inner\"  >\n\t\t\t\n\t\t\t\n\t<div class=\"box has-hover   has-hover box-text-bottom\" >\n\n\t\t<div class=\"box-image\" >\n\t\t\t\t\t\t<div class=\"image-cover\" style=\"padding-top:56.25%;\">\n\t\t\t\t<img loading=\"lazy\" decoding=\"async\" width=\"551\" height=\"394\" src=\"https:\/\/deftech.ch\/wp-content\/uploads\/2022\/04\/06.H.png\" class=\"attachment- size-\" alt=\"\" srcset=\"https:\/\/deftech.ch\/wp-content\/uploads\/2022\/04\/06.H.png 551w, https:\/\/deftech.ch\/wp-content\/uploads\/2022\/04\/06.H-300x215.png 300w\" sizes=\"auto, (max-width: 551px) 100vw, 551px\" \/>\t\t\t\t\t\t\t\t\t\t\t<\/div>\n\t\t\t\t\t<\/div>\n\n\t\t<div class=\"box-text text-center\" >\n\t\t\t<div class=\"box-text-inner\">\n\t\t\t\t\n\t<div id=\"text-3929129396\" class=\"text\">\n\t\t\n<h4><span style=\"color: #ff6600;\"><strong>06.H R\u00f6ntgenstrahlenbombe<\/strong><\/span><\/h4>\n<p>Gleichzeitige Identifizierung und Zerst\u00f6rung mehrerer einfliegender ballistischer Raketen innerhalb oder au\u00dferhalb der Atmosph\u00e4re<br \/>\n\t\t\n<style>\n#text-3929129396 {\n  text-align: left;\n}\n<\/style>\n\t<\/div>\n\t\n\t<div id=\"gap-738995184\" class=\"gap-element clearfix\" style=\"display:block; height:auto;\">\n\t\t\n<style>\n#gap-738995184 {\n  padding-top: 30px;\n}\n<\/style>\n\t<\/div>\n\t\n<p style=\"text-align: left;\"><em>Stichworte :<\/em><br \/>\n<em>Antiballistische Raketen, R\u00f6ntgenstrahlen<\/em><\/p>\n\t\t\t<\/div>\n\t\t<\/div>\n\t<\/div>\n\t\n\t\t<\/div>\n\t\t\t\t\t<\/div>\n\n\t\n\n\t<div id=\"col-2145751392\" class=\"col medium-4 small-12 large-4 col-divided\"  >\n\t\t\t\t<div class=\"col-inner\"  >\n\t\t\t\n\t\t\t\n\t<div class=\"box has-hover   has-hover box-text-bottom\" >\n\n\t\t<div class=\"box-image\" >\n\t\t\t\t\t\t<div class=\"image-cover\" style=\"padding-top:56.25%;\">\n\t\t\t\t<img loading=\"lazy\" decoding=\"async\" width=\"1280\" height=\"720\" src=\"https:\/\/deftech.ch\/wp-content\/uploads\/2022\/04\/06.I.jpg\" class=\"attachment- size-\" alt=\"\" srcset=\"https:\/\/deftech.ch\/wp-content\/uploads\/2022\/04\/06.I.jpg 1280w, https:\/\/deftech.ch\/wp-content\/uploads\/2022\/04\/06.I-300x169.jpg 300w, https:\/\/deftech.ch\/wp-content\/uploads\/2022\/04\/06.I-1024x576.jpg 1024w, https:\/\/deftech.ch\/wp-content\/uploads\/2022\/04\/06.I-768x432.jpg 768w\" sizes=\"auto, (max-width: 1280px) 100vw, 1280px\" \/>\t\t\t\t\t\t\t\t\t\t\t<\/div>\n\t\t\t\t\t<\/div>\n\n\t\t<div class=\"box-text text-center\" >\n\t\t\t<div class=\"box-text-inner\">\n\t\t\t\t\n\t<div id=\"text-636039577\" class=\"text\">\n\t\t\n<h4><span style=\"color: #ff6600;\"><strong>06.I Raygun<\/strong><\/span><\/h4>\n<p style=\"text-align: left;\">Spezifische elektronische Zielsysteme (z. B. Luft- oder Raumfahrzeuge, Roboter, Fahrzeuge), selbst solche mit elektromagnetischer Abschirmung oder Gegenma\u00dfnahmen, wirksam, aber nur auf kurze Distanz deaktivieren.<\/p>\n\t\t\n<style>\n#text-636039577 {\n  text-align: left;\n}\n<\/style>\n\t<\/div>\n\t\n\t<div id=\"gap-517566970\" class=\"gap-element clearfix\" style=\"display:block; height:auto;\">\n\t\t\n<style>\n#gap-517566970 {\n  padding-top: 30px;\n}\n<\/style>\n\t<\/div>\n\t\n<p style=\"text-align: left;\"><em>Stichworte :<\/em><br \/>\n<em>Gezielt, kurze Reichweite<\/em><\/p>\n\t\t\t<\/div>\n\t\t<\/div>\n\t<\/div>\n\t\n\t\t<\/div>\n\t\t\t\t\t<\/div>\n\n\t\n<\/div>\n\t\t<\/div>\n\n\t\t\n<style>\n#section_1725633700 {\n  padding-top: 30px;\n  padding-bottom: 30px;\n}\n<\/style>\n\t<\/section>\n\t\n\t<div id=\"text-1962971886\" class=\"text\">\n\t\t\n<p>Anpassung anhand der Originalfassung 2018 erstellt von <a href=\"https:\/\/www.linkedin.com\/in\/ladetto\/\">Quentin Ladetto<\/a>, <a href=\"https:\/\/www.linkedin.com\/in\/gabrielerizzo\/\">Gabriele Rizzo<\/a>, <a href=\"https:\/\/www.linkedin.com\/in\/jackie-jacqueline-eaton-20980a4\/\">Jacqueline Eaton<\/a><\/p>\n<p>Quelle der Bilder:<br \/>\n<a href=\"https:\/\/2.bp.blogspot.com\/-HdMcD6vYRz4\/WFhlFX3uEEI\/AAAAAAABQ4o\/zpEczbzXeMgwescUiTy_8VShqeDsf7zwACLcB\/s640\/laserpods.jpg\">06.A<\/a>; <a href=\"https:\/\/nationalinterest.org\/sites\/default\/files\/main_images\/Project_0901_Flying_Vehicle_0.jpg\">06.B<\/a>; <a href=\"https:\/\/upload.wikimedia.org\/wikipedia\/commons\/thumb\/d\/d3\/Railgun_usnavy_2008.jpg\/1024px-Railgun_usnavy_2008.jpg\">06.C<\/a>; <a href=\"https:\/\/i.ytimg.com\/vi\/Wuk6pD0zYhQ\/maxresdefault.jpg\">06.D<\/a>; <a href=\"http:\/\/www.infosecwriters.com\/sites\/default\/files\/styles\/article_image_full_node\/public\/field\/image\/Electromagnetic-interference-audio.png?itok=BkXcCuYp\">06.E<\/a>; <a href=\"https:\/\/media.defense.gov\/2007\/Jan\/25\/2000519497\/-1\/-1\/0\/070124-F-5924C-068.JPG\">06.F<\/a>; <a href=\"http:\/\/www.jajusibo.com\/imgdata\/jajuilbo_com\/201503\/2015030940023603.jpg\">06.G<\/a>; <a href=\"https:\/\/upload.wikimedia.org\/wikipedia\/commons\/7\/72\/Excalibur_firing.png\">06.H<\/a>; <a href=\"https:\/\/i.ytimg.com\/vi\/N77mT4qtT7U\/maxresdefault.jpg\">06.I<\/a><br \/>\n\t\t\n<style>\n#text-1962971886 {\n  font-size: 0.8rem;\n  text-align: left;\n}\n<\/style>\n\t<\/div>\n\t\n","protected":false},"excerpt":{"rendered":"","protected":false},"author":3,"featured_media":0,"parent":0,"menu_order":0,"comment_status":"open","ping_status":"open","template":"","meta":{"jetpack_post_was_ever_published":false,"footnotes":""},"class_list":["post-32277","page","type-page","status-publish","hentry"],"yoast_head":"<!-- This site is optimized with the Yoast SEO plugin v27.4 - https:\/\/yoast.com\/product\/yoast-seo-wordpress\/ -->\n<title>Neue Waffen - Deftech \u00b7 Defence Future Technologies<\/title>\n<meta name=\"robots\" content=\"index, follow, max-snippet:-1, max-image-preview:large, max-video-preview:-1\" \/>\n<link rel=\"canonical\" href=\"https:\/\/deftech.ch\/de\/neue-waffen\/\" \/>\n<meta property=\"og:locale\" content=\"de_DE\" \/>\n<meta property=\"og:type\" content=\"article\" \/>\n<meta property=\"og:title\" content=\"Neue Waffen - Deftech \u00b7 Defence Future Technologies\" \/>\n<meta property=\"og:url\" content=\"https:\/\/deftech.ch\/de\/neue-waffen\/\" \/>\n<meta property=\"og:site_name\" content=\"Deftech \u00b7 Defence Future Technologies\" \/>\n<meta property=\"article:modified_time\" content=\"2022-04-19T18:21:37+00:00\" \/>\n<meta property=\"og:image\" content=\"https:\/\/deftech.ch\/wp-content\/uploads\/2024\/01\/LOGO_DEFTECH-RED_Transparent_avec-Texte.png\" \/>\n\t<meta property=\"og:image:width\" content=\"944\" \/>\n\t<meta property=\"og:image:height\" content=\"838\" \/>\n\t<meta property=\"og:image:type\" content=\"image\/png\" \/>\n<meta name=\"twitter:card\" content=\"summary_large_image\" \/>\n<meta name=\"twitter:site\" content=\"@deftechCH\" \/>\n<meta name=\"twitter:label1\" content=\"Gesch\u00e4tzte Lesezeit\" \/>\n\t<meta name=\"twitter:data1\" content=\"3\u00a0Minuten\" \/>\n<script type=\"application\/ld+json\" class=\"yoast-schema-graph\">{\"@context\":\"https:\\\/\\\/schema.org\",\"@graph\":[{\"@type\":\"WebPage\",\"@id\":\"https:\\\/\\\/deftech.ch\\\/de\\\/neue-waffen\\\/\",\"url\":\"https:\\\/\\\/deftech.ch\\\/de\\\/neue-waffen\\\/\",\"name\":\"Neue Waffen - Deftech \u00b7 Defence Future Technologies\",\"isPartOf\":{\"@id\":\"https:\\\/\\\/deftech.ch\\\/#website\"},\"datePublished\":\"2022-04-19T18:19:52+00:00\",\"dateModified\":\"2022-04-19T18:21:37+00:00\",\"breadcrumb\":{\"@id\":\"https:\\\/\\\/deftech.ch\\\/de\\\/neue-waffen\\\/#breadcrumb\"},\"inLanguage\":\"de\",\"potentialAction\":[{\"@type\":\"ReadAction\",\"target\":[\"https:\\\/\\\/deftech.ch\\\/de\\\/neue-waffen\\\/\"]}]},{\"@type\":\"BreadcrumbList\",\"@id\":\"https:\\\/\\\/deftech.ch\\\/de\\\/neue-waffen\\\/#breadcrumb\",\"itemListElement\":[{\"@type\":\"ListItem\",\"position\":1,\"name\":\"Home\",\"item\":\"https:\\\/\\\/deftech.ch\\\/de\\\/\"},{\"@type\":\"ListItem\",\"position\":2,\"name\":\"Neue Waffen\"}]},{\"@type\":\"WebSite\",\"@id\":\"https:\\\/\\\/deftech.ch\\\/#website\",\"url\":\"https:\\\/\\\/deftech.ch\\\/\",\"name\":\"Deftech - Defence Future Technologies\",\"description\":\"Inspire - Inform - Instruct\",\"publisher\":{\"@id\":\"https:\\\/\\\/deftech.ch\\\/#organization\"},\"potentialAction\":[{\"@type\":\"SearchAction\",\"target\":{\"@type\":\"EntryPoint\",\"urlTemplate\":\"https:\\\/\\\/deftech.ch\\\/?s={search_term_string}\"},\"query-input\":{\"@type\":\"PropertyValueSpecification\",\"valueRequired\":true,\"valueName\":\"search_term_string\"}}],\"inLanguage\":\"de\"},{\"@type\":\"Organization\",\"@id\":\"https:\\\/\\\/deftech.ch\\\/#organization\",\"name\":\"Deftech - Defence Future Technologies\",\"alternateName\":\"Foresight Program by armasuisse Science and Technology\",\"url\":\"https:\\\/\\\/deftech.ch\\\/\",\"logo\":{\"@type\":\"ImageObject\",\"inLanguage\":\"de\",\"@id\":\"https:\\\/\\\/deftech.ch\\\/#\\\/schema\\\/logo\\\/image\\\/\",\"url\":\"https:\\\/\\\/i0.wp.com\\\/deftech.ch\\\/wp-content\\\/uploads\\\/2024\\\/09\\\/deftech-white-red-round-background.002.png?fit=1500%2C1500&ssl=1\",\"contentUrl\":\"https:\\\/\\\/i0.wp.com\\\/deftech.ch\\\/wp-content\\\/uploads\\\/2024\\\/09\\\/deftech-white-red-round-background.002.png?fit=1500%2C1500&ssl=1\",\"width\":1500,\"height\":1500,\"caption\":\"Deftech - Defence Future Technologies\"},\"image\":{\"@id\":\"https:\\\/\\\/deftech.ch\\\/#\\\/schema\\\/logo\\\/image\\\/\"},\"sameAs\":[\"https:\\\/\\\/x.com\\\/deftechCH\",\"https:\\\/\\\/linkedin.com\\\/in\\\/ladetto\"]}]}<\/script>\n<!-- \/ Yoast SEO plugin. -->","yoast_head_json":{"title":"Neue Waffen - Deftech \u00b7 Defence Future Technologies","robots":{"index":"index","follow":"follow","max-snippet":"max-snippet:-1","max-image-preview":"max-image-preview:large","max-video-preview":"max-video-preview:-1"},"canonical":"https:\/\/deftech.ch\/de\/neue-waffen\/","og_locale":"de_DE","og_type":"article","og_title":"Neue Waffen - Deftech \u00b7 Defence Future Technologies","og_url":"https:\/\/deftech.ch\/de\/neue-waffen\/","og_site_name":"Deftech \u00b7 Defence Future Technologies","article_modified_time":"2022-04-19T18:21:37+00:00","og_image":[{"width":944,"height":838,"url":"https:\/\/deftech.ch\/wp-content\/uploads\/2024\/01\/LOGO_DEFTECH-RED_Transparent_avec-Texte.png","type":"image\/png"}],"twitter_card":"summary_large_image","twitter_site":"@deftechCH","twitter_misc":{"Gesch\u00e4tzte Lesezeit":"3\u00a0Minuten"},"schema":{"@context":"https:\/\/schema.org","@graph":[{"@type":"WebPage","@id":"https:\/\/deftech.ch\/de\/neue-waffen\/","url":"https:\/\/deftech.ch\/de\/neue-waffen\/","name":"Neue Waffen - Deftech \u00b7 Defence Future Technologies","isPartOf":{"@id":"https:\/\/deftech.ch\/#website"},"datePublished":"2022-04-19T18:19:52+00:00","dateModified":"2022-04-19T18:21:37+00:00","breadcrumb":{"@id":"https:\/\/deftech.ch\/de\/neue-waffen\/#breadcrumb"},"inLanguage":"de","potentialAction":[{"@type":"ReadAction","target":["https:\/\/deftech.ch\/de\/neue-waffen\/"]}]},{"@type":"BreadcrumbList","@id":"https:\/\/deftech.ch\/de\/neue-waffen\/#breadcrumb","itemListElement":[{"@type":"ListItem","position":1,"name":"Home","item":"https:\/\/deftech.ch\/de\/"},{"@type":"ListItem","position":2,"name":"Neue Waffen"}]},{"@type":"WebSite","@id":"https:\/\/deftech.ch\/#website","url":"https:\/\/deftech.ch\/","name":"Deftech - Defence Future Technologies","description":"Inspire - Inform - Instruct","publisher":{"@id":"https:\/\/deftech.ch\/#organization"},"potentialAction":[{"@type":"SearchAction","target":{"@type":"EntryPoint","urlTemplate":"https:\/\/deftech.ch\/?s={search_term_string}"},"query-input":{"@type":"PropertyValueSpecification","valueRequired":true,"valueName":"search_term_string"}}],"inLanguage":"de"},{"@type":"Organization","@id":"https:\/\/deftech.ch\/#organization","name":"Deftech - Defence Future Technologies","alternateName":"Foresight Program by armasuisse Science and Technology","url":"https:\/\/deftech.ch\/","logo":{"@type":"ImageObject","inLanguage":"de","@id":"https:\/\/deftech.ch\/#\/schema\/logo\/image\/","url":"https:\/\/i0.wp.com\/deftech.ch\/wp-content\/uploads\/2024\/09\/deftech-white-red-round-background.002.png?fit=1500%2C1500&ssl=1","contentUrl":"https:\/\/i0.wp.com\/deftech.ch\/wp-content\/uploads\/2024\/09\/deftech-white-red-round-background.002.png?fit=1500%2C1500&ssl=1","width":1500,"height":1500,"caption":"Deftech - Defence Future Technologies"},"image":{"@id":"https:\/\/deftech.ch\/#\/schema\/logo\/image\/"},"sameAs":["https:\/\/x.com\/deftechCH","https:\/\/linkedin.com\/in\/ladetto"]}]}},"jetpack_sharing_enabled":true,"jetpack_shortlink":"https:\/\/wp.me\/PaO9lW-8oB","_links":{"self":[{"href":"https:\/\/deftech.ch\/de\/wp-json\/wp\/v2\/pages\/32277","targetHints":{"allow":["GET"]}}],"collection":[{"href":"https:\/\/deftech.ch\/de\/wp-json\/wp\/v2\/pages"}],"about":[{"href":"https:\/\/deftech.ch\/de\/wp-json\/wp\/v2\/types\/page"}],"author":[{"embeddable":true,"href":"https:\/\/deftech.ch\/de\/wp-json\/wp\/v2\/users\/3"}],"replies":[{"embeddable":true,"href":"https:\/\/deftech.ch\/de\/wp-json\/wp\/v2\/comments?post=32277"}],"version-history":[{"count":0,"href":"https:\/\/deftech.ch\/de\/wp-json\/wp\/v2\/pages\/32277\/revisions"}],"wp:attachment":[{"href":"https:\/\/deftech.ch\/de\/wp-json\/wp\/v2\/media?parent=32277"}],"curies":[{"name":"wp","href":"https:\/\/api.w.org\/{rel}","templated":true}]}}