{"id":35134,"date":"2023-04-05T13:42:12","date_gmt":"2023-04-05T11:42:12","guid":{"rendered":"https:\/\/deftech.ch\/?page_id=35134"},"modified":"2023-04-05T13:47:00","modified_gmt":"2023-04-05T11:47:00","slug":"big-data-information-und-kommunikation","status":"publish","type":"page","link":"https:\/\/deftech.ch\/de\/big-data-information-und-kommunikation\/","title":{"rendered":"Big Data, Information und Kommunikation"},"content":{"rendered":"\n\t<section class=\"section\" id=\"section_70489735\">\n\t\t<div class=\"section-bg fill\" >\n\t\t\t\t\t\t\t\t\t\n\t\t\t\n\n\t\t<\/div>\n\n\t\t\n\n\t\t<div class=\"section-content relative\">\n\t\t\t\n<div class=\"container section-title-container\" ><h3 class=\"section-title section-title-normal\"><b aria-hidden=\"true\"><\/b><span class=\"section-title-main\" >Big Data, Information und Kommunikation<\/span><b aria-hidden=\"true\"><\/b><\/h3><\/div>\n<div class=\"row row-full-width align-middle\"  id=\"row-1919220071\">\n\n\t<div id=\"col-269526016\" class=\"col small-12 large-12\"  >\n\t\t\t\t<div class=\"col-inner\"  >\n\t\t\t\n\t\t\t\n\t<div class=\"img has-hover x md-x lg-x y md-y lg-y\" id=\"image_197699083\">\n\t\t\t\t\t\t\t\t<div class=\"img-inner dark\" >\n\t\t\t<img loading=\"lazy\" decoding=\"async\" width=\"1020\" height=\"515\" src=\"https:\/\/deftech.ch\/wp-content\/uploads\/2023\/04\/test-image-big-data-communication-1024x517.jpg\" class=\"attachment-large size-large\" alt=\"\" srcset=\"https:\/\/deftech.ch\/wp-content\/uploads\/2023\/04\/test-image-big-data-communication-1024x517.jpg 1024w, https:\/\/deftech.ch\/wp-content\/uploads\/2023\/04\/test-image-big-data-communication-300x151.jpg 300w, https:\/\/deftech.ch\/wp-content\/uploads\/2023\/04\/test-image-big-data-communication-768x387.jpg 768w, https:\/\/deftech.ch\/wp-content\/uploads\/2023\/04\/test-image-big-data-communication-1536x775.jpg 1536w, https:\/\/deftech.ch\/wp-content\/uploads\/2023\/04\/test-image-big-data-communication.jpg 2002w\" sizes=\"auto, (max-width: 1020px) 100vw, 1020px\" \/>\t\t\t\t\t\t\n\t\t\t\t\t<\/div>\n\t\t\t\t\t\t\t\t\n<style>\n#image_197699083 {\n  width: 100%;\n}\n<\/style>\n\t<\/div>\n\t\n<p>Data beschreibt Big Data (digitale Rohdaten), die in Bezug auf Umfang, Geschwindigkeit, Vielfalt, Wahrheitsgehalt und Visualisierung erhebliche Herausforderungen darstellen.<\/p>\n<p>Die zunehmende Digitalisierung, die Verbreitung neuer Sensoren, neue Kommunikationsmethoden, das Internet der Dinge und die Virtualisierung sozio-kognitiver R\u00e4ume (z. B. soziale Medien) haben erheblich zur Entwicklung von Big Data beigetragen.<\/p>\n<p>Advanced (Data) Analytics beschreibt fortgeschrittene Analysemethoden, um gro\u00dfe Mengen solcher Informationen sinnvoll zu nutzen und zu visualisieren. Diese Techniken umfassen verschiedene Ans\u00e4tze aus den Forschungsbereichen der Daten- und Entscheidungswissenschaften, darunter k\u00fcnstliche Intelligenz, Optimierung, Modellierung und Simulation (M&amp;S), Human Factors Engineering und Operations Research.<\/p>\n<p>Zwei weitere Aspekte sind bei der Betrachtung der Big-Data-Herausforderung von wesentlicher Bedeutung: Informations- und Kommunikationstechnologien sowie Sensoren und Sensorik. Dieses System von Systemen ist f\u00fcr einen effektiven, bereichs\u00fcbergreifenden C4ISR-Rahmen erforderlich, der die Sammlung, Verarbeitung, Nutzung und Verbreitung von Informationen zur Unterst\u00fctzung der Entscheidungsfindung und des C2 widerspiegelt.<\/p>\n\t\t<\/div>\n\t\t\t\t\t<\/div>\n\n\t\n\n<style>\n#row-1919220071 > .col > .col-inner {\n  padding: 10px 10px 10px 10px;\n  background-color: rgba(39, 158, 233, 0.564);\n  border-radius: 25px;\n}\n<\/style>\n<\/div>\n\t\t<\/div>\n\n\t\t\n<style>\n#section_70489735 {\n  padding-top: 30px;\n  padding-bottom: 30px;\n}\n<\/style>\n\t<\/section>\n\t\n\n\t<section class=\"section\" id=\"section_222131770\">\n\t\t<div class=\"section-bg fill\" >\n\t\t\t\t\t\t\t\t\t<div class=\"section-bg-overlay absolute fill\"><\/div>\n\t\t\t\n\n\t\t<\/div>\n\n\t\t\n\n\t\t<div class=\"section-content relative\">\n\t\t\t\n<div class=\"row\"  id=\"row-430014799\">\n\n\t<div id=\"col-768555187\" class=\"col small-12 large-12\"  >\n\t\t\t\t<div class=\"col-inner\"  >\n\t\t\t\n\t\t\t\n\n  \n    <div id=\"row-100751547\" class=\"row large-columns-3 medium-columns- small-columns-1 has-shadow row-box-shadow-2 row-masonry\" data-packery-options='{\"itemSelector\": \".col\", \"gutter\": 0, \"presentageWidth\" : true}'>\n\n  <\/div>\n\t\t<\/div>\n\t\t\t\t\t<\/div>\n\n\t\n<\/div>\n\t\t<\/div>\n\n\t\t\n<style>\n#section_222131770 {\n  padding-top: 0px;\n  padding-bottom: 0px;\n  background-color: rgb(247, 247, 247);\n}\n#section_222131770 .section-bg-overlay {\n  background-color: rgba(255, 255, 255, 0.85);\n}\n<\/style>\n\t<\/section>\n\t\n","protected":false},"excerpt":{"rendered":"","protected":false},"author":3,"featured_media":34915,"parent":0,"menu_order":0,"comment_status":"closed","ping_status":"closed","template":"","meta":{"jetpack_post_was_ever_published":false,"footnotes":""},"class_list":["post-35134","page","type-page","status-publish","has-post-thumbnail","hentry"],"yoast_head":"<!-- This site is optimized with the Yoast SEO plugin v27.4 - https:\/\/yoast.com\/product\/yoast-seo-wordpress\/ -->\n<title>Big Data, Information und Kommunikation - Deftech \u00b7 Defence Future Technologies<\/title>\n<meta name=\"robots\" content=\"index, follow, max-snippet:-1, max-image-preview:large, max-video-preview:-1\" \/>\n<link rel=\"canonical\" href=\"https:\/\/deftech.ch\/de\/big-data-information-und-kommunikation\/\" \/>\n<meta property=\"og:locale\" content=\"de_DE\" \/>\n<meta property=\"og:type\" content=\"article\" \/>\n<meta property=\"og:title\" content=\"Big Data, Information und Kommunikation - Deftech \u00b7 Defence Future Technologies\" \/>\n<meta property=\"og:url\" content=\"https:\/\/deftech.ch\/de\/big-data-information-und-kommunikation\/\" \/>\n<meta property=\"og:site_name\" content=\"Deftech \u00b7 Defence Future Technologies\" \/>\n<meta property=\"article:modified_time\" content=\"2023-04-05T11:47:00+00:00\" \/>\n<meta property=\"og:image\" content=\"https:\/\/deftech.ch\/wp-content\/uploads\/2023\/04\/test-image-big-data-communication.jpg\" \/>\n\t<meta property=\"og:image:width\" content=\"2002\" \/>\n\t<meta property=\"og:image:height\" content=\"1010\" \/>\n\t<meta property=\"og:image:type\" content=\"image\/jpeg\" \/>\n<meta name=\"twitter:card\" content=\"summary_large_image\" \/>\n<meta name=\"twitter:site\" content=\"@deftechCH\" \/>\n<meta name=\"twitter:label1\" content=\"Gesch\u00e4tzte Lesezeit\" \/>\n\t<meta name=\"twitter:data1\" content=\"1\u00a0Minute\" \/>\n<script type=\"application\/ld+json\" class=\"yoast-schema-graph\">{\"@context\":\"https:\\\/\\\/schema.org\",\"@graph\":[{\"@type\":\"WebPage\",\"@id\":\"https:\\\/\\\/deftech.ch\\\/de\\\/big-data-information-und-kommunikation\\\/\",\"url\":\"https:\\\/\\\/deftech.ch\\\/de\\\/big-data-information-und-kommunikation\\\/\",\"name\":\"Big Data, Information und Kommunikation - Deftech \u00b7 Defence Future Technologies\",\"isPartOf\":{\"@id\":\"https:\\\/\\\/deftech.ch\\\/#website\"},\"primaryImageOfPage\":{\"@id\":\"https:\\\/\\\/deftech.ch\\\/de\\\/big-data-information-und-kommunikation\\\/#primaryimage\"},\"image\":{\"@id\":\"https:\\\/\\\/deftech.ch\\\/de\\\/big-data-information-und-kommunikation\\\/#primaryimage\"},\"thumbnailUrl\":\"https:\\\/\\\/deftech.ch\\\/wp-content\\\/uploads\\\/2023\\\/04\\\/test-image-big-data-communication.jpg\",\"datePublished\":\"2023-04-05T11:42:12+00:00\",\"dateModified\":\"2023-04-05T11:47:00+00:00\",\"breadcrumb\":{\"@id\":\"https:\\\/\\\/deftech.ch\\\/de\\\/big-data-information-und-kommunikation\\\/#breadcrumb\"},\"inLanguage\":\"de\",\"potentialAction\":[{\"@type\":\"ReadAction\",\"target\":[\"https:\\\/\\\/deftech.ch\\\/de\\\/big-data-information-und-kommunikation\\\/\"]}]},{\"@type\":\"ImageObject\",\"inLanguage\":\"de\",\"@id\":\"https:\\\/\\\/deftech.ch\\\/de\\\/big-data-information-und-kommunikation\\\/#primaryimage\",\"url\":\"https:\\\/\\\/deftech.ch\\\/wp-content\\\/uploads\\\/2023\\\/04\\\/test-image-big-data-communication.jpg\",\"contentUrl\":\"https:\\\/\\\/deftech.ch\\\/wp-content\\\/uploads\\\/2023\\\/04\\\/test-image-big-data-communication.jpg\",\"width\":2002,\"height\":1010},{\"@type\":\"BreadcrumbList\",\"@id\":\"https:\\\/\\\/deftech.ch\\\/de\\\/big-data-information-und-kommunikation\\\/#breadcrumb\",\"itemListElement\":[{\"@type\":\"ListItem\",\"position\":1,\"name\":\"Home\",\"item\":\"https:\\\/\\\/deftech.ch\\\/de\\\/\"},{\"@type\":\"ListItem\",\"position\":2,\"name\":\"Big Data, Information und Kommunikation\"}]},{\"@type\":\"WebSite\",\"@id\":\"https:\\\/\\\/deftech.ch\\\/#website\",\"url\":\"https:\\\/\\\/deftech.ch\\\/\",\"name\":\"Deftech - Defence Future Technologies\",\"description\":\"Inspire - Inform - Instruct\",\"publisher\":{\"@id\":\"https:\\\/\\\/deftech.ch\\\/#organization\"},\"potentialAction\":[{\"@type\":\"SearchAction\",\"target\":{\"@type\":\"EntryPoint\",\"urlTemplate\":\"https:\\\/\\\/deftech.ch\\\/?s={search_term_string}\"},\"query-input\":{\"@type\":\"PropertyValueSpecification\",\"valueRequired\":true,\"valueName\":\"search_term_string\"}}],\"inLanguage\":\"de\"},{\"@type\":\"Organization\",\"@id\":\"https:\\\/\\\/deftech.ch\\\/#organization\",\"name\":\"Deftech - Defence Future Technologies\",\"alternateName\":\"Foresight Program by armasuisse Science and Technology\",\"url\":\"https:\\\/\\\/deftech.ch\\\/\",\"logo\":{\"@type\":\"ImageObject\",\"inLanguage\":\"de\",\"@id\":\"https:\\\/\\\/deftech.ch\\\/#\\\/schema\\\/logo\\\/image\\\/\",\"url\":\"https:\\\/\\\/i0.wp.com\\\/deftech.ch\\\/wp-content\\\/uploads\\\/2024\\\/09\\\/deftech-white-red-round-background.002.png?fit=1500%2C1500&ssl=1\",\"contentUrl\":\"https:\\\/\\\/i0.wp.com\\\/deftech.ch\\\/wp-content\\\/uploads\\\/2024\\\/09\\\/deftech-white-red-round-background.002.png?fit=1500%2C1500&ssl=1\",\"width\":1500,\"height\":1500,\"caption\":\"Deftech - Defence Future Technologies\"},\"image\":{\"@id\":\"https:\\\/\\\/deftech.ch\\\/#\\\/schema\\\/logo\\\/image\\\/\"},\"sameAs\":[\"https:\\\/\\\/x.com\\\/deftechCH\",\"https:\\\/\\\/linkedin.com\\\/in\\\/ladetto\"]}]}<\/script>\n<!-- \/ Yoast SEO plugin. -->","yoast_head_json":{"title":"Big Data, Information und Kommunikation - Deftech \u00b7 Defence Future Technologies","robots":{"index":"index","follow":"follow","max-snippet":"max-snippet:-1","max-image-preview":"max-image-preview:large","max-video-preview":"max-video-preview:-1"},"canonical":"https:\/\/deftech.ch\/de\/big-data-information-und-kommunikation\/","og_locale":"de_DE","og_type":"article","og_title":"Big Data, Information und Kommunikation - Deftech \u00b7 Defence Future Technologies","og_url":"https:\/\/deftech.ch\/de\/big-data-information-und-kommunikation\/","og_site_name":"Deftech \u00b7 Defence Future Technologies","article_modified_time":"2023-04-05T11:47:00+00:00","og_image":[{"width":2002,"height":1010,"url":"https:\/\/deftech.ch\/wp-content\/uploads\/2023\/04\/test-image-big-data-communication.jpg","type":"image\/jpeg"}],"twitter_card":"summary_large_image","twitter_site":"@deftechCH","twitter_misc":{"Gesch\u00e4tzte Lesezeit":"1\u00a0Minute"},"schema":{"@context":"https:\/\/schema.org","@graph":[{"@type":"WebPage","@id":"https:\/\/deftech.ch\/de\/big-data-information-und-kommunikation\/","url":"https:\/\/deftech.ch\/de\/big-data-information-und-kommunikation\/","name":"Big Data, Information und Kommunikation - Deftech \u00b7 Defence Future Technologies","isPartOf":{"@id":"https:\/\/deftech.ch\/#website"},"primaryImageOfPage":{"@id":"https:\/\/deftech.ch\/de\/big-data-information-und-kommunikation\/#primaryimage"},"image":{"@id":"https:\/\/deftech.ch\/de\/big-data-information-und-kommunikation\/#primaryimage"},"thumbnailUrl":"https:\/\/deftech.ch\/wp-content\/uploads\/2023\/04\/test-image-big-data-communication.jpg","datePublished":"2023-04-05T11:42:12+00:00","dateModified":"2023-04-05T11:47:00+00:00","breadcrumb":{"@id":"https:\/\/deftech.ch\/de\/big-data-information-und-kommunikation\/#breadcrumb"},"inLanguage":"de","potentialAction":[{"@type":"ReadAction","target":["https:\/\/deftech.ch\/de\/big-data-information-und-kommunikation\/"]}]},{"@type":"ImageObject","inLanguage":"de","@id":"https:\/\/deftech.ch\/de\/big-data-information-und-kommunikation\/#primaryimage","url":"https:\/\/deftech.ch\/wp-content\/uploads\/2023\/04\/test-image-big-data-communication.jpg","contentUrl":"https:\/\/deftech.ch\/wp-content\/uploads\/2023\/04\/test-image-big-data-communication.jpg","width":2002,"height":1010},{"@type":"BreadcrumbList","@id":"https:\/\/deftech.ch\/de\/big-data-information-und-kommunikation\/#breadcrumb","itemListElement":[{"@type":"ListItem","position":1,"name":"Home","item":"https:\/\/deftech.ch\/de\/"},{"@type":"ListItem","position":2,"name":"Big Data, Information und Kommunikation"}]},{"@type":"WebSite","@id":"https:\/\/deftech.ch\/#website","url":"https:\/\/deftech.ch\/","name":"Deftech - Defence Future Technologies","description":"Inspire - Inform - Instruct","publisher":{"@id":"https:\/\/deftech.ch\/#organization"},"potentialAction":[{"@type":"SearchAction","target":{"@type":"EntryPoint","urlTemplate":"https:\/\/deftech.ch\/?s={search_term_string}"},"query-input":{"@type":"PropertyValueSpecification","valueRequired":true,"valueName":"search_term_string"}}],"inLanguage":"de"},{"@type":"Organization","@id":"https:\/\/deftech.ch\/#organization","name":"Deftech - Defence Future Technologies","alternateName":"Foresight Program by armasuisse Science and Technology","url":"https:\/\/deftech.ch\/","logo":{"@type":"ImageObject","inLanguage":"de","@id":"https:\/\/deftech.ch\/#\/schema\/logo\/image\/","url":"https:\/\/i0.wp.com\/deftech.ch\/wp-content\/uploads\/2024\/09\/deftech-white-red-round-background.002.png?fit=1500%2C1500&ssl=1","contentUrl":"https:\/\/i0.wp.com\/deftech.ch\/wp-content\/uploads\/2024\/09\/deftech-white-red-round-background.002.png?fit=1500%2C1500&ssl=1","width":1500,"height":1500,"caption":"Deftech - Defence Future Technologies"},"image":{"@id":"https:\/\/deftech.ch\/#\/schema\/logo\/image\/"},"sameAs":["https:\/\/x.com\/deftechCH","https:\/\/linkedin.com\/in\/ladetto"]}]}},"jetpack_sharing_enabled":true,"jetpack_shortlink":"https:\/\/wp.me\/PaO9lW-98G","_links":{"self":[{"href":"https:\/\/deftech.ch\/de\/wp-json\/wp\/v2\/pages\/35134","targetHints":{"allow":["GET"]}}],"collection":[{"href":"https:\/\/deftech.ch\/de\/wp-json\/wp\/v2\/pages"}],"about":[{"href":"https:\/\/deftech.ch\/de\/wp-json\/wp\/v2\/types\/page"}],"author":[{"embeddable":true,"href":"https:\/\/deftech.ch\/de\/wp-json\/wp\/v2\/users\/3"}],"replies":[{"embeddable":true,"href":"https:\/\/deftech.ch\/de\/wp-json\/wp\/v2\/comments?post=35134"}],"version-history":[{"count":3,"href":"https:\/\/deftech.ch\/de\/wp-json\/wp\/v2\/pages\/35134\/revisions"}],"predecessor-version":[{"id":35144,"href":"https:\/\/deftech.ch\/de\/wp-json\/wp\/v2\/pages\/35134\/revisions\/35144"}],"wp:featuredmedia":[{"embeddable":true,"href":"https:\/\/deftech.ch\/de\/wp-json\/wp\/v2\/media\/34915"}],"wp:attachment":[{"href":"https:\/\/deftech.ch\/de\/wp-json\/wp\/v2\/media?parent=35134"}],"curies":[{"name":"wp","href":"https:\/\/api.w.org\/{rel}","templated":true}]}}