{"id":35188,"date":"2023-04-05T14:07:08","date_gmt":"2023-04-05T12:07:08","guid":{"rendered":"https:\/\/deftech.ch\/?page_id=35188"},"modified":"2023-04-05T14:07:09","modified_gmt":"2023-04-05T12:07:09","slug":"hyperschall","status":"publish","type":"page","link":"https:\/\/deftech.ch\/de\/hyperschall\/","title":{"rendered":"Hyperschall"},"content":{"rendered":"\n\t<section class=\"section\" id=\"section_336866032\">\n\t\t<div class=\"section-bg fill\" >\n\t\t\t\t\t\t\t\t\t\n\t\t\t\n\n\t\t<\/div>\n\n\t\t\n\n\t\t<div class=\"section-content relative\">\n\t\t\t\n<div class=\"container section-title-container\" ><h3 class=\"section-title section-title-normal\"><b aria-hidden=\"true\"><\/b><span class=\"section-title-main\" >Hyperschall<\/span><b aria-hidden=\"true\"><\/b><\/h3><\/div>\n<div class=\"row row-full-width align-middle\"  id=\"row-865242508\">\n\n\t<div id=\"col-1652703378\" class=\"col small-12 large-12\"  >\n\t\t\t\t<div class=\"col-inner\"  >\n\t\t\t\n\t\t\t\n\t<div class=\"img has-hover x md-x lg-x y md-y lg-y\" id=\"image_2033769586\">\n\t\t\t\t\t\t\t\t<div class=\"img-inner dark\" >\n\t\t\t<img loading=\"lazy\" decoding=\"async\" width=\"1020\" height=\"465\" src=\"https:\/\/deftech.ch\/wp-content\/uploads\/2023\/04\/NATO-hypersonics-1024x467.jpg\" class=\"attachment-large size-large\" alt=\"\" srcset=\"https:\/\/deftech.ch\/wp-content\/uploads\/2023\/04\/NATO-hypersonics-1024x467.jpg 1024w, https:\/\/deftech.ch\/wp-content\/uploads\/2023\/04\/NATO-hypersonics-300x137.jpg 300w, https:\/\/deftech.ch\/wp-content\/uploads\/2023\/04\/NATO-hypersonics-768x351.jpg 768w, https:\/\/deftech.ch\/wp-content\/uploads\/2023\/04\/NATO-hypersonics-1536x701.jpg 1536w, https:\/\/deftech.ch\/wp-content\/uploads\/2023\/04\/NATO-hypersonics-2048x935.jpg 2048w\" sizes=\"auto, (max-width: 1020px) 100vw, 1020px\" \/>\t\t\t\t\t\t\n\t\t\t\t\t<\/div>\n\t\t\t\t\t\t\t\t\n<style>\n#image_2033769586 {\n  width: 100%;\n}\n<\/style>\n\t<\/div>\n\t\n<div class=\"page\" title=\"Page 49\">\n<div class=\"layoutArea\">\n<div class=\"column\">\n<p>(Fortgeschrittene) Hyperschall-Waffensysteme (HWS) (Raketen, Fahrzeuge usw.) arbeiten mit Geschwindigkeiten von mehr als Mach 5 (6125 km\/h). In einem solchen Regime wird die Dissoziation von Luft signifikant, und die steigende W\u00e4rmebelastung stellt eine extreme Bedrohung f\u00fcr das Fahrzeug dar. Hyperschallflugphasen treten w\u00e4hrend des Wiedereintritts aus dem Weltraum in die Atmosph\u00e4re oder w\u00e4hrend des angetriebenen\/aufrechterhaltenen Atmosph\u00e4renflugs durch Raketen-, Scramjet- oder kombinierten Zyklusantrieb auf.<\/p>\n<p>Zu dieser Klasse von Waffensystemen geh\u00f6ren luftgest\u00fctzte Angriffsraketen (HCM), man\u00f6vrierf\u00e4hige Wiedereintritts-Gleitfahrzeuge (HGV), Boden-See-Schiffskiller und Post-Stealth-Angriffsflugzeuge. Systeme dieser Art k\u00f6nnen sich in erster Linie auf kinetische Effekte st\u00fctzen oder zus\u00e4tzliche (nukleare oder nicht-nukleare) Sprengk\u00f6pfe enthalten.<\/p>\n<p>Gegenma\u00dfnahmen gegen einzelne Hyperschallsysteme, Salven oder Schw\u00e4rme sind aufgrund der Geschwindigkeit und Man\u00f6vrierf\u00e4higkeit von Hyperschallfahrzeugen besonders schwierig.<\/p>\n<\/div>\n<\/div>\n<\/div>\n\t\t<\/div>\n\t\t\t\t\t<\/div>\n\n\t\n\n<style>\n#row-865242508 > .col > .col-inner {\n  padding: 10px 10px 10px 10px;\n  background-color: rgba(39, 158, 233, 0.564);\n  border-radius: 25px;\n}\n<\/style>\n<\/div>\n\t\t<\/div>\n\n\t\t\n<style>\n#section_336866032 {\n  padding-top: 30px;\n  padding-bottom: 30px;\n}\n<\/style>\n\t<\/section>\n\t\n\n\t<section class=\"section\" id=\"section_609399281\">\n\t\t<div class=\"section-bg fill\" >\n\t\t\t\t\t\t\t\t\t<div class=\"section-bg-overlay absolute fill\"><\/div>\n\t\t\t\n\n\t\t<\/div>\n\n\t\t\n\n\t\t<div class=\"section-content relative\">\n\t\t\t\n<div class=\"row\"  id=\"row-1876110058\">\n\n\t<div id=\"col-77321509\" class=\"col small-12 large-12\"  >\n\t\t\t\t<div class=\"col-inner\"  >\n\t\t\t\n\t\t\t\n\n  \n    <div class=\"row large-columns-3 medium-columns- small-columns-1 has-shadow row-box-shadow-2\" >\n  <\/div>\n\t\t<\/div>\n\t\t\t\t\t<\/div>\n\n\t\n<\/div>\n\t\t<\/div>\n\n\t\t\n<style>\n#section_609399281 {\n  padding-top: 0px;\n  padding-bottom: 0px;\n  background-color: rgb(247, 247, 247);\n}\n#section_609399281 .section-bg-overlay {\n  background-color: rgba(255, 255, 255, 0.85);\n}\n<\/style>\n\t<\/section>\n\t\n","protected":false},"excerpt":{"rendered":"","protected":false},"author":3,"featured_media":34958,"parent":0,"menu_order":0,"comment_status":"closed","ping_status":"closed","template":"","meta":{"jetpack_post_was_ever_published":false,"footnotes":""},"class_list":["post-35188","page","type-page","status-publish","has-post-thumbnail","hentry"],"yoast_head":"<!-- This site is optimized with the Yoast SEO plugin v27.4 - https:\/\/yoast.com\/product\/yoast-seo-wordpress\/ -->\n<title>Hyperschall - Deftech \u00b7 Defence Future Technologies<\/title>\n<meta name=\"robots\" content=\"index, follow, max-snippet:-1, max-image-preview:large, max-video-preview:-1\" \/>\n<link rel=\"canonical\" href=\"https:\/\/deftech.ch\/de\/hyperschall\/\" \/>\n<meta property=\"og:locale\" content=\"de_DE\" \/>\n<meta property=\"og:type\" content=\"article\" \/>\n<meta property=\"og:title\" content=\"Hyperschall - Deftech \u00b7 Defence Future Technologies\" \/>\n<meta property=\"og:url\" content=\"https:\/\/deftech.ch\/de\/hyperschall\/\" \/>\n<meta property=\"og:site_name\" content=\"Deftech \u00b7 Defence Future Technologies\" \/>\n<meta property=\"article:modified_time\" content=\"2023-04-05T12:07:09+00:00\" \/>\n<meta property=\"og:image\" content=\"https:\/\/deftech.ch\/wp-content\/uploads\/2023\/04\/NATO-hypersonics.jpg\" \/>\n\t<meta property=\"og:image:width\" content=\"2462\" \/>\n\t<meta property=\"og:image:height\" content=\"1124\" \/>\n\t<meta property=\"og:image:type\" content=\"image\/jpeg\" \/>\n<meta name=\"twitter:card\" content=\"summary_large_image\" \/>\n<meta name=\"twitter:site\" content=\"@deftechCH\" \/>\n<meta name=\"twitter:label1\" content=\"Gesch\u00e4tzte Lesezeit\" \/>\n\t<meta name=\"twitter:data1\" content=\"1\u00a0Minute\" \/>\n<script type=\"application\/ld+json\" class=\"yoast-schema-graph\">{\"@context\":\"https:\\\/\\\/schema.org\",\"@graph\":[{\"@type\":\"WebPage\",\"@id\":\"https:\\\/\\\/deftech.ch\\\/de\\\/hyperschall\\\/\",\"url\":\"https:\\\/\\\/deftech.ch\\\/de\\\/hyperschall\\\/\",\"name\":\"Hyperschall - Deftech \u00b7 Defence Future Technologies\",\"isPartOf\":{\"@id\":\"https:\\\/\\\/deftech.ch\\\/#website\"},\"primaryImageOfPage\":{\"@id\":\"https:\\\/\\\/deftech.ch\\\/de\\\/hyperschall\\\/#primaryimage\"},\"image\":{\"@id\":\"https:\\\/\\\/deftech.ch\\\/de\\\/hyperschall\\\/#primaryimage\"},\"thumbnailUrl\":\"https:\\\/\\\/deftech.ch\\\/wp-content\\\/uploads\\\/2023\\\/04\\\/NATO-hypersonics.jpg\",\"datePublished\":\"2023-04-05T12:07:08+00:00\",\"dateModified\":\"2023-04-05T12:07:09+00:00\",\"breadcrumb\":{\"@id\":\"https:\\\/\\\/deftech.ch\\\/de\\\/hyperschall\\\/#breadcrumb\"},\"inLanguage\":\"de\",\"potentialAction\":[{\"@type\":\"ReadAction\",\"target\":[\"https:\\\/\\\/deftech.ch\\\/de\\\/hyperschall\\\/\"]}]},{\"@type\":\"ImageObject\",\"inLanguage\":\"de\",\"@id\":\"https:\\\/\\\/deftech.ch\\\/de\\\/hyperschall\\\/#primaryimage\",\"url\":\"https:\\\/\\\/deftech.ch\\\/wp-content\\\/uploads\\\/2023\\\/04\\\/NATO-hypersonics.jpg\",\"contentUrl\":\"https:\\\/\\\/deftech.ch\\\/wp-content\\\/uploads\\\/2023\\\/04\\\/NATO-hypersonics.jpg\",\"width\":2462,\"height\":1124},{\"@type\":\"BreadcrumbList\",\"@id\":\"https:\\\/\\\/deftech.ch\\\/de\\\/hyperschall\\\/#breadcrumb\",\"itemListElement\":[{\"@type\":\"ListItem\",\"position\":1,\"name\":\"Home\",\"item\":\"https:\\\/\\\/deftech.ch\\\/de\\\/\"},{\"@type\":\"ListItem\",\"position\":2,\"name\":\"Hyperschall\"}]},{\"@type\":\"WebSite\",\"@id\":\"https:\\\/\\\/deftech.ch\\\/#website\",\"url\":\"https:\\\/\\\/deftech.ch\\\/\",\"name\":\"Deftech - Defence Future Technologies\",\"description\":\"Inspire - Inform - Instruct\",\"publisher\":{\"@id\":\"https:\\\/\\\/deftech.ch\\\/#organization\"},\"potentialAction\":[{\"@type\":\"SearchAction\",\"target\":{\"@type\":\"EntryPoint\",\"urlTemplate\":\"https:\\\/\\\/deftech.ch\\\/?s={search_term_string}\"},\"query-input\":{\"@type\":\"PropertyValueSpecification\",\"valueRequired\":true,\"valueName\":\"search_term_string\"}}],\"inLanguage\":\"de\"},{\"@type\":\"Organization\",\"@id\":\"https:\\\/\\\/deftech.ch\\\/#organization\",\"name\":\"Deftech - Defence Future Technologies\",\"alternateName\":\"Foresight Program by armasuisse Science and Technology\",\"url\":\"https:\\\/\\\/deftech.ch\\\/\",\"logo\":{\"@type\":\"ImageObject\",\"inLanguage\":\"de\",\"@id\":\"https:\\\/\\\/deftech.ch\\\/#\\\/schema\\\/logo\\\/image\\\/\",\"url\":\"https:\\\/\\\/i0.wp.com\\\/deftech.ch\\\/wp-content\\\/uploads\\\/2024\\\/09\\\/deftech-white-red-round-background.002.png?fit=1500%2C1500&ssl=1\",\"contentUrl\":\"https:\\\/\\\/i0.wp.com\\\/deftech.ch\\\/wp-content\\\/uploads\\\/2024\\\/09\\\/deftech-white-red-round-background.002.png?fit=1500%2C1500&ssl=1\",\"width\":1500,\"height\":1500,\"caption\":\"Deftech - Defence Future Technologies\"},\"image\":{\"@id\":\"https:\\\/\\\/deftech.ch\\\/#\\\/schema\\\/logo\\\/image\\\/\"},\"sameAs\":[\"https:\\\/\\\/x.com\\\/deftechCH\",\"https:\\\/\\\/linkedin.com\\\/in\\\/ladetto\"]}]}<\/script>\n<!-- \/ Yoast SEO plugin. -->","yoast_head_json":{"title":"Hyperschall - Deftech \u00b7 Defence Future Technologies","robots":{"index":"index","follow":"follow","max-snippet":"max-snippet:-1","max-image-preview":"max-image-preview:large","max-video-preview":"max-video-preview:-1"},"canonical":"https:\/\/deftech.ch\/de\/hyperschall\/","og_locale":"de_DE","og_type":"article","og_title":"Hyperschall - Deftech \u00b7 Defence Future Technologies","og_url":"https:\/\/deftech.ch\/de\/hyperschall\/","og_site_name":"Deftech \u00b7 Defence Future Technologies","article_modified_time":"2023-04-05T12:07:09+00:00","og_image":[{"width":2462,"height":1124,"url":"https:\/\/deftech.ch\/wp-content\/uploads\/2023\/04\/NATO-hypersonics.jpg","type":"image\/jpeg"}],"twitter_card":"summary_large_image","twitter_site":"@deftechCH","twitter_misc":{"Gesch\u00e4tzte Lesezeit":"1\u00a0Minute"},"schema":{"@context":"https:\/\/schema.org","@graph":[{"@type":"WebPage","@id":"https:\/\/deftech.ch\/de\/hyperschall\/","url":"https:\/\/deftech.ch\/de\/hyperschall\/","name":"Hyperschall - Deftech \u00b7 Defence Future Technologies","isPartOf":{"@id":"https:\/\/deftech.ch\/#website"},"primaryImageOfPage":{"@id":"https:\/\/deftech.ch\/de\/hyperschall\/#primaryimage"},"image":{"@id":"https:\/\/deftech.ch\/de\/hyperschall\/#primaryimage"},"thumbnailUrl":"https:\/\/deftech.ch\/wp-content\/uploads\/2023\/04\/NATO-hypersonics.jpg","datePublished":"2023-04-05T12:07:08+00:00","dateModified":"2023-04-05T12:07:09+00:00","breadcrumb":{"@id":"https:\/\/deftech.ch\/de\/hyperschall\/#breadcrumb"},"inLanguage":"de","potentialAction":[{"@type":"ReadAction","target":["https:\/\/deftech.ch\/de\/hyperschall\/"]}]},{"@type":"ImageObject","inLanguage":"de","@id":"https:\/\/deftech.ch\/de\/hyperschall\/#primaryimage","url":"https:\/\/deftech.ch\/wp-content\/uploads\/2023\/04\/NATO-hypersonics.jpg","contentUrl":"https:\/\/deftech.ch\/wp-content\/uploads\/2023\/04\/NATO-hypersonics.jpg","width":2462,"height":1124},{"@type":"BreadcrumbList","@id":"https:\/\/deftech.ch\/de\/hyperschall\/#breadcrumb","itemListElement":[{"@type":"ListItem","position":1,"name":"Home","item":"https:\/\/deftech.ch\/de\/"},{"@type":"ListItem","position":2,"name":"Hyperschall"}]},{"@type":"WebSite","@id":"https:\/\/deftech.ch\/#website","url":"https:\/\/deftech.ch\/","name":"Deftech - Defence Future Technologies","description":"Inspire - Inform - Instruct","publisher":{"@id":"https:\/\/deftech.ch\/#organization"},"potentialAction":[{"@type":"SearchAction","target":{"@type":"EntryPoint","urlTemplate":"https:\/\/deftech.ch\/?s={search_term_string}"},"query-input":{"@type":"PropertyValueSpecification","valueRequired":true,"valueName":"search_term_string"}}],"inLanguage":"de"},{"@type":"Organization","@id":"https:\/\/deftech.ch\/#organization","name":"Deftech - Defence Future Technologies","alternateName":"Foresight Program by armasuisse Science and Technology","url":"https:\/\/deftech.ch\/","logo":{"@type":"ImageObject","inLanguage":"de","@id":"https:\/\/deftech.ch\/#\/schema\/logo\/image\/","url":"https:\/\/i0.wp.com\/deftech.ch\/wp-content\/uploads\/2024\/09\/deftech-white-red-round-background.002.png?fit=1500%2C1500&ssl=1","contentUrl":"https:\/\/i0.wp.com\/deftech.ch\/wp-content\/uploads\/2024\/09\/deftech-white-red-round-background.002.png?fit=1500%2C1500&ssl=1","width":1500,"height":1500,"caption":"Deftech - Defence Future Technologies"},"image":{"@id":"https:\/\/deftech.ch\/#\/schema\/logo\/image\/"},"sameAs":["https:\/\/x.com\/deftechCH","https:\/\/linkedin.com\/in\/ladetto"]}]}},"jetpack_sharing_enabled":true,"jetpack_shortlink":"https:\/\/wp.me\/PaO9lW-99y","_links":{"self":[{"href":"https:\/\/deftech.ch\/de\/wp-json\/wp\/v2\/pages\/35188","targetHints":{"allow":["GET"]}}],"collection":[{"href":"https:\/\/deftech.ch\/de\/wp-json\/wp\/v2\/pages"}],"about":[{"href":"https:\/\/deftech.ch\/de\/wp-json\/wp\/v2\/types\/page"}],"author":[{"embeddable":true,"href":"https:\/\/deftech.ch\/de\/wp-json\/wp\/v2\/users\/3"}],"replies":[{"embeddable":true,"href":"https:\/\/deftech.ch\/de\/wp-json\/wp\/v2\/comments?post=35188"}],"version-history":[{"count":2,"href":"https:\/\/deftech.ch\/de\/wp-json\/wp\/v2\/pages\/35188\/revisions"}],"predecessor-version":[{"id":35190,"href":"https:\/\/deftech.ch\/de\/wp-json\/wp\/v2\/pages\/35188\/revisions\/35190"}],"wp:featuredmedia":[{"embeddable":true,"href":"https:\/\/deftech.ch\/de\/wp-json\/wp\/v2\/media\/34958"}],"wp:attachment":[{"href":"https:\/\/deftech.ch\/de\/wp-json\/wp\/v2\/media?parent=35188"}],"curies":[{"name":"wp","href":"https:\/\/api.w.org\/{rel}","templated":true}]}}