{"id":4545,"date":"2019-07-11T18:04:26","date_gmt":"2019-07-11T16:04:26","guid":{"rendered":"https:\/\/deftech.ch\/canvas-2\/"},"modified":"2024-02-10T10:10:23","modified_gmt":"2024-02-10T09:10:23","slug":"canvas","status":"publish","type":"page","link":"https:\/\/deftech.ch\/de\/canvas\/","title":{"rendered":"Canvas-ok"},"content":{"rendered":"\n\t<section class=\"section\" id=\"section_2015685533\">\n\t\t<div class=\"section-bg fill\" >\n\t\t\t\t\t\t\t\t\t\n\t\t\t\n\n\t\t<\/div>\n\n\t\t\n\n\t\t<div class=\"section-content relative\">\n\t\t\t\n<div class=\"row align-center\"  id=\"row-1045392143\">\n\n\t<div id=\"col-2072082132\" class=\"col medium-10 small-12 large-10\"  >\n\t\t\t\t<div class=\"col-inner\"  >\n\t\t\t\n\t\t\t\n<div class=\"container section-title-container\" ><h1 class=\"section-title section-title-center\"><b aria-hidden=\"true\"><\/b><span class=\"section-title-main\" >Canvas<\/span><b aria-hidden=\"true\"><\/b><\/h1><\/div>\n<p class=\"lead\">Sie finden hier verschiedene Poster und Methoden, die zur Durchf\u00fchrung verschiedener Kreativ-Workshops verwendet werden. Alle PDFs in High Definition sind editierbar, so dass Sie sie an Ihre Bed\u00fcrfnisse anpassen k\u00f6nnen.<\/p>\n<p class=\"lead\">Wenn Sie Fragen haben oder einen Aspekt besprechen m\u00f6chten, z\u00f6gern Sie nicht, uns zu\u00a0<a href=\"https:\/\/deftech.ch\/contact\/\">kontaktieren<\/a>.<\/p>\n\t<div id=\"gap-636037809\" class=\"gap-element clearfix\" style=\"display:block; height:auto;\">\n\t\t\n<style>\n#gap-636037809 {\n  padding-top: 30px;\n}\n<\/style>\n\t<\/div>\n\t\n<div class=\"row\"  id=\"row-1714433197\">\n\n\t<div id=\"col-554842825\" class=\"col small-12 large-12\"  >\n\t\t\t\t<div class=\"col-inner\"  >\n\t\t\t\n\t\t\t\n\n  <div class=\"banner has-hover\" id=\"banner-1648686572\">\n          <div class=\"banner-inner fill\">\n        <div class=\"banner-bg fill\" >\n            <img loading=\"lazy\" decoding=\"async\" width=\"1020\" height=\"568\" src=\"https:\/\/deftech.ch\/wp-content\/uploads\/2019\/07\/DEFTECH_armasuisse_Transition-Game-1024x570.jpg\" class=\"bg attachment-large size-large\" alt=\"\" \/>                                    \n                    <\/div>\n\t\t\n        <div class=\"banner-layers container\">\n            <a class=\"fill\" href=\"https:\/\/deftech.ch\/de\/the-transition-game\"><div class=\"fill banner-link\"><\/div><\/a>            \n   <div id=\"text-box-297113887\" class=\"text-box banner-layer x50 md-x50 lg-x50 y80 md-y80 lg-y80 res-text\">\n                                <div class=\"text-box-content text box-shadow-5 text-shadow-3\">\n              \n\t<div class=\"is-border\"\n\t\tstyle=\"border-width:px 0px 0px 0px;margin:0px 0px 0px 0px;\">\n\t<\/div>\n              <div class=\"text-inner text-center\">\n                  \n<h2><a href=\"https:\/\/deftech.ch\/the-transition-game\/\">Das Transition Spiel<\/a><\/h2>\n<p>Eine digital angepasste Version des FING &#8220;Le jeu de la transition&#8221;. Diese erm\u00f6glicht, von der heutigen Situation bis zum \u00dcbergang in verschiedene m\u00f6gliche Zukunftszenarien nach einem strukturierten, gef\u00fchrten Prozess zu gehen.<\/p>\n              <\/div>\n           <\/div>\n                            \n<style>\n#text-box-297113887 {\n  margin: 0 0px 0px 0px;\n  width: 60%;\n}\n#text-box-297113887 .text-box-content {\n  background-color: rgba(246, 241, 237, 0.95);\n  font-size: 100%;\n}\n#text-box-297113887 .text-inner {\n  padding: 0 0px 0px 0px;\n}\n<\/style>\n    <\/div>\n \n        <\/div>\n      <\/div>\n\n            \n<style>\n#banner-1648686572 {\n  padding-top: 400px;\n  background-color: rgb(223, 133, 77);\n}\n<\/style>\n  <\/div>\n\n\n\t\t<\/div>\n\t\t\t\t\t<\/div>\n\n\t\n<\/div>\n<div class=\"row\"  id=\"row-871371241\">\n\n\t<div id=\"col-686600855\" class=\"col medium-6 small-12 large-6\"  >\n\t\t\t\t<div class=\"col-inner\"  >\n\t\t\t\n\t\t\t\n\n  <div class=\"banner has-hover\" id=\"banner-965152570\">\n          <div class=\"banner-inner fill\">\n        <div class=\"banner-bg fill\" >\n            <img loading=\"lazy\" decoding=\"async\" width=\"731\" height=\"1024\" src=\"https:\/\/deftech.ch\/wp-content\/uploads\/2019\/07\/DEFTECH_Concept-Ideation-731x1024.jpg\" class=\"bg attachment-large size-large\" alt=\"\" \/>                        <div class=\"overlay\"><\/div>            \n                    <\/div>\n\t\t\n        <div class=\"banner-layers container\">\n            <a class=\"fill\" href=\"https:\/\/deftech.ch\/de\/concept-ideation\/\"><div class=\"fill banner-link\"><\/div><\/a>            \n   <div id=\"text-box-2012430139\" class=\"text-box banner-layer x50 md-x50 lg-x50 y50 md-y50 lg-y50 res-text\">\n                                <div class=\"text-box-content text box-shadow-5 text-shadow-5\">\n              \n              <div class=\"text-inner text-center\">\n                  \n<h1><span style=\"color: #ffffff;\"><a style=\"color: #ffffff;\" href=\"https:\/\/deftech.ch\/concept-ideation\/\">Konzepterstellung<\/a><\/span><\/h1>\n<hr class=\"no_line\" \/>\n<p class=\"uppercase\"><span style=\"color: #ffffff;\">Eine einfache Canvas, um sich neue Konzepte vorzustellen, die technologiebezogene Elemente (oder auch nur!) verwenden und kombinieren.<\/span><\/p>\n<a href=\"https:\/\/deftech.ch\/concept-ideation\/\" class=\"button white is-link is-larger\" >\n\t\t<span>JETZT erleben<\/span>\n\t<\/a>\n\n              <\/div>\n           <\/div>\n                            \n<style>\n#text-box-2012430139 .text-box-content {\n  background-color: rgba(47, 65, 123, 0.75);\n  font-size: 100%;\n}\n#text-box-2012430139 {\n  width: 85%;\n}\n@media (min-width:550px) {\n  #text-box-2012430139 {\n    width: 60%;\n  }\n}\n<\/style>\n    <\/div>\n \n        <\/div>\n      <\/div>\n\n            \n<style>\n#banner-965152570 {\n  padding-top: 600px;\n}\n#banner-965152570 .overlay {\n  background-color: rgba(135, 193, 219, 0.42);\n}\n<\/style>\n  <\/div>\n\n\n\t\t<\/div>\n\t\t\t\t\t<\/div>\n\n\t\n\n\t<div id=\"col-228507947\" class=\"col medium-6 small-12 large-6\"  >\n\t\t\t\t<div class=\"col-inner\"  >\n\t\t\t\n\t\t\t\n\n  <div class=\"banner has-hover\" id=\"banner-1868425225\">\n          <div class=\"banner-inner fill\">\n        <div class=\"banner-bg fill\" >\n            <img loading=\"lazy\" decoding=\"async\" width=\"731\" height=\"1024\" src=\"https:\/\/deftech.ch\/wp-content\/uploads\/2019\/07\/1.IoS_ConceptCreation_Canvas-731x1024.jpg\" class=\"bg attachment-large size-large\" alt=\"\" \/>                        <div class=\"overlay\"><\/div>            \n                    <\/div>\n\t\t\n        <div class=\"banner-layers container\">\n            <a class=\"fill\" href=\"https:\/\/deftech.ch\/de\/ideas-of-systems\/\"><div class=\"fill banner-link\"><\/div><\/a>            \n   <div id=\"text-box-1535964951\" class=\"text-box banner-layer x50 md-x50 lg-x50 y75 md-y75 lg-y75 res-text\">\n                                <div class=\"text-box-content text box-shadow-4 dark text-shadow-3\">\n              \n              <div class=\"text-inner text-center\">\n                  \n<h2 class=\"uppercase\"><span style=\"font-size: 140%;\"><strong>Ideen von systemen (IOS)<\/strong><\/span><\/h2>\n<p>Basierend auf dem NATO DTAG (Disruptive Technologies Assessment Game), einer k\u00fcrzeren Version, k\u00f6nnen Sie innovativ sein und die Struktur Ihres zuk\u00fcnftigen Businessplans vorbereiten.<\/p>\n<a href=\"https:\/\/deftech.ch\/de\/ideas-of-systems\/\" class=\"button white is-link is-larger\" >\n\t\t<span>JETZT erleben<\/span>\n\t<\/a>\n\n              <\/div>\n           <\/div>\n                            \n<style>\n#text-box-1535964951 .text-box-content {\n  background-color: rgba(47, 65, 123, 0.71);\n  font-size: 100%;\n}\n#text-box-1535964951 {\n  width: 84%;\n}\n@media (min-width:550px) {\n  #text-box-1535964951 {\n    width: 60%;\n  }\n}\n<\/style>\n    <\/div>\n \n        <\/div>\n      <\/div>\n\n            \n<style>\n#banner-1868425225 {\n  padding-top: 600px;\n}\n#banner-1868425225 .overlay {\n  background-color: rgba(108, 183, 203, 0.26);\n}\n<\/style>\n  <\/div>\n\n\n\t\t<\/div>\n\t\t\t\t\t<\/div>\n\n\t\n<\/div>\n\t\t<\/div>\n\t\t\t\t\t<\/div>\n\n\t\n<\/div>\n\t\t<\/div>\n\n\t\t\n<style>\n#section_2015685533 {\n  padding-top: 0px;\n  padding-bottom: 0px;\n}\n@media (min-width:550px) {\n  #section_2015685533 {\n    padding-top: 30px;\n    padding-bottom: 30px;\n  }\n}\n<\/style>\n\t<\/section>\n\t\n","protected":false},"excerpt":{"rendered":"","protected":false},"author":1,"featured_media":0,"parent":0,"menu_order":0,"comment_status":"closed","ping_status":"closed","template":"","meta":{"jetpack_post_was_ever_published":false,"footnotes":""},"class_list":["post-4545","page","type-page","status-publish","hentry"],"yoast_head":"<!-- This site is optimized with the Yoast SEO plugin v27.5 - https:\/\/yoast.com\/product\/yoast-seo-wordpress\/ -->\n<title>Canvas - DEFTECH - Technologiefr\u00fcherkennung armasuisse W+T<\/title>\n<meta name=\"description\" content=\"Sie finden hier verschiedene Poster, PDFs und Methoden, die zur Durchf\u00fchrung verschiedener Kreativ-Workshops verwendet werden.\" \/>\n<meta name=\"robots\" content=\"index, follow, max-snippet:-1, max-image-preview:large, max-video-preview:-1\" \/>\n<link rel=\"canonical\" href=\"https:\/\/deftech.ch\/de\/canvas\/\" \/>\n<meta property=\"og:locale\" content=\"de_DE\" \/>\n<meta property=\"og:type\" content=\"article\" \/>\n<meta property=\"og:title\" content=\"Canvas - DEFTECH - Technologiefr\u00fcherkennung armasuisse W+T\" \/>\n<meta property=\"og:description\" content=\"Sie finden hier verschiedene Poster, PDFs und Methoden, die zur Durchf\u00fchrung verschiedener Kreativ-Workshops verwendet werden.\" \/>\n<meta property=\"og:url\" content=\"https:\/\/deftech.ch\/de\/canvas\/\" \/>\n<meta property=\"og:site_name\" content=\"Deftech \u00b7 Defence Future Technologies\" \/>\n<meta property=\"article:modified_time\" content=\"2024-02-10T09:10:23+00:00\" \/>\n<meta property=\"og:image\" content=\"https:\/\/deftech.ch\/wp-content\/uploads\/2024\/01\/LOGO_DEFTECH-RED_Transparent_avec-Texte.png\" \/>\n\t<meta property=\"og:image:width\" content=\"944\" \/>\n\t<meta property=\"og:image:height\" content=\"838\" \/>\n\t<meta property=\"og:image:type\" content=\"image\/png\" \/>\n<meta name=\"twitter:card\" content=\"summary_large_image\" \/>\n<meta name=\"twitter:site\" content=\"@deftechCH\" \/>\n<meta name=\"twitter:label1\" content=\"Gesch\u00e4tzte Lesezeit\" \/>\n\t<meta name=\"twitter:data1\" content=\"2\u00a0Minuten\" \/>\n<script type=\"application\/ld+json\" class=\"yoast-schema-graph\">{\"@context\":\"https:\\\/\\\/schema.org\",\"@graph\":[{\"@type\":\"WebPage\",\"@id\":\"https:\\\/\\\/deftech.ch\\\/de\\\/canvas\\\/\",\"url\":\"https:\\\/\\\/deftech.ch\\\/de\\\/canvas\\\/\",\"name\":\"Canvas - DEFTECH - Technologiefr\u00fcherkennung armasuisse W+T\",\"isPartOf\":{\"@id\":\"https:\\\/\\\/deftech.ch\\\/#website\"},\"datePublished\":\"2019-07-11T16:04:26+00:00\",\"dateModified\":\"2024-02-10T09:10:23+00:00\",\"description\":\"Sie finden hier verschiedene Poster, PDFs und Methoden, die zur Durchf\u00fchrung verschiedener Kreativ-Workshops verwendet werden.\",\"breadcrumb\":{\"@id\":\"https:\\\/\\\/deftech.ch\\\/de\\\/canvas\\\/#breadcrumb\"},\"inLanguage\":\"de\",\"potentialAction\":[{\"@type\":\"ReadAction\",\"target\":[\"https:\\\/\\\/deftech.ch\\\/de\\\/canvas\\\/\"]}]},{\"@type\":\"BreadcrumbList\",\"@id\":\"https:\\\/\\\/deftech.ch\\\/de\\\/canvas\\\/#breadcrumb\",\"itemListElement\":[{\"@type\":\"ListItem\",\"position\":1,\"name\":\"Home\",\"item\":\"https:\\\/\\\/deftech.ch\\\/de\\\/\"},{\"@type\":\"ListItem\",\"position\":2,\"name\":\"Canvas-ok\"}]},{\"@type\":\"WebSite\",\"@id\":\"https:\\\/\\\/deftech.ch\\\/#website\",\"url\":\"https:\\\/\\\/deftech.ch\\\/\",\"name\":\"Deftech - Defence Future Technologies\",\"description\":\"Inspire - Inform - Instruct\",\"publisher\":{\"@id\":\"https:\\\/\\\/deftech.ch\\\/#organization\"},\"potentialAction\":[{\"@type\":\"SearchAction\",\"target\":{\"@type\":\"EntryPoint\",\"urlTemplate\":\"https:\\\/\\\/deftech.ch\\\/?s={search_term_string}\"},\"query-input\":{\"@type\":\"PropertyValueSpecification\",\"valueRequired\":true,\"valueName\":\"search_term_string\"}}],\"inLanguage\":\"de\"},{\"@type\":\"Organization\",\"@id\":\"https:\\\/\\\/deftech.ch\\\/#organization\",\"name\":\"Deftech - Defence Future Technologies\",\"alternateName\":\"Foresight Program by armasuisse Science and Technology\",\"url\":\"https:\\\/\\\/deftech.ch\\\/\",\"logo\":{\"@type\":\"ImageObject\",\"inLanguage\":\"de\",\"@id\":\"https:\\\/\\\/deftech.ch\\\/#\\\/schema\\\/logo\\\/image\\\/\",\"url\":\"https:\\\/\\\/i0.wp.com\\\/deftech.ch\\\/wp-content\\\/uploads\\\/2024\\\/09\\\/deftech-white-red-round-background.002.png?fit=1500%2C1500&ssl=1\",\"contentUrl\":\"https:\\\/\\\/i0.wp.com\\\/deftech.ch\\\/wp-content\\\/uploads\\\/2024\\\/09\\\/deftech-white-red-round-background.002.png?fit=1500%2C1500&ssl=1\",\"width\":1500,\"height\":1500,\"caption\":\"Deftech - Defence Future Technologies\"},\"image\":{\"@id\":\"https:\\\/\\\/deftech.ch\\\/#\\\/schema\\\/logo\\\/image\\\/\"},\"sameAs\":[\"https:\\\/\\\/x.com\\\/deftechCH\",\"https:\\\/\\\/linkedin.com\\\/in\\\/ladetto\"]}]}<\/script>\n<!-- \/ Yoast SEO plugin. -->","yoast_head_json":{"title":"Canvas - DEFTECH - Technologiefr\u00fcherkennung armasuisse W+T","description":"Sie finden hier verschiedene Poster, PDFs und Methoden, die zur Durchf\u00fchrung verschiedener Kreativ-Workshops verwendet werden.","robots":{"index":"index","follow":"follow","max-snippet":"max-snippet:-1","max-image-preview":"max-image-preview:large","max-video-preview":"max-video-preview:-1"},"canonical":"https:\/\/deftech.ch\/de\/canvas\/","og_locale":"de_DE","og_type":"article","og_title":"Canvas - DEFTECH - Technologiefr\u00fcherkennung armasuisse W+T","og_description":"Sie finden hier verschiedene Poster, PDFs und Methoden, die zur Durchf\u00fchrung verschiedener Kreativ-Workshops verwendet werden.","og_url":"https:\/\/deftech.ch\/de\/canvas\/","og_site_name":"Deftech \u00b7 Defence Future Technologies","article_modified_time":"2024-02-10T09:10:23+00:00","og_image":[{"width":944,"height":838,"url":"https:\/\/deftech.ch\/wp-content\/uploads\/2024\/01\/LOGO_DEFTECH-RED_Transparent_avec-Texte.png","type":"image\/png"}],"twitter_card":"summary_large_image","twitter_site":"@deftechCH","twitter_misc":{"Gesch\u00e4tzte Lesezeit":"2\u00a0Minuten"},"schema":{"@context":"https:\/\/schema.org","@graph":[{"@type":"WebPage","@id":"https:\/\/deftech.ch\/de\/canvas\/","url":"https:\/\/deftech.ch\/de\/canvas\/","name":"Canvas - DEFTECH - Technologiefr\u00fcherkennung armasuisse W+T","isPartOf":{"@id":"https:\/\/deftech.ch\/#website"},"datePublished":"2019-07-11T16:04:26+00:00","dateModified":"2024-02-10T09:10:23+00:00","description":"Sie finden hier verschiedene Poster, PDFs und Methoden, die zur Durchf\u00fchrung verschiedener Kreativ-Workshops verwendet werden.","breadcrumb":{"@id":"https:\/\/deftech.ch\/de\/canvas\/#breadcrumb"},"inLanguage":"de","potentialAction":[{"@type":"ReadAction","target":["https:\/\/deftech.ch\/de\/canvas\/"]}]},{"@type":"BreadcrumbList","@id":"https:\/\/deftech.ch\/de\/canvas\/#breadcrumb","itemListElement":[{"@type":"ListItem","position":1,"name":"Home","item":"https:\/\/deftech.ch\/de\/"},{"@type":"ListItem","position":2,"name":"Canvas-ok"}]},{"@type":"WebSite","@id":"https:\/\/deftech.ch\/#website","url":"https:\/\/deftech.ch\/","name":"Deftech - Defence Future Technologies","description":"Inspire - Inform - Instruct","publisher":{"@id":"https:\/\/deftech.ch\/#organization"},"potentialAction":[{"@type":"SearchAction","target":{"@type":"EntryPoint","urlTemplate":"https:\/\/deftech.ch\/?s={search_term_string}"},"query-input":{"@type":"PropertyValueSpecification","valueRequired":true,"valueName":"search_term_string"}}],"inLanguage":"de"},{"@type":"Organization","@id":"https:\/\/deftech.ch\/#organization","name":"Deftech - Defence Future Technologies","alternateName":"Foresight Program by armasuisse Science and Technology","url":"https:\/\/deftech.ch\/","logo":{"@type":"ImageObject","inLanguage":"de","@id":"https:\/\/deftech.ch\/#\/schema\/logo\/image\/","url":"https:\/\/i0.wp.com\/deftech.ch\/wp-content\/uploads\/2024\/09\/deftech-white-red-round-background.002.png?fit=1500%2C1500&ssl=1","contentUrl":"https:\/\/i0.wp.com\/deftech.ch\/wp-content\/uploads\/2024\/09\/deftech-white-red-round-background.002.png?fit=1500%2C1500&ssl=1","width":1500,"height":1500,"caption":"Deftech - Defence Future Technologies"},"image":{"@id":"https:\/\/deftech.ch\/#\/schema\/logo\/image\/"},"sameAs":["https:\/\/x.com\/deftechCH","https:\/\/linkedin.com\/in\/ladetto"]}]}},"jetpack_sharing_enabled":true,"jetpack_shortlink":"https:\/\/wp.me\/PaO9lW-1bj","_links":{"self":[{"href":"https:\/\/deftech.ch\/de\/wp-json\/wp\/v2\/pages\/4545","targetHints":{"allow":["GET"]}}],"collection":[{"href":"https:\/\/deftech.ch\/de\/wp-json\/wp\/v2\/pages"}],"about":[{"href":"https:\/\/deftech.ch\/de\/wp-json\/wp\/v2\/types\/page"}],"author":[{"embeddable":true,"href":"https:\/\/deftech.ch\/de\/wp-json\/wp\/v2\/users\/1"}],"replies":[{"embeddable":true,"href":"https:\/\/deftech.ch\/de\/wp-json\/wp\/v2\/comments?post=4545"}],"version-history":[{"count":2,"href":"https:\/\/deftech.ch\/de\/wp-json\/wp\/v2\/pages\/4545\/revisions"}],"predecessor-version":[{"id":37671,"href":"https:\/\/deftech.ch\/de\/wp-json\/wp\/v2\/pages\/4545\/revisions\/37671"}],"wp:attachment":[{"href":"https:\/\/deftech.ch\/de\/wp-json\/wp\/v2\/media?parent=4545"}],"curies":[{"name":"wp","href":"https:\/\/api.w.org\/{rel}","templated":true}]}}