{"id":7154,"date":"2020-04-01T10:39:13","date_gmt":"2020-04-01T08:39:13","guid":{"rendered":"https:\/\/deftech.ch\/?page_id=7154"},"modified":"2026-01-28T19:29:47","modified_gmt":"2026-01-28T18:29:47","slug":"supply-chain","status":"publish","type":"page","link":"https:\/\/deftech.ch\/de\/supply-chain\/","title":{"rendered":"Supply Chain"},"content":{"rendered":"<div class=\"container section-title-container\" ><h1 class=\"section-title section-title-center\"><b aria-hidden=\"true\"><\/b><span class=\"section-title-main\" >Die Zukunft von Lieferketten<\/span><b aria-hidden=\"true\"><\/b><\/h1><\/div>\n<p><strong>Lieferketten<\/strong> sind das Herzst\u00fcck von Unternehmen und Nationen. Ihre Robustheit und Widerstandsf\u00e4higkeit ist in Krisenzeiten von gr\u00f6\u00dfter Bedeutung. Der Aufbau von Widerstandsf\u00e4higkeit ist jedoch weit davon entfernt, &#8220;per se&#8221; zu geschehen; er ist mit Kosten und mit einer vorausschauenden Bewertung von Risiken und Chancen verbunden.<\/p>\n<p>Seit zwei Jahren f\u00fchren wir mit dem <a href=\"https:\/\/iml.epfl.ch\">IML<\/a> (International Institute for the Management of Logistics and Supply Chain) der <a href=\"https:\/\/epfl.ch\">EPFL<\/a>, <a href=\"https:\/\/envisioning.io\">Envisioning Ltd<\/a> und der <a href=\"https:\/\/www.em-lyon.com\">emlyon business school<\/a> (via angegliederten Professor Thomas Gauthier), ein umfangreiches Online- und Kooperationsprojekt zu L\u00f6sungen und st\u00f6renden Zukunftschancen durch, die sich auf die Lieferkette auswirken k\u00f6nnten.<\/p>\n\n\t<section class=\"section\" id=\"section_2141610801\">\n\t\t<div class=\"section-bg fill\" >\n\t\t\t\t\t\t\t\t\t\n\t\t\t\n\n\t\t<\/div>\n\n\t\t\n\n\t\t<div class=\"section-content relative\">\n\t\t\t\n\t<div class=\"box has-hover   has-hover box-text-bottom\" >\n\n\t\t<div class=\"box-image\" style=\"width:42%;\">\n\t\t\t<a href=\"https:\/\/www.envisioning.com\/haul\/home\" >\t\t\t<div class=\"\" >\n\t\t\t\t<img loading=\"lazy\" decoding=\"async\" width=\"640\" height=\"640\" src=\"https:\/\/deftech.ch\/wp-content\/uploads\/2019\/08\/DEFTECH-The-Future-Of-Supply-Chain.jpg\" class=\"attachment- size-\" alt=\"\" srcset=\"https:\/\/deftech.ch\/wp-content\/uploads\/2019\/08\/DEFTECH-The-Future-Of-Supply-Chain.jpg 640w, https:\/\/deftech.ch\/wp-content\/uploads\/2019\/08\/DEFTECH-The-Future-Of-Supply-Chain-150x150.jpg 150w, https:\/\/deftech.ch\/wp-content\/uploads\/2019\/08\/DEFTECH-The-Future-Of-Supply-Chain-300x300.jpg 300w, https:\/\/deftech.ch\/wp-content\/uploads\/2019\/08\/DEFTECH-The-Future-Of-Supply-Chain-146x146.jpg 146w, https:\/\/deftech.ch\/wp-content\/uploads\/2019\/08\/DEFTECH-The-Future-Of-Supply-Chain-50x50.jpg 50w, https:\/\/deftech.ch\/wp-content\/uploads\/2019\/08\/DEFTECH-The-Future-Of-Supply-Chain-75x75.jpg 75w, https:\/\/deftech.ch\/wp-content\/uploads\/2019\/08\/DEFTECH-The-Future-Of-Supply-Chain-85x85.jpg 85w, https:\/\/deftech.ch\/wp-content\/uploads\/2019\/08\/DEFTECH-The-Future-Of-Supply-Chain-80x80.jpg 80w\" sizes=\"auto, (max-width: 640px) 100vw, 640px\" \/>\t\t\t\t\t\t\t\t\t\t\t<\/div>\n\t\t\t<\/a>\t\t<\/div>\n\n\t\t<div class=\"box-text text-center\" >\n\t\t\t<div class=\"box-text-inner\">\n\t\t\t\t\n<h4><a href=\"https:\/\/www.envisioning.com\/haul\/home\">The Future of Supply Chain<\/a><\/h4>\n\t\t\t<\/div>\n\t\t<\/div>\n\t<\/div>\n\t\n\t\t<\/div>\n\n\t\t\n<style>\n#section_2141610801 {\n  padding-top: 30px;\n  padding-bottom: 30px;\n}\n<\/style>\n\t<\/section>\n\t\n\n\t<section class=\"section\" id=\"section_190742719\">\n\t\t<div class=\"section-bg fill\" >\n\t\t\t\t\t\t\t\t\t\n\t\t\t\n\n\t\t<\/div>\n\n\t\t\n\n\t\t<div class=\"section-content relative\">\n\t\t\t\n<div class=\"row align-center\"  id=\"row-1068409579\">\n\n\t<div id=\"col-1354809066\" class=\"col medium-3 small-12 large-3\"  >\n\t\t\t\t<div class=\"col-inner\"  >\n\t\t\t\n\t\t\t\n\t<div class=\"box has-hover   has-hover box-text-bottom\" >\n\n\t\t<div class=\"box-image\" >\n\t\t\t<a href=\"https:\/\/iml.epfl.ch\" >\t\t\t<div class=\"\" >\n\t\t\t\t<img loading=\"lazy\" decoding=\"async\" width=\"268\" height=\"157\" src=\"https:\/\/deftech.ch\/wp-content\/uploads\/2020\/04\/IML-EPFL.png\" class=\"attachment- size-\" alt=\"\" \/>\t\t\t\t\t\t\t\t\t\t\t<\/div>\n\t\t\t<\/a>\t\t<\/div>\n\n\t\t<div class=\"box-text text-center\" >\n\t\t\t<div class=\"box-text-inner\">\n\t\t\t\t\n\t\t\t<\/div>\n\t\t<\/div>\n\t<\/div>\n\t\n\t\t<\/div>\n\t\t\t\t\t<\/div>\n\n\t\n\n\t<div id=\"col-44834425\" class=\"col medium-3 small-12 large-3\"  >\n\t\t\t\t<div class=\"col-inner\"  >\n\t\t\t\n\t\t\t\n\t<div class=\"box has-hover   has-hover box-text-bottom\" >\n\n\t\t<div class=\"box-image\" >\n\t\t\t<a href=\"https:\/\/www.envisioning.io\" >\t\t\t<div class=\"\" >\n\t\t\t\t<img loading=\"lazy\" decoding=\"async\" width=\"1250\" height=\"516\" src=\"https:\/\/deftech.ch\/wp-content\/uploads\/2020\/04\/Envisioning_logo_new.png\" class=\"attachment- size-\" alt=\"\" srcset=\"https:\/\/deftech.ch\/wp-content\/uploads\/2020\/04\/Envisioning_logo_new.png 1250w, https:\/\/deftech.ch\/wp-content\/uploads\/2020\/04\/Envisioning_logo_new-300x124.png 300w, https:\/\/deftech.ch\/wp-content\/uploads\/2020\/04\/Envisioning_logo_new-1024x423.png 1024w, https:\/\/deftech.ch\/wp-content\/uploads\/2020\/04\/Envisioning_logo_new-768x317.png 768w\" sizes=\"auto, (max-width: 1250px) 100vw, 1250px\" \/>\t\t\t\t\t\t\t\t\t\t\t<\/div>\n\t\t\t<\/a>\t\t<\/div>\n\n\t\t<div class=\"box-text text-center\" >\n\t\t\t<div class=\"box-text-inner\">\n\t\t\t\t\n\t\t\t<\/div>\n\t\t<\/div>\n\t<\/div>\n\t\n\t\t<\/div>\n\t\t\t\t\t<\/div>\n\n\t\n\n\t<div id=\"col-918691164\" class=\"col medium-3 small-12 large-3\"  >\n\t\t\t\t<div class=\"col-inner\"  >\n\t\t\t\n\t\t\t\n\t<div class=\"box has-hover   has-hover box-text-bottom\" >\n\n\t\t<div class=\"box-image\" >\n\t\t\t<a href=\"https:\/\/www.em-lyon.com\" >\t\t\t<div class=\"\" >\n\t\t\t\t<img loading=\"lazy\" decoding=\"async\" width=\"1200\" height=\"1200\" src=\"https:\/\/deftech.ch\/wp-content\/uploads\/2020\/04\/EMLYON-Logo.png\" class=\"attachment- size-\" alt=\"\" srcset=\"https:\/\/deftech.ch\/wp-content\/uploads\/2020\/04\/EMLYON-Logo.png 1200w, https:\/\/deftech.ch\/wp-content\/uploads\/2020\/04\/EMLYON-Logo-300x300.png 300w, https:\/\/deftech.ch\/wp-content\/uploads\/2020\/04\/EMLYON-Logo-1024x1024.png 1024w, https:\/\/deftech.ch\/wp-content\/uploads\/2020\/04\/EMLYON-Logo-150x150.png 150w, https:\/\/deftech.ch\/wp-content\/uploads\/2020\/04\/EMLYON-Logo-768x768.png 768w\" sizes=\"auto, (max-width: 1200px) 100vw, 1200px\" \/>\t\t\t\t\t\t\t\t\t\t\t<\/div>\n\t\t\t<\/a>\t\t<\/div>\n\n\t\t<div class=\"box-text text-center\" >\n\t\t\t<div class=\"box-text-inner\">\n\t\t\t\t\n\t\t\t<\/div>\n\t\t<\/div>\n\t<\/div>\n\t\n\t\t<\/div>\n\t\t\t\t\t<\/div>\n\n\t\n<\/div>\n<div class=\"is-divider divider clearfix\" style=\"max-width:0px;\"><\/div>\n\t\t<\/div>\n\n\t\t\n<style>\n#section_190742719 {\n  padding-top: 30px;\n  padding-bottom: 30px;\n}\n<\/style>\n\t<\/section>\n\t\n<h3 style=\"text-align: center;\">Pr\u00e4sentation des Projekts und des Gesamtkonzepts (EN)<\/h3>\n\n\t<section class=\"section\" id=\"section_360209325\">\n\t\t<div class=\"section-bg fill\" >\n\t\t\t\t\t\t\t\t\t\n\t\t\t\n\n\t\t<\/div>\n\n\t\t\n\n\t\t<div class=\"section-content relative\">\n\t\t\t\n\t<div class=\"img has-hover x md-x lg-x y md-y lg-y\" id=\"image_52314417\">\n\t\t<a class=\"open-video\" href=\"https:\/\/www.youtube.com\/watch?v=WKuDCi5tVnc\" >\t\t\t\t\t\t<div class=\"img-inner dark\" >\n\t\t\t<img loading=\"lazy\" decoding=\"async\" width=\"1020\" height=\"572\" src=\"https:\/\/deftech.ch\/wp-content\/uploads\/2020\/04\/Si-vis-pacem-para-bellum-robust-resilient-supply-chains-with-foresight-1024x574.jpg\" class=\"attachment-large size-large\" alt=\"\" srcset=\"https:\/\/deftech.ch\/wp-content\/uploads\/2020\/04\/Si-vis-pacem-para-bellum-robust-resilient-supply-chains-with-foresight-1024x574.jpg 1024w, https:\/\/deftech.ch\/wp-content\/uploads\/2020\/04\/Si-vis-pacem-para-bellum-robust-resilient-supply-chains-with-foresight-300x168.jpg 300w, https:\/\/deftech.ch\/wp-content\/uploads\/2020\/04\/Si-vis-pacem-para-bellum-robust-resilient-supply-chains-with-foresight-768x431.jpg 768w, https:\/\/deftech.ch\/wp-content\/uploads\/2020\/04\/Si-vis-pacem-para-bellum-robust-resilient-supply-chains-with-foresight-1536x862.jpg 1536w, https:\/\/deftech.ch\/wp-content\/uploads\/2020\/04\/Si-vis-pacem-para-bellum-robust-resilient-supply-chains-with-foresight-2048x1149.jpg 2048w\" sizes=\"auto, (max-width: 1020px) 100vw, 1020px\" \/>\t\t\t\t\t\t\t<div class=\"overlay\" style=\"background-color: rgba(0,0,0,.2)\"><\/div>\n\t\t\t\t\t\t\t\t\t\t<div class=\"absolute no-click x50 y50 md-x50 md-y50 lg-x50 lg-y50 text-shadow-2\">\n\t\t\t\t\t<div class=\"overlay-icon\">\n\t\t\t\t\t\t<i class=\"icon-play\" aria-hidden=\"true\"><\/i>\t\t\t\t\t<\/div>\n\t\t\t\t<\/div>\n\t\t\t\n\t\t\t\t\t<\/div>\n\t\t\t\t\t\t<\/a>\t\t\n<style>\n#image_52314417 {\n  width: 100%;\n}\n<\/style>\n\t<\/div>\n\t\n\t\t<\/div>\n\n\t\t\n<style>\n#section_360209325 {\n  padding-top: 30px;\n  padding-bottom: 30px;\n}\n<\/style>\n\t<\/section>\n\t\n<div class=\"is-divider divider clearfix\" style=\"max-width:0px;height:55px;\"><\/div>\n","protected":false},"excerpt":{"rendered":"<p>Lieferketten sind das Herzst&uuml;ck von Unternehmen und Nationen. Ihre Robustheit und Widerstandsf&auml;higkeit ist in Krisenzeiten von gr&ouml;&szlig;ter Bedeutung. Der Aufbau von Widerstandsf&auml;higkeit ist jedoch weit davon entfernt, &ldquo;per se&rdquo; zu geschehen; er ist mit Kosten und mit einer vorausschauenden Bewertung von Risiken und Chancen verbunden. Seit zwei Jahren f&uuml;hren wir mit dem IML (International Institute [&#8230;]\n","protected":false},"author":3,"featured_media":0,"parent":0,"menu_order":0,"comment_status":"closed","ping_status":"closed","template":"","meta":{"jetpack_post_was_ever_published":false,"footnotes":""},"class_list":["post-7154","page","type-page","status-publish","hentry"],"yoast_head":"<!-- This site is optimized with the Yoast SEO plugin v27.4 - https:\/\/yoast.com\/product\/yoast-seo-wordpress\/ -->\n<title>Supply Chain - Deftech \u00b7 Defence Future Technologies<\/title>\n<meta name=\"robots\" content=\"index, follow, max-snippet:-1, max-image-preview:large, max-video-preview:-1\" \/>\n<link rel=\"canonical\" href=\"https:\/\/deftech.ch\/de\/supply-chain\/\" \/>\n<meta property=\"og:locale\" content=\"de_DE\" \/>\n<meta property=\"og:type\" content=\"article\" \/>\n<meta property=\"og:title\" content=\"Supply Chain - Deftech \u00b7 Defence Future Technologies\" \/>\n<meta property=\"og:description\" content=\"Lieferketten sind das Herzst&uuml;ck von Unternehmen und Nationen. Ihre Robustheit und Widerstandsf&auml;higkeit ist in Krisenzeiten von gr&ouml;&szlig;ter Bedeutung. Der Aufbau von Widerstandsf&auml;higkeit ist jedoch weit davon entfernt, &ldquo;per se&rdquo; zu geschehen; er ist mit Kosten und mit einer vorausschauenden Bewertung von Risiken und Chancen verbunden. Seit zwei Jahren f&uuml;hren wir mit dem IML (International Institute [...]\" \/>\n<meta property=\"og:url\" content=\"https:\/\/deftech.ch\/de\/supply-chain\/\" \/>\n<meta property=\"og:site_name\" content=\"Deftech \u00b7 Defence Future Technologies\" \/>\n<meta property=\"article:modified_time\" content=\"2026-01-28T18:29:47+00:00\" \/>\n<meta property=\"og:image\" content=\"https:\/\/deftech.ch\/wp-content\/uploads\/2024\/01\/LOGO_DEFTECH-RED_Transparent_avec-Texte.png\" \/>\n\t<meta property=\"og:image:width\" content=\"944\" \/>\n\t<meta property=\"og:image:height\" content=\"838\" \/>\n\t<meta property=\"og:image:type\" content=\"image\/png\" \/>\n<meta name=\"twitter:card\" content=\"summary_large_image\" \/>\n<meta name=\"twitter:site\" content=\"@deftechCH\" \/>\n<meta name=\"twitter:label1\" content=\"Gesch\u00e4tzte Lesezeit\" \/>\n\t<meta name=\"twitter:data1\" content=\"1\u00a0Minute\" \/>\n<script type=\"application\/ld+json\" class=\"yoast-schema-graph\">{\"@context\":\"https:\\\/\\\/schema.org\",\"@graph\":[{\"@type\":\"WebPage\",\"@id\":\"https:\\\/\\\/deftech.ch\\\/de\\\/supply-chain\\\/\",\"url\":\"https:\\\/\\\/deftech.ch\\\/de\\\/supply-chain\\\/\",\"name\":\"Supply Chain - Deftech \u00b7 Defence Future Technologies\",\"isPartOf\":{\"@id\":\"https:\\\/\\\/deftech.ch\\\/#website\"},\"datePublished\":\"2020-04-01T08:39:13+00:00\",\"dateModified\":\"2026-01-28T18:29:47+00:00\",\"breadcrumb\":{\"@id\":\"https:\\\/\\\/deftech.ch\\\/de\\\/supply-chain\\\/#breadcrumb\"},\"inLanguage\":\"de\",\"potentialAction\":[{\"@type\":\"ReadAction\",\"target\":[\"https:\\\/\\\/deftech.ch\\\/de\\\/supply-chain\\\/\"]}]},{\"@type\":\"BreadcrumbList\",\"@id\":\"https:\\\/\\\/deftech.ch\\\/de\\\/supply-chain\\\/#breadcrumb\",\"itemListElement\":[{\"@type\":\"ListItem\",\"position\":1,\"name\":\"Home\",\"item\":\"https:\\\/\\\/deftech.ch\\\/de\\\/\"},{\"@type\":\"ListItem\",\"position\":2,\"name\":\"Supply Chain\"}]},{\"@type\":\"WebSite\",\"@id\":\"https:\\\/\\\/deftech.ch\\\/#website\",\"url\":\"https:\\\/\\\/deftech.ch\\\/\",\"name\":\"Deftech - Defence Future Technologies\",\"description\":\"Inspire - Inform - Instruct\",\"publisher\":{\"@id\":\"https:\\\/\\\/deftech.ch\\\/#organization\"},\"potentialAction\":[{\"@type\":\"SearchAction\",\"target\":{\"@type\":\"EntryPoint\",\"urlTemplate\":\"https:\\\/\\\/deftech.ch\\\/?s={search_term_string}\"},\"query-input\":{\"@type\":\"PropertyValueSpecification\",\"valueRequired\":true,\"valueName\":\"search_term_string\"}}],\"inLanguage\":\"de\"},{\"@type\":\"Organization\",\"@id\":\"https:\\\/\\\/deftech.ch\\\/#organization\",\"name\":\"Deftech - Defence Future Technologies\",\"alternateName\":\"Foresight Program by armasuisse Science and Technology\",\"url\":\"https:\\\/\\\/deftech.ch\\\/\",\"logo\":{\"@type\":\"ImageObject\",\"inLanguage\":\"de\",\"@id\":\"https:\\\/\\\/deftech.ch\\\/#\\\/schema\\\/logo\\\/image\\\/\",\"url\":\"https:\\\/\\\/i0.wp.com\\\/deftech.ch\\\/wp-content\\\/uploads\\\/2024\\\/09\\\/deftech-white-red-round-background.002.png?fit=1500%2C1500&ssl=1\",\"contentUrl\":\"https:\\\/\\\/i0.wp.com\\\/deftech.ch\\\/wp-content\\\/uploads\\\/2024\\\/09\\\/deftech-white-red-round-background.002.png?fit=1500%2C1500&ssl=1\",\"width\":1500,\"height\":1500,\"caption\":\"Deftech - Defence Future Technologies\"},\"image\":{\"@id\":\"https:\\\/\\\/deftech.ch\\\/#\\\/schema\\\/logo\\\/image\\\/\"},\"sameAs\":[\"https:\\\/\\\/x.com\\\/deftechCH\",\"https:\\\/\\\/linkedin.com\\\/in\\\/ladetto\"]}]}<\/script>\n<!-- \/ Yoast SEO plugin. -->","yoast_head_json":{"title":"Supply Chain - Deftech \u00b7 Defence Future Technologies","robots":{"index":"index","follow":"follow","max-snippet":"max-snippet:-1","max-image-preview":"max-image-preview:large","max-video-preview":"max-video-preview:-1"},"canonical":"https:\/\/deftech.ch\/de\/supply-chain\/","og_locale":"de_DE","og_type":"article","og_title":"Supply Chain - Deftech \u00b7 Defence Future Technologies","og_description":"Lieferketten sind das Herzst&uuml;ck von Unternehmen und Nationen. Ihre Robustheit und Widerstandsf&auml;higkeit ist in Krisenzeiten von gr&ouml;&szlig;ter Bedeutung. Der Aufbau von Widerstandsf&auml;higkeit ist jedoch weit davon entfernt, &ldquo;per se&rdquo; zu geschehen; er ist mit Kosten und mit einer vorausschauenden Bewertung von Risiken und Chancen verbunden. Seit zwei Jahren f&uuml;hren wir mit dem IML (International Institute [...]","og_url":"https:\/\/deftech.ch\/de\/supply-chain\/","og_site_name":"Deftech \u00b7 Defence Future Technologies","article_modified_time":"2026-01-28T18:29:47+00:00","og_image":[{"width":944,"height":838,"url":"https:\/\/deftech.ch\/wp-content\/uploads\/2024\/01\/LOGO_DEFTECH-RED_Transparent_avec-Texte.png","type":"image\/png"}],"twitter_card":"summary_large_image","twitter_site":"@deftechCH","twitter_misc":{"Gesch\u00e4tzte Lesezeit":"1\u00a0Minute"},"schema":{"@context":"https:\/\/schema.org","@graph":[{"@type":"WebPage","@id":"https:\/\/deftech.ch\/de\/supply-chain\/","url":"https:\/\/deftech.ch\/de\/supply-chain\/","name":"Supply Chain - Deftech \u00b7 Defence Future Technologies","isPartOf":{"@id":"https:\/\/deftech.ch\/#website"},"datePublished":"2020-04-01T08:39:13+00:00","dateModified":"2026-01-28T18:29:47+00:00","breadcrumb":{"@id":"https:\/\/deftech.ch\/de\/supply-chain\/#breadcrumb"},"inLanguage":"de","potentialAction":[{"@type":"ReadAction","target":["https:\/\/deftech.ch\/de\/supply-chain\/"]}]},{"@type":"BreadcrumbList","@id":"https:\/\/deftech.ch\/de\/supply-chain\/#breadcrumb","itemListElement":[{"@type":"ListItem","position":1,"name":"Home","item":"https:\/\/deftech.ch\/de\/"},{"@type":"ListItem","position":2,"name":"Supply Chain"}]},{"@type":"WebSite","@id":"https:\/\/deftech.ch\/#website","url":"https:\/\/deftech.ch\/","name":"Deftech - Defence Future Technologies","description":"Inspire - Inform - Instruct","publisher":{"@id":"https:\/\/deftech.ch\/#organization"},"potentialAction":[{"@type":"SearchAction","target":{"@type":"EntryPoint","urlTemplate":"https:\/\/deftech.ch\/?s={search_term_string}"},"query-input":{"@type":"PropertyValueSpecification","valueRequired":true,"valueName":"search_term_string"}}],"inLanguage":"de"},{"@type":"Organization","@id":"https:\/\/deftech.ch\/#organization","name":"Deftech - Defence Future Technologies","alternateName":"Foresight Program by armasuisse Science and Technology","url":"https:\/\/deftech.ch\/","logo":{"@type":"ImageObject","inLanguage":"de","@id":"https:\/\/deftech.ch\/#\/schema\/logo\/image\/","url":"https:\/\/i0.wp.com\/deftech.ch\/wp-content\/uploads\/2024\/09\/deftech-white-red-round-background.002.png?fit=1500%2C1500&ssl=1","contentUrl":"https:\/\/i0.wp.com\/deftech.ch\/wp-content\/uploads\/2024\/09\/deftech-white-red-round-background.002.png?fit=1500%2C1500&ssl=1","width":1500,"height":1500,"caption":"Deftech - Defence Future Technologies"},"image":{"@id":"https:\/\/deftech.ch\/#\/schema\/logo\/image\/"},"sameAs":["https:\/\/x.com\/deftechCH","https:\/\/linkedin.com\/in\/ladetto"]}]}},"jetpack_sharing_enabled":true,"jetpack_shortlink":"https:\/\/wp.me\/PaO9lW-1Ro","_links":{"self":[{"href":"https:\/\/deftech.ch\/de\/wp-json\/wp\/v2\/pages\/7154","targetHints":{"allow":["GET"]}}],"collection":[{"href":"https:\/\/deftech.ch\/de\/wp-json\/wp\/v2\/pages"}],"about":[{"href":"https:\/\/deftech.ch\/de\/wp-json\/wp\/v2\/types\/page"}],"author":[{"embeddable":true,"href":"https:\/\/deftech.ch\/de\/wp-json\/wp\/v2\/users\/3"}],"replies":[{"embeddable":true,"href":"https:\/\/deftech.ch\/de\/wp-json\/wp\/v2\/comments?post=7154"}],"version-history":[{"count":1,"href":"https:\/\/deftech.ch\/de\/wp-json\/wp\/v2\/pages\/7154\/revisions"}],"predecessor-version":[{"id":40846,"href":"https:\/\/deftech.ch\/de\/wp-json\/wp\/v2\/pages\/7154\/revisions\/40846"}],"wp:attachment":[{"href":"https:\/\/deftech.ch\/de\/wp-json\/wp\/v2\/media?parent=7154"}],"curies":[{"name":"wp","href":"https:\/\/api.w.org\/{rel}","templated":true}]}}