{"id":9497,"date":"2020-08-30T19:27:58","date_gmt":"2020-08-30T17:27:58","guid":{"rendered":"https:\/\/deftech.ch\/?page_id=9497"},"modified":"2024-01-22T11:33:39","modified_gmt":"2024-01-22T10:33:39","slug":"geschichten-aus-der-zukunft","status":"publish","type":"page","link":"https:\/\/deftech.ch\/de\/geschichten-aus-der-zukunft\/","title":{"rendered":"Geschichten aus der Zukunft"},"content":{"rendered":"\n\t<section class=\"section\" id=\"section_642299060\">\n\t\t<div class=\"section-bg fill\" >\n\t\t\t\t\t\t\t\t\t\n\t\t\t\n\n\t\t<\/div>\n\n\t\t\n\n\t\t<div class=\"section-content relative\">\n\t\t\t\n<div class=\"row align-center\"  id=\"row-1139307177\">\n\n\t<div id=\"col-576361110\" class=\"col medium-10 small-12 large-10\"  >\n\t\t\t\t<div class=\"col-inner\"  >\n\t\t\t\n\t\t\t\n\t<div class=\"img has-hover x md-x lg-x y md-y lg-y\" id=\"image_746814674\">\n\t\t<a class=\"\" href=\"https:\/\/deftech.ch\/future-narratives-2020\/\" >\t\t\t\t<div data-animate=\"blurIn\">\t\t<div class=\"img-inner dark\" >\n\t\t\t<img loading=\"lazy\" decoding=\"async\" width=\"1020\" height=\"579\" src=\"https:\/\/deftech.ch\/wp-content\/uploads\/2020\/08\/future_narratives_centaur-1024x581.jpg\" class=\"attachment-large size-large\" alt=\"\" srcset=\"https:\/\/deftech.ch\/wp-content\/uploads\/2020\/08\/future_narratives_centaur-1024x581.jpg 1024w, https:\/\/deftech.ch\/wp-content\/uploads\/2020\/08\/future_narratives_centaur-300x170.jpg 300w, https:\/\/deftech.ch\/wp-content\/uploads\/2020\/08\/future_narratives_centaur-768x436.jpg 768w, https:\/\/deftech.ch\/wp-content\/uploads\/2020\/08\/future_narratives_centaur-1536x872.jpg 1536w, https:\/\/deftech.ch\/wp-content\/uploads\/2020\/08\/future_narratives_centaur-2048x1162.jpg 2048w\" sizes=\"auto, (max-width: 1020px) 100vw, 1020px\" \/>\t\t\t\t\t\t\n\t\t\t\t\t<\/div>\n\t\t<\/div>\t\t\t\t<\/a>\t\t\n<style>\n#image_746814674 {\n  width: 100%;\n}\n<\/style>\n\t<\/div>\n\t\n<h1>Geschichten aus der Zukunft<\/h1>\n<p>Die Identifizierung von neuen (und ressourcenschonenden) Technologien ist ein wichtiger Schritt f\u00fcr die heutige und zuk\u00fcnftige Arbeits- und Lebenswelt. Um aber zu verstehen, welchen Einfluss solche Technologien haben k\u00f6nnten, ben\u00f6tigt es einen besonderen Arbeitsansatz.<\/p>\n<p class=\"p1\">Zusammen mit <a href=\"https:\/\/www.envisioning.io\/\">envisioning<\/a> haben wir <a href=\"https:\/\/deftech.ch\/de\/visualisieren\/\">mehrere so genannte Themenradare im Bereich der Technologien der Zukunft<\/a> entwickelt. Diese konzentrieren sich mehr auf die Technologien selbst als auf das, was sie nach der Implementierung und tats\u00e4chlichen Nutzung erm\u00f6glichen k\u00f6nnten.<\/p>\n\t<div id=\"gap-533741759\" class=\"gap-element clearfix\" style=\"display:block; height:auto;\">\n\t\t\n<style>\n#gap-533741759 {\n  padding-top: 50px;\n}\n<\/style>\n\t<\/div>\n\t\n<div class=\"row\"  id=\"row-1059900794\">\n\n\t<div id=\"col-2141038486\" class=\"col medium-6 small-12 large-6\"  >\n\t\t\t\t<div class=\"col-inner\"  >\n\t\t\t\n\t\t\t\n<p class=\"p1\">Diese Forschung versucht, der Analyse von Technologien eine zus\u00e4tzliche Ebene des Verst\u00e4ndnisses hinzuzuf\u00fcgen. Was wir hier pr\u00e4sentieren, ist in Form einer Erz\u00e4hlung, in der der Lesende Teil des Entscheidungsprozesses ist.<\/p>\n<p class=\"p1\">Die Nutzung oder Nichtnutzung einer Technologie stellt keine <strong>Fatalit\u00e4t<\/strong> dar. So muss fr\u00fcher oder sp\u00e4ter eine Entscheidung f\u00fcr oder gegen die Technologie getroffen werden.<\/p>\n<p><em>Beispiel eines Entscheidungsbaums, bei dem Sie die Wahl haben, mehr oder weniger konservativ mit der Technologie umzugehen. Wenn Sie konservativ sind, werden Sie sich in einem Umfeld bewegen, in dem Technologien zur Verf\u00fcgung stehen, die bereits heute existieren (ca. <a href=\"https:\/\/en.wikipedia.org\/wiki\/Technology_readiness_level\">TRL 9<\/a>). Wenn Sie sich f\u00fcr die vollst\u00e4ndige Einbeziehung von Technologien entscheiden, wird es Ihnen erlaubt, Technologien zu nutzen, die noch nicht reif sind und heute vielleicht erst als m\u00f6gliche Ideen oder Konzepten existieren  (ca. <a href=\"https:\/\/en.wikipedia.org\/wiki\/Technology_readiness_level\">TRL 1<\/a>).\u00a0<\/em><\/p>\n\t\t<\/div>\n\t\t\t\t\t<\/div>\n\n\t\n\n\t<div id=\"col-2074419746\" class=\"col medium-6 small-12 large-6\"  >\n\t\t\t\t<div class=\"col-inner\"  >\n\t\t\t\n\t\t\t\n\t<div class=\"img has-hover x md-x lg-x y md-y lg-y\" id=\"image_1896602581\">\n\t\t<a class=\"\" href=\"https:\/\/deftech.ch\/wp-content\/uploads\/2020\/08\/future-narrative_story-tree.png\" >\t\t\t\t\t\t<div class=\"img-inner dark\" >\n\t\t\t<img loading=\"lazy\" decoding=\"async\" width=\"1020\" height=\"888\" src=\"https:\/\/deftech.ch\/wp-content\/uploads\/2020\/08\/future-narrative_story-tree-1024x891.png\" class=\"attachment-large size-large\" alt=\"\" srcset=\"https:\/\/deftech.ch\/wp-content\/uploads\/2020\/08\/future-narrative_story-tree-1024x891.png 1024w, https:\/\/deftech.ch\/wp-content\/uploads\/2020\/08\/future-narrative_story-tree-300x261.png 300w, https:\/\/deftech.ch\/wp-content\/uploads\/2020\/08\/future-narrative_story-tree-768x668.png 768w, https:\/\/deftech.ch\/wp-content\/uploads\/2020\/08\/future-narrative_story-tree.png 1469w\" sizes=\"auto, (max-width: 1020px) 100vw, 1020px\" \/>\t\t\t\t\t\t\n\t\t\t\t\t<\/div>\n\t\t\t\t\t\t<\/a>\t\t\n<style>\n#image_1896602581 {\n  width: 100%;\n}\n<\/style>\n\t<\/div>\n\t\n\t\t<\/div>\n\t\t\t\t\t<\/div>\n\n\t\n<\/div>\n\t<div id=\"gap-2116832962\" class=\"gap-element clearfix\" style=\"display:block; height:auto;\">\n\t\t\n<style>\n#gap-2116832962 {\n  padding-top: 50px;\n}\n<\/style>\n\t<\/div>\n\t\n<p>Inspiriert durch die <a href=\"https:\/\/viz.envisioning.io\/deftech\/centaur\/?pg=welcome\">53 technologischen Trends<\/a>, die sich voraussichtlich auf die Mensch-Maschine-Interaktionen auswirken werden, baten wir Science-Fiction-Autoren, <a href=\"https:\/\/deftech.ch\/future-narratives-2020\/\">vier interaktive Geschichten<\/a> &#8211; bis jetzt nur auf Englisch &#8211; zu entwickeln.\u00a0 In der Geschichten sollen diese technologischen Interaktionen als Mittelpunkt stehen.<\/p>\n<p class=\"p1\">Wir hoffen, dass dieser zus\u00e4tzliche Schritt zu einem besseren Verst\u00e4ndnis der Chancen und Risiken beitragen wird, die zuk\u00fcnftige Technologien in diesem Kontext haben k\u00f6nnen.<\/p>\n<p>Wir w\u00fcnschen Ihnen eine interessante Lekt\u00fcre von diesen Geschichten, in denen Sie der Held sind!<\/p>\n\t<div id=\"gap-728431590\" class=\"gap-element clearfix\" style=\"display:block; height:auto;\">\n\t\t\n<style>\n#gap-728431590 {\n  padding-top: 50px;\n}\n<\/style>\n\t<\/div>\n\t\n<div class=\"row\"  id=\"row-447089489\">\n\n\t<div id=\"col-886471746\" class=\"col medium-3 small-6 large-3\"  >\n\t\t\t\t<div class=\"col-inner\"  >\n\t\t\t\n\t\t\t\n\t<div class=\"img has-hover x md-x lg-x y md-y lg-y\" id=\"image_202035555\">\n\t\t<a class=\"\" href=\"https:\/\/deftech.ch\/future-narratives-2020\/\" >\t\t\t\t\t\t<div class=\"img-inner dark\" >\n\t\t\t<img loading=\"lazy\" decoding=\"async\" width=\"640\" height=\"480\" src=\"https:\/\/deftech.ch\/wp-content\/uploads\/2020\/08\/2_cover.png\" class=\"attachment-large size-large\" alt=\"\" srcset=\"https:\/\/deftech.ch\/wp-content\/uploads\/2020\/08\/2_cover.png 640w, https:\/\/deftech.ch\/wp-content\/uploads\/2020\/08\/2_cover-300x225.png 300w\" sizes=\"auto, (max-width: 640px) 100vw, 640px\" \/>\t\t\t\t\t\t\n\t\t\t\t\t<\/div>\n\t\t\t\t\t\t<\/a>\t\t\n<style>\n#image_202035555 {\n  width: 100%;\n}\n<\/style>\n\t<\/div>\n\t\n\t\t<\/div>\n\t\t\t\t\t<\/div>\n\n\t\n\n\t<div id=\"col-883275241\" class=\"col medium-3 small-6 large-3\"  >\n\t\t\t\t<div class=\"col-inner\"  >\n\t\t\t\n\t\t\t\n\t<div class=\"img has-hover x md-x lg-x y md-y lg-y\" id=\"image_1175674384\">\n\t\t<a class=\"\" href=\"https:\/\/deftech.ch\/future-narratives-2020\/\" >\t\t\t\t\t\t<div class=\"img-inner dark\" >\n\t\t\t<img loading=\"lazy\" decoding=\"async\" width=\"640\" height=\"480\" src=\"https:\/\/deftech.ch\/wp-content\/uploads\/2020\/08\/4_cover.png\" class=\"attachment-large size-large\" alt=\"\" srcset=\"https:\/\/deftech.ch\/wp-content\/uploads\/2020\/08\/4_cover.png 640w, https:\/\/deftech.ch\/wp-content\/uploads\/2020\/08\/4_cover-300x225.png 300w\" sizes=\"auto, (max-width: 640px) 100vw, 640px\" \/>\t\t\t\t\t\t\n\t\t\t\t\t<\/div>\n\t\t\t\t\t\t<\/a>\t\t\n<style>\n#image_1175674384 {\n  width: 100%;\n}\n<\/style>\n\t<\/div>\n\t\n\t\t<\/div>\n\t\t\t\t\t<\/div>\n\n\t\n\n\t<div id=\"col-1389356454\" class=\"col medium-3 small-6 large-3\"  >\n\t\t\t\t<div class=\"col-inner\"  >\n\t\t\t\n\t\t\t\n\t<div class=\"img has-hover x md-x lg-x y md-y lg-y\" id=\"image_88036932\">\n\t\t<a class=\"\" href=\"https:\/\/deftech.ch\/future-narratives-2020\/\" >\t\t\t\t\t\t<div class=\"img-inner dark\" >\n\t\t\t<img loading=\"lazy\" decoding=\"async\" width=\"640\" height=\"480\" src=\"https:\/\/deftech.ch\/wp-content\/uploads\/2020\/08\/1_cover_mil.png\" class=\"attachment-large size-large\" alt=\"\" srcset=\"https:\/\/deftech.ch\/wp-content\/uploads\/2020\/08\/1_cover_mil.png 640w, https:\/\/deftech.ch\/wp-content\/uploads\/2020\/08\/1_cover_mil-300x225.png 300w\" sizes=\"auto, (max-width: 640px) 100vw, 640px\" \/>\t\t\t\t\t\t\n\t\t\t\t\t<\/div>\n\t\t\t\t\t\t<\/a>\t\t\n<style>\n#image_88036932 {\n  width: 100%;\n}\n<\/style>\n\t<\/div>\n\t\n\t\t<\/div>\n\t\t\t\t\t<\/div>\n\n\t\n\n\t<div id=\"col-1017572728\" class=\"col medium-3 small-6 large-3\"  >\n\t\t\t\t<div class=\"col-inner\"  >\n\t\t\t\n\t\t\t\n\t<div class=\"img has-hover x md-x lg-x y md-y lg-y\" id=\"image_373210023\">\n\t\t<a class=\"\" href=\"https:\/\/deftech.ch\/future-narratives-2020\/\" >\t\t\t\t\t\t<div class=\"img-inner dark\" >\n\t\t\t<img loading=\"lazy\" decoding=\"async\" width=\"640\" height=\"480\" src=\"https:\/\/deftech.ch\/wp-content\/uploads\/2020\/08\/3_cover.png\" class=\"attachment-large size-large\" alt=\"\" srcset=\"https:\/\/deftech.ch\/wp-content\/uploads\/2020\/08\/3_cover.png 640w, https:\/\/deftech.ch\/wp-content\/uploads\/2020\/08\/3_cover-300x225.png 300w\" sizes=\"auto, (max-width: 640px) 100vw, 640px\" \/>\t\t\t\t\t\t\n\t\t\t\t\t<\/div>\n\t\t\t\t\t\t<\/a>\t\t\n<style>\n#image_373210023 {\n  width: 100%;\n}\n<\/style>\n\t<\/div>\n\t\n\t\t<\/div>\n\t\t\t\t\t<\/div>\n\n\t\n<\/div>\n\t<div id=\"gap-163073311\" class=\"gap-element clearfix\" style=\"display:block; height:auto;\">\n\t\t\n<style>\n#gap-163073311 {\n  padding-top: 50px;\n}\n<\/style>\n\t<\/div>\n\t\n<h1>Der Radar<\/h1>\n<p>Nat\u00fcrlich konnten wir nicht weniger tun, als die von den Autoren verwendeten Technologien in unserem <a href=\"https:\/\/viz.envisioning.io\/deftech\/centaur\/?pg=welcome\">Radar-Format<\/a> zu pr\u00e4sentieren. Die Technologien sind in den verschiedenen <a href=\"https:\/\/deftech.ch\/future-narratives-2020\/\">Geschichten<\/a> identifiziert und direkt damit verbunden.<\/p>\n<p>\u00a0<\/p>\n<p><a href=\"https:\/\/viz.envisioning.io\/deftech\/centaur\/?pg=welcome\"><img loading=\"lazy\" decoding=\"async\" class=\"aligncenter wp-image-9467\" src=\"https:\/\/deftech.ch\/wp-content\/uploads\/2020\/09\/future_narratives_radar.jpg\" alt=\"DEFTECH-envisioning radar on Human-Machine Interaction future narratives\" width=\"466\" height=\"423\" \/><\/a><\/p>\n\t\t<\/div>\n\t\t\t\t\t<\/div>\n\n\t\n<\/div>\n\t\t<\/div>\n\n\t\t\n<style>\n#section_642299060 {\n  padding-top: 30px;\n  padding-bottom: 30px;\n}\n<\/style>\n\t<\/section>\n\t\n","protected":false},"excerpt":{"rendered":"","protected":false},"author":3,"featured_media":0,"parent":0,"menu_order":0,"comment_status":"closed","ping_status":"closed","template":"","meta":{"jetpack_post_was_ever_published":false,"footnotes":""},"class_list":["post-9497","page","type-page","status-publish","hentry"],"yoast_head":"<!-- This site is optimized with the Yoast SEO plugin v27.4 - https:\/\/yoast.com\/product\/yoast-seo-wordpress\/ -->\n<title>Geschichten aus der Zukunft - Deftech \u00b7 Defence Future Technologies<\/title>\n<meta name=\"robots\" content=\"index, follow, max-snippet:-1, max-image-preview:large, max-video-preview:-1\" \/>\n<link rel=\"canonical\" href=\"https:\/\/deftech.ch\/de\/geschichten-aus-der-zukunft\/\" \/>\n<meta property=\"og:locale\" content=\"de_DE\" \/>\n<meta property=\"og:type\" content=\"article\" \/>\n<meta property=\"og:title\" content=\"Geschichten aus der Zukunft - Deftech \u00b7 Defence Future Technologies\" \/>\n<meta property=\"og:url\" content=\"https:\/\/deftech.ch\/de\/geschichten-aus-der-zukunft\/\" \/>\n<meta property=\"og:site_name\" content=\"Deftech \u00b7 Defence Future Technologies\" \/>\n<meta property=\"article:modified_time\" content=\"2024-01-22T10:33:39+00:00\" \/>\n<meta property=\"og:image\" content=\"https:\/\/deftech.ch\/wp-content\/uploads\/2020\/09\/future_narratives_radar.jpg\" \/>\n<meta name=\"twitter:card\" content=\"summary_large_image\" \/>\n<meta name=\"twitter:site\" content=\"@deftechCH\" \/>\n<meta name=\"twitter:label1\" content=\"Gesch\u00e4tzte Lesezeit\" \/>\n\t<meta name=\"twitter:data1\" content=\"2\u00a0Minuten\" \/>\n<script type=\"application\/ld+json\" class=\"yoast-schema-graph\">{\"@context\":\"https:\\\/\\\/schema.org\",\"@graph\":[{\"@type\":\"WebPage\",\"@id\":\"https:\\\/\\\/deftech.ch\\\/de\\\/geschichten-aus-der-zukunft\\\/\",\"url\":\"https:\\\/\\\/deftech.ch\\\/de\\\/geschichten-aus-der-zukunft\\\/\",\"name\":\"Geschichten aus der Zukunft - Deftech \u00b7 Defence Future Technologies\",\"isPartOf\":{\"@id\":\"https:\\\/\\\/deftech.ch\\\/#website\"},\"primaryImageOfPage\":{\"@id\":\"https:\\\/\\\/deftech.ch\\\/de\\\/geschichten-aus-der-zukunft\\\/#primaryimage\"},\"image\":{\"@id\":\"https:\\\/\\\/deftech.ch\\\/de\\\/geschichten-aus-der-zukunft\\\/#primaryimage\"},\"thumbnailUrl\":\"https:\\\/\\\/deftech.ch\\\/wp-content\\\/uploads\\\/2020\\\/09\\\/future_narratives_radar.jpg\",\"datePublished\":\"2020-08-30T17:27:58+00:00\",\"dateModified\":\"2024-01-22T10:33:39+00:00\",\"breadcrumb\":{\"@id\":\"https:\\\/\\\/deftech.ch\\\/de\\\/geschichten-aus-der-zukunft\\\/#breadcrumb\"},\"inLanguage\":\"de\",\"potentialAction\":[{\"@type\":\"ReadAction\",\"target\":[\"https:\\\/\\\/deftech.ch\\\/de\\\/geschichten-aus-der-zukunft\\\/\"]}]},{\"@type\":\"ImageObject\",\"inLanguage\":\"de\",\"@id\":\"https:\\\/\\\/deftech.ch\\\/de\\\/geschichten-aus-der-zukunft\\\/#primaryimage\",\"url\":\"https:\\\/\\\/deftech.ch\\\/wp-content\\\/uploads\\\/2020\\\/09\\\/future_narratives_radar.jpg\",\"contentUrl\":\"https:\\\/\\\/deftech.ch\\\/wp-content\\\/uploads\\\/2020\\\/09\\\/future_narratives_radar.jpg\"},{\"@type\":\"BreadcrumbList\",\"@id\":\"https:\\\/\\\/deftech.ch\\\/de\\\/geschichten-aus-der-zukunft\\\/#breadcrumb\",\"itemListElement\":[{\"@type\":\"ListItem\",\"position\":1,\"name\":\"Home\",\"item\":\"https:\\\/\\\/deftech.ch\\\/de\\\/\"},{\"@type\":\"ListItem\",\"position\":2,\"name\":\"Geschichten aus der Zukunft\"}]},{\"@type\":\"WebSite\",\"@id\":\"https:\\\/\\\/deftech.ch\\\/#website\",\"url\":\"https:\\\/\\\/deftech.ch\\\/\",\"name\":\"Deftech - Defence Future Technologies\",\"description\":\"Inspire - Inform - Instruct\",\"publisher\":{\"@id\":\"https:\\\/\\\/deftech.ch\\\/#organization\"},\"potentialAction\":[{\"@type\":\"SearchAction\",\"target\":{\"@type\":\"EntryPoint\",\"urlTemplate\":\"https:\\\/\\\/deftech.ch\\\/?s={search_term_string}\"},\"query-input\":{\"@type\":\"PropertyValueSpecification\",\"valueRequired\":true,\"valueName\":\"search_term_string\"}}],\"inLanguage\":\"de\"},{\"@type\":\"Organization\",\"@id\":\"https:\\\/\\\/deftech.ch\\\/#organization\",\"name\":\"Deftech - Defence Future Technologies\",\"alternateName\":\"Foresight Program by armasuisse Science and Technology\",\"url\":\"https:\\\/\\\/deftech.ch\\\/\",\"logo\":{\"@type\":\"ImageObject\",\"inLanguage\":\"de\",\"@id\":\"https:\\\/\\\/deftech.ch\\\/#\\\/schema\\\/logo\\\/image\\\/\",\"url\":\"https:\\\/\\\/i0.wp.com\\\/deftech.ch\\\/wp-content\\\/uploads\\\/2024\\\/09\\\/deftech-white-red-round-background.002.png?fit=1500%2C1500&ssl=1\",\"contentUrl\":\"https:\\\/\\\/i0.wp.com\\\/deftech.ch\\\/wp-content\\\/uploads\\\/2024\\\/09\\\/deftech-white-red-round-background.002.png?fit=1500%2C1500&ssl=1\",\"width\":1500,\"height\":1500,\"caption\":\"Deftech - Defence Future Technologies\"},\"image\":{\"@id\":\"https:\\\/\\\/deftech.ch\\\/#\\\/schema\\\/logo\\\/image\\\/\"},\"sameAs\":[\"https:\\\/\\\/x.com\\\/deftechCH\",\"https:\\\/\\\/linkedin.com\\\/in\\\/ladetto\"]}]}<\/script>\n<!-- \/ Yoast SEO plugin. -->","yoast_head_json":{"title":"Geschichten aus der Zukunft - Deftech \u00b7 Defence Future Technologies","robots":{"index":"index","follow":"follow","max-snippet":"max-snippet:-1","max-image-preview":"max-image-preview:large","max-video-preview":"max-video-preview:-1"},"canonical":"https:\/\/deftech.ch\/de\/geschichten-aus-der-zukunft\/","og_locale":"de_DE","og_type":"article","og_title":"Geschichten aus der Zukunft - Deftech \u00b7 Defence Future Technologies","og_url":"https:\/\/deftech.ch\/de\/geschichten-aus-der-zukunft\/","og_site_name":"Deftech \u00b7 Defence Future Technologies","article_modified_time":"2024-01-22T10:33:39+00:00","og_image":[{"url":"https:\/\/deftech.ch\/wp-content\/uploads\/2020\/09\/future_narratives_radar.jpg","type":"","width":"","height":""}],"twitter_card":"summary_large_image","twitter_site":"@deftechCH","twitter_misc":{"Gesch\u00e4tzte Lesezeit":"2\u00a0Minuten"},"schema":{"@context":"https:\/\/schema.org","@graph":[{"@type":"WebPage","@id":"https:\/\/deftech.ch\/de\/geschichten-aus-der-zukunft\/","url":"https:\/\/deftech.ch\/de\/geschichten-aus-der-zukunft\/","name":"Geschichten aus der Zukunft - Deftech \u00b7 Defence Future Technologies","isPartOf":{"@id":"https:\/\/deftech.ch\/#website"},"primaryImageOfPage":{"@id":"https:\/\/deftech.ch\/de\/geschichten-aus-der-zukunft\/#primaryimage"},"image":{"@id":"https:\/\/deftech.ch\/de\/geschichten-aus-der-zukunft\/#primaryimage"},"thumbnailUrl":"https:\/\/deftech.ch\/wp-content\/uploads\/2020\/09\/future_narratives_radar.jpg","datePublished":"2020-08-30T17:27:58+00:00","dateModified":"2024-01-22T10:33:39+00:00","breadcrumb":{"@id":"https:\/\/deftech.ch\/de\/geschichten-aus-der-zukunft\/#breadcrumb"},"inLanguage":"de","potentialAction":[{"@type":"ReadAction","target":["https:\/\/deftech.ch\/de\/geschichten-aus-der-zukunft\/"]}]},{"@type":"ImageObject","inLanguage":"de","@id":"https:\/\/deftech.ch\/de\/geschichten-aus-der-zukunft\/#primaryimage","url":"https:\/\/deftech.ch\/wp-content\/uploads\/2020\/09\/future_narratives_radar.jpg","contentUrl":"https:\/\/deftech.ch\/wp-content\/uploads\/2020\/09\/future_narratives_radar.jpg"},{"@type":"BreadcrumbList","@id":"https:\/\/deftech.ch\/de\/geschichten-aus-der-zukunft\/#breadcrumb","itemListElement":[{"@type":"ListItem","position":1,"name":"Home","item":"https:\/\/deftech.ch\/de\/"},{"@type":"ListItem","position":2,"name":"Geschichten aus der Zukunft"}]},{"@type":"WebSite","@id":"https:\/\/deftech.ch\/#website","url":"https:\/\/deftech.ch\/","name":"Deftech - Defence Future Technologies","description":"Inspire - Inform - Instruct","publisher":{"@id":"https:\/\/deftech.ch\/#organization"},"potentialAction":[{"@type":"SearchAction","target":{"@type":"EntryPoint","urlTemplate":"https:\/\/deftech.ch\/?s={search_term_string}"},"query-input":{"@type":"PropertyValueSpecification","valueRequired":true,"valueName":"search_term_string"}}],"inLanguage":"de"},{"@type":"Organization","@id":"https:\/\/deftech.ch\/#organization","name":"Deftech - Defence Future Technologies","alternateName":"Foresight Program by armasuisse Science and Technology","url":"https:\/\/deftech.ch\/","logo":{"@type":"ImageObject","inLanguage":"de","@id":"https:\/\/deftech.ch\/#\/schema\/logo\/image\/","url":"https:\/\/i0.wp.com\/deftech.ch\/wp-content\/uploads\/2024\/09\/deftech-white-red-round-background.002.png?fit=1500%2C1500&ssl=1","contentUrl":"https:\/\/i0.wp.com\/deftech.ch\/wp-content\/uploads\/2024\/09\/deftech-white-red-round-background.002.png?fit=1500%2C1500&ssl=1","width":1500,"height":1500,"caption":"Deftech - Defence Future Technologies"},"image":{"@id":"https:\/\/deftech.ch\/#\/schema\/logo\/image\/"},"sameAs":["https:\/\/x.com\/deftechCH","https:\/\/linkedin.com\/in\/ladetto"]}]}},"jetpack_sharing_enabled":true,"jetpack_shortlink":"https:\/\/wp.me\/PaO9lW-2tb","_links":{"self":[{"href":"https:\/\/deftech.ch\/de\/wp-json\/wp\/v2\/pages\/9497","targetHints":{"allow":["GET"]}}],"collection":[{"href":"https:\/\/deftech.ch\/de\/wp-json\/wp\/v2\/pages"}],"about":[{"href":"https:\/\/deftech.ch\/de\/wp-json\/wp\/v2\/types\/page"}],"author":[{"embeddable":true,"href":"https:\/\/deftech.ch\/de\/wp-json\/wp\/v2\/users\/3"}],"replies":[{"embeddable":true,"href":"https:\/\/deftech.ch\/de\/wp-json\/wp\/v2\/comments?post=9497"}],"version-history":[{"count":4,"href":"https:\/\/deftech.ch\/de\/wp-json\/wp\/v2\/pages\/9497\/revisions"}],"predecessor-version":[{"id":37148,"href":"https:\/\/deftech.ch\/de\/wp-json\/wp\/v2\/pages\/9497\/revisions\/37148"}],"wp:attachment":[{"href":"https:\/\/deftech.ch\/de\/wp-json\/wp\/v2\/media?parent=9497"}],"curies":[{"name":"wp","href":"https:\/\/api.w.org\/{rel}","templated":true}]}}