{"id":10287,"date":"2020-12-11T12:07:36","date_gmt":"2020-12-11T11:07:36","guid":{"rendered":"https:\/\/deftech.ch\/?page_id=10287"},"modified":"2024-02-01T17:58:54","modified_gmt":"2024-02-01T16:58:54","slug":"numerik-games","status":"publish","type":"page","link":"https:\/\/deftech.ch\/fr\/numerik-games\/","title":{"rendered":"Numerik Games"},"content":{"rendered":"\n\t<section class=\"section\" id=\"section_1329419540\">\n\t\t<div class=\"section-bg fill\" >\n\t\t\t\t\t\t\t\t\t\n\t\t\t\n\n\t\t<\/div>\n\n\t\t\n\n\t\t<div class=\"section-content relative\">\n\t\t\t\n<div class=\"row align-center\"  id=\"row-1295001648\">\n\n\t<div id=\"col-1006651620\" class=\"col medium-10 small-12 large-10\"  >\n\t\t\t\t<div class=\"col-inner\"  >\n\t\t\t\n\t\t\t\n\t<div class=\"img has-hover x md-x lg-x y md-y lg-y\" id=\"image_1328087364\">\n\t\t\t\t\t\t\t\t<div class=\"img-inner dark\" >\n\t\t\t<img loading=\"lazy\" decoding=\"async\" width=\"1020\" height=\"448\" src=\"https:\/\/deftech.ch\/wp-content\/uploads\/2020\/12\/numerik-games-deftech-1024x450.jpg\" class=\"attachment-large size-large\" alt=\"\" srcset=\"https:\/\/deftech.ch\/wp-content\/uploads\/2020\/12\/numerik-games-deftech-1024x450.jpg 1024w, https:\/\/deftech.ch\/wp-content\/uploads\/2020\/12\/numerik-games-deftech-300x132.jpg 300w, https:\/\/deftech.ch\/wp-content\/uploads\/2020\/12\/numerik-games-deftech-768x338.jpg 768w, https:\/\/deftech.ch\/wp-content\/uploads\/2020\/12\/numerik-games-deftech-1536x676.jpg 1536w, https:\/\/deftech.ch\/wp-content\/uploads\/2020\/12\/numerik-games-deftech-2048x901.jpg 2048w\" sizes=\"auto, (max-width: 1020px) 100vw, 1020px\" \/>\t\t\t\t\t\t\n\t\t\t\t\t<\/div>\n\t\t\t\t\t\t\t\t\n<style>\n#image_1328087364 {\n  width: 100%;\n}\n<\/style>\n\t<\/div>\n\t\n<div class=\"container section-title-container\" ><h2 class=\"section-title section-title-center\"><b aria-hidden=\"true\"><\/b><span class=\"section-title-main\" >le jeu num\u00e9rique et les nouvelles technologies<\/span><b aria-hidden=\"true\"><\/b><\/h2><\/div>\n<div class=\"row\"  id=\"row-1266155966\">\n\n\t<div id=\"col-378548569\" class=\"col medium-8 small-12 large-8\"  >\n\t\t\t\t<div class=\"col-inner\"  >\n\t\t\t\n\t\t\t\n<p class=\"lead\">Sensibiliser, apprendre, s&#8217;amuser, tester, innover, exp\u00e9rimenter virtuellement de nouvelles technologies afin de mieux en comprendre les opportunit\u00e9s et menaces? Est-il possible, sous un aspect ludique, d&#8217;enseigner de nouveaux concepts, voir de susciter des vocations?<\/p>\n<p class=\"lead\">Tels sont les enjeux cach\u00e9s derri\u00e8re le d\u00e9fi lanc\u00e9 dans le cadre du festival <a href=\"https:\/\/www.numerik-games.ch\/\">Numerik Games<\/a>!<\/p>\n<p class=\"lead\">Avec comme point de d\u00e9part la bande dessin\u00e9e <a href=\"https:\/\/deftech.ch\/wp-content\/uploads\/2019\/07\/armasuisse-DEFTECH_CH-2050-The-Future-Soldier_FR.pdf\">CH 2050 &#8211; The Future Soldier<\/a>, r\u00e9sumant un atelier conceptuel r\u00e9alis\u00e9 autour du soldat du futur, deux jeux d&#8217;arcade ont vu le jour.<\/p>\n<p class=\"lead\">Laissez-vous inspirer et entra\u00eener par l&#8217;originalit\u00e9 des approches !<\/p>\n\t\t<\/div>\n\t\t\t\t\t<\/div>\n\n\t\n\n\t<div id=\"col-37324693\" class=\"col medium-4 small-12 large-4\"  >\n\t\t\t\t<div class=\"col-inner\"  >\n\t\t\t\n\t\t\t\n\t<div class=\"img has-hover x md-x lg-x y md-y lg-y\" id=\"image_1506023475\">\n\t\t<a class=\"\" href=\"https:\/\/deftech.ch\/wp-content\/uploads\/2019\/07\/armasuisse-DEFTECH_CH-2050-The-Future-Soldier_FR.pdf\" >\t\t\t\t\t\t<div class=\"img-inner dark\" >\n\t\t\t<img loading=\"lazy\" decoding=\"async\" width=\"735\" height=\"1024\" src=\"https:\/\/deftech.ch\/wp-content\/uploads\/2019\/07\/armasuisse-DEFTECH_CH-2050-The-Future-Soldier_Cover-735x1024.jpg\" class=\"attachment-large size-large\" alt=\"\" srcset=\"https:\/\/deftech.ch\/wp-content\/uploads\/2019\/07\/armasuisse-DEFTECH_CH-2050-The-Future-Soldier_Cover-735x1024.jpg 735w, https:\/\/deftech.ch\/wp-content\/uploads\/2019\/07\/armasuisse-DEFTECH_CH-2050-The-Future-Soldier_Cover-215x300.jpg 215w, https:\/\/deftech.ch\/wp-content\/uploads\/2019\/07\/armasuisse-DEFTECH_CH-2050-The-Future-Soldier_Cover-768x1070.jpg 768w, https:\/\/deftech.ch\/wp-content\/uploads\/2019\/07\/armasuisse-DEFTECH_CH-2050-The-Future-Soldier_Cover-105x146.jpg 105w, https:\/\/deftech.ch\/wp-content\/uploads\/2019\/07\/armasuisse-DEFTECH_CH-2050-The-Future-Soldier_Cover-36x50.jpg 36w, https:\/\/deftech.ch\/wp-content\/uploads\/2019\/07\/armasuisse-DEFTECH_CH-2050-The-Future-Soldier_Cover-54x75.jpg 54w, https:\/\/deftech.ch\/wp-content\/uploads\/2019\/07\/armasuisse-DEFTECH_CH-2050-The-Future-Soldier_Cover.jpg 935w\" sizes=\"auto, (max-width: 735px) 100vw, 735px\" \/>\t\t\t\t\t\t\n\t\t\t\t\t<\/div>\n\t\t\t\t\t\t<\/a>\t\t\n<style>\n#image_1506023475 {\n  width: 91%;\n}\n<\/style>\n\t<\/div>\n\t\n\t\t<\/div>\n\t\t\t\t\t<\/div>\n\n\t\n<\/div>\n<div class=\"container section-title-container\" ><h1 class=\"section-title section-title-normal\"><b aria-hidden=\"true\"><\/b><span class=\"section-title-main\" >FUTURE SOLDIER<\/span><b aria-hidden=\"true\"><\/b><\/h1><\/div>\n<div class=\"row\"  id=\"row-1467386817\">\n\n\t<div id=\"col-1673023642\" class=\"col medium-8 small-12 large-8\"  >\n\t\t\t\t<div class=\"col-inner\"  >\n\t\t\t\n\t\t\t\n<div class=\"video video-fit mb\" style=\"padding-top:56.25%;\"><p><span class=\"embed-youtube\" style=\"text-align:center; display: block;\"><iframe loading=\"lazy\" class=\"youtube-player\" width=\"1020\" height=\"574\" src=\"https:\/\/www.youtube.com\/embed\/HEbGA4LVnWg?version=3&#038;rel=1&#038;showsearch=0&#038;showinfo=1&#038;iv_load_policy=1&#038;fs=1&#038;hl=fr-FR&#038;autohide=2&#038;wmode=transparent\" allowfullscreen=\"true\" style=\"border:0;\" sandbox=\"allow-scripts allow-same-origin allow-popups allow-presentation allow-popups-to-escape-sandbox\"><\/iframe><\/span><\/p>\n<\/div>\n<p>R\u00e9alis\u00e9 par <a href=\"https:\/\/www.linkedin.com\/in\/quicung\/\">Qui Cung<\/a> (<a href=\"https:\/\/cci-cotting.ch\/\">CCI-Cotting<\/a>) et <a href=\"https:\/\/www.clementchassot.com\/\">Cl\u00e9ment Chassot<\/a><\/p>\n<p>\u00a0<\/p>\n<p><a href=\"https:\/\/cung.itch.io\/future-soldier\"><img loading=\"lazy\" decoding=\"async\" class=\"aligncenter wp-image-10462\" src=\"https:\/\/deftech.ch\/wp-content\/uploads\/2020\/12\/play_button.jpg\" alt=\"\" width=\"255\" height=\"191\" srcset=\"https:\/\/deftech.ch\/wp-content\/uploads\/2020\/12\/play_button.jpg 1024w, https:\/\/deftech.ch\/wp-content\/uploads\/2020\/12\/play_button-300x224.jpg 300w, https:\/\/deftech.ch\/wp-content\/uploads\/2020\/12\/play_button-768x575.jpg 768w\" sizes=\"auto, (max-width: 255px) 100vw, 255px\" \/><\/a><\/p>\n\t\t<\/div>\n\t\t\t\t\t<\/div>\n\n\t\n\n\t<div id=\"col-1571365068\" class=\"col medium-4 small-12 large-4\"  >\n\t\t\t\t<div class=\"col-inner\"  >\n\t\t\t\n\t\t\t\n<p class=\"lead\"><em>Suisse, 23 septembre 2050. <\/em><\/p>\n<p class=\"lead\"><em>La Suisse subit des attaques sur son territoire. Vous incarnez la soldate d&#8217;exploration Clothilde et votre mission est de vous d\u00e9porter sur place afin d&#8217;identifier les menaces et les neutraliser. <\/em><\/p>\n<p class=\"lead\"><em>Ce jeu d&#8217;action est inspir\u00e9 de la publication &#8220;Future Soldier&#8221; et trace une histoire parall\u00e8le: celle d&#8217;une soldate, qui \u00e0 l&#8217;aide de technologies avanc\u00e9es comme le <a href=\"https:\/\/soldat-du-futur.com\/propulsin\/\">propulsin<\/a>, <a href=\"https:\/\/soldat-du-futur.com\/urgalise\/\">l&#8217;urgalise<\/a> ou la <a href=\"https:\/\/soldat-du-futur.com\/cobrette\/\">cobrette<\/a>, vient \u00e0 bout des menaces que subit une Suisse du futur. <\/em><\/p>\n<p class=\"lead\"><em>Parcourez des r\u00e9gions helv\u00e9tiques tels que Berne, les Alpes ou le lac L\u00e9man et faites face aux menaces comme la cybercriminalit\u00e9 ou les attaques chimiques.<\/em><\/p>\n\t\t<\/div>\n\t\t\t\t\t<\/div>\n\n\t\n<\/div>\n\t<div id=\"gap-369209927\" class=\"gap-element clearfix\" style=\"display:block; height:auto;\">\n\t\t\n<style>\n#gap-369209927 {\n  padding-top: 55px;\n}\n<\/style>\n\t<\/div>\n\t\n<div class=\"container section-title-container\" ><h1 class=\"section-title section-title-normal\"><b aria-hidden=\"true\"><\/b><span class=\"section-title-main\" >instruction synaptique<\/span><b aria-hidden=\"true\"><\/b><\/h1><\/div>\n<div class=\"row\"  id=\"row-202918156\">\n\n\t<div id=\"col-1508538086\" class=\"col medium-4 small-12 large-4\"  >\n\t\t\t\t<div class=\"col-inner\"  >\n\t\t\t\n\t\t\t\n<p class=\"lead\"><em>En 2050, l\u2019\u00e9volution de la r\u00e9alit\u00e9 virtuelle est telle que l\u2019utilisateur immerg\u00e9 ne peut plus faire la diff\u00e9rence avec le monde r\u00e9el. Cette technologie s\u2019est rapidement r\u00e9pandue \u00e0 tous les niveaux de notre soci\u00e9t\u00e9.<\/em><\/p>\n<p class=\"lead\"><em>L\u2019arm\u00e9e Suisse a r\u00e9cemment mis au point un programme exp\u00e9rimental d\u2019instruction synaptique en immersion d\u00e9nomm\u00e9 Neurocob. Vous jouez une nouvelle recrue qui est plac\u00e9e dans un syst\u00e8me d&#8217;entra\u00eenement en r\u00e9alit\u00e9 immersive.<\/em><\/p>\n<p class=\"lead\"><em>Votre score et vos r\u00e9actions seront analys\u00e9s par l\u2019instructeur pour d\u00e9finir votre future affectation.<\/em><\/p>\n\t\t<\/div>\n\t\t\t\t\t<\/div>\n\n\t\n\n\t<div id=\"col-227678840\" class=\"col medium-8 small-12 large-8\"  >\n\t\t\t\t<div class=\"col-inner\"  >\n\t\t\t\n\t\t\t\n<div style=\"width: 600px;\" class=\"wp-video\"><video class=\"wp-video-shortcode\" id=\"video-10287-1\" width=\"600\" height=\"338\" preload=\"metadata\" controls=\"controls\"><source type=\"video\/mp4\" src=\"https:\/\/deftech.ch\/wp-content\/uploads\/2020\/12\/Instruction-Synaptique_Numerik-Games-Deftech.mp4?_=1\" \/><a href=\"https:\/\/deftech.ch\/wp-content\/uploads\/2020\/12\/Instruction-Synaptique_Numerik-Games-Deftech.mp4\">https:\/\/deftech.ch\/wp-content\/uploads\/2020\/12\/Instruction-Synaptique_Numerik-Games-Deftech.mp4<\/a><\/video><\/div>\n<p>R\u00e9alis\u00e9 par <a href=\"https:\/\/www.linkedin.com\/in\/justinegasche\/\">Justine Gasche<\/a>\u00a0<\/p>\n<p>\u00a0<\/p>\n<p><a href=\"https:\/\/greaby.itch.io\/instruction-synaptique\"><img loading=\"lazy\" decoding=\"async\" class=\"aligncenter wp-image-10462\" src=\"https:\/\/deftech.ch\/wp-content\/uploads\/2020\/12\/play_button.jpg\" alt=\"\" width=\"255\" height=\"191\" srcset=\"https:\/\/deftech.ch\/wp-content\/uploads\/2020\/12\/play_button.jpg 1024w, https:\/\/deftech.ch\/wp-content\/uploads\/2020\/12\/play_button-300x224.jpg 300w, https:\/\/deftech.ch\/wp-content\/uploads\/2020\/12\/play_button-768x575.jpg 768w\" sizes=\"auto, (max-width: 255px) 100vw, 255px\" \/><\/a><\/p>\n\t\t<\/div>\n\t\t\t\t\t<\/div>\n\n\t\n<\/div>\n\t<div id=\"gap-135996132\" class=\"gap-element clearfix\" style=\"display:block; height:auto;\">\n\t\t\n<style>\n#gap-135996132 {\n  padding-top: 100px;\n}\n<\/style>\n\t<\/div>\n\t\n\t\t<\/div>\n\t\t\t\t\t<\/div>\n\n\t\n<\/div>\n\t\t<\/div>\n\n\t\t\n<style>\n#section_1329419540 {\n  padding-top: 30px;\n  padding-bottom: 30px;\n}\n<\/style>\n\t<\/section>\n\t\n","protected":false},"excerpt":{"rendered":"","protected":false},"author":3,"featured_media":0,"parent":0,"menu_order":0,"comment_status":"closed","ping_status":"closed","template":"","meta":{"jetpack_post_was_ever_published":false,"footnotes":""},"class_list":["post-10287","page","type-page","status-publish","hentry"],"yoast_head":"<!-- This site is optimized with the Yoast SEO plugin v27.4 - https:\/\/yoast.com\/product\/yoast-seo-wordpress\/ -->\n<title>Numerik Games - Deftech \u00b7 Defence Future Technologies<\/title>\n<meta name=\"robots\" content=\"index, follow, max-snippet:-1, max-image-preview:large, max-video-preview:-1\" \/>\n<link rel=\"canonical\" href=\"https:\/\/deftech.ch\/fr\/numerik-games\/\" \/>\n<meta property=\"og:locale\" content=\"fr_FR\" \/>\n<meta property=\"og:type\" content=\"article\" \/>\n<meta property=\"og:title\" content=\"Numerik Games - Deftech \u00b7 Defence Future Technologies\" \/>\n<meta property=\"og:url\" content=\"https:\/\/deftech.ch\/fr\/numerik-games\/\" \/>\n<meta property=\"og:site_name\" content=\"Deftech \u00b7 Defence Future Technologies\" \/>\n<meta property=\"article:modified_time\" content=\"2024-02-01T16:58:54+00:00\" \/>\n<meta property=\"og:image\" content=\"https:\/\/deftech.ch\/wp-content\/uploads\/2020\/12\/play_button.jpg\" \/>\n<meta name=\"twitter:card\" content=\"summary_large_image\" \/>\n<meta name=\"twitter:site\" content=\"@deftechCH\" \/>\n<meta name=\"twitter:label1\" content=\"Dur\u00e9e de lecture estim\u00e9e\" \/>\n\t<meta name=\"twitter:data1\" content=\"2 minutes\" \/>\n<script type=\"application\/ld+json\" class=\"yoast-schema-graph\">{\"@context\":\"https:\\\/\\\/schema.org\",\"@graph\":[{\"@type\":\"WebPage\",\"@id\":\"https:\\\/\\\/deftech.ch\\\/fr\\\/numerik-games\\\/\",\"url\":\"https:\\\/\\\/deftech.ch\\\/fr\\\/numerik-games\\\/\",\"name\":\"Numerik Games - Deftech \u00b7 Defence Future Technologies\",\"isPartOf\":{\"@id\":\"https:\\\/\\\/deftech.ch\\\/#website\"},\"primaryImageOfPage\":{\"@id\":\"https:\\\/\\\/deftech.ch\\\/fr\\\/numerik-games\\\/#primaryimage\"},\"image\":{\"@id\":\"https:\\\/\\\/deftech.ch\\\/fr\\\/numerik-games\\\/#primaryimage\"},\"thumbnailUrl\":\"https:\\\/\\\/deftech.ch\\\/wp-content\\\/uploads\\\/2020\\\/12\\\/play_button.jpg\",\"datePublished\":\"2020-12-11T11:07:36+00:00\",\"dateModified\":\"2024-02-01T16:58:54+00:00\",\"breadcrumb\":{\"@id\":\"https:\\\/\\\/deftech.ch\\\/fr\\\/numerik-games\\\/#breadcrumb\"},\"inLanguage\":\"fr-FR\",\"potentialAction\":[{\"@type\":\"ReadAction\",\"target\":[\"https:\\\/\\\/deftech.ch\\\/fr\\\/numerik-games\\\/\"]}]},{\"@type\":\"ImageObject\",\"inLanguage\":\"fr-FR\",\"@id\":\"https:\\\/\\\/deftech.ch\\\/fr\\\/numerik-games\\\/#primaryimage\",\"url\":\"https:\\\/\\\/deftech.ch\\\/wp-content\\\/uploads\\\/2020\\\/12\\\/play_button.jpg\",\"contentUrl\":\"https:\\\/\\\/deftech.ch\\\/wp-content\\\/uploads\\\/2020\\\/12\\\/play_button.jpg\"},{\"@type\":\"BreadcrumbList\",\"@id\":\"https:\\\/\\\/deftech.ch\\\/fr\\\/numerik-games\\\/#breadcrumb\",\"itemListElement\":[{\"@type\":\"ListItem\",\"position\":1,\"name\":\"Home\",\"item\":\"https:\\\/\\\/deftech.ch\\\/fr\\\/\"},{\"@type\":\"ListItem\",\"position\":2,\"name\":\"Numerik Games\"}]},{\"@type\":\"WebSite\",\"@id\":\"https:\\\/\\\/deftech.ch\\\/#website\",\"url\":\"https:\\\/\\\/deftech.ch\\\/\",\"name\":\"Deftech - Defence Future Technologies\",\"description\":\"Inspire - Inform - Instruct\",\"publisher\":{\"@id\":\"https:\\\/\\\/deftech.ch\\\/#organization\"},\"potentialAction\":[{\"@type\":\"SearchAction\",\"target\":{\"@type\":\"EntryPoint\",\"urlTemplate\":\"https:\\\/\\\/deftech.ch\\\/?s={search_term_string}\"},\"query-input\":{\"@type\":\"PropertyValueSpecification\",\"valueRequired\":true,\"valueName\":\"search_term_string\"}}],\"inLanguage\":\"fr-FR\"},{\"@type\":\"Organization\",\"@id\":\"https:\\\/\\\/deftech.ch\\\/#organization\",\"name\":\"Deftech - Defence Future Technologies\",\"alternateName\":\"Foresight Program by armasuisse Science and Technology\",\"url\":\"https:\\\/\\\/deftech.ch\\\/\",\"logo\":{\"@type\":\"ImageObject\",\"inLanguage\":\"fr-FR\",\"@id\":\"https:\\\/\\\/deftech.ch\\\/#\\\/schema\\\/logo\\\/image\\\/\",\"url\":\"https:\\\/\\\/i0.wp.com\\\/deftech.ch\\\/wp-content\\\/uploads\\\/2024\\\/09\\\/deftech-white-red-round-background.002.png?fit=1500%2C1500&ssl=1\",\"contentUrl\":\"https:\\\/\\\/i0.wp.com\\\/deftech.ch\\\/wp-content\\\/uploads\\\/2024\\\/09\\\/deftech-white-red-round-background.002.png?fit=1500%2C1500&ssl=1\",\"width\":1500,\"height\":1500,\"caption\":\"Deftech - Defence Future Technologies\"},\"image\":{\"@id\":\"https:\\\/\\\/deftech.ch\\\/#\\\/schema\\\/logo\\\/image\\\/\"},\"sameAs\":[\"https:\\\/\\\/x.com\\\/deftechCH\",\"https:\\\/\\\/linkedin.com\\\/in\\\/ladetto\"]}]}<\/script>\n<!-- \/ Yoast SEO plugin. -->","yoast_head_json":{"title":"Numerik Games - Deftech \u00b7 Defence Future Technologies","robots":{"index":"index","follow":"follow","max-snippet":"max-snippet:-1","max-image-preview":"max-image-preview:large","max-video-preview":"max-video-preview:-1"},"canonical":"https:\/\/deftech.ch\/fr\/numerik-games\/","og_locale":"fr_FR","og_type":"article","og_title":"Numerik Games - Deftech \u00b7 Defence Future Technologies","og_url":"https:\/\/deftech.ch\/fr\/numerik-games\/","og_site_name":"Deftech \u00b7 Defence Future Technologies","article_modified_time":"2024-02-01T16:58:54+00:00","og_image":[{"url":"https:\/\/deftech.ch\/wp-content\/uploads\/2020\/12\/play_button.jpg","type":"","width":"","height":""}],"twitter_card":"summary_large_image","twitter_site":"@deftechCH","twitter_misc":{"Dur\u00e9e de lecture estim\u00e9e":"2 minutes"},"schema":{"@context":"https:\/\/schema.org","@graph":[{"@type":"WebPage","@id":"https:\/\/deftech.ch\/fr\/numerik-games\/","url":"https:\/\/deftech.ch\/fr\/numerik-games\/","name":"Numerik Games - Deftech \u00b7 Defence Future Technologies","isPartOf":{"@id":"https:\/\/deftech.ch\/#website"},"primaryImageOfPage":{"@id":"https:\/\/deftech.ch\/fr\/numerik-games\/#primaryimage"},"image":{"@id":"https:\/\/deftech.ch\/fr\/numerik-games\/#primaryimage"},"thumbnailUrl":"https:\/\/deftech.ch\/wp-content\/uploads\/2020\/12\/play_button.jpg","datePublished":"2020-12-11T11:07:36+00:00","dateModified":"2024-02-01T16:58:54+00:00","breadcrumb":{"@id":"https:\/\/deftech.ch\/fr\/numerik-games\/#breadcrumb"},"inLanguage":"fr-FR","potentialAction":[{"@type":"ReadAction","target":["https:\/\/deftech.ch\/fr\/numerik-games\/"]}]},{"@type":"ImageObject","inLanguage":"fr-FR","@id":"https:\/\/deftech.ch\/fr\/numerik-games\/#primaryimage","url":"https:\/\/deftech.ch\/wp-content\/uploads\/2020\/12\/play_button.jpg","contentUrl":"https:\/\/deftech.ch\/wp-content\/uploads\/2020\/12\/play_button.jpg"},{"@type":"BreadcrumbList","@id":"https:\/\/deftech.ch\/fr\/numerik-games\/#breadcrumb","itemListElement":[{"@type":"ListItem","position":1,"name":"Home","item":"https:\/\/deftech.ch\/fr\/"},{"@type":"ListItem","position":2,"name":"Numerik Games"}]},{"@type":"WebSite","@id":"https:\/\/deftech.ch\/#website","url":"https:\/\/deftech.ch\/","name":"Deftech - Defence Future Technologies","description":"Inspire - Inform - Instruct","publisher":{"@id":"https:\/\/deftech.ch\/#organization"},"potentialAction":[{"@type":"SearchAction","target":{"@type":"EntryPoint","urlTemplate":"https:\/\/deftech.ch\/?s={search_term_string}"},"query-input":{"@type":"PropertyValueSpecification","valueRequired":true,"valueName":"search_term_string"}}],"inLanguage":"fr-FR"},{"@type":"Organization","@id":"https:\/\/deftech.ch\/#organization","name":"Deftech - Defence Future Technologies","alternateName":"Foresight Program by armasuisse Science and Technology","url":"https:\/\/deftech.ch\/","logo":{"@type":"ImageObject","inLanguage":"fr-FR","@id":"https:\/\/deftech.ch\/#\/schema\/logo\/image\/","url":"https:\/\/i0.wp.com\/deftech.ch\/wp-content\/uploads\/2024\/09\/deftech-white-red-round-background.002.png?fit=1500%2C1500&ssl=1","contentUrl":"https:\/\/i0.wp.com\/deftech.ch\/wp-content\/uploads\/2024\/09\/deftech-white-red-round-background.002.png?fit=1500%2C1500&ssl=1","width":1500,"height":1500,"caption":"Deftech - Defence Future Technologies"},"image":{"@id":"https:\/\/deftech.ch\/#\/schema\/logo\/image\/"},"sameAs":["https:\/\/x.com\/deftechCH","https:\/\/linkedin.com\/in\/ladetto"]}]}},"jetpack_sharing_enabled":true,"jetpack_shortlink":"https:\/\/wp.me\/PaO9lW-2FV","_links":{"self":[{"href":"https:\/\/deftech.ch\/fr\/wp-json\/wp\/v2\/pages\/10287","targetHints":{"allow":["GET"]}}],"collection":[{"href":"https:\/\/deftech.ch\/fr\/wp-json\/wp\/v2\/pages"}],"about":[{"href":"https:\/\/deftech.ch\/fr\/wp-json\/wp\/v2\/types\/page"}],"author":[{"embeddable":true,"href":"https:\/\/deftech.ch\/fr\/wp-json\/wp\/v2\/users\/3"}],"replies":[{"embeddable":true,"href":"https:\/\/deftech.ch\/fr\/wp-json\/wp\/v2\/comments?post=10287"}],"version-history":[{"count":1,"href":"https:\/\/deftech.ch\/fr\/wp-json\/wp\/v2\/pages\/10287\/revisions"}],"predecessor-version":[{"id":37511,"href":"https:\/\/deftech.ch\/fr\/wp-json\/wp\/v2\/pages\/10287\/revisions\/37511"}],"wp:attachment":[{"href":"https:\/\/deftech.ch\/fr\/wp-json\/wp\/v2\/media?parent=10287"}],"curies":[{"name":"wp","href":"https:\/\/api.w.org\/{rel}","templated":true}]}}