{"id":30537,"date":"2021-09-15T09:19:23","date_gmt":"2021-09-15T07:19:23","guid":{"rendered":"https:\/\/deftech.ch\/?page_id=30537"},"modified":"2021-12-15T10:44:39","modified_gmt":"2021-12-15T09:44:39","slug":"missiles-hyperveloces-1er-decembre-2021","status":"publish","type":"page","link":"https:\/\/deftech.ch\/fr\/missiles-hyperveloces-1er-decembre-2021\/","title":{"rendered":"Missiles Hyperv\u00e9loces &#8211;  1er d\u00e9cembre 2021"},"content":{"rendered":"\n\t<section class=\"section\" id=\"section_218799741\">\n\t\t<div class=\"section-bg fill\" >\n\t\t\t\t\t\t\t\t\t\n\t\t\t\n\n\t\t<\/div>\n\n\t\t\n\n\t\t<div class=\"section-content relative\">\n\t\t\t\n  <div id=\"page-header-2036853867\" class=\"page-header-wrapper\">\n  <div class=\"page-title dark featured-title box-shadow-5\">\n\n        <div class=\"page-title-bg\">\n      <div class=\"title-bg fill bg-fill\"\n        data-parallax-container=\".page-title\"\n        data-parallax-background\n        data-parallax=\"-\">\n      <\/div>\n      <div class=\"title-overlay fill\"><\/div>\n    <\/div>\n    \n    <div class=\"page-title-inner container align-center text-center flex-row-col medium-flex-wrap\" >\n              <div class=\"title-wrapper is-xlarge flex-col\">\n          <h1 class=\"entry-title mb-0\">\n            Missiles Hyperv\u00e9loces &#8211;  1er d\u00e9cembre 2021          <\/h1>\n        <\/div>\n                    <div class=\"title-content flex-col\">\n              <\/div>\n    <\/div>\n\n     \n<style>\n#page-header-2036853867 .title-bg {\n  background-image: url(https:\/\/deftech.ch\/wp-content\/uploads\/2021\/09\/DEFTECH-DAY-Hypervelocity-Missiles-December-1st-2021_new.jpg);\n}\n<\/style>\n  <\/div>\n    <\/div>\n  \n\t\t<\/div>\n\n\t\t\n<style>\n#section_218799741 {\n  padding-top: 30px;\n  padding-bottom: 30px;\n}\n<\/style>\n\t<\/section>\n\t\n\n\t<section class=\"section\" id=\"section_1518487226\">\n\t\t<div class=\"section-bg fill\" >\n\t\t\t\t\t\t\t\t\t\n\t\t\t\n\n\t\t<\/div>\n\n\t\t\n\n\t\t<div class=\"section-content relative\">\n\t\t\t\n<div class=\"row\"  id=\"row-834369852\">\n\n\t<div id=\"col-550691187\" class=\"col medium-6 small-12 large-6\"  >\n\t\t\t\t<div class=\"col-inner\"  >\n\t\t\t\n\t\t\t\n<h1>Missiles Hyperv\u00e9loces<\/h1>\n<p class=\"lead\">Les missiles <a href=\"https:\/\/fr.wikipedia.org\/wiki\/Hypervitesse\">hyperv\u00e9loces<\/a> se d\u00e9placent \u00e0 une vitesse sup\u00e9rieure \u00e0 <a href=\"https:\/\/fr.wikipedia.org\/wiki\/Nombre_de_Mach\">Mach<\/a> 5 et allant jusqu&#8217;\u00e0 Mach 25, c\u2019est rapide, tr\u00e8s tr\u00e8s rapide.<\/p>\n<p class=\"lead\">A quoi ressemblent-ils?<br \/>\nComment sont-ils utilis\u00e9s?<br \/>\nQuelles prouesses a\u00e9rodynamiques, technologiques, en mat\u00e9riaux sont n\u00e9cessaires afin de les propulser et les guider jusqu\u2019\u00e0 leur destination?<br \/>\nComment se d\u00e9fendre contre ce type de menaces?<\/p>\n<p class=\"lead\">Pour en savoir plus, inscrivez-vous \u00e0 cette journ\u00e9e \u00e0 haute vitesse!<\/p>\n\t\t<\/div>\n\t\t\t\t\t<\/div>\n\n\t\n\n\t<div id=\"col-1139394269\" class=\"col medium-6 small-12 large-6\"  >\n\t\t\t\t<div class=\"col-inner text-center\"  >\n\t\t\t\n\t\t\t\n\t<div class=\"img has-hover x md-x lg-x y md-y lg-y\" id=\"image_1270096864\">\n\t\t<a class=\"\" href=\"https:\/\/deftech.ch\/wp-content\/uploads\/2021\/09\/DEFTECH-DAY-Hypervelocity-Missiles-December-1st-2021-compressed.pdf\" >\t\t\t\t\t\t<div class=\"img-inner dark\" >\n\t\t\t<img loading=\"lazy\" decoding=\"async\" width=\"724\" height=\"1024\" src=\"https:\/\/deftech.ch\/wp-content\/uploads\/2021\/09\/DEFTECH-DAY-Hypervelocity-Missiles-December-1st-2021_new-724x1024.jpg\" class=\"attachment-large size-large\" alt=\"deftech-day | Hypervelocity Missiles\" srcset=\"https:\/\/deftech.ch\/wp-content\/uploads\/2021\/09\/DEFTECH-DAY-Hypervelocity-Missiles-December-1st-2021_new-724x1024.jpg 724w, https:\/\/deftech.ch\/wp-content\/uploads\/2021\/09\/DEFTECH-DAY-Hypervelocity-Missiles-December-1st-2021_new-212x300.jpg 212w, https:\/\/deftech.ch\/wp-content\/uploads\/2021\/09\/DEFTECH-DAY-Hypervelocity-Missiles-December-1st-2021_new-768x1086.jpg 768w, https:\/\/deftech.ch\/wp-content\/uploads\/2021\/09\/DEFTECH-DAY-Hypervelocity-Missiles-December-1st-2021_new.jpg 905w\" sizes=\"auto, (max-width: 724px) 100vw, 724px\" \/>\t\t\t\t\t\t\n\t\t\t\t\t<\/div>\n\t\t\t\t\t\t<\/a>\t\t\n<style>\n#image_1270096864 {\n  width: 100%;\n}\n<\/style>\n\t<\/div>\n\t\n\t\t<\/div>\n\t\t\t\t\t<\/div>\n\n\t\n<\/div>\n\t\t<\/div>\n\n\t\t\n<style>\n#section_1518487226 {\n  padding-top: 30px;\n  padding-bottom: 30px;\n}\n<\/style>\n\t<\/section>\n\t\n\n\t<section class=\"section\" id=\"section_677532242\">\n\t\t<div class=\"section-bg fill\" >\n\t\t\t\t\t\t\t\t\t\n\t\t\t\n\n\t\t<\/div>\n\n\t\t\n\n\t\t<div class=\"section-content relative\">\n\t\t\t\n<div class=\"row\"  id=\"row-1977456420\">\n\n\t<div id=\"col-1595913320\" class=\"col small-12 large-12\"  >\n\t\t\t\t<div class=\"col-inner\"  >\n\t\t\t\n\t\t\t\n<h2>Audience<\/h2>\n<p class=\"lead\">Attendez-vous \u00e0 un bon m\u00e9lange de participants entre militaires, ing\u00e9nieurs, chercheurs et universitaires. C&#8217;est une occasion unique de conna\u00eetre les besoins et les exigences des utilisateurs finaux tout en leur montrant ce qui est ou sera bient\u00f4t possible !<\/p>\n<p class=\"lead\">La majorit\u00e9 des participants seront plus int\u00e9ress\u00e9s par les concepts, la vision, les r\u00e9sultats r\u00e9els par rapport aux r\u00e9sultats de laboratoire, les exigences du syst\u00e8me, etc. plut\u00f4t que par les math\u00e9matiques d\u00e9taill\u00e9es (mais il y a toujours des experts dans la salle !).<\/p>\n\t\t<\/div>\n\t\t\t\t\t<\/div>\n\n\t\n<\/div>\n<div class=\"row align-center\"  id=\"row-687687913\">\n\n\t<div id=\"col-1844906910\" class=\"col small-12 large-12\"  >\n\t\t\t\t<div class=\"col-inner text-center\"  >\n\t\t\t\n\t\t\t\n<a href=\"https:\/\/drive.infomaniak.com\/app\/share\/119220\/a95a230e-2c2e-43be-895a-bd45c4712fa6\/files\/146501\" class=\"button alert is-bevel is-xlarge box-shadow-4 box-shadow-5-hover\" style=\"border-radius:10px;\">\n\t\t<span>Download<\/span>\n\t<\/a>\n\n\t\t<\/div>\n\t\t\t\t\t<\/div>\n\n\t\n<\/div>\n\t\t<\/div>\n\n\t\t\n<style>\n#section_677532242 {\n  padding-top: 30px;\n  padding-bottom: 30px;\n}\n<\/style>\n\t<\/section>\n\t\n\n\t<section class=\"section\" id=\"section_52784260\">\n\t\t<div class=\"section-bg fill\" >\n\t\t\t\t\t\t\t\t\t\n\t\t\t\n\n\t\t<\/div>\n\n\t\t\n\n\t\t<div class=\"section-content relative\">\n\t\t\t\n<h1>Addresse<\/h1>\n<p class=\"lead\"><a href=\"https:\/\/s.geo.admin.ch\/8402fe4154\">Feuerwerkerstrasse 39<\/a><br \/>\nCH-3602 Thun<\/p>\n\t\t<\/div>\n\n\t\t\n<style>\n#section_52784260 {\n  padding-top: 30px;\n  padding-bottom: 30px;\n}\n<\/style>\n\t<\/section>\n\t\n\n\t<section class=\"section\" id=\"section_2145379321\">\n\t\t<div class=\"section-bg fill\" >\n\t\t\t\t\t\t\t\t\t\n\t\t\t\n\n\t\t<\/div>\n\n\t\t\n\n\t\t<div class=\"section-content relative\">\n\t\t\t\n<div class=\"row\"  id=\"row-567841418\">\n\n\t<div id=\"col-1838498505\" class=\"col small-12 large-12\"  >\n\t\t\t\t<div class=\"col-inner\"  >\n\t\t\t\n\t\t\t\n<h1>Programme<\/h1>\n<table>\n<tbody>\n<tr>\n<td>09:00-09:15<\/td>\n<td><strong>Introduction<\/strong><\/td>\n<td><a href=\"https:\/\/www.linkedin.com\/in\/ladetto\/\">Quentin Ladetto<\/a>, <a href=\"https:\/\/armasuisse.ch\/wt\">armasuisse W+T<\/a><\/td>\n<\/tr>\n<tr>\n<td>09:15-09:45<\/td>\n<td><strong>Various uses of hypervelocity &#8211; overview<\/strong><\/td>\n<td><a href=\"https:\/\/www.linkedin.com\/in\/hans-martin-pastuszka-a54712124\/\">Mr. Hans-Martin Pastuszka<\/a>, <a href=\"https:\/\/www.int.fraunhofer.de\/en.html\">Fraunhofer INT<\/a><br \/>\n<a href=\"https:\/\/www.researchgate.net\/profile\/Guido-Huppertz\">Dr. Guido Huppertz<\/a>, <a href=\"https:\/\/www.int.fraunhofer.de\/en.html\">Fraunhofer INT<\/a><\/td>\n<\/tr>\n<tr>\n<td>09:45-10:15<\/td>\n<td><strong>The hypersonic advantage<\/strong><\/td>\n<td><a href=\"https:\/\/www.linkedin.com\/in\/daniel-paukner-443365201\/\">Mr. Daniel Paukner<\/a>, <a href=\"https:\/\/www.iabg.de\/\">IABG<\/a><\/td>\n<\/tr>\n<tr>\n<td>10:15-10:45<\/td>\n<td><strong>Aerothermodynamik von den Hypervelocity missiles<\/strong><\/td>\n<td>Dr. Friedrich Leopold, <a href=\"https:\/\/www.isl.eu\/\">ISL<\/a><\/td>\n<\/tr>\n<tr>\n<td><\/td>\n<td><\/td>\n<td><\/td>\n<\/tr>\n<tr>\n<td>10:45-11:15<\/td>\n<td><strong>Coffee Break<\/strong><\/td>\n<td><\/td>\n<\/tr>\n<tr>\n<td><\/td>\n<td><\/td>\n<td><\/td>\n<\/tr>\n<tr>\n<td>11:15-11:45<\/td>\n<td><b>Tekna PlasmaSonic solutions :<br \/>\nHigh enthalpy ground material testing facilities<\/b><\/td>\n<td><a href=\"https:\/\/www.linkedin.com\/in\/jochen-altenberend-9427b943\/\">Dr. Jochen Altenberend<\/a>, <a href=\"https:\/\/www.tekna.com\/\">Tekna<\/a><\/td>\n<\/tr>\n<tr>\n<td>11:45-12:15<\/td>\n<td><b>Radar Remote Sensing of the Meteor Earth Environment<br \/>\nand their hypersonic atmospheric flight<\/b><\/td>\n<td><a href=\"https:\/\/www.linkedin.com\/in\/gunter-stober-33920130\/\">Dr. Gunter Stober<\/a>, <a href=\"https:\/\/www.iap.unibe.ch\/\">University Bern<\/a><\/td>\n<\/tr>\n<tr>\n<td>12:15-12:45<\/td>\n<td><strong>In the News &#8211; Hype vs Real<\/strong><\/td>\n<td><a href=\"#\">Round table &amp; discussion<\/a>, all speakers (and audience!)<\/td>\n<\/tr>\n<tr>\n<td><\/td>\n<td><\/td>\n<td><\/td>\n<\/tr>\n<tr>\n<td>12:45-13:30<\/td>\n<td><strong>Lunch<\/strong><\/td>\n<td><\/td>\n<\/tr>\n<tr>\n<td><\/td>\n<td><\/td>\n<td><\/td>\n<\/tr>\n<tr>\n<td>13:30-14:00<\/td>\n<td><strong>Technical and tactical simulations of hypersonic missiles<\/strong><\/td>\n<td><a href=\"https:\/\/www.linkedin.com\/in\/matthias-sommer-574666144\/\">Dr. Matthias Sommer<\/a>, <a href=\"https:\/\/armasuisse.ch\/wt\">armasuisse W+T<\/a><br \/>\n<a href=\"https:\/\/www.linkedin.com\/in\/andre-koch-28077010a\/\">Dr. Andr\u00e9 Koch<\/a>, <a href=\"https:\/\/dynamicphenomena.ch\/\">Dynamic Phenomena<\/a><br \/>\nDr. Fran\u00e7ois Ubertini, <a href=\"https:\/\/dynamicphenomena.ch\/\">Dynamic Phenomena<\/a><\/td>\n<\/tr>\n<tr>\n<td>14:00-14:30<\/td>\n<td><strong>How to fight hypersonic threats<\/strong><\/td>\n<td><a href=\"https:\/\/www.linkedin.com\/in\/stefan-matzka-544899170\/\">Mr. Stefan Matzka<\/a>, <a href=\"https:\/\/www.diehl.com\">Diehl Defence GmbH<\/a><\/td>\n<\/tr>\n<tr>\n<td>14:30-15:00<\/td>\n<td><strong>Anticipating 2060 &#8211; L&#8217;hyperforteresse<\/strong><\/td>\n<td><a href=\"https:\/\/www.linkedin.com\/in\/jb-colas\/\">Mr. Jean-Baptiste Colas<\/a>, <a href=\"https:\/\/www.defense.gouv.fr\/aid\">Agence de l&#8217;Innovation de D\u00e9fense<\/a> \/ <a href=\"https:\/\/redteamdefense.org\/\">RedTeam<\/a><\/td>\n<\/tr>\n<tr>\n<td><\/td>\n<td><\/td>\n<td><\/td>\n<\/tr>\n<tr>\n<td>15:00<\/td>\n<td><strong>End of the Conference<\/strong><\/td>\n<td><\/td>\n<\/tr>\n<\/tbody>\n<\/table>\n\t\t<\/div>\n\t\t\t\t\t<\/div>\n\n\t\n\n\t<div id=\"col-608800640\" class=\"col medium-5 small-12 large-5\"  >\n\t\t\t\t<div class=\"col-inner\"  >\n\t\t\t\n\t\t\t\n\t\t<\/div>\n\t\t\t\t\t<\/div>\n\n\t\n<\/div>\n<div class=\"row align-center\"  id=\"row-2064553938\">\n\n\t<div id=\"col-96569089\" class=\"col small-12 large-12\"  >\n\t\t\t\t<div class=\"col-inner text-center\"  >\n\t\t\t\n\t\t\t\n<a href=\"https:\/\/drive.infomaniak.com\/app\/share\/119220\/a95a230e-2c2e-43be-895a-bd45c4712fa6\/files\/146501\" class=\"button alert is-bevel is-xlarge box-shadow-4 box-shadow-5-hover\" style=\"border-radius:10px;\">\n\t\t<span>Download<\/span>\n\t<\/a>\n\n\t\t<\/div>\n\t\t\t\t\t<\/div>\n\n\t\n<\/div>\n\t\t<\/div>\n\n\t\t\n<style>\n#section_2145379321 {\n  padding-top: 30px;\n  padding-bottom: 30px;\n}\n<\/style>\n\t<\/section>\n\t\n\n\t<section class=\"section\" id=\"section_1645393358\">\n\t\t<div class=\"section-bg fill\" >\n\t\t\t\t\t\t\t\t\t\n\t\t\t\n\n\t\t<\/div>\n\n\t\t\n\n\t\t<div class=\"section-content relative\">\n\t\t\t\n<div class=\"row\"  id=\"row-1929918163\">\n\n\t<div id=\"col-1219834432\" class=\"col small-12 large-12\"  >\n\t\t\t\t<div class=\"col-inner\"  >\n\t\t\t\n\t\t\t\n<p class=\"lead\" style=\"text-align: center;\">organised by<\/p>\n\t\t<\/div>\n\t\t\t\t\t<\/div>\n\n\t\n<\/div>\n\t\t<\/div>\n\n\t\t\n<style>\n#section_1645393358 {\n  padding-top: 30px;\n  padding-bottom: 30px;\n}\n<\/style>\n\t<\/section>\n\t\n\n\t<section class=\"section\" id=\"section_804253032\">\n\t\t<div class=\"section-bg fill\" >\n\t\t\t\t\t\t\t\t\t\n\t\t\t\n\n\t\t<\/div>\n\n\t\t\n\n\t\t<div class=\"section-content relative\">\n\t\t\t\n<div class=\"row\"  id=\"row-1778471690\">\n\n\t<div id=\"col-1817987962\" class=\"col medium-4 small-12 large-4\"  >\n\t\t\t\t<div class=\"col-inner\"  >\n\t\t\t\n\t\t\t\n\t\t<\/div>\n\t\t\t\t\t<\/div>\n\n\t\n\n\t<div id=\"col-1789671485\" class=\"col medium-4 small-12 large-4\"  >\n\t\t\t\t<div class=\"col-inner\"  >\n\t\t\t\n\t\t\t\n\t<div class=\"img has-hover x md-x lg-x y md-y lg-y\" id=\"image_359514778\">\n\t\t\t\t\t\t\t\t<div class=\"img-inner dark\" >\n\t\t\t<img loading=\"lazy\" decoding=\"async\" width=\"1000\" height=\"650\" src=\"https:\/\/deftech.ch\/wp-content\/uploads\/2021\/02\/deftech-2021_alone_lent.gif\" class=\"attachment-large size-large\" alt=\"\" \/>\t\t\t\t\t\t\n\t\t\t\t\t<\/div>\n\t\t\t\t\t\t\t\t\n<style>\n#image_359514778 {\n  width: 100%;\n}\n<\/style>\n\t<\/div>\n\t\n\t<div class=\"img has-hover x md-x lg-x y md-y lg-y\" id=\"image_533157673\">\n\t\t\t\t\t\t\t\t<div class=\"img-inner dark\" >\n\t\t\t<img loading=\"lazy\" decoding=\"async\" width=\"1020\" height=\"383\" src=\"https:\/\/deftech.ch\/wp-content\/uploads\/2021\/02\/deftech_2021_text-1024x385.png\" class=\"attachment-large size-large\" alt=\"\" srcset=\"https:\/\/deftech.ch\/wp-content\/uploads\/2021\/02\/deftech_2021_text-1024x385.png 1024w, https:\/\/deftech.ch\/wp-content\/uploads\/2021\/02\/deftech_2021_text-300x113.png 300w, https:\/\/deftech.ch\/wp-content\/uploads\/2021\/02\/deftech_2021_text-768x289.png 768w, https:\/\/deftech.ch\/wp-content\/uploads\/2021\/02\/deftech_2021_text-1536x577.png 1536w, https:\/\/deftech.ch\/wp-content\/uploads\/2021\/02\/deftech_2021_text.png 1703w\" sizes=\"auto, (max-width: 1020px) 100vw, 1020px\" \/>\t\t\t\t\t\t\n\t\t\t\t\t<\/div>\n\t\t\t\t\t\t\t\t\n<style>\n#image_533157673 {\n  width: 100%;\n}\n<\/style>\n\t<\/div>\n\t\n\t\t<\/div>\n\t\t\t\t\t<\/div>\n\n\t\n\n\t<div id=\"col-1737196755\" class=\"col medium-4 small-12 large-4\"  >\n\t\t\t\t<div class=\"col-inner\"  >\n\t\t\t\n\t\t\t\n\t\t<\/div>\n\t\t\t\t\t<\/div>\n\n\t\n<\/div>\n\t\t<\/div>\n\n\t\t\n<style>\n#section_804253032 {\n  padding-top: 30px;\n  padding-bottom: 30px;\n}\n<\/style>\n\t<\/section>\n\t\n","protected":false},"excerpt":{"rendered":"","protected":false},"author":3,"featured_media":30548,"parent":0,"menu_order":0,"comment_status":"closed","ping_status":"closed","template":"","meta":{"jetpack_post_was_ever_published":false,"footnotes":""},"class_list":["post-30537","page","type-page","status-publish","has-post-thumbnail","hentry"],"yoast_head":"<!-- This site is optimized with the Yoast SEO plugin v27.4 - https:\/\/yoast.com\/product\/yoast-seo-wordpress\/ -->\n<title>Missiles Hyperv\u00e9loces - 1er d\u00e9cembre 2021 - Deftech \u00b7 Defence Future Technologies<\/title>\n<meta name=\"robots\" content=\"index, follow, max-snippet:-1, max-image-preview:large, max-video-preview:-1\" \/>\n<link rel=\"canonical\" href=\"https:\/\/deftech.ch\/fr\/missiles-hyperveloces-1er-decembre-2021\/\" \/>\n<meta property=\"og:locale\" content=\"fr_FR\" \/>\n<meta property=\"og:type\" content=\"article\" \/>\n<meta property=\"og:title\" content=\"Missiles Hyperv\u00e9loces - 1er d\u00e9cembre 2021 - Deftech \u00b7 Defence Future Technologies\" \/>\n<meta property=\"og:url\" content=\"https:\/\/deftech.ch\/fr\/missiles-hyperveloces-1er-decembre-2021\/\" \/>\n<meta property=\"og:site_name\" content=\"Deftech \u00b7 Defence Future Technologies\" \/>\n<meta property=\"article:modified_time\" content=\"2021-12-15T09:44:39+00:00\" \/>\n<meta property=\"og:image\" content=\"https:\/\/deftech.ch\/wp-content\/uploads\/2021\/09\/DEFTECH-DAY-Hypervelocity-Missiles-December-1st-2021_new.jpg\" \/>\n\t<meta property=\"og:image:width\" content=\"905\" \/>\n\t<meta property=\"og:image:height\" content=\"1280\" \/>\n\t<meta property=\"og:image:type\" content=\"image\/jpeg\" \/>\n<meta name=\"twitter:card\" content=\"summary_large_image\" \/>\n<meta name=\"twitter:site\" content=\"@deftechCH\" \/>\n<meta name=\"twitter:label1\" content=\"Dur\u00e9e de lecture estim\u00e9e\" \/>\n\t<meta name=\"twitter:data1\" content=\"3 minutes\" \/>\n<script type=\"application\/ld+json\" class=\"yoast-schema-graph\">{\"@context\":\"https:\\\/\\\/schema.org\",\"@graph\":[{\"@type\":\"WebPage\",\"@id\":\"https:\\\/\\\/deftech.ch\\\/fr\\\/missiles-hyperveloces-1er-decembre-2021\\\/\",\"url\":\"https:\\\/\\\/deftech.ch\\\/fr\\\/missiles-hyperveloces-1er-decembre-2021\\\/\",\"name\":\"Missiles Hyperv\u00e9loces - 1er d\u00e9cembre 2021 - Deftech \u00b7 Defence Future Technologies\",\"isPartOf\":{\"@id\":\"https:\\\/\\\/deftech.ch\\\/#website\"},\"primaryImageOfPage\":{\"@id\":\"https:\\\/\\\/deftech.ch\\\/fr\\\/missiles-hyperveloces-1er-decembre-2021\\\/#primaryimage\"},\"image\":{\"@id\":\"https:\\\/\\\/deftech.ch\\\/fr\\\/missiles-hyperveloces-1er-decembre-2021\\\/#primaryimage\"},\"thumbnailUrl\":\"https:\\\/\\\/deftech.ch\\\/wp-content\\\/uploads\\\/2021\\\/09\\\/DEFTECH-DAY-Hypervelocity-Missiles-December-1st-2021_new.jpg\",\"datePublished\":\"2021-09-15T07:19:23+00:00\",\"dateModified\":\"2021-12-15T09:44:39+00:00\",\"breadcrumb\":{\"@id\":\"https:\\\/\\\/deftech.ch\\\/fr\\\/missiles-hyperveloces-1er-decembre-2021\\\/#breadcrumb\"},\"inLanguage\":\"fr-FR\",\"potentialAction\":[{\"@type\":\"ReadAction\",\"target\":[\"https:\\\/\\\/deftech.ch\\\/fr\\\/missiles-hyperveloces-1er-decembre-2021\\\/\"]}]},{\"@type\":\"ImageObject\",\"inLanguage\":\"fr-FR\",\"@id\":\"https:\\\/\\\/deftech.ch\\\/fr\\\/missiles-hyperveloces-1er-decembre-2021\\\/#primaryimage\",\"url\":\"https:\\\/\\\/deftech.ch\\\/wp-content\\\/uploads\\\/2021\\\/09\\\/DEFTECH-DAY-Hypervelocity-Missiles-December-1st-2021_new.jpg\",\"contentUrl\":\"https:\\\/\\\/deftech.ch\\\/wp-content\\\/uploads\\\/2021\\\/09\\\/DEFTECH-DAY-Hypervelocity-Missiles-December-1st-2021_new.jpg\",\"width\":905,\"height\":1280,\"caption\":\"deftech-day | Hypervelocity Missiles\"},{\"@type\":\"BreadcrumbList\",\"@id\":\"https:\\\/\\\/deftech.ch\\\/fr\\\/missiles-hyperveloces-1er-decembre-2021\\\/#breadcrumb\",\"itemListElement\":[{\"@type\":\"ListItem\",\"position\":1,\"name\":\"Home\",\"item\":\"https:\\\/\\\/deftech.ch\\\/fr\\\/\"},{\"@type\":\"ListItem\",\"position\":2,\"name\":\"Missiles Hyperv\u00e9loces &#8211; 1er d\u00e9cembre 2021\"}]},{\"@type\":\"WebSite\",\"@id\":\"https:\\\/\\\/deftech.ch\\\/#website\",\"url\":\"https:\\\/\\\/deftech.ch\\\/\",\"name\":\"Deftech - Defence Future Technologies\",\"description\":\"Inspire - Inform - Instruct\",\"publisher\":{\"@id\":\"https:\\\/\\\/deftech.ch\\\/#organization\"},\"potentialAction\":[{\"@type\":\"SearchAction\",\"target\":{\"@type\":\"EntryPoint\",\"urlTemplate\":\"https:\\\/\\\/deftech.ch\\\/?s={search_term_string}\"},\"query-input\":{\"@type\":\"PropertyValueSpecification\",\"valueRequired\":true,\"valueName\":\"search_term_string\"}}],\"inLanguage\":\"fr-FR\"},{\"@type\":\"Organization\",\"@id\":\"https:\\\/\\\/deftech.ch\\\/#organization\",\"name\":\"Deftech - Defence Future Technologies\",\"alternateName\":\"Foresight Program by armasuisse Science and Technology\",\"url\":\"https:\\\/\\\/deftech.ch\\\/\",\"logo\":{\"@type\":\"ImageObject\",\"inLanguage\":\"fr-FR\",\"@id\":\"https:\\\/\\\/deftech.ch\\\/#\\\/schema\\\/logo\\\/image\\\/\",\"url\":\"https:\\\/\\\/i0.wp.com\\\/deftech.ch\\\/wp-content\\\/uploads\\\/2024\\\/09\\\/deftech-white-red-round-background.002.png?fit=1500%2C1500&ssl=1\",\"contentUrl\":\"https:\\\/\\\/i0.wp.com\\\/deftech.ch\\\/wp-content\\\/uploads\\\/2024\\\/09\\\/deftech-white-red-round-background.002.png?fit=1500%2C1500&ssl=1\",\"width\":1500,\"height\":1500,\"caption\":\"Deftech - Defence Future Technologies\"},\"image\":{\"@id\":\"https:\\\/\\\/deftech.ch\\\/#\\\/schema\\\/logo\\\/image\\\/\"},\"sameAs\":[\"https:\\\/\\\/x.com\\\/deftechCH\",\"https:\\\/\\\/linkedin.com\\\/in\\\/ladetto\"]}]}<\/script>\n<!-- \/ Yoast SEO plugin. -->","yoast_head_json":{"title":"Missiles Hyperv\u00e9loces - 1er d\u00e9cembre 2021 - Deftech \u00b7 Defence Future Technologies","robots":{"index":"index","follow":"follow","max-snippet":"max-snippet:-1","max-image-preview":"max-image-preview:large","max-video-preview":"max-video-preview:-1"},"canonical":"https:\/\/deftech.ch\/fr\/missiles-hyperveloces-1er-decembre-2021\/","og_locale":"fr_FR","og_type":"article","og_title":"Missiles Hyperv\u00e9loces - 1er d\u00e9cembre 2021 - Deftech \u00b7 Defence Future Technologies","og_url":"https:\/\/deftech.ch\/fr\/missiles-hyperveloces-1er-decembre-2021\/","og_site_name":"Deftech \u00b7 Defence Future Technologies","article_modified_time":"2021-12-15T09:44:39+00:00","og_image":[{"width":905,"height":1280,"url":"https:\/\/deftech.ch\/wp-content\/uploads\/2021\/09\/DEFTECH-DAY-Hypervelocity-Missiles-December-1st-2021_new.jpg","type":"image\/jpeg"}],"twitter_card":"summary_large_image","twitter_site":"@deftechCH","twitter_misc":{"Dur\u00e9e de lecture estim\u00e9e":"3 minutes"},"schema":{"@context":"https:\/\/schema.org","@graph":[{"@type":"WebPage","@id":"https:\/\/deftech.ch\/fr\/missiles-hyperveloces-1er-decembre-2021\/","url":"https:\/\/deftech.ch\/fr\/missiles-hyperveloces-1er-decembre-2021\/","name":"Missiles Hyperv\u00e9loces - 1er d\u00e9cembre 2021 - Deftech \u00b7 Defence Future Technologies","isPartOf":{"@id":"https:\/\/deftech.ch\/#website"},"primaryImageOfPage":{"@id":"https:\/\/deftech.ch\/fr\/missiles-hyperveloces-1er-decembre-2021\/#primaryimage"},"image":{"@id":"https:\/\/deftech.ch\/fr\/missiles-hyperveloces-1er-decembre-2021\/#primaryimage"},"thumbnailUrl":"https:\/\/deftech.ch\/wp-content\/uploads\/2021\/09\/DEFTECH-DAY-Hypervelocity-Missiles-December-1st-2021_new.jpg","datePublished":"2021-09-15T07:19:23+00:00","dateModified":"2021-12-15T09:44:39+00:00","breadcrumb":{"@id":"https:\/\/deftech.ch\/fr\/missiles-hyperveloces-1er-decembre-2021\/#breadcrumb"},"inLanguage":"fr-FR","potentialAction":[{"@type":"ReadAction","target":["https:\/\/deftech.ch\/fr\/missiles-hyperveloces-1er-decembre-2021\/"]}]},{"@type":"ImageObject","inLanguage":"fr-FR","@id":"https:\/\/deftech.ch\/fr\/missiles-hyperveloces-1er-decembre-2021\/#primaryimage","url":"https:\/\/deftech.ch\/wp-content\/uploads\/2021\/09\/DEFTECH-DAY-Hypervelocity-Missiles-December-1st-2021_new.jpg","contentUrl":"https:\/\/deftech.ch\/wp-content\/uploads\/2021\/09\/DEFTECH-DAY-Hypervelocity-Missiles-December-1st-2021_new.jpg","width":905,"height":1280,"caption":"deftech-day | Hypervelocity Missiles"},{"@type":"BreadcrumbList","@id":"https:\/\/deftech.ch\/fr\/missiles-hyperveloces-1er-decembre-2021\/#breadcrumb","itemListElement":[{"@type":"ListItem","position":1,"name":"Home","item":"https:\/\/deftech.ch\/fr\/"},{"@type":"ListItem","position":2,"name":"Missiles Hyperv\u00e9loces &#8211; 1er d\u00e9cembre 2021"}]},{"@type":"WebSite","@id":"https:\/\/deftech.ch\/#website","url":"https:\/\/deftech.ch\/","name":"Deftech - Defence Future Technologies","description":"Inspire - Inform - Instruct","publisher":{"@id":"https:\/\/deftech.ch\/#organization"},"potentialAction":[{"@type":"SearchAction","target":{"@type":"EntryPoint","urlTemplate":"https:\/\/deftech.ch\/?s={search_term_string}"},"query-input":{"@type":"PropertyValueSpecification","valueRequired":true,"valueName":"search_term_string"}}],"inLanguage":"fr-FR"},{"@type":"Organization","@id":"https:\/\/deftech.ch\/#organization","name":"Deftech - Defence Future Technologies","alternateName":"Foresight Program by armasuisse Science and Technology","url":"https:\/\/deftech.ch\/","logo":{"@type":"ImageObject","inLanguage":"fr-FR","@id":"https:\/\/deftech.ch\/#\/schema\/logo\/image\/","url":"https:\/\/i0.wp.com\/deftech.ch\/wp-content\/uploads\/2024\/09\/deftech-white-red-round-background.002.png?fit=1500%2C1500&ssl=1","contentUrl":"https:\/\/i0.wp.com\/deftech.ch\/wp-content\/uploads\/2024\/09\/deftech-white-red-round-background.002.png?fit=1500%2C1500&ssl=1","width":1500,"height":1500,"caption":"Deftech - Defence Future Technologies"},"image":{"@id":"https:\/\/deftech.ch\/#\/schema\/logo\/image\/"},"sameAs":["https:\/\/x.com\/deftechCH","https:\/\/linkedin.com\/in\/ladetto"]}]}},"jetpack_sharing_enabled":true,"jetpack_shortlink":"https:\/\/wp.me\/PaO9lW-7Wx","_links":{"self":[{"href":"https:\/\/deftech.ch\/fr\/wp-json\/wp\/v2\/pages\/30537","targetHints":{"allow":["GET"]}}],"collection":[{"href":"https:\/\/deftech.ch\/fr\/wp-json\/wp\/v2\/pages"}],"about":[{"href":"https:\/\/deftech.ch\/fr\/wp-json\/wp\/v2\/types\/page"}],"author":[{"embeddable":true,"href":"https:\/\/deftech.ch\/fr\/wp-json\/wp\/v2\/users\/3"}],"replies":[{"embeddable":true,"href":"https:\/\/deftech.ch\/fr\/wp-json\/wp\/v2\/comments?post=30537"}],"version-history":[{"count":0,"href":"https:\/\/deftech.ch\/fr\/wp-json\/wp\/v2\/pages\/30537\/revisions"}],"wp:featuredmedia":[{"embeddable":true,"href":"https:\/\/deftech.ch\/fr\/wp-json\/wp\/v2\/media\/30548"}],"wp:attachment":[{"href":"https:\/\/deftech.ch\/fr\/wp-json\/wp\/v2\/media?parent=30537"}],"curies":[{"name":"wp","href":"https:\/\/api.w.org\/{rel}","templated":true}]}}