{"id":35220,"date":"2023-04-05T14:20:27","date_gmt":"2023-04-05T12:20:27","guid":{"rendered":"https:\/\/deftech.ch\/?page_id=35220"},"modified":"2023-04-05T14:20:27","modified_gmt":"2023-04-05T12:20:27","slug":"quantique","status":"publish","type":"page","link":"https:\/\/deftech.ch\/fr\/quantique\/","title":{"rendered":"Quantique"},"content":{"rendered":"\n\t<section class=\"section\" id=\"section_780580906\">\n\t\t<div class=\"section-bg fill\" >\n\t\t\t\t\t\t\t\t\t\n\t\t\t\n\n\t\t<\/div>\n\n\t\t\n\n\t\t<div class=\"section-content relative\">\n\t\t\t\n<div class=\"container section-title-container page\" ><h3 class=\"section-title section-title-normal\"><b aria-hidden=\"true\"><\/b><span class=\"section-title-main\" >Quantique<\/span><b aria-hidden=\"true\"><\/b><\/h3><\/div>\n<div class=\"row row-full-width align-middle\"  id=\"row-410075456\">\n\n\t<div id=\"col-324257445\" class=\"col small-12 large-12\"  >\n\t\t\t\t<div class=\"col-inner\"  >\n\t\t\t\n\t\t\t\n\t<div class=\"img has-hover x md-x lg-x y md-y lg-y\" id=\"image_600512369\">\n\t\t\t\t\t\t\t\t<div class=\"img-inner dark\" >\n\t\t\t<img loading=\"lazy\" decoding=\"async\" width=\"1020\" height=\"510\" src=\"https:\/\/deftech.ch\/wp-content\/uploads\/2023\/04\/NATO-quantum-1024x512.jpg\" class=\"attachment-large size-large\" alt=\"\" srcset=\"https:\/\/deftech.ch\/wp-content\/uploads\/2023\/04\/NATO-quantum-1024x512.jpg 1024w, https:\/\/deftech.ch\/wp-content\/uploads\/2023\/04\/NATO-quantum-300x150.jpg 300w, https:\/\/deftech.ch\/wp-content\/uploads\/2023\/04\/NATO-quantum-768x384.jpg 768w, https:\/\/deftech.ch\/wp-content\/uploads\/2023\/04\/NATO-quantum-1536x768.jpg 1536w, https:\/\/deftech.ch\/wp-content\/uploads\/2023\/04\/NATO-quantum-2048x1024.jpg 2048w\" sizes=\"auto, (max-width: 1020px) 100vw, 1020px\" \/>\t\t\t\t\t\t\n\t\t\t\t\t<\/div>\n\t\t\t\t\t\t\t\t\n<style>\n#image_600512369 {\n  width: 100%;\n}\n<\/style>\n\t<\/div>\n\t\n<p>Les technologies quantiques de la prochaine g\u00e9n\u00e9ration exploitent la physique quantique et les ph\u00e9nom\u00e8nes associ\u00e9s \u00e0 l&#8217;\u00e9chelle atomique et subatomique, en particulier l&#8217;intrication et la superposition quantiques.<\/p>\n<p>Ces effets permettent des avanc\u00e9es technologiques significatives, principalement dans les domaines de la cryptographie, du calcul, de la navigation et du chronom\u00e9trage de pr\u00e9cision, de la d\u00e9tection et de l&#8217;imagerie, des communications et des mat\u00e9riaux.<\/p>\n\t\t<\/div>\n\t\t\t\t\t<\/div>\n\n\t\n\n<style>\n#row-410075456 > .col > .col-inner {\n  padding: 10px 10px 10px 10px;\n  background-color: rgba(39, 158, 233, 0.564);\n  border-radius: 25px;\n}\n<\/style>\n<\/div>\n\t\t<\/div>\n\n\t\t\n<style>\n#section_780580906 {\n  padding-top: 30px;\n  padding-bottom: 30px;\n}\n<\/style>\n\t<\/section>\n\t\n\n\t<section class=\"section\" id=\"section_1818942873\">\n\t\t<div class=\"section-bg fill\" >\n\t\t\t\t\t\t\t\t\t<div class=\"section-bg-overlay absolute fill\"><\/div>\n\t\t\t\n\n\t\t<\/div>\n\n\t\t\n\n\t\t<div class=\"section-content relative\">\n\t\t\t\n<div class=\"row\"  id=\"row-1326063682\">\n\n\t<div id=\"col-131169392\" class=\"col small-12 large-12\"  >\n\t\t\t\t<div class=\"col-inner\"  >\n\t\t\t\n\t\t\t\n\n  \n    <div class=\"row large-columns-3 medium-columns- small-columns-1 has-shadow row-box-shadow-2\" >\n  <div class=\"col post-item\" >\n\t\t\t<div class=\"col-inner\">\n\t\t\t\t<div class=\"box box-text-bottom box-blog-post has-hover\">\n            \t\t\t\t\t<div class=\"box-image\" >\n  \t\t\t\t\t\t<div class=\"image-cover\" style=\"padding-top:180px;\">\n\t\t\t\t\t\t\t<a href=\"https:\/\/deftech.ch\/fr\/2023\/09\/06\/another-quantum-application-navigation-resilience-through-quantum-sensing\/\" class=\"plain\" aria-label=\"Another quantum application: navigation resilience through quantum sensing\">\n\t\t\t\t\t\t\t\t<img loading=\"lazy\" decoding=\"async\" width=\"300\" height=\"178\" src=\"https:\/\/deftech.ch\/wp-content\/uploads\/2023\/08\/Quantum_Sensing_Fusion-300x178.jpeg\" class=\"attachment-medium size-medium wp-post-image\" alt=\"\" srcset=\"https:\/\/deftech.ch\/wp-content\/uploads\/2023\/08\/Quantum_Sensing_Fusion-300x178.jpeg 300w, https:\/\/deftech.ch\/wp-content\/uploads\/2023\/08\/Quantum_Sensing_Fusion-1024x608.jpeg 1024w, https:\/\/deftech.ch\/wp-content\/uploads\/2023\/08\/Quantum_Sensing_Fusion-768x456.jpeg 768w, https:\/\/deftech.ch\/wp-content\/uploads\/2023\/08\/Quantum_Sensing_Fusion-1536x911.jpeg 1536w, https:\/\/deftech.ch\/wp-content\/uploads\/2023\/08\/Quantum_Sensing_Fusion.jpeg 2048w\" sizes=\"auto, (max-width: 300px) 100vw, 300px\" \/>\t\t\t\t\t\t\t<\/a>\n  \t\t\t\t\t\t\t  \t\t\t\t\t\t\t  \t\t\t\t\t\t<\/div>\n  \t\t\t\t\t\t  \t\t\t\t\t<\/div>\n          \t\t\t\t\t<div class=\"box-text text-center\" >\n\t\t\t\t\t<div class=\"box-text-inner blog-post-inner\">\n\n\t\t\t\t\t\n\t\t\t\t\t\t\t\t\t\t<h5 class=\"post-title is-large \">\n\t\t\t\t\t\t<a href=\"https:\/\/deftech.ch\/fr\/2023\/09\/06\/another-quantum-application-navigation-resilience-through-quantum-sensing\/\" class=\"plain\">Another quantum application: navigation resilience through quantum sensing<\/a>\n\t\t\t\t\t<\/h5>\n\t\t\t\t\t\t\t\t\t\t<div class=\"is-divider\"><\/div>\n\t\t\t\t\t\t\t\t\t\t<p class=\"from_the_blog_excerpt \">\n\t\t\t\t\t\tInternational defence community interest in quantum science and applications has increased in recent years as [...]\t\t\t\t\t<\/p>\n\t\t\t\t\t                    \n\t\t\t\t\t\n\t\t\t\t\t\n\t\t\t\t\t<\/div>\n\t\t\t\t\t<\/div>\n\t\t\t\t\t\t\t\t\t\t\t\t\t\t\t\t<div class=\"badge absolute top post-date badge-outline\">\n\t\t\t\t\t\t\t<div class=\"badge-inner\">\n\t\t\t\t\t\t\t\t<span class=\"post-date-day\">06<\/span><br>\n\t\t\t\t\t\t\t\t<span class=\"post-date-month is-xsmall\">Sep<\/span>\n\t\t\t\t\t\t\t<\/div>\n\t\t\t\t\t\t<\/div>\n\t\t\t\t\t\t\t\t\t<\/div>\n\t\t\t<\/div>\n\t\t<\/div><div class=\"col post-item\" >\n\t\t\t<div class=\"col-inner\">\n\t\t\t\t<div class=\"box box-text-bottom box-blog-post has-hover\">\n            \t\t\t\t\t<div class=\"box-image\" >\n  \t\t\t\t\t\t<div class=\"image-cover\" style=\"padding-top:180px;\">\n\t\t\t\t\t\t\t<a href=\"https:\/\/deftech.ch\/fr\/2023\/07\/25\/keeping-up-the-layered-challenge-of-technology-integration-and-refresh\/\" class=\"plain\" aria-label=\"Keeping up: The layered challenge of technology integration and refresh\">\n\t\t\t\t\t\t\t\t<img loading=\"lazy\" decoding=\"async\" width=\"300\" height=\"200\" src=\"https:\/\/deftech.ch\/wp-content\/uploads\/2023\/07\/Quantum-Algorithm-300x200.jpg\" class=\"attachment-medium size-medium wp-post-image\" alt=\"\" srcset=\"https:\/\/deftech.ch\/wp-content\/uploads\/2023\/07\/Quantum-Algorithm-300x200.jpg 300w, https:\/\/deftech.ch\/wp-content\/uploads\/2023\/07\/Quantum-Algorithm-1024x682.jpg 1024w, https:\/\/deftech.ch\/wp-content\/uploads\/2023\/07\/Quantum-Algorithm-768x512.jpg 768w, https:\/\/deftech.ch\/wp-content\/uploads\/2023\/07\/Quantum-Algorithm-1536x1024.jpg 1536w, https:\/\/deftech.ch\/wp-content\/uploads\/2023\/07\/Quantum-Algorithm.jpg 2000w\" sizes=\"auto, (max-width: 300px) 100vw, 300px\" \/>\t\t\t\t\t\t\t<\/a>\n  \t\t\t\t\t\t\t  \t\t\t\t\t\t\t  \t\t\t\t\t\t<\/div>\n  \t\t\t\t\t\t  \t\t\t\t\t<\/div>\n          \t\t\t\t\t<div class=\"box-text text-center\" >\n\t\t\t\t\t<div class=\"box-text-inner blog-post-inner\">\n\n\t\t\t\t\t\n\t\t\t\t\t\t\t\t\t\t<h5 class=\"post-title is-large \">\n\t\t\t\t\t\t<a href=\"https:\/\/deftech.ch\/fr\/2023\/07\/25\/keeping-up-the-layered-challenge-of-technology-integration-and-refresh\/\" class=\"plain\">Keeping up: The layered challenge of technology integration and refresh<\/a>\n\t\t\t\t\t<\/h5>\n\t\t\t\t\t\t\t\t\t\t<div class=\"is-divider\"><\/div>\n\t\t\t\t\t\t\t\t\t\t<p class=\"from_the_blog_excerpt \">\n\t\t\t\t\t\tAccording to Heappey, the maturation of quantum technologies would offer the potential to fully unlock [...]\t\t\t\t\t<\/p>\n\t\t\t\t\t                    \n\t\t\t\t\t\n\t\t\t\t\t\n\t\t\t\t\t<\/div>\n\t\t\t\t\t<\/div>\n\t\t\t\t\t\t\t\t\t\t\t\t\t\t\t\t<div class=\"badge absolute top post-date badge-outline\">\n\t\t\t\t\t\t\t<div class=\"badge-inner\">\n\t\t\t\t\t\t\t\t<span class=\"post-date-day\">25<\/span><br>\n\t\t\t\t\t\t\t\t<span class=\"post-date-month is-xsmall\">Juil<\/span>\n\t\t\t\t\t\t\t<\/div>\n\t\t\t\t\t\t<\/div>\n\t\t\t\t\t\t\t\t\t<\/div>\n\t\t\t<\/div>\n\t\t<\/div><\/div>\n\t\t<\/div>\n\t\t\t\t\t<\/div>\n\n\t\n<\/div>\n\t\t<\/div>\n\n\t\t\n<style>\n#section_1818942873 {\n  padding-top: 0px;\n  padding-bottom: 0px;\n  background-color: rgb(247, 247, 247);\n}\n#section_1818942873 .section-bg-overlay {\n  background-color: rgba(255, 255, 255, 0.85);\n}\n<\/style>\n\t<\/section>\n\t\n","protected":false},"excerpt":{"rendered":"","protected":false},"author":3,"featured_media":34966,"parent":0,"menu_order":0,"comment_status":"closed","ping_status":"closed","template":"","meta":{"jetpack_post_was_ever_published":false,"footnotes":""},"class_list":["post-35220","page","type-page","status-publish","has-post-thumbnail","hentry"],"yoast_head":"<!-- This site is optimized with the Yoast SEO plugin v27.4 - https:\/\/yoast.com\/product\/yoast-seo-wordpress\/ -->\n<title>Quantique - Deftech \u00b7 Defence Future Technologies<\/title>\n<meta name=\"robots\" content=\"index, follow, max-snippet:-1, max-image-preview:large, max-video-preview:-1\" \/>\n<link rel=\"canonical\" href=\"https:\/\/deftech.ch\/fr\/quantique\/\" \/>\n<meta property=\"og:locale\" content=\"fr_FR\" \/>\n<meta property=\"og:type\" content=\"article\" \/>\n<meta property=\"og:title\" content=\"Quantique - Deftech \u00b7 Defence Future Technologies\" \/>\n<meta property=\"og:url\" content=\"https:\/\/deftech.ch\/fr\/quantique\/\" \/>\n<meta property=\"og:site_name\" content=\"Deftech \u00b7 Defence Future Technologies\" \/>\n<meta property=\"og:image\" content=\"https:\/\/deftech.ch\/wp-content\/uploads\/2023\/04\/NATO-quantum.jpg\" \/>\n\t<meta property=\"og:image:width\" content=\"2464\" \/>\n\t<meta property=\"og:image:height\" content=\"1232\" \/>\n\t<meta property=\"og:image:type\" content=\"image\/jpeg\" \/>\n<meta name=\"twitter:card\" content=\"summary_large_image\" \/>\n<meta name=\"twitter:site\" content=\"@deftechCH\" \/>\n<meta name=\"twitter:label1\" content=\"Dur\u00e9e de lecture estim\u00e9e\" \/>\n\t<meta name=\"twitter:data1\" content=\"1 minute\" \/>\n<script type=\"application\/ld+json\" class=\"yoast-schema-graph\">{\"@context\":\"https:\\\/\\\/schema.org\",\"@graph\":[{\"@type\":\"WebPage\",\"@id\":\"https:\\\/\\\/deftech.ch\\\/fr\\\/quantique\\\/\",\"url\":\"https:\\\/\\\/deftech.ch\\\/fr\\\/quantique\\\/\",\"name\":\"Quantique - Deftech \u00b7 Defence Future Technologies\",\"isPartOf\":{\"@id\":\"https:\\\/\\\/deftech.ch\\\/#website\"},\"primaryImageOfPage\":{\"@id\":\"https:\\\/\\\/deftech.ch\\\/fr\\\/quantique\\\/#primaryimage\"},\"image\":{\"@id\":\"https:\\\/\\\/deftech.ch\\\/fr\\\/quantique\\\/#primaryimage\"},\"thumbnailUrl\":\"https:\\\/\\\/deftech.ch\\\/wp-content\\\/uploads\\\/2023\\\/04\\\/NATO-quantum.jpg\",\"datePublished\":\"2023-04-05T12:20:27+00:00\",\"breadcrumb\":{\"@id\":\"https:\\\/\\\/deftech.ch\\\/fr\\\/quantique\\\/#breadcrumb\"},\"inLanguage\":\"fr-FR\",\"potentialAction\":[{\"@type\":\"ReadAction\",\"target\":[\"https:\\\/\\\/deftech.ch\\\/fr\\\/quantique\\\/\"]}]},{\"@type\":\"ImageObject\",\"inLanguage\":\"fr-FR\",\"@id\":\"https:\\\/\\\/deftech.ch\\\/fr\\\/quantique\\\/#primaryimage\",\"url\":\"https:\\\/\\\/deftech.ch\\\/wp-content\\\/uploads\\\/2023\\\/04\\\/NATO-quantum.jpg\",\"contentUrl\":\"https:\\\/\\\/deftech.ch\\\/wp-content\\\/uploads\\\/2023\\\/04\\\/NATO-quantum.jpg\",\"width\":2464,\"height\":1232},{\"@type\":\"BreadcrumbList\",\"@id\":\"https:\\\/\\\/deftech.ch\\\/fr\\\/quantique\\\/#breadcrumb\",\"itemListElement\":[{\"@type\":\"ListItem\",\"position\":1,\"name\":\"Home\",\"item\":\"https:\\\/\\\/deftech.ch\\\/fr\\\/\"},{\"@type\":\"ListItem\",\"position\":2,\"name\":\"Quantique\"}]},{\"@type\":\"WebSite\",\"@id\":\"https:\\\/\\\/deftech.ch\\\/#website\",\"url\":\"https:\\\/\\\/deftech.ch\\\/\",\"name\":\"Deftech - Defence Future Technologies\",\"description\":\"Inspire - Inform - Instruct\",\"publisher\":{\"@id\":\"https:\\\/\\\/deftech.ch\\\/#organization\"},\"potentialAction\":[{\"@type\":\"SearchAction\",\"target\":{\"@type\":\"EntryPoint\",\"urlTemplate\":\"https:\\\/\\\/deftech.ch\\\/?s={search_term_string}\"},\"query-input\":{\"@type\":\"PropertyValueSpecification\",\"valueRequired\":true,\"valueName\":\"search_term_string\"}}],\"inLanguage\":\"fr-FR\"},{\"@type\":\"Organization\",\"@id\":\"https:\\\/\\\/deftech.ch\\\/#organization\",\"name\":\"Deftech - Defence Future Technologies\",\"alternateName\":\"Foresight Program by armasuisse Science and Technology\",\"url\":\"https:\\\/\\\/deftech.ch\\\/\",\"logo\":{\"@type\":\"ImageObject\",\"inLanguage\":\"fr-FR\",\"@id\":\"https:\\\/\\\/deftech.ch\\\/#\\\/schema\\\/logo\\\/image\\\/\",\"url\":\"https:\\\/\\\/i0.wp.com\\\/deftech.ch\\\/wp-content\\\/uploads\\\/2024\\\/09\\\/deftech-white-red-round-background.002.png?fit=1500%2C1500&ssl=1\",\"contentUrl\":\"https:\\\/\\\/i0.wp.com\\\/deftech.ch\\\/wp-content\\\/uploads\\\/2024\\\/09\\\/deftech-white-red-round-background.002.png?fit=1500%2C1500&ssl=1\",\"width\":1500,\"height\":1500,\"caption\":\"Deftech - Defence Future Technologies\"},\"image\":{\"@id\":\"https:\\\/\\\/deftech.ch\\\/#\\\/schema\\\/logo\\\/image\\\/\"},\"sameAs\":[\"https:\\\/\\\/x.com\\\/deftechCH\",\"https:\\\/\\\/linkedin.com\\\/in\\\/ladetto\"]}]}<\/script>\n<!-- \/ Yoast SEO plugin. -->","yoast_head_json":{"title":"Quantique - Deftech \u00b7 Defence Future Technologies","robots":{"index":"index","follow":"follow","max-snippet":"max-snippet:-1","max-image-preview":"max-image-preview:large","max-video-preview":"max-video-preview:-1"},"canonical":"https:\/\/deftech.ch\/fr\/quantique\/","og_locale":"fr_FR","og_type":"article","og_title":"Quantique - Deftech \u00b7 Defence Future Technologies","og_url":"https:\/\/deftech.ch\/fr\/quantique\/","og_site_name":"Deftech \u00b7 Defence Future Technologies","og_image":[{"width":2464,"height":1232,"url":"https:\/\/deftech.ch\/wp-content\/uploads\/2023\/04\/NATO-quantum.jpg","type":"image\/jpeg"}],"twitter_card":"summary_large_image","twitter_site":"@deftechCH","twitter_misc":{"Dur\u00e9e de lecture estim\u00e9e":"1 minute"},"schema":{"@context":"https:\/\/schema.org","@graph":[{"@type":"WebPage","@id":"https:\/\/deftech.ch\/fr\/quantique\/","url":"https:\/\/deftech.ch\/fr\/quantique\/","name":"Quantique - Deftech \u00b7 Defence Future Technologies","isPartOf":{"@id":"https:\/\/deftech.ch\/#website"},"primaryImageOfPage":{"@id":"https:\/\/deftech.ch\/fr\/quantique\/#primaryimage"},"image":{"@id":"https:\/\/deftech.ch\/fr\/quantique\/#primaryimage"},"thumbnailUrl":"https:\/\/deftech.ch\/wp-content\/uploads\/2023\/04\/NATO-quantum.jpg","datePublished":"2023-04-05T12:20:27+00:00","breadcrumb":{"@id":"https:\/\/deftech.ch\/fr\/quantique\/#breadcrumb"},"inLanguage":"fr-FR","potentialAction":[{"@type":"ReadAction","target":["https:\/\/deftech.ch\/fr\/quantique\/"]}]},{"@type":"ImageObject","inLanguage":"fr-FR","@id":"https:\/\/deftech.ch\/fr\/quantique\/#primaryimage","url":"https:\/\/deftech.ch\/wp-content\/uploads\/2023\/04\/NATO-quantum.jpg","contentUrl":"https:\/\/deftech.ch\/wp-content\/uploads\/2023\/04\/NATO-quantum.jpg","width":2464,"height":1232},{"@type":"BreadcrumbList","@id":"https:\/\/deftech.ch\/fr\/quantique\/#breadcrumb","itemListElement":[{"@type":"ListItem","position":1,"name":"Home","item":"https:\/\/deftech.ch\/fr\/"},{"@type":"ListItem","position":2,"name":"Quantique"}]},{"@type":"WebSite","@id":"https:\/\/deftech.ch\/#website","url":"https:\/\/deftech.ch\/","name":"Deftech - Defence Future Technologies","description":"Inspire - Inform - Instruct","publisher":{"@id":"https:\/\/deftech.ch\/#organization"},"potentialAction":[{"@type":"SearchAction","target":{"@type":"EntryPoint","urlTemplate":"https:\/\/deftech.ch\/?s={search_term_string}"},"query-input":{"@type":"PropertyValueSpecification","valueRequired":true,"valueName":"search_term_string"}}],"inLanguage":"fr-FR"},{"@type":"Organization","@id":"https:\/\/deftech.ch\/#organization","name":"Deftech - Defence Future Technologies","alternateName":"Foresight Program by armasuisse Science and Technology","url":"https:\/\/deftech.ch\/","logo":{"@type":"ImageObject","inLanguage":"fr-FR","@id":"https:\/\/deftech.ch\/#\/schema\/logo\/image\/","url":"https:\/\/i0.wp.com\/deftech.ch\/wp-content\/uploads\/2024\/09\/deftech-white-red-round-background.002.png?fit=1500%2C1500&ssl=1","contentUrl":"https:\/\/i0.wp.com\/deftech.ch\/wp-content\/uploads\/2024\/09\/deftech-white-red-round-background.002.png?fit=1500%2C1500&ssl=1","width":1500,"height":1500,"caption":"Deftech - Defence Future Technologies"},"image":{"@id":"https:\/\/deftech.ch\/#\/schema\/logo\/image\/"},"sameAs":["https:\/\/x.com\/deftechCH","https:\/\/linkedin.com\/in\/ladetto"]}]}},"jetpack_sharing_enabled":true,"jetpack_shortlink":"https:\/\/wp.me\/PaO9lW-9a4","_links":{"self":[{"href":"https:\/\/deftech.ch\/fr\/wp-json\/wp\/v2\/pages\/35220","targetHints":{"allow":["GET"]}}],"collection":[{"href":"https:\/\/deftech.ch\/fr\/wp-json\/wp\/v2\/pages"}],"about":[{"href":"https:\/\/deftech.ch\/fr\/wp-json\/wp\/v2\/types\/page"}],"author":[{"embeddable":true,"href":"https:\/\/deftech.ch\/fr\/wp-json\/wp\/v2\/users\/3"}],"replies":[{"embeddable":true,"href":"https:\/\/deftech.ch\/fr\/wp-json\/wp\/v2\/comments?post=35220"}],"version-history":[{"count":3,"href":"https:\/\/deftech.ch\/fr\/wp-json\/wp\/v2\/pages\/35220\/revisions"}],"predecessor-version":[{"id":35223,"href":"https:\/\/deftech.ch\/fr\/wp-json\/wp\/v2\/pages\/35220\/revisions\/35223"}],"wp:featuredmedia":[{"embeddable":true,"href":"https:\/\/deftech.ch\/fr\/wp-json\/wp\/v2\/media\/34966"}],"wp:attachment":[{"href":"https:\/\/deftech.ch\/fr\/wp-json\/wp\/v2\/media?parent=35220"}],"curies":[{"name":"wp","href":"https:\/\/api.w.org\/{rel}","templated":true}]}}