{"id":35244,"date":"2023-04-05T14:29:58","date_gmt":"2023-04-05T12:29:58","guid":{"rendered":"https:\/\/deftech.ch\/?page_id=35244"},"modified":"2023-04-05T14:29:58","modified_gmt":"2023-04-05T12:29:58","slug":"materiaux-et-fabrication-avancee","status":"publish","type":"page","link":"https:\/\/deftech.ch\/fr\/materiaux-et-fabrication-avancee\/","title":{"rendered":"Mat\u00e9riaux et fabrication avanc\u00e9e"},"content":{"rendered":"\n\t<section class=\"section\" id=\"section_29787696\">\n\t\t<div class=\"section-bg fill\" >\n\t\t\t\t\t\t\t\t\t\n\t\t\t\n\n\t\t<\/div>\n\n\t\t\n\n\t\t<div class=\"section-content relative\">\n\t\t\t\n<div class=\"container section-title-container page\" ><h3 class=\"section-title section-title-normal\"><b aria-hidden=\"true\"><\/b><span class=\"section-title-main\" >Mat\u00e9riaux et fabrication avanc\u00e9e<\/span><b aria-hidden=\"true\"><\/b><\/h3><\/div>\n<div class=\"row row-full-width align-middle\"  id=\"row-587664935\">\n\n\t<div id=\"col-1449426421\" class=\"col small-12 large-12\"  >\n\t\t\t\t<div class=\"col-inner\"  >\n\t\t\t\n\t\t\t\n\t<div class=\"img has-hover x md-x lg-x y md-y lg-y\" id=\"image_1256336741\">\n\t\t\t\t\t\t\t\t<div class=\"img-inner dark\" >\n\t\t\t<img loading=\"lazy\" decoding=\"async\" width=\"1020\" height=\"510\" src=\"https:\/\/deftech.ch\/wp-content\/uploads\/2023\/04\/NATO-materials-and-advanced-manufacturing-1024x512.jpg\" class=\"attachment-large size-large\" alt=\"\" srcset=\"https:\/\/deftech.ch\/wp-content\/uploads\/2023\/04\/NATO-materials-and-advanced-manufacturing-1024x512.jpg 1024w, https:\/\/deftech.ch\/wp-content\/uploads\/2023\/04\/NATO-materials-and-advanced-manufacturing-300x150.jpg 300w, https:\/\/deftech.ch\/wp-content\/uploads\/2023\/04\/NATO-materials-and-advanced-manufacturing-768x384.jpg 768w, https:\/\/deftech.ch\/wp-content\/uploads\/2023\/04\/NATO-materials-and-advanced-manufacturing-1536x767.jpg 1536w, https:\/\/deftech.ch\/wp-content\/uploads\/2023\/04\/NATO-materials-and-advanced-manufacturing-2048x1023.jpg 2048w\" sizes=\"auto, (max-width: 1020px) 100vw, 1020px\" \/>\t\t\t\t\t\t\n\t\t\t\t\t<\/div>\n\t\t\t\t\t\t\t\t\n<style>\n#image_1256336741 {\n  width: 100%;\n}\n<\/style>\n\t<\/div>\n\t\n<p>Les nouveaux mat\u00e9riaux avanc\u00e9s sont des mat\u00e9riaux artificiels dot\u00e9s de propri\u00e9t\u00e9s uniques et nouvelles. Les mat\u00e9riaux avanc\u00e9s peuvent \u00eatre fabriqu\u00e9s \u00e0 l&#8217;aide de techniques issues de la nanotechnologie ou de la biologie synth\u00e9tique.<\/p>\n<p>Le d\u00e9veloppement peut inclure des rev\u00eatements extr\u00eamement r\u00e9sistants \u00e0 la chaleur, des armures corporelles ou de plates-formes \u00e0 haute r\u00e9sistance, des rev\u00eatements furtifs, la collecte et le stockage d&#8217;\u00e9nergie, la supraconductivit\u00e9, des capteurs avanc\u00e9s et la d\u00e9contamination, ainsi que des carburants et des mat\u00e9riaux de construction pour la production d&#8217;aliments en vrac. La recherche sur le graph\u00e8ne, sur d&#8217;autres nouveaux mat\u00e9riaux bidimensionnels et sur les mat\u00e9riaux topologiques est un domaine \u00e0 fort potentiel et d&#8217;un int\u00e9r\u00eat croissant.<\/p>\n<p>La fabrication additive, qui est souvent utilis\u00e9e comme synonyme d&#8217;impression 3D, est le processus de cr\u00e9ation d&#8217;un objet solide 3D presque arbitraire \u00e0 partir d&#8217;un mod\u00e8le num\u00e9rique par l&#8217;ajout de couches de mat\u00e9riaux.<\/p>\n<p>La fabrication additive peut \u00eatre utilis\u00e9e pour le prototypage rapide, la production et la r\u00e9paration in situ d&#8217;\u00e9quipements militaires d\u00e9ploy\u00e9s et la production de pi\u00e8ces de pr\u00e9cision, personnalis\u00e9es ou uniques.<\/p>\n\t\t<\/div>\n\t\t\t\t\t<\/div>\n\n\t\n\n<style>\n#row-587664935 > .col > .col-inner {\n  padding: 10px 10px 10px 10px;\n  background-color: rgba(39, 158, 233, 0.564);\n  border-radius: 25px;\n}\n<\/style>\n<\/div>\n\t\t<\/div>\n\n\t\t\n<style>\n#section_29787696 {\n  padding-top: 30px;\n  padding-bottom: 30px;\n}\n<\/style>\n\t<\/section>\n\t\n\n\t<section class=\"section\" id=\"section_2062833206\">\n\t\t<div class=\"section-bg fill\" >\n\t\t\t\t\t\t\t\t\t<div class=\"section-bg-overlay absolute fill\"><\/div>\n\t\t\t\n\n\t\t<\/div>\n\n\t\t\n\n\t\t<div class=\"section-content relative\">\n\t\t\t\n<div class=\"row\"  id=\"row-1812850894\">\n\n\t<div id=\"col-371453260\" class=\"col small-12 large-12\"  >\n\t\t\t\t<div class=\"col-inner\"  >\n\t\t\t\n\t\t\t\n\n  \n    <div class=\"row large-columns-3 medium-columns- small-columns-1 has-shadow row-box-shadow-2\" >\n  <div class=\"col post-item\" >\n\t\t\t<div class=\"col-inner\">\n\t\t\t\t<div class=\"box box-text-bottom box-blog-post has-hover\">\n            \t\t\t\t\t<div class=\"box-image\" >\n  \t\t\t\t\t\t<div class=\"image-cover\" style=\"padding-top:180px;\">\n\t\t\t\t\t\t\t<a href=\"https:\/\/deftech.ch\/fr\/2023\/07\/01\/t-7a-hits-key-milestone-shows-promise-and-limitations-of-digital-engineering\/\" class=\"plain\" aria-label=\"T-7A hits key milestone, shows promise and limitations of digital engineering\">\n\t\t\t\t\t\t\t\t<img loading=\"lazy\" decoding=\"async\" width=\"300\" height=\"169\" src=\"https:\/\/deftech.ch\/wp-content\/uploads\/2023\/06\/boeing_t-7a_red_hawk_boeing-300x169.jpeg\" class=\"attachment-medium size-medium wp-post-image\" alt=\"\" srcset=\"https:\/\/deftech.ch\/wp-content\/uploads\/2023\/06\/boeing_t-7a_red_hawk_boeing-300x169.jpeg 300w, https:\/\/deftech.ch\/wp-content\/uploads\/2023\/06\/boeing_t-7a_red_hawk_boeing-1024x576.jpeg 1024w, https:\/\/deftech.ch\/wp-content\/uploads\/2023\/06\/boeing_t-7a_red_hawk_boeing-768x432.jpeg 768w, https:\/\/deftech.ch\/wp-content\/uploads\/2023\/06\/boeing_t-7a_red_hawk_boeing-1536x864.jpeg 1536w, https:\/\/deftech.ch\/wp-content\/uploads\/2023\/06\/boeing_t-7a_red_hawk_boeing-2048x1152.jpeg 2048w\" sizes=\"auto, (max-width: 300px) 100vw, 300px\" \/>\t\t\t\t\t\t\t<\/a>\n  \t\t\t\t\t\t\t  \t\t\t\t\t\t\t  \t\t\t\t\t\t<\/div>\n  \t\t\t\t\t\t  \t\t\t\t\t<\/div>\n          \t\t\t\t\t<div class=\"box-text text-center\" >\n\t\t\t\t\t<div class=\"box-text-inner blog-post-inner\">\n\n\t\t\t\t\t\n\t\t\t\t\t\t\t\t\t\t<h5 class=\"post-title is-large \">\n\t\t\t\t\t\t<a href=\"https:\/\/deftech.ch\/fr\/2023\/07\/01\/t-7a-hits-key-milestone-shows-promise-and-limitations-of-digital-engineering\/\" class=\"plain\">T-7A hits key milestone, shows promise and limitations of digital engineering<\/a>\n\t\t\t\t\t<\/h5>\n\t\t\t\t\t\t\t\t\t\t<div class=\"is-divider\"><\/div>\n\t\t\t\t\t\t\t\t\t\t<p class=\"from_the_blog_excerpt \">\n\t\t\t\t\t\tThe U.S. Air Force successfully flew its planned next generation fighter trainer for the first [...]\t\t\t\t\t<\/p>\n\t\t\t\t\t                    \n\t\t\t\t\t\n\t\t\t\t\t\n\t\t\t\t\t<\/div>\n\t\t\t\t\t<\/div>\n\t\t\t\t\t\t\t\t\t\t\t\t\t\t\t\t<div class=\"badge absolute top post-date badge-outline\">\n\t\t\t\t\t\t\t<div class=\"badge-inner\">\n\t\t\t\t\t\t\t\t<span class=\"post-date-day\">01<\/span><br>\n\t\t\t\t\t\t\t\t<span class=\"post-date-month is-xsmall\">Juil<\/span>\n\t\t\t\t\t\t\t<\/div>\n\t\t\t\t\t\t<\/div>\n\t\t\t\t\t\t\t\t\t<\/div>\n\t\t\t<\/div>\n\t\t<\/div><div class=\"col post-item\" >\n\t\t\t<div class=\"col-inner\">\n\t\t\t\t<div class=\"box box-text-bottom box-blog-post has-hover\">\n            \t\t\t\t\t<div class=\"box-image\" >\n  \t\t\t\t\t\t<div class=\"image-cover\" style=\"padding-top:180px;\">\n\t\t\t\t\t\t\t<a href=\"https:\/\/deftech.ch\/fr\/2023\/06\/10\/its-getting-hots-in-here-resilient-sensing-in-extreme-environments\/\" class=\"plain\" aria-label=\"It\u2019s getting HOTS in here: Resilient sensing in extreme environments\">\n\t\t\t\t\t\t\t\t<img loading=\"lazy\" decoding=\"async\" width=\"300\" height=\"150\" src=\"https:\/\/deftech.ch\/wp-content\/uploads\/2023\/05\/AeroBT-Hi_Temp_Microelectronics-300x150.jpg\" class=\"attachment-medium size-medium wp-post-image\" alt=\"\" srcset=\"https:\/\/deftech.ch\/wp-content\/uploads\/2023\/05\/AeroBT-Hi_Temp_Microelectronics-300x150.jpg 300w, https:\/\/deftech.ch\/wp-content\/uploads\/2023\/05\/AeroBT-Hi_Temp_Microelectronics-1024x512.jpg 1024w, https:\/\/deftech.ch\/wp-content\/uploads\/2023\/05\/AeroBT-Hi_Temp_Microelectronics-768x384.jpg 768w, https:\/\/deftech.ch\/wp-content\/uploads\/2023\/05\/AeroBT-Hi_Temp_Microelectronics.jpg 1280w\" sizes=\"auto, (max-width: 300px) 100vw, 300px\" \/>\t\t\t\t\t\t\t<\/a>\n  \t\t\t\t\t\t\t  \t\t\t\t\t\t\t  \t\t\t\t\t\t<\/div>\n  \t\t\t\t\t\t  \t\t\t\t\t<\/div>\n          \t\t\t\t\t<div class=\"box-text text-center\" >\n\t\t\t\t\t<div class=\"box-text-inner blog-post-inner\">\n\n\t\t\t\t\t\n\t\t\t\t\t\t\t\t\t\t<h5 class=\"post-title is-large \">\n\t\t\t\t\t\t<a href=\"https:\/\/deftech.ch\/fr\/2023\/06\/10\/its-getting-hots-in-here-resilient-sensing-in-extreme-environments\/\" class=\"plain\">It\u2019s getting HOTS in here: Resilient sensing in extreme environments<\/a>\n\t\t\t\t\t<\/h5>\n\t\t\t\t\t\t\t\t\t\t<div class=\"is-divider\"><\/div>\n\t\t\t\t\t\t\t\t\t\t<p class=\"from_the_blog_excerpt \">\n\t\t\t\t\t\tSource illustration : honeywell.com On 16 May, the US Defense Advanced Research Projects Agency (DARPA) [...]\t\t\t\t\t<\/p>\n\t\t\t\t\t                    \n\t\t\t\t\t\n\t\t\t\t\t\n\t\t\t\t\t<\/div>\n\t\t\t\t\t<\/div>\n\t\t\t\t\t\t\t\t\t\t\t\t\t\t\t\t<div class=\"badge absolute top post-date badge-outline\">\n\t\t\t\t\t\t\t<div class=\"badge-inner\">\n\t\t\t\t\t\t\t\t<span class=\"post-date-day\">10<\/span><br>\n\t\t\t\t\t\t\t\t<span class=\"post-date-month is-xsmall\">Juin<\/span>\n\t\t\t\t\t\t\t<\/div>\n\t\t\t\t\t\t<\/div>\n\t\t\t\t\t\t\t\t\t<\/div>\n\t\t\t<\/div>\n\t\t<\/div><div class=\"col post-item\" >\n\t\t\t<div class=\"col-inner\">\n\t\t\t\t<div class=\"box box-text-bottom box-blog-post has-hover\">\n            \t\t\t\t\t<div class=\"box-image\" >\n  \t\t\t\t\t\t<div class=\"image-cover\" style=\"padding-top:180px;\">\n\t\t\t\t\t\t\t<a href=\"https:\/\/deftech.ch\/fr\/2023\/05\/15\/low-cost-small-and-agile-conflict-coming-to-the-undersea-domain\/\" class=\"plain\" aria-label=\"Low-Cost, Small, and Agile Conflict Coming to the Undersea Domain?\">\n\t\t\t\t\t\t\t\t<img loading=\"lazy\" decoding=\"async\" width=\"300\" height=\"200\" src=\"https:\/\/deftech.ch\/wp-content\/uploads\/2023\/05\/Kronos-2-300x200.jpg\" class=\"attachment-medium size-medium wp-post-image\" alt=\"\" srcset=\"https:\/\/deftech.ch\/wp-content\/uploads\/2023\/05\/Kronos-2-300x200.jpg 300w, https:\/\/deftech.ch\/wp-content\/uploads\/2023\/05\/Kronos-2-768x512.jpg 768w, https:\/\/deftech.ch\/wp-content\/uploads\/2023\/05\/Kronos-2.jpg 1024w\" sizes=\"auto, (max-width: 300px) 100vw, 300px\" \/>\t\t\t\t\t\t\t<\/a>\n  \t\t\t\t\t\t\t  \t\t\t\t\t\t\t  \t\t\t\t\t\t<\/div>\n  \t\t\t\t\t\t  \t\t\t\t\t<\/div>\n          \t\t\t\t\t<div class=\"box-text text-center\" >\n\t\t\t\t\t<div class=\"box-text-inner blog-post-inner\">\n\n\t\t\t\t\t\n\t\t\t\t\t\t\t\t\t\t<h5 class=\"post-title is-large \">\n\t\t\t\t\t\t<a href=\"https:\/\/deftech.ch\/fr\/2023\/05\/15\/low-cost-small-and-agile-conflict-coming-to-the-undersea-domain\/\" class=\"plain\">Low-Cost, Small, and Agile Conflict Coming to the Undersea Domain?<\/a>\n\t\t\t\t\t<\/h5>\n\t\t\t\t\t\t\t\t\t\t<div class=\"is-divider\"><\/div>\n\t\t\t\t\t\t\t\t\t\t<p class=\"from_the_blog_excerpt \">\n\t\t\t\t\t\tAn article published on Fast Company in April details the development of a new type [...]\t\t\t\t\t<\/p>\n\t\t\t\t\t                    \n\t\t\t\t\t\n\t\t\t\t\t\n\t\t\t\t\t<\/div>\n\t\t\t\t\t<\/div>\n\t\t\t\t\t\t\t\t\t\t\t\t\t\t\t\t<div class=\"badge absolute top post-date badge-outline\">\n\t\t\t\t\t\t\t<div class=\"badge-inner\">\n\t\t\t\t\t\t\t\t<span class=\"post-date-day\">15<\/span><br>\n\t\t\t\t\t\t\t\t<span class=\"post-date-month is-xsmall\">Mai<\/span>\n\t\t\t\t\t\t\t<\/div>\n\t\t\t\t\t\t<\/div>\n\t\t\t\t\t\t\t\t\t<\/div>\n\t\t\t<\/div>\n\t\t<\/div><\/div>\n\t\t<\/div>\n\t\t\t\t\t<\/div>\n\n\t\n<\/div>\n\t\t<\/div>\n\n\t\t\n<style>\n#section_2062833206 {\n  padding-top: 0px;\n  padding-bottom: 0px;\n  background-color: rgb(247, 247, 247);\n}\n#section_2062833206 .section-bg-overlay {\n  background-color: rgba(255, 255, 255, 0.85);\n}\n<\/style>\n\t<\/section>\n\t\n","protected":false},"excerpt":{"rendered":"","protected":false},"author":3,"featured_media":34961,"parent":0,"menu_order":0,"comment_status":"closed","ping_status":"closed","template":"","meta":{"jetpack_post_was_ever_published":false,"footnotes":""},"class_list":["post-35244","page","type-page","status-publish","has-post-thumbnail","hentry"],"yoast_head":"<!-- This site is optimized with the Yoast SEO plugin v27.4 - https:\/\/yoast.com\/product\/yoast-seo-wordpress\/ -->\n<title>Mat\u00e9riaux et fabrication avanc\u00e9e - Deftech \u00b7 Defence Future Technologies<\/title>\n<meta name=\"robots\" content=\"index, follow, max-snippet:-1, max-image-preview:large, max-video-preview:-1\" \/>\n<link rel=\"canonical\" href=\"https:\/\/deftech.ch\/fr\/materiaux-et-fabrication-avancee\/\" \/>\n<meta property=\"og:locale\" content=\"fr_FR\" \/>\n<meta property=\"og:type\" content=\"article\" \/>\n<meta property=\"og:title\" content=\"Mat\u00e9riaux et fabrication avanc\u00e9e - Deftech \u00b7 Defence Future Technologies\" \/>\n<meta property=\"og:url\" content=\"https:\/\/deftech.ch\/fr\/materiaux-et-fabrication-avancee\/\" \/>\n<meta property=\"og:site_name\" content=\"Deftech \u00b7 Defence Future Technologies\" \/>\n<meta property=\"og:image\" content=\"https:\/\/deftech.ch\/wp-content\/uploads\/2023\/04\/NATO-materials-and-advanced-manufacturing.jpg\" \/>\n\t<meta property=\"og:image:width\" content=\"2462\" \/>\n\t<meta property=\"og:image:height\" content=\"1230\" \/>\n\t<meta property=\"og:image:type\" content=\"image\/jpeg\" \/>\n<meta name=\"twitter:card\" content=\"summary_large_image\" \/>\n<meta name=\"twitter:site\" content=\"@deftechCH\" \/>\n<meta name=\"twitter:label1\" content=\"Dur\u00e9e de lecture estim\u00e9e\" \/>\n\t<meta name=\"twitter:data1\" content=\"1 minute\" \/>\n<script type=\"application\/ld+json\" class=\"yoast-schema-graph\">{\"@context\":\"https:\\\/\\\/schema.org\",\"@graph\":[{\"@type\":\"WebPage\",\"@id\":\"https:\\\/\\\/deftech.ch\\\/fr\\\/materiaux-et-fabrication-avancee\\\/\",\"url\":\"https:\\\/\\\/deftech.ch\\\/fr\\\/materiaux-et-fabrication-avancee\\\/\",\"name\":\"Mat\u00e9riaux et fabrication avanc\u00e9e - Deftech \u00b7 Defence Future Technologies\",\"isPartOf\":{\"@id\":\"https:\\\/\\\/deftech.ch\\\/#website\"},\"primaryImageOfPage\":{\"@id\":\"https:\\\/\\\/deftech.ch\\\/fr\\\/materiaux-et-fabrication-avancee\\\/#primaryimage\"},\"image\":{\"@id\":\"https:\\\/\\\/deftech.ch\\\/fr\\\/materiaux-et-fabrication-avancee\\\/#primaryimage\"},\"thumbnailUrl\":\"https:\\\/\\\/deftech.ch\\\/wp-content\\\/uploads\\\/2023\\\/04\\\/NATO-materials-and-advanced-manufacturing.jpg\",\"datePublished\":\"2023-04-05T12:29:58+00:00\",\"breadcrumb\":{\"@id\":\"https:\\\/\\\/deftech.ch\\\/fr\\\/materiaux-et-fabrication-avancee\\\/#breadcrumb\"},\"inLanguage\":\"fr-FR\",\"potentialAction\":[{\"@type\":\"ReadAction\",\"target\":[\"https:\\\/\\\/deftech.ch\\\/fr\\\/materiaux-et-fabrication-avancee\\\/\"]}]},{\"@type\":\"ImageObject\",\"inLanguage\":\"fr-FR\",\"@id\":\"https:\\\/\\\/deftech.ch\\\/fr\\\/materiaux-et-fabrication-avancee\\\/#primaryimage\",\"url\":\"https:\\\/\\\/deftech.ch\\\/wp-content\\\/uploads\\\/2023\\\/04\\\/NATO-materials-and-advanced-manufacturing.jpg\",\"contentUrl\":\"https:\\\/\\\/deftech.ch\\\/wp-content\\\/uploads\\\/2023\\\/04\\\/NATO-materials-and-advanced-manufacturing.jpg\",\"width\":2462,\"height\":1230},{\"@type\":\"BreadcrumbList\",\"@id\":\"https:\\\/\\\/deftech.ch\\\/fr\\\/materiaux-et-fabrication-avancee\\\/#breadcrumb\",\"itemListElement\":[{\"@type\":\"ListItem\",\"position\":1,\"name\":\"Home\",\"item\":\"https:\\\/\\\/deftech.ch\\\/fr\\\/\"},{\"@type\":\"ListItem\",\"position\":2,\"name\":\"Mat\u00e9riaux et fabrication avanc\u00e9e\"}]},{\"@type\":\"WebSite\",\"@id\":\"https:\\\/\\\/deftech.ch\\\/#website\",\"url\":\"https:\\\/\\\/deftech.ch\\\/\",\"name\":\"Deftech - Defence Future Technologies\",\"description\":\"Inspire - Inform - Instruct\",\"publisher\":{\"@id\":\"https:\\\/\\\/deftech.ch\\\/#organization\"},\"potentialAction\":[{\"@type\":\"SearchAction\",\"target\":{\"@type\":\"EntryPoint\",\"urlTemplate\":\"https:\\\/\\\/deftech.ch\\\/?s={search_term_string}\"},\"query-input\":{\"@type\":\"PropertyValueSpecification\",\"valueRequired\":true,\"valueName\":\"search_term_string\"}}],\"inLanguage\":\"fr-FR\"},{\"@type\":\"Organization\",\"@id\":\"https:\\\/\\\/deftech.ch\\\/#organization\",\"name\":\"Deftech - Defence Future Technologies\",\"alternateName\":\"Foresight Program by armasuisse Science and Technology\",\"url\":\"https:\\\/\\\/deftech.ch\\\/\",\"logo\":{\"@type\":\"ImageObject\",\"inLanguage\":\"fr-FR\",\"@id\":\"https:\\\/\\\/deftech.ch\\\/#\\\/schema\\\/logo\\\/image\\\/\",\"url\":\"https:\\\/\\\/i0.wp.com\\\/deftech.ch\\\/wp-content\\\/uploads\\\/2024\\\/09\\\/deftech-white-red-round-background.002.png?fit=1500%2C1500&ssl=1\",\"contentUrl\":\"https:\\\/\\\/i0.wp.com\\\/deftech.ch\\\/wp-content\\\/uploads\\\/2024\\\/09\\\/deftech-white-red-round-background.002.png?fit=1500%2C1500&ssl=1\",\"width\":1500,\"height\":1500,\"caption\":\"Deftech - Defence Future Technologies\"},\"image\":{\"@id\":\"https:\\\/\\\/deftech.ch\\\/#\\\/schema\\\/logo\\\/image\\\/\"},\"sameAs\":[\"https:\\\/\\\/x.com\\\/deftechCH\",\"https:\\\/\\\/linkedin.com\\\/in\\\/ladetto\"]}]}<\/script>\n<!-- \/ Yoast SEO plugin. -->","yoast_head_json":{"title":"Mat\u00e9riaux et fabrication avanc\u00e9e - Deftech \u00b7 Defence Future Technologies","robots":{"index":"index","follow":"follow","max-snippet":"max-snippet:-1","max-image-preview":"max-image-preview:large","max-video-preview":"max-video-preview:-1"},"canonical":"https:\/\/deftech.ch\/fr\/materiaux-et-fabrication-avancee\/","og_locale":"fr_FR","og_type":"article","og_title":"Mat\u00e9riaux et fabrication avanc\u00e9e - Deftech \u00b7 Defence Future Technologies","og_url":"https:\/\/deftech.ch\/fr\/materiaux-et-fabrication-avancee\/","og_site_name":"Deftech \u00b7 Defence Future Technologies","og_image":[{"width":2462,"height":1230,"url":"https:\/\/deftech.ch\/wp-content\/uploads\/2023\/04\/NATO-materials-and-advanced-manufacturing.jpg","type":"image\/jpeg"}],"twitter_card":"summary_large_image","twitter_site":"@deftechCH","twitter_misc":{"Dur\u00e9e de lecture estim\u00e9e":"1 minute"},"schema":{"@context":"https:\/\/schema.org","@graph":[{"@type":"WebPage","@id":"https:\/\/deftech.ch\/fr\/materiaux-et-fabrication-avancee\/","url":"https:\/\/deftech.ch\/fr\/materiaux-et-fabrication-avancee\/","name":"Mat\u00e9riaux et fabrication avanc\u00e9e - Deftech \u00b7 Defence Future Technologies","isPartOf":{"@id":"https:\/\/deftech.ch\/#website"},"primaryImageOfPage":{"@id":"https:\/\/deftech.ch\/fr\/materiaux-et-fabrication-avancee\/#primaryimage"},"image":{"@id":"https:\/\/deftech.ch\/fr\/materiaux-et-fabrication-avancee\/#primaryimage"},"thumbnailUrl":"https:\/\/deftech.ch\/wp-content\/uploads\/2023\/04\/NATO-materials-and-advanced-manufacturing.jpg","datePublished":"2023-04-05T12:29:58+00:00","breadcrumb":{"@id":"https:\/\/deftech.ch\/fr\/materiaux-et-fabrication-avancee\/#breadcrumb"},"inLanguage":"fr-FR","potentialAction":[{"@type":"ReadAction","target":["https:\/\/deftech.ch\/fr\/materiaux-et-fabrication-avancee\/"]}]},{"@type":"ImageObject","inLanguage":"fr-FR","@id":"https:\/\/deftech.ch\/fr\/materiaux-et-fabrication-avancee\/#primaryimage","url":"https:\/\/deftech.ch\/wp-content\/uploads\/2023\/04\/NATO-materials-and-advanced-manufacturing.jpg","contentUrl":"https:\/\/deftech.ch\/wp-content\/uploads\/2023\/04\/NATO-materials-and-advanced-manufacturing.jpg","width":2462,"height":1230},{"@type":"BreadcrumbList","@id":"https:\/\/deftech.ch\/fr\/materiaux-et-fabrication-avancee\/#breadcrumb","itemListElement":[{"@type":"ListItem","position":1,"name":"Home","item":"https:\/\/deftech.ch\/fr\/"},{"@type":"ListItem","position":2,"name":"Mat\u00e9riaux et fabrication avanc\u00e9e"}]},{"@type":"WebSite","@id":"https:\/\/deftech.ch\/#website","url":"https:\/\/deftech.ch\/","name":"Deftech - Defence Future Technologies","description":"Inspire - Inform - Instruct","publisher":{"@id":"https:\/\/deftech.ch\/#organization"},"potentialAction":[{"@type":"SearchAction","target":{"@type":"EntryPoint","urlTemplate":"https:\/\/deftech.ch\/?s={search_term_string}"},"query-input":{"@type":"PropertyValueSpecification","valueRequired":true,"valueName":"search_term_string"}}],"inLanguage":"fr-FR"},{"@type":"Organization","@id":"https:\/\/deftech.ch\/#organization","name":"Deftech - Defence Future Technologies","alternateName":"Foresight Program by armasuisse Science and Technology","url":"https:\/\/deftech.ch\/","logo":{"@type":"ImageObject","inLanguage":"fr-FR","@id":"https:\/\/deftech.ch\/#\/schema\/logo\/image\/","url":"https:\/\/i0.wp.com\/deftech.ch\/wp-content\/uploads\/2024\/09\/deftech-white-red-round-background.002.png?fit=1500%2C1500&ssl=1","contentUrl":"https:\/\/i0.wp.com\/deftech.ch\/wp-content\/uploads\/2024\/09\/deftech-white-red-round-background.002.png?fit=1500%2C1500&ssl=1","width":1500,"height":1500,"caption":"Deftech - Defence Future Technologies"},"image":{"@id":"https:\/\/deftech.ch\/#\/schema\/logo\/image\/"},"sameAs":["https:\/\/x.com\/deftechCH","https:\/\/linkedin.com\/in\/ladetto"]}]}},"jetpack_sharing_enabled":true,"jetpack_shortlink":"https:\/\/wp.me\/PaO9lW-9as","_links":{"self":[{"href":"https:\/\/deftech.ch\/fr\/wp-json\/wp\/v2\/pages\/35244","targetHints":{"allow":["GET"]}}],"collection":[{"href":"https:\/\/deftech.ch\/fr\/wp-json\/wp\/v2\/pages"}],"about":[{"href":"https:\/\/deftech.ch\/fr\/wp-json\/wp\/v2\/types\/page"}],"author":[{"embeddable":true,"href":"https:\/\/deftech.ch\/fr\/wp-json\/wp\/v2\/users\/3"}],"replies":[{"embeddable":true,"href":"https:\/\/deftech.ch\/fr\/wp-json\/wp\/v2\/comments?post=35244"}],"version-history":[{"count":3,"href":"https:\/\/deftech.ch\/fr\/wp-json\/wp\/v2\/pages\/35244\/revisions"}],"predecessor-version":[{"id":35247,"href":"https:\/\/deftech.ch\/fr\/wp-json\/wp\/v2\/pages\/35244\/revisions\/35247"}],"wp:featuredmedia":[{"embeddable":true,"href":"https:\/\/deftech.ch\/fr\/wp-json\/wp\/v2\/media\/34961"}],"wp:attachment":[{"href":"https:\/\/deftech.ch\/fr\/wp-json\/wp\/v2\/media?parent=35244"}],"curies":[{"name":"wp","href":"https:\/\/api.w.org\/{rel}","templated":true}]}}