{"id":37752,"date":"2024-02-15T18:09:29","date_gmt":"2024-02-15T17:09:29","guid":{"rendered":"https:\/\/deftech.ch\/?page_id=37752"},"modified":"2024-03-18T15:04:51","modified_gmt":"2024-03-18T14:04:51","slug":"le-soldat-et-lia-generative","status":"publish","type":"page","link":"https:\/\/deftech.ch\/fr\/le-soldat-et-lia-generative\/","title":{"rendered":"Le Soldat et l&#8217;IA G\u00e9n\u00e9rative"},"content":{"rendered":"  <div id=\"page-header-404197399\" class=\"page-header-wrapper\">\n  <div class=\"page-title light simple-title\">\n\n    \n    <div class=\"page-title-inner container align-center text-center flex-row-col medium-flex-wrap\" >\n              <div class=\"title-wrapper uppercase is-larger flex-col\">\n          <h1 class=\"entry-title mb-0\">\n            Le Soldat et l&#8217;IA G\u00e9n\u00e9rative          <\/h1>\n        <\/div>\n                    <div class=\"title-content flex-col\">\n        <div class=\"title-breadcrumbs pb-half pt-half\"><\/div>      <\/div>\n    <\/div>\n\n       <\/div>\n    <\/div>\n  \n\n\t<section class=\"section\" id=\"section_1747414263\">\n\t\t<div class=\"section-bg fill\" >\n\t\t\t\t\t\t\t\t\t\n\t\t\t\n\n\t\t<\/div>\n\n\t\t\n\n\t\t<div class=\"section-content relative\">\n\t\t\t\n<div class=\"row align-center\"  id=\"row-510834417\">\n\n\t<div id=\"col-140868008\" class=\"col medium-10 small-12 large-10\"  >\n\t\t\t\t<div class=\"col-inner dark\" style=\"background-color:#cc2b1b;\" >\n\t\t\t\n\t\t\t\n\t<div id=\"text-2238524163\" class=\"text\">\n\t\t\n<p class=\"lead\">On oublie parfois de le mentionner tellement cela semble \u00e9vident : tout document tels que ceux r\u00e9alis\u00e9s par le dispositif d&#8217;anticipation deftech portent en soi le changement.<\/p>\n<p class=\"lead\">Plus que le th\u00e8me de l\u2019<strong>IA g\u00e9n\u00e9rative<\/strong> en soi, c\u2019est bien le processus et la transition entre aujourd\u2019hui et un futur, quel qu\u2019il soit, qu\u2019il faut pr\u00e9parer. <strong>Quels impacts<\/strong> sur les comp\u00e9tences \u00e0 acqu\u00e9rir, sur les d\u00e9fis \u00e0 relever ? <strong>Quelles opportunit\u00e9s ? Quelles menaces ?<\/strong> Ce sera n\u00e9cessairement une aventure individuelle et collective.<\/p>\n<p class=\"lead\">Afin de <strong>guider cette r\u00e9flexion<\/strong>, nous vous proposons ce bin\u00f4me &#8220;<strong>cahier th\u00e9matique + livret d\u2019exercices<\/strong>&#8221; qui a pour ambition d\u2019initier et structurer les premi\u00e8res \u00e9tapes du voyage. Il nous para\u00eet important de <strong>prendre un temps de r\u00e9flexion<\/strong>, afin de se pr\u00e9parer \u00e0 des changements, encore incertains, sur notre fa\u00e7on de raisonner, travailler et de d\u00e9cider.<\/p>\n<p class=\"lead\">Comme le disait Benjamin Franklin : \u00ab En omettant de vous pr\u00e9parer, vous vous pr\u00e9parez \u00e0 \u00e9chouer \u00bb.\u00a0<\/p>\n<p class=\"lead\">Nous esp\u00e9rons que ce projet permette de stimuler et d\u2019\u00e9clairer la voie vers vos r\u00e9ponses.<\/p>\n\t\t\n<style>\n#text-2238524163 {\n  text-align: left;\n}\n<\/style>\n\t<\/div>\n\t\n\t\t<\/div>\n\t\t\t\t\n<style>\n#col-140868008 > .col-inner {\n  padding: 20px 20px 20px 20px;\n  border-radius: 15px;\n}\n<\/style>\n\t<\/div>\n\n\t\n<\/div>\n\t<div id=\"gap-497021458\" class=\"gap-element clearfix\" style=\"display:block; height:auto;\">\n\t\t\n<style>\n#gap-497021458 {\n  padding-top: 50px;\n}\n<\/style>\n\t<\/div>\n\t\n<div class=\"row align-center\"  id=\"row-1510838426\">\n\n\t<div id=\"col-1842926903\" class=\"col medium-5 small-12 large-5\"  >\n\t\t\t\t<div class=\"col-inner\"  >\n\t\t\t\n\t\t\t\n<p style=\"text-align: center;\"><span style=\"color: #282828;\"><strong>Lire le PDF pour se familiariser avec l&#8217;IA G\u00e9n\u00e9rative pour le Soldat<\/strong><\/span><\/p>\n\t<div class=\"box has-hover   has-hover box-shadow-5 box-text-bottom\" >\n\n\t\t<div class=\"box-image\" >\n\t\t\t<a href=\"https:\/\/deftech.ch\/wp-content\/uploads\/2023\/12\/SoldatIAGenerative_LeCoupdApres_Deftech_Nov23-PubNum_Planches.pdf\" >\t\t\t<div class=\"\" >\n\t\t\t\t<img loading=\"lazy\" decoding=\"async\" width=\"1190\" height=\"1683\" src=\"https:\/\/deftech.ch\/wp-content\/uploads\/2023\/12\/SoldatIAGenerative_LeCoupdApres_Deftech_Nov23-PubNum__cover.jpg\" class=\"attachment- size-\" alt=\"\" srcset=\"https:\/\/deftech.ch\/wp-content\/uploads\/2023\/12\/SoldatIAGenerative_LeCoupdApres_Deftech_Nov23-PubNum__cover.jpg 1190w, https:\/\/deftech.ch\/wp-content\/uploads\/2023\/12\/SoldatIAGenerative_LeCoupdApres_Deftech_Nov23-PubNum__cover-212x300.jpg 212w, https:\/\/deftech.ch\/wp-content\/uploads\/2023\/12\/SoldatIAGenerative_LeCoupdApres_Deftech_Nov23-PubNum__cover-724x1024.jpg 724w, https:\/\/deftech.ch\/wp-content\/uploads\/2023\/12\/SoldatIAGenerative_LeCoupdApres_Deftech_Nov23-PubNum__cover-768x1086.jpg 768w, https:\/\/deftech.ch\/wp-content\/uploads\/2023\/12\/SoldatIAGenerative_LeCoupdApres_Deftech_Nov23-PubNum__cover-1086x1536.jpg 1086w\" sizes=\"auto, (max-width: 1190px) 100vw, 1190px\" \/>\t\t\t\t\t\t\t\t\t\t\t<\/div>\n\t\t\t<\/a>\t\t<\/div>\n\n\t\t<div class=\"box-text text-center\" >\n\t\t\t<div class=\"box-text-inner\">\n\t\t\t\t\n<h4><strong>Le Soldat et l&#8217;IA g\u00e9n\u00e9rative<\/strong><\/h4>\n<p><a href=\"https:\/\/deftech.ch\/wp-content\/uploads\/2023\/12\/SoldatIAGenerative_LeCoupdApres_Deftech_Nov23-PubNum_Planches.pdf\">Fran\u00e7ais<\/a> | <a href=\"https:\/\/deftech.ch\/wp-content\/uploads\/2024\/02\/Der-Soldat-und-Generative-KI__LeCoupdApres-deftech__Planches.pdf\">Deutsch<\/a><\/p>\n<p><a href=\"https:\/\/deftech.ch\/wp-content\/uploads\/2023\/12\/SoldatIAGenerative_LeCoupdApres_Deftech_Nov23-PubNum_Pages.pdf\">Version <em>Page par page<\/em><\/a><br \/><em><a href=\"https:\/\/deftech.ch\/wp-content\/uploads\/2024\/02\/Der-Soldat-und-Generative-KI__LeCoupdApres-deftech__Pages.pdf\">Version Seite f\u00fcr Seite<\/a><\/em><\/p>\n\t\t\t<\/div>\n\t\t<\/div>\n\t<\/div>\n\t\n\t\t<\/div>\n\t\t\t\t\t<\/div>\n\n\t\n\n\t<div id=\"col-777984635\" class=\"col medium-5 small-12 large-5\"  >\n\t\t\t\t<div class=\"col-inner\"  >\n\t\t\t\n\t\t\t\n<p style=\"text-align: center;\"><span style=\"color: #282828;\"><strong>Lire le PDF pour vous pr\u00e9parer au changement<\/strong><\/span><\/p>\n\t<div class=\"box has-hover   has-hover box-shadow-5 box-text-bottom\" >\n\n\t\t<div class=\"box-image\" >\n\t\t\t<a href=\"https:\/\/deftech.ch\/wp-content\/uploads\/2024\/02\/Workbook_SoldatIAGenerative_LeCoupdApres_Deftech_Fev2024-Num_Planches.pdf\" >\t\t\t<div class=\"\" >\n\t\t\t\t<img loading=\"lazy\" decoding=\"async\" width=\"1190\" height=\"1683\" src=\"https:\/\/deftech.ch\/wp-content\/uploads\/2024\/02\/Workbook_SoldatIAGenerative_LeCoupdApres_Deftech_Fev2024-Num_Pages__cover.jpg\" class=\"attachment- size-\" alt=\"\" srcset=\"https:\/\/deftech.ch\/wp-content\/uploads\/2024\/02\/Workbook_SoldatIAGenerative_LeCoupdApres_Deftech_Fev2024-Num_Pages__cover.jpg 1190w, https:\/\/deftech.ch\/wp-content\/uploads\/2024\/02\/Workbook_SoldatIAGenerative_LeCoupdApres_Deftech_Fev2024-Num_Pages__cover-212x300.jpg 212w, https:\/\/deftech.ch\/wp-content\/uploads\/2024\/02\/Workbook_SoldatIAGenerative_LeCoupdApres_Deftech_Fev2024-Num_Pages__cover-724x1024.jpg 724w, https:\/\/deftech.ch\/wp-content\/uploads\/2024\/02\/Workbook_SoldatIAGenerative_LeCoupdApres_Deftech_Fev2024-Num_Pages__cover-768x1086.jpg 768w, https:\/\/deftech.ch\/wp-content\/uploads\/2024\/02\/Workbook_SoldatIAGenerative_LeCoupdApres_Deftech_Fev2024-Num_Pages__cover-1086x1536.jpg 1086w\" sizes=\"auto, (max-width: 1190px) 100vw, 1190px\" \/>\t\t\t\t\t\t\t\t\t\t\t<\/div>\n\t\t\t<\/a>\t\t<\/div>\n\n\t\t<div class=\"box-text text-center\" >\n\t\t\t<div class=\"box-text-inner\">\n\t\t\t\t\n<h4><strong>WORKBOOK | Le Soldat et l&#8217;IA g\u00e9n\u00e9rative<\/strong><\/h4>\n<p><a href=\"https:\/\/deftech.ch\/wp-content\/uploads\/2024\/02\/Workbook_SoldatIAGenerative_LeCoupdApres_Deftech_Fev2024-Num_Planches.pdf\">Fran\u00e7ais<\/a> | <a href=\"https:\/\/deftech.ch\/wp-content\/uploads\/2024\/03\/WORKBOOK__Der-Soldat-und-Generative-KI__LeCoupdApres-deftech__PLANCHES.pdf\">Deutsch<\/a><\/p>\n<p><a href=\"https:\/\/deftech.ch\/wp-content\/uploads\/2024\/02\/Workbook_SoldatIAGenerative_LeCoupdApres_Deftech_Fev2024-Num_Pages.pdf\">Version <em>Page par page<\/em><\/a><\/p>\n<p><a href=\"https:\/\/deftech.ch\/wp-content\/uploads\/2024\/03\/WORKBOOK__Der-Soldat-und-Generative-KI__LeCoupdApres-deftech__PAGES.pdf\">Version Seite f\u00fcr Seite<\/a><\/p>\n\t\t\t<\/div>\n\t\t<\/div>\n\t<\/div>\n\t\n\t\t<\/div>\n\t\t\t\t\t<\/div>\n\n\t\n\n\t<div id=\"col-321127423\" class=\"col medium-6 small-12 large-6\"  >\n\t\t\t\t<div class=\"col-inner\"  >\n\t\t\t\n\t\t\t\n\t<div id=\"gap-1923635868\" class=\"gap-element clearfix\" style=\"display:block; height:auto;\">\n\t\t\n<style>\n#gap-1923635868 {\n  padding-top: 50px;\n}\n<\/style>\n\t<\/div>\n\t\n\t<div id=\"gap-1417391854\" class=\"gap-element clearfix\" style=\"display:block; height:auto;\">\n\t\t\n<style>\n#gap-1417391854 {\n  padding-top: 50px;\n}\n<\/style>\n\t<\/div>\n\t\n<div class=\"row align-middle align-center\"  id=\"row-1192520144\">\n\n\t<div id=\"col-1466809872\" class=\"col medium-6 small-12 large-6\"  >\n\t\t\t\t<div class=\"col-inner\"  >\n\t\t\t\n\t\t\t\n<p class=\"lead\">Ensemble avec <\/p>\n\t\t<\/div>\n\t\t\t\t\t<\/div>\n\n\t\n\n\t<div id=\"col-716686207\" class=\"col medium-6 small-12 large-6\"  >\n\t\t\t\t<div class=\"col-inner\"  >\n\t\t\t\n\t\t\t\n\t<div class=\"img has-hover x md-x lg-x y md-y lg-y\" id=\"image_1284063990\">\n\t\t<a class=\"\" href=\"https:\/\/www.lecoupdapres.fr\/\" >\t\t\t\t\t\t<div class=\"img-inner dark\" >\n\t\t\t<img loading=\"lazy\" decoding=\"async\" width=\"824\" height=\"624\" src=\"https:\/\/deftech.ch\/wp-content\/uploads\/2024\/01\/LogoLCA_neo2_TypoNoire_FondBlanc.png\" class=\"attachment-large size-large\" alt=\"\" srcset=\"https:\/\/deftech.ch\/wp-content\/uploads\/2024\/01\/LogoLCA_neo2_TypoNoire_FondBlanc.png 824w, https:\/\/deftech.ch\/wp-content\/uploads\/2024\/01\/LogoLCA_neo2_TypoNoire_FondBlanc-300x227.png 300w, https:\/\/deftech.ch\/wp-content\/uploads\/2024\/01\/LogoLCA_neo2_TypoNoire_FondBlanc-768x582.png 768w\" sizes=\"auto, (max-width: 824px) 100vw, 824px\" \/>\t\t\t\t\t\t\n\t\t\t\t\t<\/div>\n\t\t\t\t\t\t<\/a>\t\t\n<style>\n#image_1284063990 {\n  width: 100%;\n}\n<\/style>\n\t<\/div>\n\t\n\t\t<\/div>\n\t\t\t\t\t<\/div>\n\n\t\n<\/div>\n\t\t<\/div>\n\t\t\t\t\t<\/div>\n\n\t\n<\/div>\n\t\t<\/div>\n\n\t\t\n<style>\n#section_1747414263 {\n  padding-top: 30px;\n  padding-bottom: 30px;\n}\n<\/style>\n\t<\/section>\n\t\n","protected":false},"excerpt":{"rendered":"","protected":false},"author":3,"featured_media":37795,"parent":0,"menu_order":0,"comment_status":"closed","ping_status":"closed","template":"","meta":{"jetpack_post_was_ever_published":false,"footnotes":""},"class_list":["post-37752","page","type-page","status-publish","has-post-thumbnail","hentry"],"yoast_head":"<!-- This site is optimized with the Yoast SEO plugin v27.4 - https:\/\/yoast.com\/product\/yoast-seo-wordpress\/ -->\n<title>Le Soldat et l&#039;IA G\u00e9n\u00e9rative - Deftech \u00b7 Defence Future Technologies<\/title>\n<meta name=\"robots\" content=\"index, follow, max-snippet:-1, max-image-preview:large, max-video-preview:-1\" \/>\n<link rel=\"canonical\" href=\"https:\/\/deftech.ch\/fr\/le-soldat-et-lia-generative\/\" \/>\n<meta property=\"og:locale\" content=\"fr_FR\" \/>\n<meta property=\"og:type\" content=\"article\" \/>\n<meta property=\"og:title\" content=\"Le Soldat et l&#039;IA G\u00e9n\u00e9rative - Deftech \u00b7 Defence Future Technologies\" \/>\n<meta property=\"og:url\" content=\"https:\/\/deftech.ch\/fr\/le-soldat-et-lia-generative\/\" \/>\n<meta property=\"og:site_name\" content=\"Deftech \u00b7 Defence Future Technologies\" \/>\n<meta property=\"article:modified_time\" content=\"2024-03-18T14:04:51+00:00\" \/>\n<meta property=\"og:image\" content=\"https:\/\/deftech.ch\/wp-content\/uploads\/2024\/02\/Le-Soldat-et-L-IA-Generative-Study-Workbook.jpg\" \/>\n\t<meta property=\"og:image:width\" content=\"2472\" \/>\n\t<meta property=\"og:image:height\" content=\"1690\" \/>\n\t<meta property=\"og:image:type\" content=\"image\/jpeg\" \/>\n<meta name=\"twitter:card\" content=\"summary_large_image\" \/>\n<meta name=\"twitter:site\" content=\"@deftechCH\" \/>\n<meta name=\"twitter:label1\" content=\"Dur\u00e9e de lecture estim\u00e9e\" \/>\n\t<meta name=\"twitter:data1\" content=\"2 minutes\" \/>\n<script type=\"application\/ld+json\" class=\"yoast-schema-graph\">{\"@context\":\"https:\\\/\\\/schema.org\",\"@graph\":[{\"@type\":\"WebPage\",\"@id\":\"https:\\\/\\\/deftech.ch\\\/fr\\\/le-soldat-et-lia-generative\\\/\",\"url\":\"https:\\\/\\\/deftech.ch\\\/fr\\\/le-soldat-et-lia-generative\\\/\",\"name\":\"Le Soldat et l'IA G\u00e9n\u00e9rative - Deftech \u00b7 Defence Future Technologies\",\"isPartOf\":{\"@id\":\"https:\\\/\\\/deftech.ch\\\/#website\"},\"primaryImageOfPage\":{\"@id\":\"https:\\\/\\\/deftech.ch\\\/fr\\\/le-soldat-et-lia-generative\\\/#primaryimage\"},\"image\":{\"@id\":\"https:\\\/\\\/deftech.ch\\\/fr\\\/le-soldat-et-lia-generative\\\/#primaryimage\"},\"thumbnailUrl\":\"https:\\\/\\\/deftech.ch\\\/wp-content\\\/uploads\\\/2024\\\/02\\\/Le-Soldat-et-L-IA-Generative-Study-Workbook.jpg\",\"datePublished\":\"2024-02-15T17:09:29+00:00\",\"dateModified\":\"2024-03-18T14:04:51+00:00\",\"breadcrumb\":{\"@id\":\"https:\\\/\\\/deftech.ch\\\/fr\\\/le-soldat-et-lia-generative\\\/#breadcrumb\"},\"inLanguage\":\"fr-FR\",\"potentialAction\":[{\"@type\":\"ReadAction\",\"target\":[\"https:\\\/\\\/deftech.ch\\\/fr\\\/le-soldat-et-lia-generative\\\/\"]}]},{\"@type\":\"ImageObject\",\"inLanguage\":\"fr-FR\",\"@id\":\"https:\\\/\\\/deftech.ch\\\/fr\\\/le-soldat-et-lia-generative\\\/#primaryimage\",\"url\":\"https:\\\/\\\/deftech.ch\\\/wp-content\\\/uploads\\\/2024\\\/02\\\/Le-Soldat-et-L-IA-Generative-Study-Workbook.jpg\",\"contentUrl\":\"https:\\\/\\\/deftech.ch\\\/wp-content\\\/uploads\\\/2024\\\/02\\\/Le-Soldat-et-L-IA-Generative-Study-Workbook.jpg\",\"width\":2472,\"height\":1690},{\"@type\":\"BreadcrumbList\",\"@id\":\"https:\\\/\\\/deftech.ch\\\/fr\\\/le-soldat-et-lia-generative\\\/#breadcrumb\",\"itemListElement\":[{\"@type\":\"ListItem\",\"position\":1,\"name\":\"Home\",\"item\":\"https:\\\/\\\/deftech.ch\\\/fr\\\/\"},{\"@type\":\"ListItem\",\"position\":2,\"name\":\"Le Soldat et l&#8217;IA G\u00e9n\u00e9rative\"}]},{\"@type\":\"WebSite\",\"@id\":\"https:\\\/\\\/deftech.ch\\\/#website\",\"url\":\"https:\\\/\\\/deftech.ch\\\/\",\"name\":\"Deftech - Defence Future Technologies\",\"description\":\"Inspire - Inform - Instruct\",\"publisher\":{\"@id\":\"https:\\\/\\\/deftech.ch\\\/#organization\"},\"potentialAction\":[{\"@type\":\"SearchAction\",\"target\":{\"@type\":\"EntryPoint\",\"urlTemplate\":\"https:\\\/\\\/deftech.ch\\\/?s={search_term_string}\"},\"query-input\":{\"@type\":\"PropertyValueSpecification\",\"valueRequired\":true,\"valueName\":\"search_term_string\"}}],\"inLanguage\":\"fr-FR\"},{\"@type\":\"Organization\",\"@id\":\"https:\\\/\\\/deftech.ch\\\/#organization\",\"name\":\"Deftech - Defence Future Technologies\",\"alternateName\":\"Foresight Program by armasuisse Science and Technology\",\"url\":\"https:\\\/\\\/deftech.ch\\\/\",\"logo\":{\"@type\":\"ImageObject\",\"inLanguage\":\"fr-FR\",\"@id\":\"https:\\\/\\\/deftech.ch\\\/#\\\/schema\\\/logo\\\/image\\\/\",\"url\":\"https:\\\/\\\/i0.wp.com\\\/deftech.ch\\\/wp-content\\\/uploads\\\/2024\\\/09\\\/deftech-white-red-round-background.002.png?fit=1500%2C1500&ssl=1\",\"contentUrl\":\"https:\\\/\\\/i0.wp.com\\\/deftech.ch\\\/wp-content\\\/uploads\\\/2024\\\/09\\\/deftech-white-red-round-background.002.png?fit=1500%2C1500&ssl=1\",\"width\":1500,\"height\":1500,\"caption\":\"Deftech - Defence Future Technologies\"},\"image\":{\"@id\":\"https:\\\/\\\/deftech.ch\\\/#\\\/schema\\\/logo\\\/image\\\/\"},\"sameAs\":[\"https:\\\/\\\/x.com\\\/deftechCH\",\"https:\\\/\\\/linkedin.com\\\/in\\\/ladetto\"]}]}<\/script>\n<!-- \/ Yoast SEO plugin. -->","yoast_head_json":{"title":"Le Soldat et l'IA G\u00e9n\u00e9rative - Deftech \u00b7 Defence Future Technologies","robots":{"index":"index","follow":"follow","max-snippet":"max-snippet:-1","max-image-preview":"max-image-preview:large","max-video-preview":"max-video-preview:-1"},"canonical":"https:\/\/deftech.ch\/fr\/le-soldat-et-lia-generative\/","og_locale":"fr_FR","og_type":"article","og_title":"Le Soldat et l'IA G\u00e9n\u00e9rative - Deftech \u00b7 Defence Future Technologies","og_url":"https:\/\/deftech.ch\/fr\/le-soldat-et-lia-generative\/","og_site_name":"Deftech \u00b7 Defence Future Technologies","article_modified_time":"2024-03-18T14:04:51+00:00","og_image":[{"width":2472,"height":1690,"url":"https:\/\/deftech.ch\/wp-content\/uploads\/2024\/02\/Le-Soldat-et-L-IA-Generative-Study-Workbook.jpg","type":"image\/jpeg"}],"twitter_card":"summary_large_image","twitter_site":"@deftechCH","twitter_misc":{"Dur\u00e9e de lecture estim\u00e9e":"2 minutes"},"schema":{"@context":"https:\/\/schema.org","@graph":[{"@type":"WebPage","@id":"https:\/\/deftech.ch\/fr\/le-soldat-et-lia-generative\/","url":"https:\/\/deftech.ch\/fr\/le-soldat-et-lia-generative\/","name":"Le Soldat et l'IA G\u00e9n\u00e9rative - Deftech \u00b7 Defence Future Technologies","isPartOf":{"@id":"https:\/\/deftech.ch\/#website"},"primaryImageOfPage":{"@id":"https:\/\/deftech.ch\/fr\/le-soldat-et-lia-generative\/#primaryimage"},"image":{"@id":"https:\/\/deftech.ch\/fr\/le-soldat-et-lia-generative\/#primaryimage"},"thumbnailUrl":"https:\/\/deftech.ch\/wp-content\/uploads\/2024\/02\/Le-Soldat-et-L-IA-Generative-Study-Workbook.jpg","datePublished":"2024-02-15T17:09:29+00:00","dateModified":"2024-03-18T14:04:51+00:00","breadcrumb":{"@id":"https:\/\/deftech.ch\/fr\/le-soldat-et-lia-generative\/#breadcrumb"},"inLanguage":"fr-FR","potentialAction":[{"@type":"ReadAction","target":["https:\/\/deftech.ch\/fr\/le-soldat-et-lia-generative\/"]}]},{"@type":"ImageObject","inLanguage":"fr-FR","@id":"https:\/\/deftech.ch\/fr\/le-soldat-et-lia-generative\/#primaryimage","url":"https:\/\/deftech.ch\/wp-content\/uploads\/2024\/02\/Le-Soldat-et-L-IA-Generative-Study-Workbook.jpg","contentUrl":"https:\/\/deftech.ch\/wp-content\/uploads\/2024\/02\/Le-Soldat-et-L-IA-Generative-Study-Workbook.jpg","width":2472,"height":1690},{"@type":"BreadcrumbList","@id":"https:\/\/deftech.ch\/fr\/le-soldat-et-lia-generative\/#breadcrumb","itemListElement":[{"@type":"ListItem","position":1,"name":"Home","item":"https:\/\/deftech.ch\/fr\/"},{"@type":"ListItem","position":2,"name":"Le Soldat et l&#8217;IA G\u00e9n\u00e9rative"}]},{"@type":"WebSite","@id":"https:\/\/deftech.ch\/#website","url":"https:\/\/deftech.ch\/","name":"Deftech - Defence Future Technologies","description":"Inspire - Inform - Instruct","publisher":{"@id":"https:\/\/deftech.ch\/#organization"},"potentialAction":[{"@type":"SearchAction","target":{"@type":"EntryPoint","urlTemplate":"https:\/\/deftech.ch\/?s={search_term_string}"},"query-input":{"@type":"PropertyValueSpecification","valueRequired":true,"valueName":"search_term_string"}}],"inLanguage":"fr-FR"},{"@type":"Organization","@id":"https:\/\/deftech.ch\/#organization","name":"Deftech - Defence Future Technologies","alternateName":"Foresight Program by armasuisse Science and Technology","url":"https:\/\/deftech.ch\/","logo":{"@type":"ImageObject","inLanguage":"fr-FR","@id":"https:\/\/deftech.ch\/#\/schema\/logo\/image\/","url":"https:\/\/i0.wp.com\/deftech.ch\/wp-content\/uploads\/2024\/09\/deftech-white-red-round-background.002.png?fit=1500%2C1500&ssl=1","contentUrl":"https:\/\/i0.wp.com\/deftech.ch\/wp-content\/uploads\/2024\/09\/deftech-white-red-round-background.002.png?fit=1500%2C1500&ssl=1","width":1500,"height":1500,"caption":"Deftech - Defence Future Technologies"},"image":{"@id":"https:\/\/deftech.ch\/#\/schema\/logo\/image\/"},"sameAs":["https:\/\/x.com\/deftechCH","https:\/\/linkedin.com\/in\/ladetto"]}]}},"jetpack_sharing_enabled":true,"jetpack_shortlink":"https:\/\/wp.me\/PaO9lW-9OU","_links":{"self":[{"href":"https:\/\/deftech.ch\/fr\/wp-json\/wp\/v2\/pages\/37752","targetHints":{"allow":["GET"]}}],"collection":[{"href":"https:\/\/deftech.ch\/fr\/wp-json\/wp\/v2\/pages"}],"about":[{"href":"https:\/\/deftech.ch\/fr\/wp-json\/wp\/v2\/types\/page"}],"author":[{"embeddable":true,"href":"https:\/\/deftech.ch\/fr\/wp-json\/wp\/v2\/users\/3"}],"replies":[{"embeddable":true,"href":"https:\/\/deftech.ch\/fr\/wp-json\/wp\/v2\/comments?post=37752"}],"version-history":[{"count":8,"href":"https:\/\/deftech.ch\/fr\/wp-json\/wp\/v2\/pages\/37752\/revisions"}],"predecessor-version":[{"id":38022,"href":"https:\/\/deftech.ch\/fr\/wp-json\/wp\/v2\/pages\/37752\/revisions\/38022"}],"wp:featuredmedia":[{"embeddable":true,"href":"https:\/\/deftech.ch\/fr\/wp-json\/wp\/v2\/media\/37795"}],"wp:attachment":[{"href":"https:\/\/deftech.ch\/fr\/wp-json\/wp\/v2\/media?parent=37752"}],"curies":[{"name":"wp","href":"https:\/\/api.w.org\/{rel}","templated":true}]}}