{"id":39657,"date":"2025-02-22T19:39:29","date_gmt":"2025-02-22T18:39:29","guid":{"rendered":"https:\/\/deftech.ch\/?page_id=39657"},"modified":"2025-04-16T18:49:08","modified_gmt":"2025-04-16T16:49:08","slug":"collaboration-5-0","status":"publish","type":"page","link":"https:\/\/deftech.ch\/fr\/collaboration-5-0\/","title":{"rendered":"Collaboration 5.0"},"content":{"rendered":"\n\t<section class=\"section\" id=\"section_2142538239\">\n\t\t<div class=\"section-bg fill\" >\n\t\t\t\t\t\t\t\t\t\n\t\t\t\n\n\t\t<\/div>\n\n\t\t\n\n\t\t<div class=\"section-content relative\">\n\t\t\t\n<div class=\"row align-middle align-center\"  id=\"row-1820750854\">\n\n\t<div id=\"col-1990994146\" class=\"col medium-8 small-12 large-8\"  >\n\t\t\t\t<div class=\"col-inner text-shadow-3\" style=\"background-color:rgba(244, 3, 3, 0.221);\" >\n\t\t\t\n\t\t\t\n\t<div id=\"text-1942668550\" class=\"text\">\n\t\t\n<p class=\"lead\">Alors que la collaboration 4.0 se concentre sur l&#8217;i<strong>nteraction entre l&#8217;humain et la machine<\/strong>, que se passerait-il si la machine commen\u00e7ait \u00e0 fournir des <strong>feedbacks<\/strong> \u00e0 l&#8217;humain, cr\u00e9ant ainsi une <strong>d\u00e9pendance<\/strong>, voire le d\u00e9veloppement de <strong>sentiments<\/strong> ?<\/p>\n<p class=\"lead\">Cette dynamique change-t-elle selon l&#8217;<strong>\u00e9chelle de d\u00e9ploiement<\/strong> de la machine ? Comment maintenir la <strong>confiance<\/strong> entre ces deux entit\u00e9s et trouver un <strong>juste \u00e9quilibre<\/strong> quant \u00e0 savoir qui est au service de qui ? Quels \u00e9l\u00e9ments de l&#8217;<strong>exp\u00e9rience civile<\/strong> peuvent \u00eatre transpos\u00e9s au <strong>domaine militaire<\/strong> ?<\/p>\n<p class=\"lead\">Cette journ\u00e9e explore un m\u00e9lange de <strong>r\u00e9alit\u00e9s<\/strong> actuelles et d&#8217;<strong>ambitions futures<\/strong>, de <strong>d\u00e9fis<\/strong> et de <strong>visions<\/strong>. \u00c0 travers des ateliers, d\u00e9couvrez comment ces \u00e9volutions pourraient <strong>impacter vos fonctions professionnelles<\/strong>, tout comme votre quotidien en tant <strong>qu&#8217;individu<\/strong>.<\/p>\n<p>&nbsp;<\/p>\n<p class=\"lead uppercase\"><strong>Bienvenue en Collaboration 5.0 !<\/strong><\/p>\n\t\t\n<style>\n#text-1942668550 {\n  text-align: left;\n}\n<\/style>\n\t<\/div>\n\t\n\t\t<\/div>\n\t\t\t\t\n<style>\n#col-1990994146 > .col-inner {\n  padding: 20px 20px 20px 20px;\n  margin: 0px 0px 0px 0px;\n  border-radius: 15px;\n}\n<\/style>\n\t<\/div>\n\n\t\n\n\t<div id=\"col-286795168\" class=\"col medium-4 small-12 large-4\"  >\n\t\t\t\t<div class=\"col-inner\"  >\n\t\t\t\n\t\t\t\n\t<div class=\"img has-hover x md-x lg-x y md-y lg-y\" id=\"image_1451937140\">\n\t\t<a class=\"\" href=\"https:\/\/deftech.ch\/wp-content\/uploads\/2024\/11\/Deftech-Day__15-04-2025_Collaboration5-0_shaping-the-hearts-and-mind-of-autonomous-systems.pdf\" >\t\t\t\t\t\t<div class=\"img-inner dark\" >\n\t\t\t<img loading=\"lazy\" decoding=\"async\" width=\"722\" height=\"1024\" src=\"https:\/\/deftech.ch\/wp-content\/uploads\/2024\/11\/Deftech-Day__15-04-2025_Collaboration5-0_shaping-the-hearts-and-mind-of-autonomous-systems.jpg\" class=\"attachment-original size-original\" alt=\"\" srcset=\"https:\/\/deftech.ch\/wp-content\/uploads\/2024\/11\/Deftech-Day__15-04-2025_Collaboration5-0_shaping-the-hearts-and-mind-of-autonomous-systems.jpg 722w, https:\/\/deftech.ch\/wp-content\/uploads\/2024\/11\/Deftech-Day__15-04-2025_Collaboration5-0_shaping-the-hearts-and-mind-of-autonomous-systems-212x300.jpg 212w\" sizes=\"auto, (max-width: 722px) 100vw, 722px\" \/>\t\t\t\t\t\t\n\t\t\t\t\t<\/div>\n\t\t\t\t\t\t<\/a>\t\t\n<style>\n#image_1451937140 {\n  width: 100%;\n}\n<\/style>\n\t<\/div>\n\t\n\t\t<\/div>\n\t\t\t\t\t<\/div>\n\n\t\n<\/div>\n<div class=\"row align-center\"  id=\"row-1199656214\">\n\n\t<div id=\"col-1918226181\" class=\"col medium-11 small-12 large-11\"  >\n\t\t\t\t<div class=\"col-inner text-left\"  >\n\t\t\t\n\t\t\t\n<p class=\"lead\"><strong>DATE<\/strong> :\u00a0 <span style=\"color: #282828;\">April 15th, 2025<br \/>\n<strong>HEURE<\/strong>\u00a0:\u00a0 09:00 &#8211; 17:00<br \/>\n<\/span><strong>LIEU<\/strong> : <a href=\"https:\/\/www.ar.admin.ch\/en\/contacts-and-locations-st\">armasuisse W+T<\/a>, Feuerwerkerstrasse 39, 3602 Thun<br \/>\n<strong>LANGUE<\/strong> : English, deutsch et fran\u00e7ais.<\/p>\n\t\t<\/div>\n\t\t\t\t\n<style>\n#col-1918226181 > .col-inner {\n  padding: 0px 0px 0px 0px;\n  margin: 50px 0px 50px 0px;\n  border-radius: 33px;\n}\n<\/style>\n\t<\/div>\n\n\t\n<\/div>\n<div class=\"row\"  id=\"row-1723677689\">\n\n\t<div id=\"col-22834822\" class=\"col small-12 large-12\"  >\n\t\t\t\t<div class=\"col-inner text-center\"  >\n\t\t\t\n\t\t\t\n<a href=\"https:\/\/kdrive.infomaniak.com\/app\/share\/119220\/c2be3684-c3ae-4517-bc48-9308b35f43ca\" class=\"button success box-shadow-2\" style=\"border-radius:13px;\">\n\t\t<span>Download<\/span>\n\t<\/a>\n\n\t<div id=\"gap-1974777627\" class=\"gap-element clearfix\" style=\"display:block; height:auto;\">\n\t\t\n<style>\n#gap-1974777627 {\n  padding-top: 0px;\n}\n<\/style>\n\t<\/div>\n\t\n\t\t<\/div>\n\t\t\t\t\t<\/div>\n\n\t\n<\/div>\n<div class=\"row align-center row-box-shadow-3\"  id=\"row-1024693869\">\n\n\t<div id=\"col-1691855452\" class=\"col medium-7 small-12 large-7\"  >\n\t\t\t\t<div class=\"col-inner\"  >\n\t\t\t\n\t\t\t\n<h1 style=\"text-align: left;\">Programme<\/h1>\n<table>\n<tbody>\n<tr>\n<td>08:30 &#8211; 09:00<\/td>\n<td><strong>CAF\u00c9 DE BIENVENUE<\/strong><\/td>\n<\/tr>\n<tr>\n<td style=\"text-align: left;\"><\/td>\n<td><\/td>\n<\/tr>\n<tr>\n<td style=\"text-align: left;\">09:00 &#8211; 09:15<\/td>\n<td><span style=\"background-color: #ffff00;\"><strong>Introduction<\/strong><\/span> | <a href=\"https:\/\/deftech.ch\/contact\/\">Quentin Ladetto<\/a><\/td>\n<\/tr>\n<tr>\n<td style=\"text-align: left;\">09:15 &#8211; 10:15<\/td>\n<td><span style=\"background-color: #ffff00;\"><strong>Keynote &amp; Experience<\/strong>\u00a0<\/span>| <a style=\"font-family: inherit; font-size: inherit;\" href=\"https:\/\/www.linkedin.com\/in\/laura-tocmacov-venchiarutti-a28b268\/\"><u>Laura Tocmacov<\/u><\/a><span style=\"color: #555555; font-family: inherit; font-size: inherit;\">\u00a0<\/span><\/td>\n<\/tr>\n<tr>\n<td style=\"text-align: left;\">10:15 &#8211; 10:45<\/td>\n<td><span style=\"background-color: #ffff00;\"><strong>Transformer l\u2019intuition en avantage op\u00e9rationnel<\/strong><\/span> | <a href=\"https:\/\/www.linkedin.com\/in\/aymar-de-la-mettrie\/\">Aymar de La Mettrie<\/a><\/td>\n<\/tr>\n<tr>\n<td style=\"text-align: left;\"><\/td>\n<td><\/td>\n<\/tr>\n<tr>\n<td style=\"text-align: left;\">10:45 &#8211; 11:15<\/td>\n<td><strong>PAUSE-CAF\u00c9<\/strong><\/td>\n<\/tr>\n<tr>\n<td><\/td>\n<td><\/td>\n<\/tr>\n<tr>\n<td style=\"text-align: left;\">11:15 &#8211; 11:45<\/td>\n<td><span style=\"background-color: #ffff00;\"><strong>Human Autonomy Teaming (HAT) <\/strong><\/span>| <a href=\"https:\/\/www.linkedin.com\/in\/samuel-huber-62a80395\/\">Samuel Huber<\/a><\/td>\n<\/tr>\n<tr>\n<td style=\"text-align: left;\">11:45 &#8211; 12:45<\/td>\n<td><span style=\"background-color: #ffff00;\"><strong>Workshop<\/strong><\/span><\/td>\n<\/tr>\n<tr>\n<td style=\"text-align: left;\"><\/td>\n<td><\/td>\n<\/tr>\n<tr>\n<td style=\"text-align: left;\">12:45 &#8211; 13:30<\/td>\n<td><strong>REPAS DE MIDI<\/strong><\/td>\n<\/tr>\n<tr>\n<td style=\"text-align: left;\"><\/td>\n<td><\/td>\n<\/tr>\n<tr>\n<td style=\"text-align: left;\">13:30 &#8211; 14:00<\/td>\n<td><span style=\"background-color: #ffff00;\"><strong>The Evolution of Knowledge Automation: Lessons from the Trenches<\/strong><\/span> | <a href=\"https:\/\/atelierdesfuturs.org\/author\/laurent-bolli\/\">Laurent Bolli<\/a><\/td>\n<\/tr>\n<tr>\n<td style=\"text-align: left;\">14:00 &#8211; 14:30<\/td>\n<td><span style=\"background-color: #ffff00;\"><strong>Beyond Automation\u00a0: Human + AI Collaboration<\/strong><\/span> | <a href=\"https:\/\/atelierdesfuturs.org\/author\/fabien-girardin\/\">Fabien Girardin<\/a><\/td>\n<\/tr>\n<tr>\n<td style=\"text-align: left;\"><\/td>\n<td><\/td>\n<\/tr>\n<tr>\n<td style=\"text-align: left;\">14:30 &#8211; 14:45<\/td>\n<td><strong>PAUSE-CAF\u00c9<\/strong><\/td>\n<\/tr>\n<tr>\n<td style=\"text-align: left;\"><\/td>\n<td><\/td>\n<\/tr>\n<tr>\n<td style=\"text-align: left;\">14:45 &#8211; 16:00<\/td>\n<td><span style=\"background-color: #ffff00;\"><strong>Workshop &amp; Report back\u00a0:<br \/>\nThinking about AI adoption in the defense sector<br \/>\n<\/strong><\/span><\/td>\n<\/tr>\n<tr>\n<td>16:00 &#8211; 16:30<\/td>\n<td><span style=\"background-color: #ffff00;\"><strong>Is trust the new gold\u00a0?<\/strong><\/span> | <a href=\"https:\/\/www.linkedin.com\/in\/wichtpascal\/\">Pascal Wicht<\/a><\/td>\n<\/tr>\n<tr>\n<td style=\"text-align: left;\">16:30 &#8211; 16:45<\/td>\n<td><strong>R\u00e9sum\u00e9 de la journ\u00e9e<\/strong><\/td>\n<\/tr>\n<tr>\n<td style=\"text-align: left;\">17:00<\/td>\n<td><strong>FIN DE JOURNEE<\/strong><\/td>\n<\/tr>\n<\/tbody>\n<\/table>\n\t\t<\/div>\n\t\t\t\t\n<style>\n#col-1691855452 > .col-inner {\n  padding: 20px 20px 20px 20px;\n  margin: 0px 0px 0px 0px;\n  border-radius: 15px;\n}\n<\/style>\n\t<\/div>\n\n\t\n\n\t<div id=\"col-623411128\" class=\"col medium-5 small-12 large-5\"  >\n\t\t\t\t<div class=\"col-inner text-left\" style=\"background-color:rgba(237, 13, 13, 0.326);\" >\n\t\t\t\n\t\t\t\n<h3 style=\"text-align: left;\">Orateurs et mod\u00e9rateurs &#8211; Ordre alphab\u00e9tique<\/h3>\n<ul>\n<li><strong><a href=\"https:\/\/www.linkedin.com\/in\/laura-tocmacov-venchiarutti-a28b268\/\">Laura Tocmacov<\/a><\/strong> <span style=\"color: #333333;\">| <a href=\"https:\/\/impactia.org\/\">ImpactIA<\/a>\u00a0<\/span><\/li>\n<li><strong><a href=\"https:\/\/atelierdesfuturs.org\/author\/laurent-bolli\/\">Laurent Bolli<\/a><\/strong> | <a href=\"https:\/\/heig-vd.ch\/recherche\/instituts\/mei\/\">HEIG-VD<\/a><\/li>\n<li><a href=\"https:\/\/www.linkedin.com\/in\/aymar-de-la-mettrie\/\"><strong>Aymar de La Mettrie<\/strong><\/a> | <a href=\"https:\/\/www.peripheral.fr\/\">Peripheral<\/a><\/li>\n<li><a href=\"https:\/\/www.linkedin.com\/in\/samuel-huber-62a80395\/\"><strong>Samuel Huber<\/strong><\/a> | <a href=\"https:\/\/forventis.ch\/\">Forventis<\/a><\/li>\n<li><strong><a href=\"https:\/\/atelierdesfuturs.org\/author\/fabien-girardin\/\">Fabien Girardin<\/a><\/strong> | <a href=\"https:\/\/www.girardinnova.com\/\">Girardinnova<\/a><\/li>\n<li><a href=\"https:\/\/deftech.ch\/contact\/\"><strong>Quentin Ladetto<\/strong><\/a> | <a href=\"https:\/\/www.ar.admin.ch\/en\/armasuisse-science-and-technology\">armasuisse S+T<\/a><\/li>\n<li><strong><a href=\"https:\/\/www.linkedin.com\/in\/wichtpascal\/\">Pascal Wicht<\/a><\/strong> | <a href=\"https:\/\/www.sicpa.com\/\">SICPA<\/a><\/li>\n<\/ul>\n\t\t<\/div>\n\t\t\t\t\n<style>\n#col-623411128 > .col-inner {\n  padding: 20px 20px 20px 20px;\n  margin: 0px 0px 0px 0px;\n  border-radius: 15px;\n}\n<\/style>\n\t<\/div>\n\n\t\n<\/div>\n\n\t<div id=\"gap-1211431139\" class=\"gap-element clearfix\" style=\"display:block; height:auto;\">\n\t\t\n<style>\n#gap-1211431139 {\n  padding-top: 55px;\n}\n<\/style>\n\t<\/div>\n\t\n<div class=\"row\"  id=\"row-808138912\">\n\n\t<div id=\"col-1220659820\" class=\"col small-12 large-12\"  >\n\t\t\t\t<div class=\"col-inner text-center\"  >\n\t\t\t\n\t\t\t\n<a href=\"https:\/\/kdrive.infomaniak.com\/app\/share\/119220\/c2be3684-c3ae-4517-bc48-9308b35f43ca\" class=\"button success box-shadow-2\" style=\"border-radius:13px;\">\n\t\t<span>Download<\/span>\n\t<\/a>\n\n\t<div id=\"gap-466134911\" class=\"gap-element clearfix\" style=\"display:block; height:auto;\">\n\t\t\n<style>\n#gap-466134911 {\n  padding-top: 55px;\n}\n<\/style>\n\t<\/div>\n\t\n\t\t<\/div>\n\t\t\t\t\t<\/div>\n\n\t\n<\/div>\n<div class=\"row\"  id=\"row-1345822446\">\n\n\t<div id=\"col-1566287049\" class=\"col small-12 large-12\"  >\n\t\t\t\t<div class=\"col-inner\"  >\n\t\t\t\n\t\t\t\n\t<div id=\"text-115656698\" class=\"text\">\n\t\t\n<p class=\"lead\" style=\"text-align: center;\">Organis\u00e9<br \/>\npar<\/p>\n\t\t\n<style>\n#text-115656698 {\n  text-align: center;\n}\n<\/style>\n\t<\/div>\n\t\n\t\t<\/div>\n\t\t\t\t\t<\/div>\n\n\t\n<\/div>\n\t\t<\/div>\n\n\t\t\n<style>\n#section_2142538239 {\n  padding-top: 30px;\n  padding-bottom: 30px;\n}\n<\/style>\n\t<\/section>\n\t\n\n\t<section class=\"section\" id=\"section_1595049100\">\n\t\t<div class=\"section-bg fill\" >\n\t\t\t\t\t\t\t\t\t\n\t\t\t\n\n\t\t<\/div>\n\n\t\t\n\n\t\t<div class=\"section-content relative\">\n\t\t\t\n<div class=\"row align-middle align-center\"  id=\"row-220531258\">\n\n\t<div id=\"col-2084797775\" class=\"col medium-4 small-12 large-4\"  >\n\t\t\t\t<div class=\"col-inner\"  >\n\t\t\t\n\t\t\t\n\t<div class=\"img has-hover x md-x lg-x y md-y lg-y\" id=\"image_1357822857\">\n\t\t<a class=\"\" href=\"https:\/\/deftech.ch\" >\t\t\t\t\t\t<div class=\"img-inner dark\" >\n\t\t\t<img loading=\"lazy\" decoding=\"async\" width=\"1020\" height=\"1020\" src=\"https:\/\/deftech.ch\/wp-content\/uploads\/2024\/09\/deftech-white-red-round-background.002-1024x1024.png\" class=\"attachment-large size-large\" alt=\"\" srcset=\"https:\/\/deftech.ch\/wp-content\/uploads\/2024\/09\/deftech-white-red-round-background.002-1024x1024.png 1024w, https:\/\/deftech.ch\/wp-content\/uploads\/2024\/09\/deftech-white-red-round-background.002-300x300.png 300w, https:\/\/deftech.ch\/wp-content\/uploads\/2024\/09\/deftech-white-red-round-background.002-150x150.png 150w, https:\/\/deftech.ch\/wp-content\/uploads\/2024\/09\/deftech-white-red-round-background.002-768x768.png 768w, https:\/\/deftech.ch\/wp-content\/uploads\/2024\/09\/deftech-white-red-round-background.002.png 1500w\" sizes=\"auto, (max-width: 1020px) 100vw, 1020px\" \/>\t\t\t\t\t\t\n\t\t\t\t\t<\/div>\n\t\t\t\t\t\t<\/a>\t\t\n<style>\n#image_1357822857 {\n  width: 100%;\n}\n<\/style>\n\t<\/div>\n\t\n\t\t<\/div>\n\t\t\t\t\t<\/div>\n\n\t\n<\/div>\n\t\t<\/div>\n\n\t\t\n<style>\n#section_1595049100 {\n  padding-top: 30px;\n  padding-bottom: 30px;\n}\n<\/style>\n\t<\/section>\n\t\n","protected":false},"excerpt":{"rendered":"","protected":false},"author":3,"featured_media":39212,"parent":0,"menu_order":0,"comment_status":"closed","ping_status":"closed","template":"","meta":{"jetpack_post_was_ever_published":false,"footnotes":""},"class_list":["post-39657","page","type-page","status-publish","has-post-thumbnail","hentry"],"yoast_head":"<!-- This site is optimized with the Yoast SEO plugin v27.4 - https:\/\/yoast.com\/product\/yoast-seo-wordpress\/ -->\n<title>Collaboration 5.0 - Deftech \u00b7 Defence Future Technologies<\/title>\n<meta name=\"robots\" content=\"index, follow, max-snippet:-1, max-image-preview:large, max-video-preview:-1\" \/>\n<link rel=\"canonical\" href=\"https:\/\/deftech.ch\/fr\/collaboration-5-0\/\" \/>\n<meta property=\"og:locale\" content=\"fr_FR\" \/>\n<meta property=\"og:type\" content=\"article\" \/>\n<meta property=\"og:title\" content=\"Collaboration 5.0 - Deftech \u00b7 Defence Future Technologies\" \/>\n<meta property=\"og:url\" content=\"https:\/\/deftech.ch\/fr\/collaboration-5-0\/\" \/>\n<meta property=\"og:site_name\" content=\"Deftech \u00b7 Defence Future Technologies\" \/>\n<meta property=\"article:modified_time\" content=\"2025-04-16T16:49:08+00:00\" \/>\n<meta property=\"og:image\" content=\"https:\/\/deftech.ch\/wp-content\/uploads\/2024\/11\/Deftech-Day__16-04-2025_Collaboration5-0_shaping-the-hearts-and-mind-of-autonomous-systems__OK.jpg\" \/>\n\t<meta property=\"og:image:width\" content=\"722\" \/>\n\t<meta property=\"og:image:height\" content=\"1024\" \/>\n\t<meta property=\"og:image:type\" content=\"image\/jpeg\" \/>\n<meta name=\"twitter:card\" content=\"summary_large_image\" \/>\n<meta name=\"twitter:site\" content=\"@deftechCH\" \/>\n<meta name=\"twitter:label1\" content=\"Dur\u00e9e de lecture estim\u00e9e\" \/>\n\t<meta name=\"twitter:data1\" content=\"3 minutes\" \/>\n<script type=\"application\/ld+json\" class=\"yoast-schema-graph\">{\"@context\":\"https:\\\/\\\/schema.org\",\"@graph\":[{\"@type\":\"WebPage\",\"@id\":\"https:\\\/\\\/deftech.ch\\\/fr\\\/collaboration-5-0\\\/\",\"url\":\"https:\\\/\\\/deftech.ch\\\/fr\\\/collaboration-5-0\\\/\",\"name\":\"Collaboration 5.0 - Deftech \u00b7 Defence Future Technologies\",\"isPartOf\":{\"@id\":\"https:\\\/\\\/deftech.ch\\\/#website\"},\"primaryImageOfPage\":{\"@id\":\"https:\\\/\\\/deftech.ch\\\/fr\\\/collaboration-5-0\\\/#primaryimage\"},\"image\":{\"@id\":\"https:\\\/\\\/deftech.ch\\\/fr\\\/collaboration-5-0\\\/#primaryimage\"},\"thumbnailUrl\":\"https:\\\/\\\/deftech.ch\\\/wp-content\\\/uploads\\\/2024\\\/11\\\/Deftech-Day__16-04-2025_Collaboration5-0_shaping-the-hearts-and-mind-of-autonomous-systems__OK.jpg\",\"datePublished\":\"2025-02-22T18:39:29+00:00\",\"dateModified\":\"2025-04-16T16:49:08+00:00\",\"breadcrumb\":{\"@id\":\"https:\\\/\\\/deftech.ch\\\/fr\\\/collaboration-5-0\\\/#breadcrumb\"},\"inLanguage\":\"fr-FR\",\"potentialAction\":[{\"@type\":\"ReadAction\",\"target\":[\"https:\\\/\\\/deftech.ch\\\/fr\\\/collaboration-5-0\\\/\"]}]},{\"@type\":\"ImageObject\",\"inLanguage\":\"fr-FR\",\"@id\":\"https:\\\/\\\/deftech.ch\\\/fr\\\/collaboration-5-0\\\/#primaryimage\",\"url\":\"https:\\\/\\\/deftech.ch\\\/wp-content\\\/uploads\\\/2024\\\/11\\\/Deftech-Day__16-04-2025_Collaboration5-0_shaping-the-hearts-and-mind-of-autonomous-systems__OK.jpg\",\"contentUrl\":\"https:\\\/\\\/deftech.ch\\\/wp-content\\\/uploads\\\/2024\\\/11\\\/Deftech-Day__16-04-2025_Collaboration5-0_shaping-the-hearts-and-mind-of-autonomous-systems__OK.jpg\",\"width\":722,\"height\":1024},{\"@type\":\"BreadcrumbList\",\"@id\":\"https:\\\/\\\/deftech.ch\\\/fr\\\/collaboration-5-0\\\/#breadcrumb\",\"itemListElement\":[{\"@type\":\"ListItem\",\"position\":1,\"name\":\"Home\",\"item\":\"https:\\\/\\\/deftech.ch\\\/fr\\\/\"},{\"@type\":\"ListItem\",\"position\":2,\"name\":\"Collaboration 5.0\"}]},{\"@type\":\"WebSite\",\"@id\":\"https:\\\/\\\/deftech.ch\\\/#website\",\"url\":\"https:\\\/\\\/deftech.ch\\\/\",\"name\":\"Deftech - Defence Future Technologies\",\"description\":\"Inspire - Inform - Instruct\",\"publisher\":{\"@id\":\"https:\\\/\\\/deftech.ch\\\/#organization\"},\"potentialAction\":[{\"@type\":\"SearchAction\",\"target\":{\"@type\":\"EntryPoint\",\"urlTemplate\":\"https:\\\/\\\/deftech.ch\\\/?s={search_term_string}\"},\"query-input\":{\"@type\":\"PropertyValueSpecification\",\"valueRequired\":true,\"valueName\":\"search_term_string\"}}],\"inLanguage\":\"fr-FR\"},{\"@type\":\"Organization\",\"@id\":\"https:\\\/\\\/deftech.ch\\\/#organization\",\"name\":\"Deftech - Defence Future Technologies\",\"alternateName\":\"Foresight Program by armasuisse Science and Technology\",\"url\":\"https:\\\/\\\/deftech.ch\\\/\",\"logo\":{\"@type\":\"ImageObject\",\"inLanguage\":\"fr-FR\",\"@id\":\"https:\\\/\\\/deftech.ch\\\/#\\\/schema\\\/logo\\\/image\\\/\",\"url\":\"https:\\\/\\\/i0.wp.com\\\/deftech.ch\\\/wp-content\\\/uploads\\\/2024\\\/09\\\/deftech-white-red-round-background.002.png?fit=1500%2C1500&ssl=1\",\"contentUrl\":\"https:\\\/\\\/i0.wp.com\\\/deftech.ch\\\/wp-content\\\/uploads\\\/2024\\\/09\\\/deftech-white-red-round-background.002.png?fit=1500%2C1500&ssl=1\",\"width\":1500,\"height\":1500,\"caption\":\"Deftech - Defence Future Technologies\"},\"image\":{\"@id\":\"https:\\\/\\\/deftech.ch\\\/#\\\/schema\\\/logo\\\/image\\\/\"},\"sameAs\":[\"https:\\\/\\\/x.com\\\/deftechCH\",\"https:\\\/\\\/linkedin.com\\\/in\\\/ladetto\"]}]}<\/script>\n<!-- \/ Yoast SEO plugin. -->","yoast_head_json":{"title":"Collaboration 5.0 - Deftech \u00b7 Defence Future Technologies","robots":{"index":"index","follow":"follow","max-snippet":"max-snippet:-1","max-image-preview":"max-image-preview:large","max-video-preview":"max-video-preview:-1"},"canonical":"https:\/\/deftech.ch\/fr\/collaboration-5-0\/","og_locale":"fr_FR","og_type":"article","og_title":"Collaboration 5.0 - Deftech \u00b7 Defence Future Technologies","og_url":"https:\/\/deftech.ch\/fr\/collaboration-5-0\/","og_site_name":"Deftech \u00b7 Defence Future Technologies","article_modified_time":"2025-04-16T16:49:08+00:00","og_image":[{"width":722,"height":1024,"url":"https:\/\/deftech.ch\/wp-content\/uploads\/2024\/11\/Deftech-Day__16-04-2025_Collaboration5-0_shaping-the-hearts-and-mind-of-autonomous-systems__OK.jpg","type":"image\/jpeg"}],"twitter_card":"summary_large_image","twitter_site":"@deftechCH","twitter_misc":{"Dur\u00e9e de lecture estim\u00e9e":"3 minutes"},"schema":{"@context":"https:\/\/schema.org","@graph":[{"@type":"WebPage","@id":"https:\/\/deftech.ch\/fr\/collaboration-5-0\/","url":"https:\/\/deftech.ch\/fr\/collaboration-5-0\/","name":"Collaboration 5.0 - Deftech \u00b7 Defence Future Technologies","isPartOf":{"@id":"https:\/\/deftech.ch\/#website"},"primaryImageOfPage":{"@id":"https:\/\/deftech.ch\/fr\/collaboration-5-0\/#primaryimage"},"image":{"@id":"https:\/\/deftech.ch\/fr\/collaboration-5-0\/#primaryimage"},"thumbnailUrl":"https:\/\/deftech.ch\/wp-content\/uploads\/2024\/11\/Deftech-Day__16-04-2025_Collaboration5-0_shaping-the-hearts-and-mind-of-autonomous-systems__OK.jpg","datePublished":"2025-02-22T18:39:29+00:00","dateModified":"2025-04-16T16:49:08+00:00","breadcrumb":{"@id":"https:\/\/deftech.ch\/fr\/collaboration-5-0\/#breadcrumb"},"inLanguage":"fr-FR","potentialAction":[{"@type":"ReadAction","target":["https:\/\/deftech.ch\/fr\/collaboration-5-0\/"]}]},{"@type":"ImageObject","inLanguage":"fr-FR","@id":"https:\/\/deftech.ch\/fr\/collaboration-5-0\/#primaryimage","url":"https:\/\/deftech.ch\/wp-content\/uploads\/2024\/11\/Deftech-Day__16-04-2025_Collaboration5-0_shaping-the-hearts-and-mind-of-autonomous-systems__OK.jpg","contentUrl":"https:\/\/deftech.ch\/wp-content\/uploads\/2024\/11\/Deftech-Day__16-04-2025_Collaboration5-0_shaping-the-hearts-and-mind-of-autonomous-systems__OK.jpg","width":722,"height":1024},{"@type":"BreadcrumbList","@id":"https:\/\/deftech.ch\/fr\/collaboration-5-0\/#breadcrumb","itemListElement":[{"@type":"ListItem","position":1,"name":"Home","item":"https:\/\/deftech.ch\/fr\/"},{"@type":"ListItem","position":2,"name":"Collaboration 5.0"}]},{"@type":"WebSite","@id":"https:\/\/deftech.ch\/#website","url":"https:\/\/deftech.ch\/","name":"Deftech - Defence Future Technologies","description":"Inspire - Inform - Instruct","publisher":{"@id":"https:\/\/deftech.ch\/#organization"},"potentialAction":[{"@type":"SearchAction","target":{"@type":"EntryPoint","urlTemplate":"https:\/\/deftech.ch\/?s={search_term_string}"},"query-input":{"@type":"PropertyValueSpecification","valueRequired":true,"valueName":"search_term_string"}}],"inLanguage":"fr-FR"},{"@type":"Organization","@id":"https:\/\/deftech.ch\/#organization","name":"Deftech - Defence Future Technologies","alternateName":"Foresight Program by armasuisse Science and Technology","url":"https:\/\/deftech.ch\/","logo":{"@type":"ImageObject","inLanguage":"fr-FR","@id":"https:\/\/deftech.ch\/#\/schema\/logo\/image\/","url":"https:\/\/i0.wp.com\/deftech.ch\/wp-content\/uploads\/2024\/09\/deftech-white-red-round-background.002.png?fit=1500%2C1500&ssl=1","contentUrl":"https:\/\/i0.wp.com\/deftech.ch\/wp-content\/uploads\/2024\/09\/deftech-white-red-round-background.002.png?fit=1500%2C1500&ssl=1","width":1500,"height":1500,"caption":"Deftech - Defence Future Technologies"},"image":{"@id":"https:\/\/deftech.ch\/#\/schema\/logo\/image\/"},"sameAs":["https:\/\/x.com\/deftechCH","https:\/\/linkedin.com\/in\/ladetto"]}]}},"jetpack_sharing_enabled":true,"jetpack_shortlink":"https:\/\/wp.me\/PaO9lW-ajD","_links":{"self":[{"href":"https:\/\/deftech.ch\/fr\/wp-json\/wp\/v2\/pages\/39657","targetHints":{"allow":["GET"]}}],"collection":[{"href":"https:\/\/deftech.ch\/fr\/wp-json\/wp\/v2\/pages"}],"about":[{"href":"https:\/\/deftech.ch\/fr\/wp-json\/wp\/v2\/types\/page"}],"author":[{"embeddable":true,"href":"https:\/\/deftech.ch\/fr\/wp-json\/wp\/v2\/users\/3"}],"replies":[{"embeddable":true,"href":"https:\/\/deftech.ch\/fr\/wp-json\/wp\/v2\/comments?post=39657"}],"version-history":[{"count":9,"href":"https:\/\/deftech.ch\/fr\/wp-json\/wp\/v2\/pages\/39657\/revisions"}],"predecessor-version":[{"id":39725,"href":"https:\/\/deftech.ch\/fr\/wp-json\/wp\/v2\/pages\/39657\/revisions\/39725"}],"wp:featuredmedia":[{"embeddable":true,"href":"https:\/\/deftech.ch\/fr\/wp-json\/wp\/v2\/media\/39212"}],"wp:attachment":[{"href":"https:\/\/deftech.ch\/fr\/wp-json\/wp\/v2\/media?parent=39657"}],"curies":[{"name":"wp","href":"https:\/\/api.w.org\/{rel}","templated":true}]}}