{"id":4344,"date":"2019-09-17T21:28:22","date_gmt":"2019-09-17T19:28:22","guid":{"rendered":"https:\/\/deftech.ch\/?page_id=4344"},"modified":"2024-02-10T10:15:17","modified_gmt":"2024-02-10T09:15:17","slug":"canvas","status":"publish","type":"page","link":"https:\/\/deftech.ch\/fr\/canvas\/","title":{"rendered":"Canevas"},"content":{"rendered":"\n\t<section class=\"section\" id=\"section_1920426610\">\n\t\t<div class=\"section-bg fill\" >\n\t\t\t\t\t\t\t\t\t\n\t\t\t\n\n\t\t<\/div>\n\n\t\t\n\n\t\t<div class=\"section-content relative\">\n\t\t\t\n<div class=\"row align-center\"  id=\"row-1958727863\">\n\n\t<div id=\"col-2009740645\" class=\"col medium-10 small-12 large-10\"  >\n\t\t\t\t<div class=\"col-inner\"  >\n\t\t\t\n\t\t\t\n<div class=\"container section-title-container\" ><h1 class=\"section-title section-title-center\"><b aria-hidden=\"true\"><\/b><span class=\"section-title-main\" >Canvas<\/span><b aria-hidden=\"true\"><\/b><\/h1><\/div>\n<p class=\"lead\">Vous trouverez ici diff\u00e9rents mod\u00e8les (canevas) et m\u00e9thodologies utilis\u00e9es pour animer divers ateliers de cr\u00e9ation. Tous les PDF en haute d\u00e9finition sont modifiables afin que vous puissiez les adapter \u00e0 vos besoins.<\/p>\n<p class=\"lead\">Si vous avez des questions ou si vous souhaitez discuter de n&#8217;importe quel aspect, n&#8217;h\u00e9sitez pas \u00e0\u00a0<a href=\"https:\/\/deftech.ch\/wt\">nous contacter<\/a>.<\/p>\n\t<div id=\"gap-1627919619\" class=\"gap-element clearfix\" style=\"display:block; height:auto;\">\n\t\t\n<style>\n#gap-1627919619 {\n  padding-top: 30px;\n}\n<\/style>\n\t<\/div>\n\t\n<div class=\"row\"  id=\"row-423964665\">\n\n\t<div id=\"col-1475666248\" class=\"col small-12 large-12\"  >\n\t\t\t\t<div class=\"col-inner\"  >\n\t\t\t\n\t\t\t\n\n  <div class=\"banner has-hover\" id=\"banner-1328504657\">\n          <div class=\"banner-inner fill\">\n        <div class=\"banner-bg fill\" >\n            <img loading=\"lazy\" decoding=\"async\" width=\"1020\" height=\"568\" src=\"https:\/\/deftech.ch\/wp-content\/uploads\/2019\/07\/DEFTECH_armasuisse_Transition-Game-1024x570.jpg\" class=\"bg attachment-large size-large\" alt=\"\" \/>                                    \n                    <\/div>\n\t\t\n        <div class=\"banner-layers container\">\n            <a class=\"fill\" href=\"https:\/\/deftech.ch\/fr\/the-transition-game\"><div class=\"fill banner-link\"><\/div><\/a>            \n   <div id=\"text-box-1836590751\" class=\"text-box banner-layer x50 md-x50 lg-x50 y80 md-y80 lg-y80 res-text\">\n                                <div class=\"text-box-content text box-shadow-5 text-shadow-3\">\n              \n\t<div class=\"is-border\"\n\t\tstyle=\"border-width:px 0px 0px 0px;margin:0px 0px 0px 0px;\">\n\t<\/div>\n              <div class=\"text-inner text-center\">\n                  \n<h2><a href=\"https:\/\/deftech.ch\/the-transition-game\/\">Le Jeu de la Transition<\/a><\/h2>\n<p>Une version num\u00e9rique adapt\u00e9e \u00e0 partir de l&#8217;original de la FING &#8220;Le jeu de la transition&#8221;. Il vous permettra \u00e0 partir d&#8217;aujourd&#8217;hui de faire la transition vers diff\u00e9rents futurs possibles en suivant un processus structur\u00e9 et guid\u00e9.<\/p>\n              <\/div>\n           <\/div>\n                            \n<style>\n#text-box-1836590751 {\n  margin: 0 0px 0px 0px;\n  width: 60%;\n}\n#text-box-1836590751 .text-box-content {\n  background-color: rgba(246, 241, 237, 0.95);\n  font-size: 100%;\n}\n#text-box-1836590751 .text-inner {\n  padding: 0 0px 0px 0px;\n}\n<\/style>\n    <\/div>\n \n        <\/div>\n      <\/div>\n\n            \n<style>\n#banner-1328504657 {\n  padding-top: 400px;\n  background-color: rgb(223, 133, 77);\n}\n<\/style>\n  <\/div>\n\n\n\t\t<\/div>\n\t\t\t\t\t<\/div>\n\n\t\n<\/div>\n<div class=\"row\"  id=\"row-731014517\">\n\n\t<div id=\"col-483894896\" class=\"col medium-6 small-12 large-6\"  >\n\t\t\t\t<div class=\"col-inner\"  >\n\t\t\t\n\t\t\t\n\n  <div class=\"banner has-hover\" id=\"banner-1879010172\">\n          <div class=\"banner-inner fill\">\n        <div class=\"banner-bg fill\" >\n            <img loading=\"lazy\" decoding=\"async\" width=\"731\" height=\"1024\" src=\"https:\/\/deftech.ch\/wp-content\/uploads\/2019\/07\/DEFTECH_Concept-Ideation-731x1024.jpg\" class=\"bg attachment-large size-large\" alt=\"\" \/>                        <div class=\"overlay\"><\/div>            \n                    <\/div>\n\t\t\n        <div class=\"banner-layers container\">\n            <a class=\"fill\" href=\"https:\/\/deftech.ch\/fr\/concept-ideation\/\"><div class=\"fill banner-link\"><\/div><\/a>            \n   <div id=\"text-box-1358260824\" class=\"text-box banner-layer x50 md-x50 lg-x50 y50 md-y50 lg-y50 res-text\">\n                                <div class=\"text-box-content text box-shadow-5 text-shadow-5\">\n              \n              <div class=\"text-inner text-center\">\n                  \n<h1><span style=\"color: #ffffff;\"><a style=\"color: #ffffff;\" href=\"https:\/\/deftech.ch\/concept-ideation\/\">Concept Ideation<\/a><\/span><\/h1>\n<hr class=\"no_line\" \/>\n<p class=\"uppercase\"><span style=\"color: #ffffff;\">Un simple canevas pour imaginer de nouveaux concepts en utilisant et combinant des briques technologiques (ou autres !).<\/span><\/p>\n<a href=\"https:\/\/deftech.ch\/fr\/concept-ideation\/\" class=\"button white is-link is-larger\" >\n\t\t<span>Exp\u00e9rimente ici<\/span>\n\t<\/a>\n\n              <\/div>\n           <\/div>\n                            \n<style>\n#text-box-1358260824 .text-box-content {\n  background-color: rgba(47, 65, 123, 0.75);\n  font-size: 100%;\n}\n#text-box-1358260824 {\n  width: 85%;\n}\n@media (min-width:550px) {\n  #text-box-1358260824 {\n    width: 60%;\n  }\n}\n<\/style>\n    <\/div>\n \n        <\/div>\n      <\/div>\n\n            \n<style>\n#banner-1879010172 {\n  padding-top: 600px;\n}\n#banner-1879010172 .overlay {\n  background-color: rgba(135, 193, 219, 0.42);\n}\n<\/style>\n  <\/div>\n\n\n\t\t<\/div>\n\t\t\t\t\t<\/div>\n\n\t\n\n\t<div id=\"col-1504178195\" class=\"col medium-6 small-12 large-6\"  >\n\t\t\t\t<div class=\"col-inner\"  >\n\t\t\t\n\t\t\t\n\n  <div class=\"banner has-hover\" id=\"banner-1737589571\">\n          <div class=\"banner-inner fill\">\n        <div class=\"banner-bg fill\" >\n            <img loading=\"lazy\" decoding=\"async\" width=\"731\" height=\"1024\" src=\"https:\/\/deftech.ch\/wp-content\/uploads\/2019\/07\/1.IoS_ConceptCreation_Canvas-731x1024.jpg\" class=\"bg attachment-large size-large\" alt=\"\" \/>                        <div class=\"overlay\"><\/div>            \n                    <\/div>\n\t\t\n        <div class=\"banner-layers container\">\n            <a class=\"fill\" href=\"https:\/\/deftech.ch\/fr\/ideas-of-systems\/\"><div class=\"fill banner-link\"><\/div><\/a>            \n   <div id=\"text-box-602310416\" class=\"text-box banner-layer x50 md-x50 lg-x50 y75 md-y75 lg-y75 res-text\">\n                                <div class=\"text-box-content text box-shadow-4 dark text-shadow-3\">\n              \n              <div class=\"text-inner text-center\">\n                  \n<h2 class=\"uppercase\"><span style=\"font-size: 140%;\"><strong>IDEES DE SYSTEMES (IoS)<\/strong><\/span><\/h2>\n<p>Bas\u00e9e sur le DTAG (Disruptive Technologies Assessment Game) de l&#8217;OTAN, une version plus courte pour vous permettre d&#8217;innover et de pr\u00e9parer la structure du business plan de votre futur syst\u00e8me.<\/p>\n<a href=\"https:\/\/deftech.ch\/fr\/ideas-of-systems\/\" class=\"button white is-link is-larger\" >\n\t\t<span>Exp\u00e9rimente ici<\/span>\n\t<\/a>\n\n              <\/div>\n           <\/div>\n                            \n<style>\n#text-box-602310416 .text-box-content {\n  background-color: rgba(47, 65, 123, 0.71);\n  font-size: 100%;\n}\n#text-box-602310416 {\n  width: 84%;\n}\n@media (min-width:550px) {\n  #text-box-602310416 {\n    width: 60%;\n  }\n}\n<\/style>\n    <\/div>\n \n        <\/div>\n      <\/div>\n\n            \n<style>\n#banner-1737589571 {\n  padding-top: 600px;\n}\n#banner-1737589571 .overlay {\n  background-color: rgba(108, 183, 203, 0.26);\n}\n<\/style>\n  <\/div>\n\n\n\t\t<\/div>\n\t\t\t\t\t<\/div>\n\n\t\n<\/div>\n\t\t<\/div>\n\t\t\t\t\t<\/div>\n\n\t\n<\/div>\n\t\t<\/div>\n\n\t\t\n<style>\n#section_1920426610 {\n  padding-top: 0px;\n  padding-bottom: 0px;\n}\n@media (min-width:550px) {\n  #section_1920426610 {\n    padding-top: 30px;\n    padding-bottom: 30px;\n  }\n}\n<\/style>\n\t<\/section>\n\t\n","protected":false},"excerpt":{"rendered":"","protected":false},"author":1,"featured_media":0,"parent":0,"menu_order":0,"comment_status":"closed","ping_status":"closed","template":"","meta":{"jetpack_post_was_ever_published":false,"footnotes":""},"class_list":["post-4344","page","type-page","status-publish","hentry"],"yoast_head":"<!-- This site is optimized with the Yoast SEO plugin v27.4 - https:\/\/yoast.com\/product\/yoast-seo-wordpress\/ -->\n<title>Canevas - DEFTECH - Prospective Technologique par armasuisse S+T<\/title>\n<meta name=\"description\" content=\"Vous trouverez ici diff\u00e9rents documents, fichiers PDF et m\u00e9thodologies utilis\u00e9s pour animer divers ateliers cr\u00e9atifs. Les PDF HD sont \u00e9ditables.\" \/>\n<meta name=\"robots\" content=\"index, follow, max-snippet:-1, max-image-preview:large, max-video-preview:-1\" \/>\n<link rel=\"canonical\" href=\"https:\/\/deftech.ch\/fr\/canvas\/\" \/>\n<meta property=\"og:locale\" content=\"fr_FR\" \/>\n<meta property=\"og:type\" content=\"article\" \/>\n<meta property=\"og:title\" content=\"Canevas - DEFTECH - Prospective Technologique par armasuisse S+T\" \/>\n<meta property=\"og:description\" content=\"Vous trouverez ici diff\u00e9rents documents, fichiers PDF et m\u00e9thodologies utilis\u00e9s pour animer divers ateliers cr\u00e9atifs. Les PDF HD sont \u00e9ditables.\" \/>\n<meta property=\"og:url\" content=\"https:\/\/deftech.ch\/fr\/canvas\/\" \/>\n<meta property=\"og:site_name\" content=\"Deftech \u00b7 Defence Future Technologies\" \/>\n<meta property=\"article:modified_time\" content=\"2024-02-10T09:15:17+00:00\" \/>\n<meta property=\"og:image\" content=\"https:\/\/deftech.ch\/wp-content\/uploads\/2024\/01\/LOGO_DEFTECH-RED_Transparent_avec-Texte.png\" \/>\n\t<meta property=\"og:image:width\" content=\"944\" \/>\n\t<meta property=\"og:image:height\" content=\"838\" \/>\n\t<meta property=\"og:image:type\" content=\"image\/png\" \/>\n<meta name=\"twitter:card\" content=\"summary_large_image\" \/>\n<meta name=\"twitter:site\" content=\"@deftechCH\" \/>\n<meta name=\"twitter:label1\" content=\"Dur\u00e9e de lecture estim\u00e9e\" \/>\n\t<meta name=\"twitter:data1\" content=\"2 minutes\" \/>\n<script type=\"application\/ld+json\" class=\"yoast-schema-graph\">{\"@context\":\"https:\\\/\\\/schema.org\",\"@graph\":[{\"@type\":\"WebPage\",\"@id\":\"https:\\\/\\\/deftech.ch\\\/fr\\\/canvas\\\/\",\"url\":\"https:\\\/\\\/deftech.ch\\\/fr\\\/canvas\\\/\",\"name\":\"Canevas - DEFTECH - Prospective Technologique par armasuisse S+T\",\"isPartOf\":{\"@id\":\"https:\\\/\\\/deftech.ch\\\/#website\"},\"datePublished\":\"2019-09-17T19:28:22+00:00\",\"dateModified\":\"2024-02-10T09:15:17+00:00\",\"description\":\"Vous trouverez ici diff\u00e9rents documents, fichiers PDF et m\u00e9thodologies utilis\u00e9s pour animer divers ateliers cr\u00e9atifs. Les PDF HD sont \u00e9ditables.\",\"breadcrumb\":{\"@id\":\"https:\\\/\\\/deftech.ch\\\/fr\\\/canvas\\\/#breadcrumb\"},\"inLanguage\":\"fr-FR\",\"potentialAction\":[{\"@type\":\"ReadAction\",\"target\":[\"https:\\\/\\\/deftech.ch\\\/fr\\\/canvas\\\/\"]}]},{\"@type\":\"BreadcrumbList\",\"@id\":\"https:\\\/\\\/deftech.ch\\\/fr\\\/canvas\\\/#breadcrumb\",\"itemListElement\":[{\"@type\":\"ListItem\",\"position\":1,\"name\":\"Home\",\"item\":\"https:\\\/\\\/deftech.ch\\\/fr\\\/\"},{\"@type\":\"ListItem\",\"position\":2,\"name\":\"Canevas\"}]},{\"@type\":\"WebSite\",\"@id\":\"https:\\\/\\\/deftech.ch\\\/#website\",\"url\":\"https:\\\/\\\/deftech.ch\\\/\",\"name\":\"Deftech - Defence Future Technologies\",\"description\":\"Inspire - Inform - Instruct\",\"publisher\":{\"@id\":\"https:\\\/\\\/deftech.ch\\\/#organization\"},\"potentialAction\":[{\"@type\":\"SearchAction\",\"target\":{\"@type\":\"EntryPoint\",\"urlTemplate\":\"https:\\\/\\\/deftech.ch\\\/?s={search_term_string}\"},\"query-input\":{\"@type\":\"PropertyValueSpecification\",\"valueRequired\":true,\"valueName\":\"search_term_string\"}}],\"inLanguage\":\"fr-FR\"},{\"@type\":\"Organization\",\"@id\":\"https:\\\/\\\/deftech.ch\\\/#organization\",\"name\":\"Deftech - Defence Future Technologies\",\"alternateName\":\"Foresight Program by armasuisse Science and Technology\",\"url\":\"https:\\\/\\\/deftech.ch\\\/\",\"logo\":{\"@type\":\"ImageObject\",\"inLanguage\":\"fr-FR\",\"@id\":\"https:\\\/\\\/deftech.ch\\\/#\\\/schema\\\/logo\\\/image\\\/\",\"url\":\"https:\\\/\\\/i0.wp.com\\\/deftech.ch\\\/wp-content\\\/uploads\\\/2024\\\/09\\\/deftech-white-red-round-background.002.png?fit=1500%2C1500&ssl=1\",\"contentUrl\":\"https:\\\/\\\/i0.wp.com\\\/deftech.ch\\\/wp-content\\\/uploads\\\/2024\\\/09\\\/deftech-white-red-round-background.002.png?fit=1500%2C1500&ssl=1\",\"width\":1500,\"height\":1500,\"caption\":\"Deftech - Defence Future Technologies\"},\"image\":{\"@id\":\"https:\\\/\\\/deftech.ch\\\/#\\\/schema\\\/logo\\\/image\\\/\"},\"sameAs\":[\"https:\\\/\\\/x.com\\\/deftechCH\",\"https:\\\/\\\/linkedin.com\\\/in\\\/ladetto\"]}]}<\/script>\n<!-- \/ Yoast SEO plugin. -->","yoast_head_json":{"title":"Canevas - DEFTECH - Prospective Technologique par armasuisse S+T","description":"Vous trouverez ici diff\u00e9rents documents, fichiers PDF et m\u00e9thodologies utilis\u00e9s pour animer divers ateliers cr\u00e9atifs. Les PDF HD sont \u00e9ditables.","robots":{"index":"index","follow":"follow","max-snippet":"max-snippet:-1","max-image-preview":"max-image-preview:large","max-video-preview":"max-video-preview:-1"},"canonical":"https:\/\/deftech.ch\/fr\/canvas\/","og_locale":"fr_FR","og_type":"article","og_title":"Canevas - DEFTECH - Prospective Technologique par armasuisse S+T","og_description":"Vous trouverez ici diff\u00e9rents documents, fichiers PDF et m\u00e9thodologies utilis\u00e9s pour animer divers ateliers cr\u00e9atifs. Les PDF HD sont \u00e9ditables.","og_url":"https:\/\/deftech.ch\/fr\/canvas\/","og_site_name":"Deftech \u00b7 Defence Future Technologies","article_modified_time":"2024-02-10T09:15:17+00:00","og_image":[{"width":944,"height":838,"url":"https:\/\/deftech.ch\/wp-content\/uploads\/2024\/01\/LOGO_DEFTECH-RED_Transparent_avec-Texte.png","type":"image\/png"}],"twitter_card":"summary_large_image","twitter_site":"@deftechCH","twitter_misc":{"Dur\u00e9e de lecture estim\u00e9e":"2 minutes"},"schema":{"@context":"https:\/\/schema.org","@graph":[{"@type":"WebPage","@id":"https:\/\/deftech.ch\/fr\/canvas\/","url":"https:\/\/deftech.ch\/fr\/canvas\/","name":"Canevas - DEFTECH - Prospective Technologique par armasuisse S+T","isPartOf":{"@id":"https:\/\/deftech.ch\/#website"},"datePublished":"2019-09-17T19:28:22+00:00","dateModified":"2024-02-10T09:15:17+00:00","description":"Vous trouverez ici diff\u00e9rents documents, fichiers PDF et m\u00e9thodologies utilis\u00e9s pour animer divers ateliers cr\u00e9atifs. Les PDF HD sont \u00e9ditables.","breadcrumb":{"@id":"https:\/\/deftech.ch\/fr\/canvas\/#breadcrumb"},"inLanguage":"fr-FR","potentialAction":[{"@type":"ReadAction","target":["https:\/\/deftech.ch\/fr\/canvas\/"]}]},{"@type":"BreadcrumbList","@id":"https:\/\/deftech.ch\/fr\/canvas\/#breadcrumb","itemListElement":[{"@type":"ListItem","position":1,"name":"Home","item":"https:\/\/deftech.ch\/fr\/"},{"@type":"ListItem","position":2,"name":"Canevas"}]},{"@type":"WebSite","@id":"https:\/\/deftech.ch\/#website","url":"https:\/\/deftech.ch\/","name":"Deftech - Defence Future Technologies","description":"Inspire - Inform - Instruct","publisher":{"@id":"https:\/\/deftech.ch\/#organization"},"potentialAction":[{"@type":"SearchAction","target":{"@type":"EntryPoint","urlTemplate":"https:\/\/deftech.ch\/?s={search_term_string}"},"query-input":{"@type":"PropertyValueSpecification","valueRequired":true,"valueName":"search_term_string"}}],"inLanguage":"fr-FR"},{"@type":"Organization","@id":"https:\/\/deftech.ch\/#organization","name":"Deftech - Defence Future Technologies","alternateName":"Foresight Program by armasuisse Science and Technology","url":"https:\/\/deftech.ch\/","logo":{"@type":"ImageObject","inLanguage":"fr-FR","@id":"https:\/\/deftech.ch\/#\/schema\/logo\/image\/","url":"https:\/\/i0.wp.com\/deftech.ch\/wp-content\/uploads\/2024\/09\/deftech-white-red-round-background.002.png?fit=1500%2C1500&ssl=1","contentUrl":"https:\/\/i0.wp.com\/deftech.ch\/wp-content\/uploads\/2024\/09\/deftech-white-red-round-background.002.png?fit=1500%2C1500&ssl=1","width":1500,"height":1500,"caption":"Deftech - Defence Future Technologies"},"image":{"@id":"https:\/\/deftech.ch\/#\/schema\/logo\/image\/"},"sameAs":["https:\/\/x.com\/deftechCH","https:\/\/linkedin.com\/in\/ladetto"]}]}},"jetpack_sharing_enabled":true,"jetpack_shortlink":"https:\/\/wp.me\/PaO9lW-184","_links":{"self":[{"href":"https:\/\/deftech.ch\/fr\/wp-json\/wp\/v2\/pages\/4344","targetHints":{"allow":["GET"]}}],"collection":[{"href":"https:\/\/deftech.ch\/fr\/wp-json\/wp\/v2\/pages"}],"about":[{"href":"https:\/\/deftech.ch\/fr\/wp-json\/wp\/v2\/types\/page"}],"author":[{"embeddable":true,"href":"https:\/\/deftech.ch\/fr\/wp-json\/wp\/v2\/users\/1"}],"replies":[{"embeddable":true,"href":"https:\/\/deftech.ch\/fr\/wp-json\/wp\/v2\/comments?post=4344"}],"version-history":[{"count":2,"href":"https:\/\/deftech.ch\/fr\/wp-json\/wp\/v2\/pages\/4344\/revisions"}],"predecessor-version":[{"id":37678,"href":"https:\/\/deftech.ch\/fr\/wp-json\/wp\/v2\/pages\/4344\/revisions\/37678"}],"wp:attachment":[{"href":"https:\/\/deftech.ch\/fr\/wp-json\/wp\/v2\/media?parent=4344"}],"curies":[{"name":"wp","href":"https:\/\/api.w.org\/{rel}","templated":true}]}}