{"id":6918,"date":"2020-01-23T10:46:02","date_gmt":"2020-01-23T09:46:02","guid":{"rendered":"https:\/\/deftech.ch\/?page_id=6918"},"modified":"2025-03-22T13:17:29","modified_gmt":"2025-03-22T12:17:29","slug":"philosophie-vision-mission-valeurs","status":"publish","type":"page","link":"https:\/\/deftech.ch\/fr\/philosophie-vision-mission-valeurs\/","title":{"rendered":"Philosophie-Vision-Mission-Valeurs"},"content":{"rendered":"  <div id=\"page-header-1990351186\" class=\"page-header-wrapper\">\n  <div class=\"page-title light simple-title\">\n\n    \n    <div class=\"page-title-inner container align-center text-center flex-row-col medium-flex-wrap\" >\n              <div class=\"title-wrapper is-larger flex-col\">\n          <h1 class=\"entry-title mb-0\">\n            Philosophie-Vision-Mission-Valeurs          <\/h1>\n        <\/div>\n                    <div class=\"title-content flex-col\">\n        <div class=\"title-breadcrumbs pb-half pt-half\"><\/div>      <\/div>\n    <\/div>\n\n       <\/div>\n    <\/div>\n  \n\n\t<section class=\"section\" id=\"section_378503477\">\n\t\t<div class=\"section-bg fill\" >\n\t\t\t\t\t\t\t\t\t\n\t\t\t\n\n\t\t<\/div>\n\n\t\t\n\n\t\t<div class=\"section-content relative\">\n\t\t\t\n<div class=\"row align-center\"  id=\"row-155313205\">\n\n\t<div id=\"col-1831974343\" class=\"col medium-10 small-12 large-10\"  >\n\t\t\t\t<div class=\"col-inner\"  >\n\t\t\t\n\t\t\t\n\t<div id=\"text-2770343660\" class=\"text\">\n\t\t\n<p>Voici pr\u00e9sent\u00e9e ici la charte compos\u00e9e de la vision (le but), de la mission (la raison d\u2019\u00eatre) ainsi que des valeurs promues par le dispositif de prospective <strong>deftech<\/strong><\/p>\n\t\t\n<style>\n#text-2770343660 {\n  font-size: 1.2rem;\n}\n<\/style>\n\t<\/div>\n\t\n\t\t<\/div>\n\t\t\t\t\t<\/div>\n\n\t\n<\/div>\n<div class=\"row align-center\"  id=\"row-736892429\">\n\n\t<div id=\"col-1667257231\" class=\"col medium-10 small-12 large-10\"  >\n\t\t\t\t<div class=\"col-inner\"  >\n\t\t\t\n\t\t\t\n\t<div id=\"text-2180984022\" class=\"text\">\n\t\t\n<h1>Philosophy<\/h1>\n<p>L\u2019arm\u00e9e n\u2019est pas int\u00e9ress\u00e9e par la technologie en tant que telle. L\u2019arm\u00e9e est au contraire int\u00e9ress\u00e9e \u00e0 <strong>l\u2019avantage<\/strong> qu\u2019elle pourra obtenir <strong>dans un cas d\u2019usage sp\u00e9cifique <\/strong>et ce \u00e9ventuellement gr\u00e2ce \u00e0 la technologie.<\/p>\n\t\t\n<style>\n#text-2180984022 {\n  font-size: 1.2rem;\n}\n<\/style>\n\t<\/div>\n\t\n\t\t<\/div>\n\t\t\t\t\n<style>\n#col-1667257231 > .col-inner {\n  padding: 20px 20px 20px 20px;\n}\n<\/style>\n\t<\/div>\n\n\t\n\n<style>\n#row-736892429 > .col > .col-inner {\n  background-color: rgba(42, 30, 30, 0.221);\n}\n<\/style>\n<\/div>\n<div class=\"row align-center\"  id=\"row-116834087\">\n\n\t<div id=\"col-801030586\" class=\"col medium-10 small-12 large-10\"  >\n\t\t\t\t<div class=\"col-inner\"  >\n\t\t\t\n\t\t\t\n\t<div id=\"text-2738707331\" class=\"text\">\n\t\t\n<h1>Vision<\/h1>\n<p><strong>\u00caTRE PR\u00caT : Anticiper les technologies et les sc\u00e9narios de rupture gr\u00e2ce aux synergies.<\/strong><\/p>\n\t\t\n<style>\n#text-2738707331 {\n  font-size: 1.2rem;\n}\n<\/style>\n\t<\/div>\n\t\n\t\t<\/div>\n\t\t\t\t\n<style>\n#col-801030586 > .col-inner {\n  padding: 20px 20px 20px 20px;\n}\n<\/style>\n\t<\/div>\n\n\t\n\n<style>\n#row-116834087 > .col > .col-inner {\n  background-color: rgba(42, 30, 30, 0.09);\n}\n<\/style>\n<\/div>\n<div class=\"row align-center\"  id=\"row-752077594\">\n\n\t<div id=\"col-1923068106\" class=\"col medium-10 small-12 large-10\"  >\n\t\t\t\t<div class=\"col-inner\"  >\n\t\t\t\n\t\t\t\n\t<div id=\"text-1836218124\" class=\"text\">\n\t\t\n<h1>Mission<\/h1>\n<p>Nous voulons anticiper les cas d&#8217;usages des technologies qui auront un impact sur la mani\u00e8re de d\u00e9fendre et pr\u00e9server la s\u00e9curit\u00e9 de la Suisse. L\u2019identification et l\u2019acquisition de comp\u00e9tences dans la fa\u00e7on de d\u00e9tecter et d\u2019analyser ces diff\u00e9rents cas d&#8217;usages ainsi que les technologies se fera en favorisant les synergies. Ces synergies seront internes \u00e0 <a href=\"https:\/\/www.ar.admin.ch\/fr\/armasuisse-wissenschaft-und-technologie-w-t\/home.html\">armasuisse S+T<\/a>, en coop\u00e9ration avec <a href=\"https:\/\/www.vtg.admin.ch\/fr\/armee.html\">l\u2019arm\u00e9e<\/a> et avec les structures comp\u00e9tentes, en Suisse comme \u00e0 l\u2019\u00e9tranger.<\/p>\n<h3>Devise<\/h3>\n<p><span style=\"font-family: Impact; font-size: 18px; font-weight: bold;\">ANTICIPER, INSPIRER, INFORMER, INSTRUIRE, IMPACTER (AI4)<\/span><\/p>\n\t\t\n<style>\n#text-1836218124 {\n  font-size: 1.2rem;\n}\n<\/style>\n\t<\/div>\n\t\n\t\t<\/div>\n\t\t\t\t\n<style>\n#col-1923068106 > .col-inner {\n  padding: 20px 20px 20px 20px;\n}\n<\/style>\n\t<\/div>\n\n\t\n\n<style>\n#row-752077594 > .col > .col-inner {\n  background-color: rgba(42, 30, 30, 0.09);\n}\n<\/style>\n<\/div>\n<div class=\"row align-center\"  id=\"row-437186089\">\n\n\t<div id=\"col-470118094\" class=\"col medium-10 small-12 large-10\"  >\n\t\t\t\t<div class=\"col-inner\"  >\n\t\t\t\n\t\t\t\n\t<div id=\"text-3881210097\" class=\"text\">\n\t\t\n<h1>Valeurs<\/h1>\n<p>Nos valeurs et notre philosophie refl\u00e8tent l\u2019importance des responsabilit\u00e9s confi\u00e9es au programme. Dans cette optique, nous respectons les principes fondamentaux suivant:<\/p>\n<ol>\n<li><strong>L\u2019honn\u00eatet\u00e9<\/strong> et <strong>l\u2019int\u00e9grit\u00e9<\/strong> scientifique dans tout ce que nous faisons<\/li>\n<li><strong>L\u2019objectivit\u00e9<\/strong> dans toute d\u00e9cision<\/li>\n<li><strong>La neutralit\u00e9<\/strong> dans tout raisonnement<\/li>\n<li>La prise en compte du temps <strong>court<\/strong> et du <strong>temps long<\/strong><\/li>\n<li>La consid\u00e9ration des <strong>implications civiles et militaires<\/strong> incluant les aspects <strong>l\u00e9gaux<\/strong>, <strong>\u00e9thiques<\/strong>, <strong>\u00e9conomiques<\/strong> et <strong>politiques<\/strong> entourant ces technologies.<\/li>\n<\/ol>\n\t\t\n<style>\n#text-3881210097 {\n  font-size: 1.2rem;\n}\n<\/style>\n\t<\/div>\n\t\n\t\t<\/div>\n\t\t\t\t\n<style>\n#col-470118094 > .col-inner {\n  padding: 0px 20px 0px 20px;\n}\n<\/style>\n\t<\/div>\n\n\t\n<\/div>\n\t\t<\/div>\n\n\t\t\n<style>\n#section_378503477 {\n  padding-top: 30px;\n  padding-bottom: 30px;\n}\n<\/style>\n\t<\/section>\n\t\n","protected":false},"excerpt":{"rendered":"","protected":false},"author":3,"featured_media":36770,"parent":0,"menu_order":0,"comment_status":"closed","ping_status":"closed","template":"","meta":{"jetpack_post_was_ever_published":false,"footnotes":""},"class_list":["post-6918","page","type-page","status-publish","has-post-thumbnail","hentry"],"yoast_head":"<!-- This site is optimized with the Yoast SEO plugin v27.4 - https:\/\/yoast.com\/product\/yoast-seo-wordpress\/ -->\n<title>Philosophie-Vision-Mission-Valeurs - Deftech \u00b7 Defence Future Technologies<\/title>\n<meta name=\"robots\" content=\"index, follow, max-snippet:-1, max-image-preview:large, max-video-preview:-1\" \/>\n<link rel=\"canonical\" href=\"https:\/\/deftech.ch\/fr\/philosophie-vision-mission-valeurs\/\" \/>\n<meta property=\"og:locale\" content=\"fr_FR\" \/>\n<meta property=\"og:type\" content=\"article\" \/>\n<meta property=\"og:title\" content=\"Philosophie-Vision-Mission-Valeurs - Deftech \u00b7 Defence Future Technologies\" \/>\n<meta property=\"og:url\" content=\"https:\/\/deftech.ch\/fr\/philosophie-vision-mission-valeurs\/\" \/>\n<meta property=\"og:site_name\" content=\"Deftech \u00b7 Defence Future Technologies\" \/>\n<meta property=\"article:modified_time\" content=\"2025-03-22T12:17:29+00:00\" \/>\n<meta property=\"og:image\" content=\"https:\/\/deftech.ch\/wp-content\/uploads\/2024\/01\/LOGO_DEFTECH-RED_Transparent_avec-Texte.png\" \/>\n\t<meta property=\"og:image:width\" content=\"944\" \/>\n\t<meta property=\"og:image:height\" content=\"838\" \/>\n\t<meta property=\"og:image:type\" content=\"image\/png\" \/>\n<meta name=\"twitter:card\" content=\"summary_large_image\" \/>\n<meta name=\"twitter:site\" content=\"@deftechCH\" \/>\n<meta name=\"twitter:label1\" content=\"Dur\u00e9e de lecture estim\u00e9e\" \/>\n\t<meta name=\"twitter:data1\" content=\"2 minutes\" \/>\n<script type=\"application\/ld+json\" class=\"yoast-schema-graph\">{\"@context\":\"https:\\\/\\\/schema.org\",\"@graph\":[{\"@type\":\"WebPage\",\"@id\":\"https:\\\/\\\/deftech.ch\\\/fr\\\/philosophie-vision-mission-valeurs\\\/\",\"url\":\"https:\\\/\\\/deftech.ch\\\/fr\\\/philosophie-vision-mission-valeurs\\\/\",\"name\":\"Philosophie-Vision-Mission-Valeurs - Deftech \u00b7 Defence Future Technologies\",\"isPartOf\":{\"@id\":\"https:\\\/\\\/deftech.ch\\\/#website\"},\"primaryImageOfPage\":{\"@id\":\"https:\\\/\\\/deftech.ch\\\/fr\\\/philosophie-vision-mission-valeurs\\\/#primaryimage\"},\"image\":{\"@id\":\"https:\\\/\\\/deftech.ch\\\/fr\\\/philosophie-vision-mission-valeurs\\\/#primaryimage\"},\"thumbnailUrl\":\"https:\\\/\\\/deftech.ch\\\/wp-content\\\/uploads\\\/2024\\\/01\\\/LOGO_DEFTECH-RED_Transparent_avec-Texte.png\",\"datePublished\":\"2020-01-23T09:46:02+00:00\",\"dateModified\":\"2025-03-22T12:17:29+00:00\",\"breadcrumb\":{\"@id\":\"https:\\\/\\\/deftech.ch\\\/fr\\\/philosophie-vision-mission-valeurs\\\/#breadcrumb\"},\"inLanguage\":\"fr-FR\",\"potentialAction\":[{\"@type\":\"ReadAction\",\"target\":[\"https:\\\/\\\/deftech.ch\\\/fr\\\/philosophie-vision-mission-valeurs\\\/\"]}]},{\"@type\":\"ImageObject\",\"inLanguage\":\"fr-FR\",\"@id\":\"https:\\\/\\\/deftech.ch\\\/fr\\\/philosophie-vision-mission-valeurs\\\/#primaryimage\",\"url\":\"https:\\\/\\\/deftech.ch\\\/wp-content\\\/uploads\\\/2024\\\/01\\\/LOGO_DEFTECH-RED_Transparent_avec-Texte.png\",\"contentUrl\":\"https:\\\/\\\/deftech.ch\\\/wp-content\\\/uploads\\\/2024\\\/01\\\/LOGO_DEFTECH-RED_Transparent_avec-Texte.png\",\"width\":944,\"height\":838},{\"@type\":\"BreadcrumbList\",\"@id\":\"https:\\\/\\\/deftech.ch\\\/fr\\\/philosophie-vision-mission-valeurs\\\/#breadcrumb\",\"itemListElement\":[{\"@type\":\"ListItem\",\"position\":1,\"name\":\"Home\",\"item\":\"https:\\\/\\\/deftech.ch\\\/fr\\\/\"},{\"@type\":\"ListItem\",\"position\":2,\"name\":\"Philosophie-Vision-Mission-Valeurs\"}]},{\"@type\":\"WebSite\",\"@id\":\"https:\\\/\\\/deftech.ch\\\/#website\",\"url\":\"https:\\\/\\\/deftech.ch\\\/\",\"name\":\"Deftech - Defence Future Technologies\",\"description\":\"Inspire - Inform - Instruct\",\"publisher\":{\"@id\":\"https:\\\/\\\/deftech.ch\\\/#organization\"},\"potentialAction\":[{\"@type\":\"SearchAction\",\"target\":{\"@type\":\"EntryPoint\",\"urlTemplate\":\"https:\\\/\\\/deftech.ch\\\/?s={search_term_string}\"},\"query-input\":{\"@type\":\"PropertyValueSpecification\",\"valueRequired\":true,\"valueName\":\"search_term_string\"}}],\"inLanguage\":\"fr-FR\"},{\"@type\":\"Organization\",\"@id\":\"https:\\\/\\\/deftech.ch\\\/#organization\",\"name\":\"Deftech - Defence Future Technologies\",\"alternateName\":\"Foresight Program by armasuisse Science and Technology\",\"url\":\"https:\\\/\\\/deftech.ch\\\/\",\"logo\":{\"@type\":\"ImageObject\",\"inLanguage\":\"fr-FR\",\"@id\":\"https:\\\/\\\/deftech.ch\\\/#\\\/schema\\\/logo\\\/image\\\/\",\"url\":\"https:\\\/\\\/i0.wp.com\\\/deftech.ch\\\/wp-content\\\/uploads\\\/2024\\\/09\\\/deftech-white-red-round-background.002.png?fit=1500%2C1500&ssl=1\",\"contentUrl\":\"https:\\\/\\\/i0.wp.com\\\/deftech.ch\\\/wp-content\\\/uploads\\\/2024\\\/09\\\/deftech-white-red-round-background.002.png?fit=1500%2C1500&ssl=1\",\"width\":1500,\"height\":1500,\"caption\":\"Deftech - Defence Future Technologies\"},\"image\":{\"@id\":\"https:\\\/\\\/deftech.ch\\\/#\\\/schema\\\/logo\\\/image\\\/\"},\"sameAs\":[\"https:\\\/\\\/x.com\\\/deftechCH\",\"https:\\\/\\\/linkedin.com\\\/in\\\/ladetto\"]}]}<\/script>\n<!-- \/ Yoast SEO plugin. -->","yoast_head_json":{"title":"Philosophie-Vision-Mission-Valeurs - Deftech \u00b7 Defence Future Technologies","robots":{"index":"index","follow":"follow","max-snippet":"max-snippet:-1","max-image-preview":"max-image-preview:large","max-video-preview":"max-video-preview:-1"},"canonical":"https:\/\/deftech.ch\/fr\/philosophie-vision-mission-valeurs\/","og_locale":"fr_FR","og_type":"article","og_title":"Philosophie-Vision-Mission-Valeurs - Deftech \u00b7 Defence Future Technologies","og_url":"https:\/\/deftech.ch\/fr\/philosophie-vision-mission-valeurs\/","og_site_name":"Deftech \u00b7 Defence Future Technologies","article_modified_time":"2025-03-22T12:17:29+00:00","og_image":[{"width":944,"height":838,"url":"https:\/\/deftech.ch\/wp-content\/uploads\/2024\/01\/LOGO_DEFTECH-RED_Transparent_avec-Texte.png","type":"image\/png"}],"twitter_card":"summary_large_image","twitter_site":"@deftechCH","twitter_misc":{"Dur\u00e9e de lecture estim\u00e9e":"2 minutes"},"schema":{"@context":"https:\/\/schema.org","@graph":[{"@type":"WebPage","@id":"https:\/\/deftech.ch\/fr\/philosophie-vision-mission-valeurs\/","url":"https:\/\/deftech.ch\/fr\/philosophie-vision-mission-valeurs\/","name":"Philosophie-Vision-Mission-Valeurs - Deftech \u00b7 Defence Future Technologies","isPartOf":{"@id":"https:\/\/deftech.ch\/#website"},"primaryImageOfPage":{"@id":"https:\/\/deftech.ch\/fr\/philosophie-vision-mission-valeurs\/#primaryimage"},"image":{"@id":"https:\/\/deftech.ch\/fr\/philosophie-vision-mission-valeurs\/#primaryimage"},"thumbnailUrl":"https:\/\/deftech.ch\/wp-content\/uploads\/2024\/01\/LOGO_DEFTECH-RED_Transparent_avec-Texte.png","datePublished":"2020-01-23T09:46:02+00:00","dateModified":"2025-03-22T12:17:29+00:00","breadcrumb":{"@id":"https:\/\/deftech.ch\/fr\/philosophie-vision-mission-valeurs\/#breadcrumb"},"inLanguage":"fr-FR","potentialAction":[{"@type":"ReadAction","target":["https:\/\/deftech.ch\/fr\/philosophie-vision-mission-valeurs\/"]}]},{"@type":"ImageObject","inLanguage":"fr-FR","@id":"https:\/\/deftech.ch\/fr\/philosophie-vision-mission-valeurs\/#primaryimage","url":"https:\/\/deftech.ch\/wp-content\/uploads\/2024\/01\/LOGO_DEFTECH-RED_Transparent_avec-Texte.png","contentUrl":"https:\/\/deftech.ch\/wp-content\/uploads\/2024\/01\/LOGO_DEFTECH-RED_Transparent_avec-Texte.png","width":944,"height":838},{"@type":"BreadcrumbList","@id":"https:\/\/deftech.ch\/fr\/philosophie-vision-mission-valeurs\/#breadcrumb","itemListElement":[{"@type":"ListItem","position":1,"name":"Home","item":"https:\/\/deftech.ch\/fr\/"},{"@type":"ListItem","position":2,"name":"Philosophie-Vision-Mission-Valeurs"}]},{"@type":"WebSite","@id":"https:\/\/deftech.ch\/#website","url":"https:\/\/deftech.ch\/","name":"Deftech - Defence Future Technologies","description":"Inspire - Inform - Instruct","publisher":{"@id":"https:\/\/deftech.ch\/#organization"},"potentialAction":[{"@type":"SearchAction","target":{"@type":"EntryPoint","urlTemplate":"https:\/\/deftech.ch\/?s={search_term_string}"},"query-input":{"@type":"PropertyValueSpecification","valueRequired":true,"valueName":"search_term_string"}}],"inLanguage":"fr-FR"},{"@type":"Organization","@id":"https:\/\/deftech.ch\/#organization","name":"Deftech - Defence Future Technologies","alternateName":"Foresight Program by armasuisse Science and Technology","url":"https:\/\/deftech.ch\/","logo":{"@type":"ImageObject","inLanguage":"fr-FR","@id":"https:\/\/deftech.ch\/#\/schema\/logo\/image\/","url":"https:\/\/i0.wp.com\/deftech.ch\/wp-content\/uploads\/2024\/09\/deftech-white-red-round-background.002.png?fit=1500%2C1500&ssl=1","contentUrl":"https:\/\/i0.wp.com\/deftech.ch\/wp-content\/uploads\/2024\/09\/deftech-white-red-round-background.002.png?fit=1500%2C1500&ssl=1","width":1500,"height":1500,"caption":"Deftech - Defence Future Technologies"},"image":{"@id":"https:\/\/deftech.ch\/#\/schema\/logo\/image\/"},"sameAs":["https:\/\/x.com\/deftechCH","https:\/\/linkedin.com\/in\/ladetto"]}]}},"jetpack_sharing_enabled":true,"jetpack_shortlink":"https:\/\/wp.me\/PaO9lW-1NA","_links":{"self":[{"href":"https:\/\/deftech.ch\/fr\/wp-json\/wp\/v2\/pages\/6918","targetHints":{"allow":["GET"]}}],"collection":[{"href":"https:\/\/deftech.ch\/fr\/wp-json\/wp\/v2\/pages"}],"about":[{"href":"https:\/\/deftech.ch\/fr\/wp-json\/wp\/v2\/types\/page"}],"author":[{"embeddable":true,"href":"https:\/\/deftech.ch\/fr\/wp-json\/wp\/v2\/users\/3"}],"replies":[{"embeddable":true,"href":"https:\/\/deftech.ch\/fr\/wp-json\/wp\/v2\/comments?post=6918"}],"version-history":[{"count":10,"href":"https:\/\/deftech.ch\/fr\/wp-json\/wp\/v2\/pages\/6918\/revisions"}],"predecessor-version":[{"id":39716,"href":"https:\/\/deftech.ch\/fr\/wp-json\/wp\/v2\/pages\/6918\/revisions\/39716"}],"wp:featuredmedia":[{"embeddable":true,"href":"https:\/\/deftech.ch\/fr\/wp-json\/wp\/v2\/media\/36770"}],"wp:attachment":[{"href":"https:\/\/deftech.ch\/fr\/wp-json\/wp\/v2\/media?parent=6918"}],"curies":[{"name":"wp","href":"https:\/\/api.w.org\/{rel}","templated":true}]}}