{"id":10618,"date":"2020-12-13T23:38:31","date_gmt":"2020-12-13T22:38:31","guid":{"rendered":"https:\/\/deftech.ch\/?page_id=10618"},"modified":"2024-02-01T18:06:25","modified_gmt":"2024-02-01T17:06:25","slug":"numerik-games","status":"publish","type":"page","link":"https:\/\/deftech.ch\/it\/numerik-games\/","title":{"rendered":"Numerik Games"},"content":{"rendered":"\n\t<section class=\"section\" id=\"section_1268904766\">\n\t\t<div class=\"section-bg fill\" >\n\t\t\t\t\t\t\t\t\t\n\t\t\t\n\n\t\t<\/div>\n\n\t\t\n\n\t\t<div class=\"section-content relative\">\n\t\t\t\n<div class=\"row align-center\"  id=\"row-642375019\">\n\n\t<div id=\"col-370221436\" class=\"col medium-10 small-12 large-10\"  >\n\t\t\t\t<div class=\"col-inner\"  >\n\t\t\t\n\t\t\t\n\t<div class=\"img has-hover x md-x lg-x y md-y lg-y\" id=\"image_899951306\">\n\t\t\t\t\t\t\t\t<div class=\"img-inner dark\" >\n\t\t\t<img loading=\"lazy\" decoding=\"async\" width=\"1020\" height=\"448\" src=\"https:\/\/deftech.ch\/wp-content\/uploads\/2020\/12\/numerik-games-deftech-1024x450.jpg\" class=\"attachment-large size-large\" alt=\"\" srcset=\"https:\/\/deftech.ch\/wp-content\/uploads\/2020\/12\/numerik-games-deftech-1024x450.jpg 1024w, https:\/\/deftech.ch\/wp-content\/uploads\/2020\/12\/numerik-games-deftech-300x132.jpg 300w, https:\/\/deftech.ch\/wp-content\/uploads\/2020\/12\/numerik-games-deftech-768x338.jpg 768w, https:\/\/deftech.ch\/wp-content\/uploads\/2020\/12\/numerik-games-deftech-1536x676.jpg 1536w, https:\/\/deftech.ch\/wp-content\/uploads\/2020\/12\/numerik-games-deftech-2048x901.jpg 2048w\" sizes=\"auto, (max-width: 1020px) 100vw, 1020px\" \/>\t\t\t\t\t\t\n\t\t\t\t\t<\/div>\n\t\t\t\t\t\t\t\t\n<style>\n#image_899951306 {\n  width: 100%;\n}\n<\/style>\n\t<\/div>\n\t\n<div class=\"container section-title-container\" ><h2 class=\"section-title section-title-center\"><b aria-hidden=\"true\"><\/b><span class=\"section-title-main\" >il gioco digitale e le nuove tecnologie<\/span><b aria-hidden=\"true\"><\/b><\/h2><\/div>\n<div class=\"row\"  id=\"row-1168762277\">\n\n\t<div id=\"col-1118695691\" class=\"col medium-8 small-12 large-8\"  >\n\t\t\t\t<div class=\"col-inner\"  >\n\t\t\t\n\t\t\t\n<p class=\"lead\">Sensibilizzare, imparare, divertirsi, testare, innovare, sperimentare virtualmente le nuove tecnologie per comprendere meglio le opportunit\u00e0 e le minacce? \u00c8 possibile, da un punto di vista ludico, insegnare nuovi concetti o addirittura incoraggiare le vocazioni?<\/p>\n<p class=\"lead\">Ecco la posta in gioco della sfida lanciata nell&#8217;ambito del festival <a href=\"https:\/\/www.numerik-games.ch\/\">Numerik Games<\/a>!<\/p>\n<p class=\"lead\">Con il fumetto <a href=\"https:\/\/deftech.ch\/wp-content\/uploads\/2019\/08\/armasuisse-DEFTECH_CH-2050-The-Future-Soldier_IT.pdf\">CH 2050 &#8211; The Future Soldier<\/a> come punto di partenza, riassumendo un workshop concettuale sul futuro soldato, sono stati creati due giochi arcade.<\/p>\n<p class=\"lead\">Lasciatevi ispirare e trasportare dall&#8217;originalit\u00e0 degli approcci!<\/p>\n\t\t<\/div>\n\t\t\t\t\t<\/div>\n\n\t\n\n\t<div id=\"col-1286106127\" class=\"col medium-4 small-12 large-4\"  >\n\t\t\t\t<div class=\"col-inner\"  >\n\t\t\t\n\t\t\t\n\t<div class=\"img has-hover x md-x lg-x y md-y lg-y\" id=\"image_259474774\">\n\t\t<a class=\"\" href=\"https:\/\/deftech.ch\/wp-content\/uploads\/2019\/08\/armasuisse-DEFTECH_CH-2050-The-Future-Soldier_IT.pdf\" >\t\t\t\t\t\t<div class=\"img-inner dark\" >\n\t\t\t<img loading=\"lazy\" decoding=\"async\" width=\"735\" height=\"1024\" src=\"https:\/\/deftech.ch\/wp-content\/uploads\/2019\/07\/armasuisse-DEFTECH_CH-2050-The-Future-Soldier_Cover-735x1024.jpg\" class=\"attachment-large size-large\" alt=\"\" srcset=\"https:\/\/deftech.ch\/wp-content\/uploads\/2019\/07\/armasuisse-DEFTECH_CH-2050-The-Future-Soldier_Cover-735x1024.jpg 735w, https:\/\/deftech.ch\/wp-content\/uploads\/2019\/07\/armasuisse-DEFTECH_CH-2050-The-Future-Soldier_Cover-215x300.jpg 215w, https:\/\/deftech.ch\/wp-content\/uploads\/2019\/07\/armasuisse-DEFTECH_CH-2050-The-Future-Soldier_Cover-768x1070.jpg 768w, https:\/\/deftech.ch\/wp-content\/uploads\/2019\/07\/armasuisse-DEFTECH_CH-2050-The-Future-Soldier_Cover-105x146.jpg 105w, https:\/\/deftech.ch\/wp-content\/uploads\/2019\/07\/armasuisse-DEFTECH_CH-2050-The-Future-Soldier_Cover-36x50.jpg 36w, https:\/\/deftech.ch\/wp-content\/uploads\/2019\/07\/armasuisse-DEFTECH_CH-2050-The-Future-Soldier_Cover-54x75.jpg 54w, https:\/\/deftech.ch\/wp-content\/uploads\/2019\/07\/armasuisse-DEFTECH_CH-2050-The-Future-Soldier_Cover.jpg 935w\" sizes=\"auto, (max-width: 735px) 100vw, 735px\" \/>\t\t\t\t\t\t\n\t\t\t\t\t<\/div>\n\t\t\t\t\t\t<\/a>\t\t\n<style>\n#image_259474774 {\n  width: 91%;\n}\n<\/style>\n\t<\/div>\n\t\n\t\t<\/div>\n\t\t\t\t\t<\/div>\n\n\t\n<\/div>\n<div class=\"container section-title-container\" ><h1 class=\"section-title section-title-normal\"><b aria-hidden=\"true\"><\/b><span class=\"section-title-main\" >FUTURE SOLDIER<\/span><b aria-hidden=\"true\"><\/b><\/h1><\/div>\n<div class=\"row\"  id=\"row-1922162297\">\n\n\t<div id=\"col-848468104\" class=\"col medium-8 small-12 large-8\"  >\n\t\t\t\t<div class=\"col-inner\"  >\n\t\t\t\n\t\t\t\n<div class=\"video video-fit mb\" style=\"padding-top:56.25%;\"><p><span class=\"embed-youtube\" style=\"text-align:center; display: block;\"><iframe loading=\"lazy\" class=\"youtube-player\" width=\"1020\" height=\"574\" src=\"https:\/\/www.youtube.com\/embed\/HEbGA4LVnWg?version=3&#038;rel=1&#038;showsearch=0&#038;showinfo=1&#038;iv_load_policy=1&#038;fs=1&#038;hl=it-IT&#038;autohide=2&#038;wmode=transparent\" allowfullscreen=\"true\" style=\"border:0;\" sandbox=\"allow-scripts allow-same-origin allow-popups allow-presentation allow-popups-to-escape-sandbox\"><\/iframe><\/span><\/p>\n<\/div>\n<p>Creato da <a href=\"https:\/\/www.linkedin.com\/in\/quicung\/\">Qui Cung<\/a> (<a href=\"https:\/\/cci-cotting.ch\/\">CCI-Cotting<\/a>) e <a href=\"https:\/\/www.clementchassot.com\/\">Cl\u00e9ment Chassot<\/a><\/p>\n<p>\u00a0<\/p>\n<p><a href=\"https:\/\/cung.itch.io\/future-soldier\"><img loading=\"lazy\" decoding=\"async\" class=\"aligncenter wp-image-10462\" src=\"https:\/\/deftech.ch\/wp-content\/uploads\/2020\/12\/play_button.jpg\" alt=\"\" width=\"255\" height=\"191\" srcset=\"https:\/\/deftech.ch\/wp-content\/uploads\/2020\/12\/play_button.jpg 1024w, https:\/\/deftech.ch\/wp-content\/uploads\/2020\/12\/play_button-300x224.jpg 300w, https:\/\/deftech.ch\/wp-content\/uploads\/2020\/12\/play_button-768x575.jpg 768w\" sizes=\"auto, (max-width: 255px) 100vw, 255px\" \/><\/a><\/p>\n\t\t<\/div>\n\t\t\t\t\t<\/div>\n\n\t\n\n\t<div id=\"col-1166043052\" class=\"col medium-4 small-12 large-4\"  >\n\t\t\t\t<div class=\"col-inner\"  >\n\t\t\t\n\t\t\t\n<p class=\"lead\"><em>Svizzera, 23 settembre 2050.<\/em><\/p>\n<p class=\"lead\"><em>La Svizzera \u00e8 sotto attacco sul suo territorio. Tu sei il soldato esploratrice Clothilde e la tua missione \u00e8 quella di deportarti sulla scena per identificare le minacce e neutralizzarle. <\/em><\/p>\n<p class=\"lead\"><em>Questo gioco d&#8217;azione si basa sulla pubblicazione &#8220;Soldato del futuro&#8221; e racconta la storia di un soldato che, con l&#8217;aiuto di tecnologie avanzate come <a href=\"https:\/\/soldat-du-futur.com\/propulsin\/\">propulsin<\/a>, <a href=\"&quot;https:\/\/soldat-du-futur.com\/urgalise\/\u00ab\">urgalise<\/a> o <a href=\"https:\/\/soldat-du-futur.com\/cobrette\/\">cobrette<\/a>, sconfigge le minacce di una Svizzera del futuro. <\/em><\/p>\n<p class=\"lead\"><em>Viaggiate in regioni svizzere come Berna, le Alpi o il Lago Lemano e affrontate minacce come la cibercriminalit\u00e0 o gli attacchi chimici.<\/em><\/p>\n\t\t<\/div>\n\t\t\t\t\t<\/div>\n\n\t\n<\/div>\n\t<div id=\"gap-2007825426\" class=\"gap-element clearfix\" style=\"display:block; height:auto;\">\n\t\t\n<style>\n#gap-2007825426 {\n  padding-top: 55px;\n}\n<\/style>\n\t<\/div>\n\t\n<div class=\"container section-title-container\" ><h1 class=\"section-title section-title-normal\"><b aria-hidden=\"true\"><\/b><span class=\"section-title-main\" >istruzione sinaptica<\/span><b aria-hidden=\"true\"><\/b><\/h1><\/div>\n<div class=\"row\"  id=\"row-244695075\">\n\n\t<div id=\"col-1446308051\" class=\"col medium-4 small-12 large-4\"  >\n\t\t\t\t<div class=\"col-inner\"  >\n\t\t\t\n\t\t\t\n<p class=\"lead\"><em>Nel 2050, l&#8217;evoluzione della realt\u00e0 virtuale \u00e8 tale che l&#8217;utente immerso non \u00e8 pi\u00f9 in grado di riconoscere la differenza con il mondo reale. Questa tecnologia si \u00e8 rapidamente diffusa a tutti i livelli della nostra societ\u00e0.<\/em><\/p>\n<p class=\"lead\"><em>L&#8217;esercito svizzero ha recentemente sviluppato un programma sperimentale di addestramento all&#8217;immersione sinaptica chiamato Neurocob. Interpreti una nuova recluta che viene inserita in un sistema di addestramento alla realt\u00e0 immersiva.<\/em><\/p>\n<p class=\"lead\"><em>Il tuo punteggio e le tue reazioni saranno analizzate dall&#8217;istruttore per determinare la tua futura assegnazione.<\/em><\/p>\n\t\t<\/div>\n\t\t\t\t\t<\/div>\n\n\t\n\n\t<div id=\"col-24096929\" class=\"col medium-8 small-12 large-8\"  >\n\t\t\t\t<div class=\"col-inner\"  >\n\t\t\t\n\t\t\t\n<div style=\"width: 600px;\" class=\"wp-video\"><video class=\"wp-video-shortcode\" id=\"video-10618-1\" width=\"600\" height=\"338\" preload=\"metadata\" controls=\"controls\"><source type=\"video\/mp4\" src=\"https:\/\/deftech.ch\/wp-content\/uploads\/2020\/12\/Instruction-Synaptique_Numerik-Games-Deftech.mp4?_=1\" \/><a href=\"https:\/\/deftech.ch\/wp-content\/uploads\/2020\/12\/Instruction-Synaptique_Numerik-Games-Deftech.mp4\">https:\/\/deftech.ch\/wp-content\/uploads\/2020\/12\/Instruction-Synaptique_Numerik-Games-Deftech.mp4<\/a><\/video><\/div>\n<p>Creato da <a href=\"https:\/\/www.linkedin.com\/in\/justinegasche\/\">Justine Gasche<\/a>\u00a0<\/p>\n<p>\u00a0<\/p>\n<p><a href=\"https:\/\/greaby.itch.io\/instruction-synaptique\"><img loading=\"lazy\" decoding=\"async\" class=\"aligncenter wp-image-10462\" src=\"https:\/\/deftech.ch\/wp-content\/uploads\/2020\/12\/play_button.jpg\" alt=\"\" width=\"255\" height=\"191\" srcset=\"https:\/\/deftech.ch\/wp-content\/uploads\/2020\/12\/play_button.jpg 1024w, https:\/\/deftech.ch\/wp-content\/uploads\/2020\/12\/play_button-300x224.jpg 300w, https:\/\/deftech.ch\/wp-content\/uploads\/2020\/12\/play_button-768x575.jpg 768w\" sizes=\"auto, (max-width: 255px) 100vw, 255px\" \/><\/a><\/p>\n\t\t<\/div>\n\t\t\t\t\t<\/div>\n\n\t\n<\/div>\n\t<div id=\"gap-1302458253\" class=\"gap-element clearfix\" style=\"display:block; height:auto;\">\n\t\t\n<style>\n#gap-1302458253 {\n  padding-top: 100px;\n}\n<\/style>\n\t<\/div>\n\t\n\t\t<\/div>\n\t\t\t\t\t<\/div>\n\n\t\n<\/div>\n\t\t<\/div>\n\n\t\t\n<style>\n#section_1268904766 {\n  padding-top: 30px;\n  padding-bottom: 30px;\n}\n<\/style>\n\t<\/section>\n\t\n","protected":false},"excerpt":{"rendered":"","protected":false},"author":3,"featured_media":0,"parent":0,"menu_order":0,"comment_status":"closed","ping_status":"closed","template":"","meta":{"jetpack_post_was_ever_published":false,"footnotes":""},"class_list":["post-10618","page","type-page","status-publish","hentry"],"yoast_head":"<!-- This site is optimized with the Yoast SEO plugin v27.3 - https:\/\/yoast.com\/product\/yoast-seo-wordpress\/ -->\n<title>Numerik Games - Deftech \u00b7 Defence Future Technologies<\/title>\n<meta name=\"robots\" content=\"index, follow, max-snippet:-1, max-image-preview:large, max-video-preview:-1\" \/>\n<link rel=\"canonical\" href=\"https:\/\/deftech.ch\/it\/numerik-games\/\" \/>\n<meta property=\"og:locale\" content=\"it_IT\" \/>\n<meta property=\"og:type\" content=\"article\" \/>\n<meta property=\"og:title\" content=\"Numerik Games - Deftech \u00b7 Defence Future Technologies\" \/>\n<meta property=\"og:url\" content=\"https:\/\/deftech.ch\/it\/numerik-games\/\" \/>\n<meta property=\"og:site_name\" content=\"Deftech \u00b7 Defence Future Technologies\" \/>\n<meta property=\"article:modified_time\" content=\"2024-02-01T17:06:25+00:00\" \/>\n<meta property=\"og:image\" content=\"https:\/\/deftech.ch\/wp-content\/uploads\/2020\/12\/play_button.jpg\" \/>\n<meta name=\"twitter:card\" content=\"summary_large_image\" \/>\n<meta name=\"twitter:site\" content=\"@deftechCH\" \/>\n<meta name=\"twitter:label1\" content=\"Tempo di lettura stimato\" \/>\n\t<meta name=\"twitter:data1\" content=\"2 minuti\" \/>\n<script type=\"application\/ld+json\" class=\"yoast-schema-graph\">{\"@context\":\"https:\\\/\\\/schema.org\",\"@graph\":[{\"@type\":\"WebPage\",\"@id\":\"https:\\\/\\\/deftech.ch\\\/it\\\/numerik-games\\\/\",\"url\":\"https:\\\/\\\/deftech.ch\\\/it\\\/numerik-games\\\/\",\"name\":\"Numerik Games - Deftech \u00b7 Defence Future Technologies\",\"isPartOf\":{\"@id\":\"https:\\\/\\\/deftech.ch\\\/#website\"},\"primaryImageOfPage\":{\"@id\":\"https:\\\/\\\/deftech.ch\\\/it\\\/numerik-games\\\/#primaryimage\"},\"image\":{\"@id\":\"https:\\\/\\\/deftech.ch\\\/it\\\/numerik-games\\\/#primaryimage\"},\"thumbnailUrl\":\"https:\\\/\\\/deftech.ch\\\/wp-content\\\/uploads\\\/2020\\\/12\\\/play_button.jpg\",\"datePublished\":\"2020-12-13T22:38:31+00:00\",\"dateModified\":\"2024-02-01T17:06:25+00:00\",\"breadcrumb\":{\"@id\":\"https:\\\/\\\/deftech.ch\\\/it\\\/numerik-games\\\/#breadcrumb\"},\"inLanguage\":\"it-IT\",\"potentialAction\":[{\"@type\":\"ReadAction\",\"target\":[\"https:\\\/\\\/deftech.ch\\\/it\\\/numerik-games\\\/\"]}]},{\"@type\":\"ImageObject\",\"inLanguage\":\"it-IT\",\"@id\":\"https:\\\/\\\/deftech.ch\\\/it\\\/numerik-games\\\/#primaryimage\",\"url\":\"https:\\\/\\\/deftech.ch\\\/wp-content\\\/uploads\\\/2020\\\/12\\\/play_button.jpg\",\"contentUrl\":\"https:\\\/\\\/deftech.ch\\\/wp-content\\\/uploads\\\/2020\\\/12\\\/play_button.jpg\"},{\"@type\":\"BreadcrumbList\",\"@id\":\"https:\\\/\\\/deftech.ch\\\/it\\\/numerik-games\\\/#breadcrumb\",\"itemListElement\":[{\"@type\":\"ListItem\",\"position\":1,\"name\":\"Home\",\"item\":\"https:\\\/\\\/deftech.ch\\\/it\\\/\"},{\"@type\":\"ListItem\",\"position\":2,\"name\":\"Numerik Games\"}]},{\"@type\":\"WebSite\",\"@id\":\"https:\\\/\\\/deftech.ch\\\/#website\",\"url\":\"https:\\\/\\\/deftech.ch\\\/\",\"name\":\"Deftech - Defence Future Technologies\",\"description\":\"Inspire - Inform - Instruct\",\"publisher\":{\"@id\":\"https:\\\/\\\/deftech.ch\\\/#organization\"},\"potentialAction\":[{\"@type\":\"SearchAction\",\"target\":{\"@type\":\"EntryPoint\",\"urlTemplate\":\"https:\\\/\\\/deftech.ch\\\/?s={search_term_string}\"},\"query-input\":{\"@type\":\"PropertyValueSpecification\",\"valueRequired\":true,\"valueName\":\"search_term_string\"}}],\"inLanguage\":\"it-IT\"},{\"@type\":\"Organization\",\"@id\":\"https:\\\/\\\/deftech.ch\\\/#organization\",\"name\":\"Deftech - Defence Future Technologies\",\"alternateName\":\"Foresight Program by armasuisse Science and Technology\",\"url\":\"https:\\\/\\\/deftech.ch\\\/\",\"logo\":{\"@type\":\"ImageObject\",\"inLanguage\":\"it-IT\",\"@id\":\"https:\\\/\\\/deftech.ch\\\/#\\\/schema\\\/logo\\\/image\\\/\",\"url\":\"https:\\\/\\\/i0.wp.com\\\/deftech.ch\\\/wp-content\\\/uploads\\\/2024\\\/09\\\/deftech-white-red-round-background.002.png?fit=1500%2C1500&ssl=1\",\"contentUrl\":\"https:\\\/\\\/i0.wp.com\\\/deftech.ch\\\/wp-content\\\/uploads\\\/2024\\\/09\\\/deftech-white-red-round-background.002.png?fit=1500%2C1500&ssl=1\",\"width\":1500,\"height\":1500,\"caption\":\"Deftech - Defence Future Technologies\"},\"image\":{\"@id\":\"https:\\\/\\\/deftech.ch\\\/#\\\/schema\\\/logo\\\/image\\\/\"},\"sameAs\":[\"https:\\\/\\\/x.com\\\/deftechCH\",\"https:\\\/\\\/linkedin.com\\\/in\\\/ladetto\"]}]}<\/script>\n<!-- \/ Yoast SEO plugin. -->","yoast_head_json":{"title":"Numerik Games - Deftech \u00b7 Defence Future Technologies","robots":{"index":"index","follow":"follow","max-snippet":"max-snippet:-1","max-image-preview":"max-image-preview:large","max-video-preview":"max-video-preview:-1"},"canonical":"https:\/\/deftech.ch\/it\/numerik-games\/","og_locale":"it_IT","og_type":"article","og_title":"Numerik Games - Deftech \u00b7 Defence Future Technologies","og_url":"https:\/\/deftech.ch\/it\/numerik-games\/","og_site_name":"Deftech \u00b7 Defence Future Technologies","article_modified_time":"2024-02-01T17:06:25+00:00","og_image":[{"url":"https:\/\/deftech.ch\/wp-content\/uploads\/2020\/12\/play_button.jpg","type":"","width":"","height":""}],"twitter_card":"summary_large_image","twitter_site":"@deftechCH","twitter_misc":{"Tempo di lettura stimato":"2 minuti"},"schema":{"@context":"https:\/\/schema.org","@graph":[{"@type":"WebPage","@id":"https:\/\/deftech.ch\/it\/numerik-games\/","url":"https:\/\/deftech.ch\/it\/numerik-games\/","name":"Numerik Games - Deftech \u00b7 Defence Future Technologies","isPartOf":{"@id":"https:\/\/deftech.ch\/#website"},"primaryImageOfPage":{"@id":"https:\/\/deftech.ch\/it\/numerik-games\/#primaryimage"},"image":{"@id":"https:\/\/deftech.ch\/it\/numerik-games\/#primaryimage"},"thumbnailUrl":"https:\/\/deftech.ch\/wp-content\/uploads\/2020\/12\/play_button.jpg","datePublished":"2020-12-13T22:38:31+00:00","dateModified":"2024-02-01T17:06:25+00:00","breadcrumb":{"@id":"https:\/\/deftech.ch\/it\/numerik-games\/#breadcrumb"},"inLanguage":"it-IT","potentialAction":[{"@type":"ReadAction","target":["https:\/\/deftech.ch\/it\/numerik-games\/"]}]},{"@type":"ImageObject","inLanguage":"it-IT","@id":"https:\/\/deftech.ch\/it\/numerik-games\/#primaryimage","url":"https:\/\/deftech.ch\/wp-content\/uploads\/2020\/12\/play_button.jpg","contentUrl":"https:\/\/deftech.ch\/wp-content\/uploads\/2020\/12\/play_button.jpg"},{"@type":"BreadcrumbList","@id":"https:\/\/deftech.ch\/it\/numerik-games\/#breadcrumb","itemListElement":[{"@type":"ListItem","position":1,"name":"Home","item":"https:\/\/deftech.ch\/it\/"},{"@type":"ListItem","position":2,"name":"Numerik Games"}]},{"@type":"WebSite","@id":"https:\/\/deftech.ch\/#website","url":"https:\/\/deftech.ch\/","name":"Deftech - Defence Future Technologies","description":"Inspire - Inform - Instruct","publisher":{"@id":"https:\/\/deftech.ch\/#organization"},"potentialAction":[{"@type":"SearchAction","target":{"@type":"EntryPoint","urlTemplate":"https:\/\/deftech.ch\/?s={search_term_string}"},"query-input":{"@type":"PropertyValueSpecification","valueRequired":true,"valueName":"search_term_string"}}],"inLanguage":"it-IT"},{"@type":"Organization","@id":"https:\/\/deftech.ch\/#organization","name":"Deftech - Defence Future Technologies","alternateName":"Foresight Program by armasuisse Science and Technology","url":"https:\/\/deftech.ch\/","logo":{"@type":"ImageObject","inLanguage":"it-IT","@id":"https:\/\/deftech.ch\/#\/schema\/logo\/image\/","url":"https:\/\/i0.wp.com\/deftech.ch\/wp-content\/uploads\/2024\/09\/deftech-white-red-round-background.002.png?fit=1500%2C1500&ssl=1","contentUrl":"https:\/\/i0.wp.com\/deftech.ch\/wp-content\/uploads\/2024\/09\/deftech-white-red-round-background.002.png?fit=1500%2C1500&ssl=1","width":1500,"height":1500,"caption":"Deftech - Defence Future Technologies"},"image":{"@id":"https:\/\/deftech.ch\/#\/schema\/logo\/image\/"},"sameAs":["https:\/\/x.com\/deftechCH","https:\/\/linkedin.com\/in\/ladetto"]}]}},"jetpack_sharing_enabled":true,"jetpack_shortlink":"https:\/\/wp.me\/PaO9lW-2Lg","_links":{"self":[{"href":"https:\/\/deftech.ch\/it\/wp-json\/wp\/v2\/pages\/10618","targetHints":{"allow":["GET"]}}],"collection":[{"href":"https:\/\/deftech.ch\/it\/wp-json\/wp\/v2\/pages"}],"about":[{"href":"https:\/\/deftech.ch\/it\/wp-json\/wp\/v2\/types\/page"}],"author":[{"embeddable":true,"href":"https:\/\/deftech.ch\/it\/wp-json\/wp\/v2\/users\/3"}],"replies":[{"embeddable":true,"href":"https:\/\/deftech.ch\/it\/wp-json\/wp\/v2\/comments?post=10618"}],"version-history":[{"count":2,"href":"https:\/\/deftech.ch\/it\/wp-json\/wp\/v2\/pages\/10618\/revisions"}],"predecessor-version":[{"id":37516,"href":"https:\/\/deftech.ch\/it\/wp-json\/wp\/v2\/pages\/10618\/revisions\/37516"}],"wp:attachment":[{"href":"https:\/\/deftech.ch\/it\/wp-json\/wp\/v2\/media?parent=10618"}],"curies":[{"name":"wp","href":"https:\/\/api.w.org\/{rel}","templated":true}]}}