{"id":10758,"date":"2020-12-15T16:04:29","date_gmt":"2020-12-15T15:04:29","guid":{"rendered":"https:\/\/deftech.ch\/?page_id=10758"},"modified":"2021-01-22T17:51:50","modified_gmt":"2021-01-22T16:51:50","slug":"fantasia","status":"publish","type":"page","link":"https:\/\/deftech.ch\/it\/fantasia\/","title":{"rendered":"FantasIA"},"content":{"rendered":"\n\t<section class=\"section dark\" id=\"section_1886469419\">\n\t\t<div class=\"section-bg fill\" >\n\t\t\t<img loading=\"lazy\" decoding=\"async\" width=\"1280\" height=\"792\" src=\"https:\/\/deftech.ch\/wp-content\/uploads\/2020\/12\/background-intro-fantasia.jpg\" class=\"bg attachment-original size-original\" alt=\"\" \/>\t\t\t\t\t\t<div class=\"section-bg-overlay absolute fill\"><\/div>\n\t\t\t\n\n\t\t<\/div>\n\n\t\t\n\n\t\t<div class=\"section-content relative\">\n\t\t\t\n<div class=\"row align-middle align-right\"  id=\"row-1780025423\">\n\n\t<div id=\"col-351898474\" class=\"col medium-10 small-12 large-10\"  >\n\t\t\t\t<div class=\"col-inner\"  >\n\t\t\t\n\t\t\t\n\t<div class=\"img has-hover x md-x lg-x y md-y lg-y\" id=\"image_977207573\">\n\t\t<a class=\"\" href=\"https:\/\/technocast.org\/\" >\t\t\t\t\t\t<div class=\"img-inner dark\" >\n\t\t\t<img loading=\"lazy\" decoding=\"async\" width=\"1020\" height=\"306\" src=\"https:\/\/deftech.ch\/wp-content\/uploads\/2020\/12\/FANTASIA-by-Technocast-1024x307.png\" class=\"attachment-large size-large\" alt=\"\" srcset=\"https:\/\/deftech.ch\/wp-content\/uploads\/2020\/12\/FANTASIA-by-Technocast-1024x307.png 1024w, https:\/\/deftech.ch\/wp-content\/uploads\/2020\/12\/FANTASIA-by-Technocast-300x90.png 300w, https:\/\/deftech.ch\/wp-content\/uploads\/2020\/12\/FANTASIA-by-Technocast-768x230.png 768w, https:\/\/deftech.ch\/wp-content\/uploads\/2020\/12\/FANTASIA-by-Technocast.png 1280w\" sizes=\"auto, (max-width: 1020px) 100vw, 1020px\" \/>\t\t\t\t\t\t\n\t\t\t\t\t<\/div>\n\t\t\t\t\t\t<\/a>\t\t\n<style>\n#image_977207573 {\n  width: 100%;\n}\n<\/style>\n\t<\/div>\n\t\n\t\t<\/div>\n\t\t\t\t\t<\/div>\n\n\t\n<\/div>\n\t<div id=\"gap-1316202716\" class=\"gap-element clearfix\" style=\"display:block; height:auto;\">\n\t\t\n<style>\n#gap-1316202716 {\n  padding-top: 55px;\n}\n<\/style>\n\t<\/div>\n\t\n<div class=\"row\"  id=\"row-514276698\">\n\n\t<div id=\"col-45358986\" class=\"col medium-8 small-12 large-8\"  >\n\t\t\t\t<div class=\"col-inner\"  >\n\t\t\t\n\t\t\t\n<h2>FantasIA &#8211; Un&#8217;esperienza immersiva nel futuro<\/h2>\n<p><strong>FantasIA<\/strong>, prima parte del progetto <span style=\"color: #db5f46;\"><a style=\"color: #db5f46;\" href=\"https:\/\/deftech.ch\/it\/technocast\/\">Technocast<\/a><\/span>, \u00e8 un&#8217;esperienza <strong>sonora interattiva<\/strong> e di <strong>foresight<\/strong> in cui l&#8217;ascoltatore recita il proprio ruolo. L&#8217;azione si svolge nel probabile futuro, vicino a noi nel tempo. All&#8217;interno di un parco divertimenti e durante una giornata movimentata, l&#8217;ascoltatore diventa la coscienza umana di un&#8217;intelligenza artificiale &#8211; Anna &#8211; che gestisce la sicurezza del parco. L&#8217;ascoltatore si trova di fronte a dilemmi realistici e dovr\u00e0 fare delle scelte nell&#8217;uso delle potenzialit\u00e0 di Anna.<\/p>\n<p>L&#8217;obiettivo di <strong>FantasIA<\/strong> \u00e8 quello di minimizzare la distorsione di opinione proiettando il revisore in uno schema decisionale contestualizzato. Il podcast alterna le domande cosiddette &#8220;strategiche&#8221;, quelle che vengono prese in considerazione nello studio e che creano una forchetta nella storia, con domande &#8220;atmosferiche&#8221; che sono l\u00ec per mantenere l&#8217;interattivit\u00e0 nell&#8217;esperienza ma che non hanno alcun impatto, n\u00e9 sulla storia, n\u00e9 sullo studio.<\/p>\n<p>Lo studio \u00e8 anonimo e i suoi risultati sono aperti a tutti.<\/p>\n<p>Buon viaggio!<\/p>\n<p>Per vivere l&#8217;esperienza FantasIA vai qui: <span style=\"color: #db5f46;\"><a style=\"color: #db5f46;\" href=\"https:\/\/technocast.org\">https:\/\/technocast.org<\/a><\/span><\/p>\n\t\t<\/div>\n\t\t\t\t\t<\/div>\n\n\t\n<\/div>\n\t<div id=\"gap-1059229658\" class=\"gap-element clearfix\" style=\"display:block; height:auto;\">\n\t\t\n<style>\n#gap-1059229658 {\n  padding-top: 100px;\n}\n<\/style>\n\t<\/div>\n\t\n<div class=\"container section-title-container\" ><h1 class=\"section-title section-title-normal\"><b aria-hidden=\"true\"><\/b><span class=\"section-title-main\" >Partenaires<\/span><b aria-hidden=\"true\"><\/b><\/h1><\/div>\n<div class=\"row\"  id=\"row-1724484453\">\n\n\t<div id=\"col-1263078442\" class=\"col medium-10 small-12 large-10\"  >\n\t\t\t\t<div class=\"col-inner\"  >\n\t\t\t\n\t\t\t\n<h2>Scenario<\/h2>\n<ul>\n<li><span style=\"color: #db5f46;\"><a style=\"color: #db5f46;\" href=\"http:\/\/lecoupdapres.fr\/\">Le Coup d\u2019Apr\u00e8s<\/a><\/span><\/li>\n<li><span style=\"color: #db5f46;\"><a style=\"color: #db5f46;\" href=\"http:\/\/benhoguet.com\/\">Benjamin Hoguet<\/a><\/span><\/li>\n<li><span style=\"color: #db5f46;\"><a style=\"color: #db5f46;\" href=\"http:\/\/nicomartinez.fr\/\">Nicolas Martinez<\/a><\/span><\/li>\n<\/ul>\n<h2><\/h2>\n<h2>Direzione tecnica e artistica<\/h2>\n<ul>\n<li><span style=\"color: #db5f46;\"><a style=\"color: #db5f46;\" href=\"https:\/\/www.bakasable.fr\/\">Bakasable<\/a> <\/span>: Heidi Ghernati, Hugo Rulier, Marie Goyet, Marjori Gaboriau<\/li>\n<li>Alexandre Jullian-Fradin<\/li>\n<\/ul>\n<h2><\/h2>\n<h2>Identit\u00e0 visiva<\/h2>\n<ul>\n<li><span style=\"color: #db5f46;\"><a style=\"color: #db5f46;\" href=\"https:\/\/www.stephanieloyer.com\/\">St\u00e9phanie Loyer<\/a><\/span><\/li>\n<\/ul>\n<h2><\/h2>\n<h2>Composizione, montaggio, mixaggio<\/h2>\n<ul>\n<li><span style=\"color: #db5f46;\"><a style=\"color: #db5f46;\" href=\"http:\/\/laboreal.fr\/\">Studio Laboreal<\/a> &#8211;<\/span> Maxime Robin<\/li>\n<\/ul>\n<h2><\/h2>\n<h2>Registrazione del suono<\/h2>\n<ul>\n<li><span style=\"color: #db5f46;\"><a style=\"color: #db5f46;\" href=\"http:\/\/www.phonarium.com\/\">Studio Le Phonarium<\/a><\/span> &#8211; G\u00e9rald Dorai<\/li>\n<\/ul>\n<h2><\/h2>\n<h2>Interpreti<\/h2>\n<ul>\n<li><span style=\"color: #db5f46;\"><a style=\"color: #db5f46;\" href=\"http:\/\/www.ingridparois-voixoff.com\/\">Ingrid Parois<\/a><\/span>, come Anna<\/li>\n<li><span style=\"color: #db5f46;\"><a style=\"color: #db5f46;\" href=\"https:\/\/www.imdb.com\/name\/nm1269130\/\">S\u00e9bastien Landry<\/a><\/span>, nel ruolo di responsabile della sicurezza<\/li>\n<li><span style=\"color: #db5f46;\"><a style=\"color: #db5f46;\" href=\"https:\/\/www.youtube.com\/channel\/UCEqHJYRiYtw0_10aJQRQyQg\">Rodolphe Coll\u00e9<\/a><\/span>, nel ruolo di direttore<\/li>\n<li>Con la partecipazione anche di Nicolas Martinez, Gerald Dorai, C\u00e9cilia Dorai, Quentin Ladetto, Pamela Bellier, Romain Fenouil, Matthieu Gioani, Anne-Laure Guermont<\/li>\n<\/ul>\n<h2><\/h2>\n<h2>Voce off (trailer e crediti finali)<\/h2>\n<ul>\n<li>M\u00e9lanie P\u00e9rirhin<\/li>\n<\/ul>\n<h2><\/h2>\n<h2>Traduzione<\/h2>\n<ul>\n<li>Versione inglese : No\u00e9mie Joubert, Marie Brummer, Kristin Knickelbein, Quentin Ladetto<\/li>\n<li>Versione tedesca: Jeanne Simonnet, Benjamin Sawicki<\/li>\n<li>Versione italiana : Cristina Lazzari, Quentin Ladetto<\/li>\n<\/ul>\n<h2><\/h2>\n<h2>Hosting del sito<\/h2>\n<ul>\n<li><span style=\"color: #db5f46;\"><a style=\"color: #db5f46;\" href=\"https:\/\/infomaniak.com\">Infomaniak SA<\/a><\/span><\/li>\n<\/ul>\n\t\t<\/div>\n\t\t\t\t\t<\/div>\n\n\t\n\n\t<div id=\"col-446098508\" class=\"col medium-2 small-12 large-2\"  >\n\t\t\t\t<div class=\"col-inner text-center\"  >\n\t\t\t\n\t\t\t\n\t<div class=\"img has-hover x md-x lg-x y md-y lg-y\" id=\"image_2110878892\">\n\t\t<a class=\"\" href=\"http:\/\/lecoupdapres.fr\/\" >\t\t\t\t\t\t<div class=\"img-inner dark\" >\n\t\t\t<img loading=\"lazy\" decoding=\"async\" width=\"1020\" height=\"1020\" src=\"https:\/\/deftech.ch\/wp-content\/uploads\/2020\/12\/le-coup-dapres_logo_blanc-sur-fond-bleu_RVB-1314px-1024x1024.png\" class=\"attachment-large size-large\" alt=\"\" srcset=\"https:\/\/deftech.ch\/wp-content\/uploads\/2020\/12\/le-coup-dapres_logo_blanc-sur-fond-bleu_RVB-1314px-1024x1024.png 1024w, https:\/\/deftech.ch\/wp-content\/uploads\/2020\/12\/le-coup-dapres_logo_blanc-sur-fond-bleu_RVB-1314px-300x300.png 300w, https:\/\/deftech.ch\/wp-content\/uploads\/2020\/12\/le-coup-dapres_logo_blanc-sur-fond-bleu_RVB-1314px-150x150.png 150w, https:\/\/deftech.ch\/wp-content\/uploads\/2020\/12\/le-coup-dapres_logo_blanc-sur-fond-bleu_RVB-1314px-768x768.png 768w, https:\/\/deftech.ch\/wp-content\/uploads\/2020\/12\/le-coup-dapres_logo_blanc-sur-fond-bleu_RVB-1314px.png 1314w\" sizes=\"auto, (max-width: 1020px) 100vw, 1020px\" \/>\t\t\t\t\t\t\n\t\t\t\t\t<\/div>\n\t\t\t\t\t\t<\/a>\t\t\n<style>\n#image_2110878892 {\n  width: 100%;\n}\n<\/style>\n\t<\/div>\n\t\n\t<div class=\"img has-hover x md-x lg-x y md-y lg-y\" id=\"image_1175498798\">\n\t\t<a class=\"\" href=\"http:\/\/benhoguet.com\/\" >\t\t\t\t\t\t<div class=\"img-inner dark\" >\n\t\t\t<img loading=\"lazy\" decoding=\"async\" width=\"1020\" height=\"586\" src=\"https:\/\/deftech.ch\/wp-content\/uploads\/2020\/12\/Logo-Nouvelles-Narrations-1024x588.png\" class=\"attachment-large size-large\" alt=\"\" srcset=\"https:\/\/deftech.ch\/wp-content\/uploads\/2020\/12\/Logo-Nouvelles-Narrations-1024x588.png 1024w, https:\/\/deftech.ch\/wp-content\/uploads\/2020\/12\/Logo-Nouvelles-Narrations-300x172.png 300w, https:\/\/deftech.ch\/wp-content\/uploads\/2020\/12\/Logo-Nouvelles-Narrations-768x441.png 768w, https:\/\/deftech.ch\/wp-content\/uploads\/2020\/12\/Logo-Nouvelles-Narrations-1536x882.png 1536w, https:\/\/deftech.ch\/wp-content\/uploads\/2020\/12\/Logo-Nouvelles-Narrations.png 1600w\" sizes=\"auto, (max-width: 1020px) 100vw, 1020px\" \/>\t\t\t\t\t\t\n\t\t\t\t\t<\/div>\n\t\t\t\t\t\t<\/a>\t\t\n<style>\n#image_1175498798 {\n  width: 100%;\n}\n<\/style>\n\t<\/div>\n\t\n\t<div class=\"img has-hover x md-x lg-x y md-y lg-y\" id=\"image_824984525\">\n\t\t<a class=\"\" href=\"https:\/\/www.stephanieloyer.com\/\" >\t\t\t\t\t\t<div class=\"img-inner dark\" >\n\t\t\t<img loading=\"lazy\" decoding=\"async\" width=\"87\" height=\"100\" src=\"https:\/\/deftech.ch\/wp-content\/uploads\/2020\/12\/Logo-Stephanie-Loyer.png\" class=\"attachment-large size-large\" alt=\"\" \/>\t\t\t\t\t\t\n\t\t\t\t\t<\/div>\n\t\t\t\t\t\t<\/a>\t\t\n<style>\n#image_824984525 {\n  width: 75%;\n}\n<\/style>\n\t<\/div>\n\t\n\t\t<\/div>\n\t\t\t\t\t<\/div>\n\n\t\n<\/div>\n\t\t<\/div>\n\n\t\t\n<style>\n#section_1886469419 {\n  padding-top: 30px;\n  padding-bottom: 30px;\n}\n#section_1886469419 .section-bg-overlay {\n  background-color: rgba(31, 25, 56, 0.86);\n}\n#section_1886469419 .section-bg img {\n  object-position: 11% 46%;\n}\n<\/style>\n\t<\/section>\n\t\n\t<div id=\"gap-658149316\" class=\"gap-element clearfix\" style=\"display:block; height:auto;\">\n\t\t\n<style>\n#gap-658149316 {\n  padding-top: 100px;\n}\n<\/style>\n\t<\/div>\n\t\n","protected":false},"excerpt":{"rendered":"","protected":false},"author":3,"featured_media":10707,"parent":0,"menu_order":0,"comment_status":"closed","ping_status":"closed","template":"","meta":{"jetpack_post_was_ever_published":false,"footnotes":""},"class_list":["post-10758","page","type-page","status-publish","has-post-thumbnail","hentry"],"yoast_head":"<!-- This site is optimized with the Yoast SEO plugin v27.4 - https:\/\/yoast.com\/product\/yoast-seo-wordpress\/ -->\n<title>FantasIA - Deftech \u00b7 Defence Future Technologies<\/title>\n<meta name=\"robots\" content=\"index, follow, max-snippet:-1, max-image-preview:large, max-video-preview:-1\" \/>\n<link rel=\"canonical\" href=\"https:\/\/deftech.ch\/it\/fantasia\/\" \/>\n<meta property=\"og:locale\" content=\"it_IT\" \/>\n<meta property=\"og:type\" content=\"article\" \/>\n<meta property=\"og:title\" content=\"FantasIA - Deftech \u00b7 Defence Future Technologies\" \/>\n<meta property=\"og:url\" content=\"https:\/\/deftech.ch\/it\/fantasia\/\" \/>\n<meta property=\"og:site_name\" content=\"Deftech \u00b7 Defence Future Technologies\" \/>\n<meta property=\"article:modified_time\" content=\"2021-01-22T16:51:50+00:00\" \/>\n<meta property=\"og:image\" content=\"https:\/\/i1.wp.com\/deftech.ch\/wp-content\/uploads\/2020\/12\/FANTASIA-by-Technocast.png?fit=1280%2C384&ssl=1\" \/>\n\t<meta property=\"og:image:width\" content=\"1280\" \/>\n\t<meta property=\"og:image:height\" content=\"384\" \/>\n\t<meta property=\"og:image:type\" content=\"image\/png\" \/>\n<meta name=\"twitter:card\" content=\"summary_large_image\" \/>\n<meta name=\"twitter:site\" content=\"@deftechCH\" \/>\n<meta name=\"twitter:label1\" content=\"Tempo di lettura stimato\" \/>\n\t<meta name=\"twitter:data1\" content=\"2 minuti\" \/>\n<script type=\"application\/ld+json\" class=\"yoast-schema-graph\">{\"@context\":\"https:\\\/\\\/schema.org\",\"@graph\":[{\"@type\":\"WebPage\",\"@id\":\"https:\\\/\\\/deftech.ch\\\/it\\\/fantasia\\\/\",\"url\":\"https:\\\/\\\/deftech.ch\\\/it\\\/fantasia\\\/\",\"name\":\"FantasIA - Deftech \u00b7 Defence Future Technologies\",\"isPartOf\":{\"@id\":\"https:\\\/\\\/deftech.ch\\\/#website\"},\"primaryImageOfPage\":{\"@id\":\"https:\\\/\\\/deftech.ch\\\/it\\\/fantasia\\\/#primaryimage\"},\"image\":{\"@id\":\"https:\\\/\\\/deftech.ch\\\/it\\\/fantasia\\\/#primaryimage\"},\"thumbnailUrl\":\"https:\\\/\\\/deftech.ch\\\/wp-content\\\/uploads\\\/2020\\\/12\\\/FANTASIA-by-Technocast.png\",\"datePublished\":\"2020-12-15T15:04:29+00:00\",\"dateModified\":\"2021-01-22T16:51:50+00:00\",\"breadcrumb\":{\"@id\":\"https:\\\/\\\/deftech.ch\\\/it\\\/fantasia\\\/#breadcrumb\"},\"inLanguage\":\"it-IT\",\"potentialAction\":[{\"@type\":\"ReadAction\",\"target\":[\"https:\\\/\\\/deftech.ch\\\/it\\\/fantasia\\\/\"]}]},{\"@type\":\"ImageObject\",\"inLanguage\":\"it-IT\",\"@id\":\"https:\\\/\\\/deftech.ch\\\/it\\\/fantasia\\\/#primaryimage\",\"url\":\"https:\\\/\\\/deftech.ch\\\/wp-content\\\/uploads\\\/2020\\\/12\\\/FANTASIA-by-Technocast.png\",\"contentUrl\":\"https:\\\/\\\/deftech.ch\\\/wp-content\\\/uploads\\\/2020\\\/12\\\/FANTASIA-by-Technocast.png\",\"width\":1280,\"height\":384},{\"@type\":\"BreadcrumbList\",\"@id\":\"https:\\\/\\\/deftech.ch\\\/it\\\/fantasia\\\/#breadcrumb\",\"itemListElement\":[{\"@type\":\"ListItem\",\"position\":1,\"name\":\"Home\",\"item\":\"https:\\\/\\\/deftech.ch\\\/it\\\/\"},{\"@type\":\"ListItem\",\"position\":2,\"name\":\"FantasIA\"}]},{\"@type\":\"WebSite\",\"@id\":\"https:\\\/\\\/deftech.ch\\\/#website\",\"url\":\"https:\\\/\\\/deftech.ch\\\/\",\"name\":\"Deftech - Defence Future Technologies\",\"description\":\"Inspire - Inform - Instruct\",\"publisher\":{\"@id\":\"https:\\\/\\\/deftech.ch\\\/#organization\"},\"potentialAction\":[{\"@type\":\"SearchAction\",\"target\":{\"@type\":\"EntryPoint\",\"urlTemplate\":\"https:\\\/\\\/deftech.ch\\\/?s={search_term_string}\"},\"query-input\":{\"@type\":\"PropertyValueSpecification\",\"valueRequired\":true,\"valueName\":\"search_term_string\"}}],\"inLanguage\":\"it-IT\"},{\"@type\":\"Organization\",\"@id\":\"https:\\\/\\\/deftech.ch\\\/#organization\",\"name\":\"Deftech - Defence Future Technologies\",\"alternateName\":\"Foresight Program by armasuisse Science and Technology\",\"url\":\"https:\\\/\\\/deftech.ch\\\/\",\"logo\":{\"@type\":\"ImageObject\",\"inLanguage\":\"it-IT\",\"@id\":\"https:\\\/\\\/deftech.ch\\\/#\\\/schema\\\/logo\\\/image\\\/\",\"url\":\"https:\\\/\\\/i0.wp.com\\\/deftech.ch\\\/wp-content\\\/uploads\\\/2024\\\/09\\\/deftech-white-red-round-background.002.png?fit=1500%2C1500&ssl=1\",\"contentUrl\":\"https:\\\/\\\/i0.wp.com\\\/deftech.ch\\\/wp-content\\\/uploads\\\/2024\\\/09\\\/deftech-white-red-round-background.002.png?fit=1500%2C1500&ssl=1\",\"width\":1500,\"height\":1500,\"caption\":\"Deftech - Defence Future Technologies\"},\"image\":{\"@id\":\"https:\\\/\\\/deftech.ch\\\/#\\\/schema\\\/logo\\\/image\\\/\"},\"sameAs\":[\"https:\\\/\\\/x.com\\\/deftechCH\",\"https:\\\/\\\/linkedin.com\\\/in\\\/ladetto\"]}]}<\/script>\n<!-- \/ Yoast SEO plugin. -->","yoast_head_json":{"title":"FantasIA - Deftech \u00b7 Defence Future Technologies","robots":{"index":"index","follow":"follow","max-snippet":"max-snippet:-1","max-image-preview":"max-image-preview:large","max-video-preview":"max-video-preview:-1"},"canonical":"https:\/\/deftech.ch\/it\/fantasia\/","og_locale":"it_IT","og_type":"article","og_title":"FantasIA - Deftech \u00b7 Defence Future Technologies","og_url":"https:\/\/deftech.ch\/it\/fantasia\/","og_site_name":"Deftech \u00b7 Defence Future Technologies","article_modified_time":"2021-01-22T16:51:50+00:00","og_image":[{"width":1280,"height":384,"url":"https:\/\/i1.wp.com\/deftech.ch\/wp-content\/uploads\/2020\/12\/FANTASIA-by-Technocast.png?fit=1280%2C384&ssl=1","type":"image\/png"}],"twitter_card":"summary_large_image","twitter_site":"@deftechCH","twitter_misc":{"Tempo di lettura stimato":"2 minuti"},"schema":{"@context":"https:\/\/schema.org","@graph":[{"@type":"WebPage","@id":"https:\/\/deftech.ch\/it\/fantasia\/","url":"https:\/\/deftech.ch\/it\/fantasia\/","name":"FantasIA - Deftech \u00b7 Defence Future Technologies","isPartOf":{"@id":"https:\/\/deftech.ch\/#website"},"primaryImageOfPage":{"@id":"https:\/\/deftech.ch\/it\/fantasia\/#primaryimage"},"image":{"@id":"https:\/\/deftech.ch\/it\/fantasia\/#primaryimage"},"thumbnailUrl":"https:\/\/deftech.ch\/wp-content\/uploads\/2020\/12\/FANTASIA-by-Technocast.png","datePublished":"2020-12-15T15:04:29+00:00","dateModified":"2021-01-22T16:51:50+00:00","breadcrumb":{"@id":"https:\/\/deftech.ch\/it\/fantasia\/#breadcrumb"},"inLanguage":"it-IT","potentialAction":[{"@type":"ReadAction","target":["https:\/\/deftech.ch\/it\/fantasia\/"]}]},{"@type":"ImageObject","inLanguage":"it-IT","@id":"https:\/\/deftech.ch\/it\/fantasia\/#primaryimage","url":"https:\/\/deftech.ch\/wp-content\/uploads\/2020\/12\/FANTASIA-by-Technocast.png","contentUrl":"https:\/\/deftech.ch\/wp-content\/uploads\/2020\/12\/FANTASIA-by-Technocast.png","width":1280,"height":384},{"@type":"BreadcrumbList","@id":"https:\/\/deftech.ch\/it\/fantasia\/#breadcrumb","itemListElement":[{"@type":"ListItem","position":1,"name":"Home","item":"https:\/\/deftech.ch\/it\/"},{"@type":"ListItem","position":2,"name":"FantasIA"}]},{"@type":"WebSite","@id":"https:\/\/deftech.ch\/#website","url":"https:\/\/deftech.ch\/","name":"Deftech - Defence Future Technologies","description":"Inspire - Inform - Instruct","publisher":{"@id":"https:\/\/deftech.ch\/#organization"},"potentialAction":[{"@type":"SearchAction","target":{"@type":"EntryPoint","urlTemplate":"https:\/\/deftech.ch\/?s={search_term_string}"},"query-input":{"@type":"PropertyValueSpecification","valueRequired":true,"valueName":"search_term_string"}}],"inLanguage":"it-IT"},{"@type":"Organization","@id":"https:\/\/deftech.ch\/#organization","name":"Deftech - Defence Future Technologies","alternateName":"Foresight Program by armasuisse Science and Technology","url":"https:\/\/deftech.ch\/","logo":{"@type":"ImageObject","inLanguage":"it-IT","@id":"https:\/\/deftech.ch\/#\/schema\/logo\/image\/","url":"https:\/\/i0.wp.com\/deftech.ch\/wp-content\/uploads\/2024\/09\/deftech-white-red-round-background.002.png?fit=1500%2C1500&ssl=1","contentUrl":"https:\/\/i0.wp.com\/deftech.ch\/wp-content\/uploads\/2024\/09\/deftech-white-red-round-background.002.png?fit=1500%2C1500&ssl=1","width":1500,"height":1500,"caption":"Deftech - Defence Future Technologies"},"image":{"@id":"https:\/\/deftech.ch\/#\/schema\/logo\/image\/"},"sameAs":["https:\/\/x.com\/deftechCH","https:\/\/linkedin.com\/in\/ladetto"]}]}},"jetpack_sharing_enabled":true,"jetpack_shortlink":"https:\/\/wp.me\/PaO9lW-2Nw","_links":{"self":[{"href":"https:\/\/deftech.ch\/it\/wp-json\/wp\/v2\/pages\/10758","targetHints":{"allow":["GET"]}}],"collection":[{"href":"https:\/\/deftech.ch\/it\/wp-json\/wp\/v2\/pages"}],"about":[{"href":"https:\/\/deftech.ch\/it\/wp-json\/wp\/v2\/types\/page"}],"author":[{"embeddable":true,"href":"https:\/\/deftech.ch\/it\/wp-json\/wp\/v2\/users\/3"}],"replies":[{"embeddable":true,"href":"https:\/\/deftech.ch\/it\/wp-json\/wp\/v2\/comments?post=10758"}],"version-history":[{"count":0,"href":"https:\/\/deftech.ch\/it\/wp-json\/wp\/v2\/pages\/10758\/revisions"}],"wp:featuredmedia":[{"embeddable":true,"href":"https:\/\/deftech.ch\/it\/wp-json\/wp\/v2\/media\/10707"}],"wp:attachment":[{"href":"https:\/\/deftech.ch\/it\/wp-json\/wp\/v2\/media?parent=10758"}],"curies":[{"name":"wp","href":"https:\/\/api.w.org\/{rel}","templated":true}]}}