{"id":10860,"date":"2020-12-16T22:10:34","date_gmt":"2020-12-16T21:10:34","guid":{"rendered":"https:\/\/deftech.ch\/?page_id=10860"},"modified":"2021-01-10T11:37:06","modified_gmt":"2021-01-10T10:37:06","slug":"technocast-analytics","status":"publish","type":"page","link":"https:\/\/deftech.ch\/it\/technocast-analytics\/","title":{"rendered":"Technocast Analytics"},"content":{"rendered":"\n\t<section class=\"section\" id=\"section_814068099\">\n\t\t<div class=\"section-bg fill\" >\n\t\t\t\t\t\t\t\t\t\n\t\t\t\n\n\t\t<\/div>\n\n\t\t\n\n\t\t<div class=\"section-content relative\">\n\t\t\t\n<div class=\"row align-middle\"  id=\"row-1348729792\">\n\n\t<div id=\"col-1840902553\" class=\"col small-12 large-12\"  >\n\t\t\t\t<div class=\"col-inner\"  >\n\t\t\t\n\t\t\t\n\t<div class=\"img has-hover x md-x lg-x y md-y lg-y\" id=\"image_1319499910\">\n\t\t\t\t\t\t\t\t<div class=\"img-inner dark\" >\n\t\t\t<img loading=\"lazy\" decoding=\"async\" width=\"1020\" height=\"229\" src=\"https:\/\/deftech.ch\/wp-content\/uploads\/2020\/12\/Logo-Technocast-Analytics__BleuTurquoise-1024x230.png\" class=\"attachment-large size-large\" alt=\"\" srcset=\"https:\/\/deftech.ch\/wp-content\/uploads\/2020\/12\/Logo-Technocast-Analytics__BleuTurquoise-1024x230.png 1024w, https:\/\/deftech.ch\/wp-content\/uploads\/2020\/12\/Logo-Technocast-Analytics__BleuTurquoise-300x67.png 300w, https:\/\/deftech.ch\/wp-content\/uploads\/2020\/12\/Logo-Technocast-Analytics__BleuTurquoise-768x173.png 768w, https:\/\/deftech.ch\/wp-content\/uploads\/2020\/12\/Logo-Technocast-Analytics__BleuTurquoise-1536x345.png 1536w, https:\/\/deftech.ch\/wp-content\/uploads\/2020\/12\/Logo-Technocast-Analytics__BleuTurquoise-2048x460.png 2048w\" sizes=\"auto, (max-width: 1020px) 100vw, 1020px\" \/>\t\t\t\t\t\t\n\t\t\t\t\t<\/div>\n\t\t\t\t\t\t\t\t\n<style>\n#image_1319499910 {\n  width: 100%;\n}\n<\/style>\n\t<\/div>\n\t\n\t\t<\/div>\n\t\t\t\t\t<\/div>\n\n\t\n<\/div>\n\t\t<\/div>\n\n\t\t\n<style>\n#section_814068099 {\n  padding-top: 30px;\n  padding-bottom: 30px;\n  min-height: 300px;\n  background-color: rgb(31, 25, 56);\n}\n<\/style>\n\t<\/section>\n\t\n\t<div id=\"gap-1666246320\" class=\"gap-element clearfix\" style=\"display:block; height:auto;\">\n\t\t\n<style>\n#gap-1666246320 {\n  padding-top: 30px;\n}\n<\/style>\n\t<\/div>\n\t\n\n\t<section class=\"section\" id=\"section_281802544\">\n\t\t<div class=\"section-bg fill\" >\n\t\t\t\t\t\t\t\t\t\n\t\t\t\n\n\t\t<\/div>\n\n\t\t\n\n\t\t<div class=\"section-content relative\">\n\t\t\t\n<div class=\"row\"  id=\"row-856816276\">\n\n\t<div id=\"col-102468391\" class=\"col medium-10 small-12 large-10\"  >\n\t\t\t\t<div class=\"col-inner\"  >\n\t\t\t\n\t\t\t\n<h1>Che cosa vuol dire analytics e perch\u00e9 ne abbiamo bisogno<\/h1>\n<p>Analytics \u00e8 l&#8217;analisi sistematica dei dati per raccogliere approfondimenti su domande di ricerca specifiche. Ogni volta che vogliamo capire qualcosa, normalmente raccogliamo dati e li usiamo per rispondere a domande che potremmo avere o per prendere decisioni.<\/p>\n<p>Guardiamo il tempo fuori dalla finestra e decidiamo se vogliamo prendere l&#8217;ombrello o meno, o quali scarpe sono le pi\u00f9 adatte. Gli esseri umani eseguono analisi e ragionamenti deduttivi senza nemmeno accorgersene per la maggior parte del tempo. I dati senza analisi sono come avere carburante senza auto. Non \u00e8 utile e semplicemente una perdita di tempo.<\/p>\n<p>Quindi una delle nostre principali preoccupazioni in questo progetto \u00e8 stata quella di dare il giusto peso all\u2019analytics sin dall&#8217;inizio e includerla in tutte le fasi del progetto. Solo cos\u00ec saremo in grado di rispondere alle domande che ci siamo posti in modo scientificamente corretto.<\/p>\n<p>\u00a0<\/p>\n<blockquote>\n<p>I dati senza analisi sono come avere carburante senza auto !<\/p>\n<\/blockquote>\n<h1>\u00a0<\/h1>\n<h1>L&#8217;analytics nei sondaggi<\/h1>\n<p>Normalmente i sondaggi, e sicuramente hai partecipato a uno o pi\u00f9, sono un insieme di domande poste in maniera sequenziale, una dopo l&#8217;altra. In genere, per mantenere l&#8217;interpretazione semplice, le domande hanno poca o nessuna correlazione l&#8217;una con l&#8217;altra. Quindi l&#8217;analisi dei dati normalmente non \u00e8 complicata e basta guardare le risposte separatamente.<\/p>\n<p>Qualcosa da notare \u00e8 che la selezione dei partecipanti \u00e8 fondamentale per evitare di introdurre bias. Se i partecipanti sono solo uomini, avremo chiaramente un forte bias e non saremo in grado di raccogliere informazioni interessanti che rifletteranno ci\u00f2 che pensano le donne, ad esempio. In genere si fa molto per assicurarsi che la scelta dei partecipanti non abbia bias che potrebbe essere rilevante per le domande a cui si sta cercando di rispondere (lo stesso numero di maschi e femmine, lo stesso numero di partecipanti in tutte le fasce d&#8217;et\u00e0, ecc.).<\/p>\n<p>In questo progetto stiamo esaminando molto seriamente il possibile bias per assicurarci che le nostre conclusioni siano il pi\u00f9 possibile prive di pregiudizi e stiamo cercando modi diversi per ottenerlo con vari esperti.<\/p>\n<h1>\u00a0<\/h1>\n<h1>Le sfide dell&#8217;analytics nello storytelling <\/h1>\n<p>L\u2019uso dello storytelling per costruire un sondaggio, o in altre parole consentire ai partecipanti di decidere come si svilupper\u00e0 la storia e quindi il sondaggio, rende l&#8217;approccio classico all&#8217;analisi statistica dei sondaggi molto meno utile. In questo progetto stiamo sviluppando nuovi approcci di analisi per essere in grado di comprendere come le diverse scelte siano correlate tra loro e come utilizzare questa correlazione per comprendere le opinioni dei partecipanti su diversi argomenti. Aggiungere un contesto alle domande (la storia) ci permette di formulare domande veramente specifiche da porre ai partecipanti.<\/p>\n<p>In questo nuovo paradigma, non solo le domande sono importanti, ma (e forse anche di pi\u00f9) anche il modo in cui sono collegate. L&#8217;intera storia diventa un albero attraverso il quale un partecipante pu\u00f2 navigare. I nuovi metodi di analisi che stiamo sviluppando consentiranno di analizzare questa navigazione ad albero e cosa ci dice sulle opinioni dei partecipanti. Nella figura sottostante si pu\u00f2 vedere un&#8217;immagine schematica di una possibile storia con cinque domande.<\/p>\n<p>\u00a0<\/p>\n<p><img loading=\"lazy\" decoding=\"async\" class=\"size-full wp-image-10833 aligncenter\" src=\"https:\/\/deftech.ch\/wp-content\/uploads\/2020\/12\/Analytics_fig_IT.png\" alt=\"Technocast Analytics\" width=\"615\" height=\"319\" \/><\/p>\n<p>\u00a0<\/p>\n<p>I diversi partecipanti vedranno domande diverse e dovranno affrontare scelte diverse. Una corretta analisi di ci\u00f2 che accade durante il racconto \u00e8 obbligatoria per poter interpretare con precisione i risultati. Come si pu\u00f2 vedere nella figura, un partecipante pu\u00f2 arrivare alla domanda 4 in due modi diversi. Quindi il percorso verso un punto diventa improvvisamente molto importante e contiene informazioni importanti che devono essere decodificate per interpretare l&#8217;opinione del partecipante. Questo ulteriore livello di complessit\u00e0 richiede nuovi metodi di analisi che vengono sviluppati in questo progetto.<\/p>\n<p>\u00a0<\/p>\n<p><a href=\"https:\/\/technocast.org\">Entra ora nella storia<\/a> per scoprire il tuo profilo!<\/p>\n\t<div id=\"gap-1233785301\" class=\"gap-element clearfix\" style=\"display:block; height:auto;\">\n\t\t\n<style>\n#gap-1233785301 {\n  padding-top: 55px;\n}\n<\/style>\n\t<\/div>\n\t\n\t\t<\/div>\n\t\t\t\t\t<\/div>\n\n\t\n\n\t<div id=\"col-2094112202\" class=\"col medium-2 small-12 large-2\"  >\n\t\t\t\t<div class=\"col-inner text-center\"  >\n\t\t\t\n\t\t\t\n\t<div class=\"img has-hover x md-x lg-x y md-y lg-y\" id=\"image_385456395\">\n\t\t<a class=\"\" href=\"https:\/\/deftech.ch\/it\/technocast\" >\t\t\t\t\t\t<div class=\"img-inner dark\" >\n\t\t\t<img loading=\"lazy\" decoding=\"async\" width=\"1020\" height=\"224\" src=\"https:\/\/deftech.ch\/wp-content\/uploads\/2020\/12\/Logo-Technocast-Noir-1024x225.png\" class=\"attachment-large size-large\" alt=\"\" srcset=\"https:\/\/deftech.ch\/wp-content\/uploads\/2020\/12\/Logo-Technocast-Noir-1024x225.png 1024w, https:\/\/deftech.ch\/wp-content\/uploads\/2020\/12\/Logo-Technocast-Noir-300x66.png 300w, https:\/\/deftech.ch\/wp-content\/uploads\/2020\/12\/Logo-Technocast-Noir-768x169.png 768w, https:\/\/deftech.ch\/wp-content\/uploads\/2020\/12\/Logo-Technocast-Noir.png 1366w\" sizes=\"auto, (max-width: 1020px) 100vw, 1020px\" \/>\t\t\t\t\t\t\n\t\t\t\t\t<\/div>\n\t\t\t\t\t\t<\/a>\t\t\n<style>\n#image_385456395 {\n  width: 100%;\n}\n<\/style>\n\t<\/div>\n\t\n\t\t<\/div>\n\t\t\t\t\t<\/div>\n\n\t\n<\/div>\n\t\t<\/div>\n\n\t\t\n<style>\n#section_281802544 {\n  padding-top: 30px;\n  padding-bottom: 30px;\n}\n<\/style>\n\t<\/section>\n\t\n\n\t<section class=\"section\" id=\"section_74530084\">\n\t\t<div class=\"section-bg fill\" >\n\t\t\t\t\t\t\t\t\t\n\t\t\t\n\n\t\t<\/div>\n\n\t\t\n\n\t\t<div class=\"section-content relative\">\n\t\t\t\n<div class=\"row\"  id=\"row-103613394\">\n\n\t<div id=\"col-1452289258\" class=\"col small-12 large-12\"  >\n\t\t\t\t<div class=\"col-inner\"  >\n\t\t\t\n\t\t\t\n<p style=\"text-align: left;\"><strong>Crediti<\/strong>:<\/p>\n<p class=\"alt-font\">Umberto Michelucci, TOELT LLC, umberto.michelucci@toelt.ai\u00a0<br \/>Prof. Aya Kachi, Universit\u00e0 Basilea, aya.kachi@gmail.com<\/p>\n\t\t<\/div>\n\t\t\t\t\t<\/div>\n\n\t\n<\/div>\n<div class=\"row align-middle\"  id=\"row-1799882468\">\n\n\t<div id=\"col-1479788450\" class=\"col medium-5 small-12 large-5\"  >\n\t\t\t\t<div class=\"col-inner text-center\"  >\n\t\t\t\n\t\t\t\n\t<div class=\"img has-hover x md-x lg-x y md-y lg-y\" id=\"image_1992976477\">\n\t\t<a class=\"\" href=\"http:\/\/toelt.ai\" >\t\t\t\t\t\t<div class=\"img-inner dark\" >\n\t\t\t<img loading=\"lazy\" decoding=\"async\" width=\"1000\" height=\"183\" src=\"https:\/\/deftech.ch\/wp-content\/uploads\/2020\/12\/TOELT_Horizontal_V1.png\" class=\"attachment-large size-large\" alt=\"\" srcset=\"https:\/\/deftech.ch\/wp-content\/uploads\/2020\/12\/TOELT_Horizontal_V1.png 1000w, https:\/\/deftech.ch\/wp-content\/uploads\/2020\/12\/TOELT_Horizontal_V1-300x55.png 300w, https:\/\/deftech.ch\/wp-content\/uploads\/2020\/12\/TOELT_Horizontal_V1-768x141.png 768w\" sizes=\"auto, (max-width: 1000px) 100vw, 1000px\" \/>\t\t\t\t\t\t\n\t\t\t\t\t<\/div>\n\t\t\t\t\t\t<\/a>\t\t\n<style>\n#image_1992976477 {\n  width: 90%;\n}\n<\/style>\n\t<\/div>\n\t\n\t\t<\/div>\n\t\t\t\t\t<\/div>\n\n\t\n\n\t<div id=\"col-1119520476\" class=\"col medium-5 small-12 large-5\"  >\n\t\t\t\t<div class=\"col-inner text-center\"  >\n\t\t\t\n\t\t\t\n\t<div class=\"img has-hover x md-x lg-x y md-y lg-y\" id=\"image_2016523121\">\n\t\t<a class=\"\" href=\"https:\/\/www.ayakachi.org\/\" >\t\t\t\t\t\t<div class=\"img-inner dark\" >\n\t\t\t<img loading=\"lazy\" decoding=\"async\" width=\"1020\" height=\"414\" src=\"https:\/\/deftech.ch\/wp-content\/uploads\/2021\/01\/Aya-Kachi-Learning-from-differences-in-ideas__Logo.png\" class=\"attachment-large size-large\" alt=\"\" srcset=\"https:\/\/deftech.ch\/wp-content\/uploads\/2021\/01\/Aya-Kachi-Learning-from-differences-in-ideas__Logo.png 1024w, https:\/\/deftech.ch\/wp-content\/uploads\/2021\/01\/Aya-Kachi-Learning-from-differences-in-ideas__Logo-300x122.png 300w, https:\/\/deftech.ch\/wp-content\/uploads\/2021\/01\/Aya-Kachi-Learning-from-differences-in-ideas__Logo-768x312.png 768w\" sizes=\"auto, (max-width: 1020px) 100vw, 1020px\" \/>\t\t\t\t\t\t\n\t\t\t\t\t<\/div>\n\t\t\t\t\t\t<\/a>\t\t\n<style>\n#image_2016523121 {\n  width: 90%;\n}\n<\/style>\n\t<\/div>\n\t\n\t\t<\/div>\n\t\t\t\t\t<\/div>\n\n\t\n<\/div>\n\t\t<\/div>\n\n\t\t\n<style>\n#section_74530084 {\n  padding-top: 30px;\n  padding-bottom: 30px;\n}\n<\/style>\n\t<\/section>\n\t\n","protected":false},"excerpt":{"rendered":"","protected":false},"author":3,"featured_media":0,"parent":0,"menu_order":0,"comment_status":"closed","ping_status":"closed","template":"","meta":{"jetpack_post_was_ever_published":false,"footnotes":""},"class_list":["post-10860","page","type-page","status-publish","hentry"],"yoast_head":"<!-- This site is optimized with the Yoast SEO plugin v27.3 - https:\/\/yoast.com\/product\/yoast-seo-wordpress\/ -->\n<title>Technocast Analytics - Deftech \u00b7 Defence Future Technologies<\/title>\n<meta name=\"robots\" content=\"index, follow, max-snippet:-1, max-image-preview:large, max-video-preview:-1\" \/>\n<link rel=\"canonical\" href=\"https:\/\/deftech.ch\/it\/technocast-analytics\/\" \/>\n<meta property=\"og:locale\" content=\"it_IT\" \/>\n<meta property=\"og:type\" content=\"article\" \/>\n<meta property=\"og:title\" content=\"Technocast Analytics - Deftech \u00b7 Defence Future Technologies\" \/>\n<meta property=\"og:url\" content=\"https:\/\/deftech.ch\/it\/technocast-analytics\/\" \/>\n<meta property=\"og:site_name\" content=\"Deftech \u00b7 Defence Future Technologies\" \/>\n<meta property=\"article:modified_time\" content=\"2021-01-10T10:37:06+00:00\" \/>\n<meta property=\"og:image\" content=\"https:\/\/deftech.ch\/wp-content\/uploads\/2020\/12\/Analytics_fig_IT.png\" \/>\n<meta name=\"twitter:card\" content=\"summary_large_image\" \/>\n<meta name=\"twitter:site\" content=\"@deftechCH\" \/>\n<meta name=\"twitter:label1\" content=\"Tempo di lettura stimato\" \/>\n\t<meta name=\"twitter:data1\" content=\"4 minuti\" \/>\n<script type=\"application\/ld+json\" class=\"yoast-schema-graph\">{\"@context\":\"https:\\\/\\\/schema.org\",\"@graph\":[{\"@type\":\"WebPage\",\"@id\":\"https:\\\/\\\/deftech.ch\\\/it\\\/technocast-analytics\\\/\",\"url\":\"https:\\\/\\\/deftech.ch\\\/it\\\/technocast-analytics\\\/\",\"name\":\"Technocast Analytics - Deftech \u00b7 Defence Future Technologies\",\"isPartOf\":{\"@id\":\"https:\\\/\\\/deftech.ch\\\/#website\"},\"primaryImageOfPage\":{\"@id\":\"https:\\\/\\\/deftech.ch\\\/it\\\/technocast-analytics\\\/#primaryimage\"},\"image\":{\"@id\":\"https:\\\/\\\/deftech.ch\\\/it\\\/technocast-analytics\\\/#primaryimage\"},\"thumbnailUrl\":\"https:\\\/\\\/deftech.ch\\\/wp-content\\\/uploads\\\/2020\\\/12\\\/Analytics_fig_IT.png\",\"datePublished\":\"2020-12-16T21:10:34+00:00\",\"dateModified\":\"2021-01-10T10:37:06+00:00\",\"breadcrumb\":{\"@id\":\"https:\\\/\\\/deftech.ch\\\/it\\\/technocast-analytics\\\/#breadcrumb\"},\"inLanguage\":\"it-IT\",\"potentialAction\":[{\"@type\":\"ReadAction\",\"target\":[\"https:\\\/\\\/deftech.ch\\\/it\\\/technocast-analytics\\\/\"]}]},{\"@type\":\"ImageObject\",\"inLanguage\":\"it-IT\",\"@id\":\"https:\\\/\\\/deftech.ch\\\/it\\\/technocast-analytics\\\/#primaryimage\",\"url\":\"https:\\\/\\\/deftech.ch\\\/wp-content\\\/uploads\\\/2020\\\/12\\\/Analytics_fig_IT.png\",\"contentUrl\":\"https:\\\/\\\/deftech.ch\\\/wp-content\\\/uploads\\\/2020\\\/12\\\/Analytics_fig_IT.png\"},{\"@type\":\"BreadcrumbList\",\"@id\":\"https:\\\/\\\/deftech.ch\\\/it\\\/technocast-analytics\\\/#breadcrumb\",\"itemListElement\":[{\"@type\":\"ListItem\",\"position\":1,\"name\":\"Home\",\"item\":\"https:\\\/\\\/deftech.ch\\\/it\\\/\"},{\"@type\":\"ListItem\",\"position\":2,\"name\":\"Technocast Analytics\"}]},{\"@type\":\"WebSite\",\"@id\":\"https:\\\/\\\/deftech.ch\\\/#website\",\"url\":\"https:\\\/\\\/deftech.ch\\\/\",\"name\":\"Deftech - Defence Future Technologies\",\"description\":\"Inspire - Inform - Instruct\",\"publisher\":{\"@id\":\"https:\\\/\\\/deftech.ch\\\/#organization\"},\"potentialAction\":[{\"@type\":\"SearchAction\",\"target\":{\"@type\":\"EntryPoint\",\"urlTemplate\":\"https:\\\/\\\/deftech.ch\\\/?s={search_term_string}\"},\"query-input\":{\"@type\":\"PropertyValueSpecification\",\"valueRequired\":true,\"valueName\":\"search_term_string\"}}],\"inLanguage\":\"it-IT\"},{\"@type\":\"Organization\",\"@id\":\"https:\\\/\\\/deftech.ch\\\/#organization\",\"name\":\"Deftech - Defence Future Technologies\",\"alternateName\":\"Foresight Program by armasuisse Science and Technology\",\"url\":\"https:\\\/\\\/deftech.ch\\\/\",\"logo\":{\"@type\":\"ImageObject\",\"inLanguage\":\"it-IT\",\"@id\":\"https:\\\/\\\/deftech.ch\\\/#\\\/schema\\\/logo\\\/image\\\/\",\"url\":\"https:\\\/\\\/i0.wp.com\\\/deftech.ch\\\/wp-content\\\/uploads\\\/2024\\\/09\\\/deftech-white-red-round-background.002.png?fit=1500%2C1500&ssl=1\",\"contentUrl\":\"https:\\\/\\\/i0.wp.com\\\/deftech.ch\\\/wp-content\\\/uploads\\\/2024\\\/09\\\/deftech-white-red-round-background.002.png?fit=1500%2C1500&ssl=1\",\"width\":1500,\"height\":1500,\"caption\":\"Deftech - Defence Future Technologies\"},\"image\":{\"@id\":\"https:\\\/\\\/deftech.ch\\\/#\\\/schema\\\/logo\\\/image\\\/\"},\"sameAs\":[\"https:\\\/\\\/x.com\\\/deftechCH\",\"https:\\\/\\\/linkedin.com\\\/in\\\/ladetto\"]}]}<\/script>\n<!-- \/ Yoast SEO plugin. -->","yoast_head_json":{"title":"Technocast Analytics - Deftech \u00b7 Defence Future Technologies","robots":{"index":"index","follow":"follow","max-snippet":"max-snippet:-1","max-image-preview":"max-image-preview:large","max-video-preview":"max-video-preview:-1"},"canonical":"https:\/\/deftech.ch\/it\/technocast-analytics\/","og_locale":"it_IT","og_type":"article","og_title":"Technocast Analytics - Deftech \u00b7 Defence Future Technologies","og_url":"https:\/\/deftech.ch\/it\/technocast-analytics\/","og_site_name":"Deftech \u00b7 Defence Future Technologies","article_modified_time":"2021-01-10T10:37:06+00:00","og_image":[{"url":"https:\/\/deftech.ch\/wp-content\/uploads\/2020\/12\/Analytics_fig_IT.png","type":"","width":"","height":""}],"twitter_card":"summary_large_image","twitter_site":"@deftechCH","twitter_misc":{"Tempo di lettura stimato":"4 minuti"},"schema":{"@context":"https:\/\/schema.org","@graph":[{"@type":"WebPage","@id":"https:\/\/deftech.ch\/it\/technocast-analytics\/","url":"https:\/\/deftech.ch\/it\/technocast-analytics\/","name":"Technocast Analytics - Deftech \u00b7 Defence Future Technologies","isPartOf":{"@id":"https:\/\/deftech.ch\/#website"},"primaryImageOfPage":{"@id":"https:\/\/deftech.ch\/it\/technocast-analytics\/#primaryimage"},"image":{"@id":"https:\/\/deftech.ch\/it\/technocast-analytics\/#primaryimage"},"thumbnailUrl":"https:\/\/deftech.ch\/wp-content\/uploads\/2020\/12\/Analytics_fig_IT.png","datePublished":"2020-12-16T21:10:34+00:00","dateModified":"2021-01-10T10:37:06+00:00","breadcrumb":{"@id":"https:\/\/deftech.ch\/it\/technocast-analytics\/#breadcrumb"},"inLanguage":"it-IT","potentialAction":[{"@type":"ReadAction","target":["https:\/\/deftech.ch\/it\/technocast-analytics\/"]}]},{"@type":"ImageObject","inLanguage":"it-IT","@id":"https:\/\/deftech.ch\/it\/technocast-analytics\/#primaryimage","url":"https:\/\/deftech.ch\/wp-content\/uploads\/2020\/12\/Analytics_fig_IT.png","contentUrl":"https:\/\/deftech.ch\/wp-content\/uploads\/2020\/12\/Analytics_fig_IT.png"},{"@type":"BreadcrumbList","@id":"https:\/\/deftech.ch\/it\/technocast-analytics\/#breadcrumb","itemListElement":[{"@type":"ListItem","position":1,"name":"Home","item":"https:\/\/deftech.ch\/it\/"},{"@type":"ListItem","position":2,"name":"Technocast Analytics"}]},{"@type":"WebSite","@id":"https:\/\/deftech.ch\/#website","url":"https:\/\/deftech.ch\/","name":"Deftech - Defence Future Technologies","description":"Inspire - Inform - Instruct","publisher":{"@id":"https:\/\/deftech.ch\/#organization"},"potentialAction":[{"@type":"SearchAction","target":{"@type":"EntryPoint","urlTemplate":"https:\/\/deftech.ch\/?s={search_term_string}"},"query-input":{"@type":"PropertyValueSpecification","valueRequired":true,"valueName":"search_term_string"}}],"inLanguage":"it-IT"},{"@type":"Organization","@id":"https:\/\/deftech.ch\/#organization","name":"Deftech - Defence Future Technologies","alternateName":"Foresight Program by armasuisse Science and Technology","url":"https:\/\/deftech.ch\/","logo":{"@type":"ImageObject","inLanguage":"it-IT","@id":"https:\/\/deftech.ch\/#\/schema\/logo\/image\/","url":"https:\/\/i0.wp.com\/deftech.ch\/wp-content\/uploads\/2024\/09\/deftech-white-red-round-background.002.png?fit=1500%2C1500&ssl=1","contentUrl":"https:\/\/i0.wp.com\/deftech.ch\/wp-content\/uploads\/2024\/09\/deftech-white-red-round-background.002.png?fit=1500%2C1500&ssl=1","width":1500,"height":1500,"caption":"Deftech - Defence Future Technologies"},"image":{"@id":"https:\/\/deftech.ch\/#\/schema\/logo\/image\/"},"sameAs":["https:\/\/x.com\/deftechCH","https:\/\/linkedin.com\/in\/ladetto"]}]}},"jetpack_sharing_enabled":true,"jetpack_shortlink":"https:\/\/wp.me\/PaO9lW-2Pa","_links":{"self":[{"href":"https:\/\/deftech.ch\/it\/wp-json\/wp\/v2\/pages\/10860","targetHints":{"allow":["GET"]}}],"collection":[{"href":"https:\/\/deftech.ch\/it\/wp-json\/wp\/v2\/pages"}],"about":[{"href":"https:\/\/deftech.ch\/it\/wp-json\/wp\/v2\/types\/page"}],"author":[{"embeddable":true,"href":"https:\/\/deftech.ch\/it\/wp-json\/wp\/v2\/users\/3"}],"replies":[{"embeddable":true,"href":"https:\/\/deftech.ch\/it\/wp-json\/wp\/v2\/comments?post=10860"}],"version-history":[{"count":0,"href":"https:\/\/deftech.ch\/it\/wp-json\/wp\/v2\/pages\/10860\/revisions"}],"wp:attachment":[{"href":"https:\/\/deftech.ch\/it\/wp-json\/wp\/v2\/media?parent=10860"}],"curies":[{"name":"wp","href":"https:\/\/api.w.org\/{rel}","templated":true}]}}