{"id":31349,"date":"2022-02-18T22:05:45","date_gmt":"2022-02-18T21:05:45","guid":{"rendered":"https:\/\/deftech.ch\/?page_id=31349"},"modified":"2022-11-02T07:45:00","modified_gmt":"2022-11-02T06:45:00","slug":"future-situational-awareness","status":"publish","type":"page","link":"https:\/\/deftech.ch\/it\/future-situational-awareness\/","title":{"rendered":"Future Situational Awareness"},"content":{"rendered":"\n\t<section class=\"section\" id=\"section_1256765723\">\n\t\t<div class=\"section-bg fill\" >\n\t\t\t\t\t\t\t\t\t\n\t\t\t\n\n\t\t<\/div>\n\n\t\t\n\n\t\t<div class=\"section-content relative\">\n\t\t\t\n  <div id=\"page-header-1298571080\" class=\"page-header-wrapper\">\n  <div class=\"page-title dark featured-title box-shadow-5\">\n\n        <div class=\"page-title-bg\">\n      <div class=\"title-bg fill bg-fill\"\n        data-parallax-container=\".page-title\"\n        data-parallax-background\n        data-parallax=\"-\">\n      <\/div>\n      <div class=\"title-overlay fill\"><\/div>\n    <\/div>\n    \n    <div class=\"page-title-inner container align-center text-center flex-row-col medium-flex-wrap\" >\n              <div class=\"title-wrapper is-xlarge flex-col\">\n          <h1 class=\"entry-title mb-0\">\n            Future Situational Awareness          <\/h1>\n        <\/div>\n                    <div class=\"title-content flex-col\">\n              <\/div>\n    <\/div>\n\n     \n<style>\n#page-header-1298571080 .title-bg {\n  background-image: url(https:\/\/deftech.ch\/wp-content\/uploads\/2022\/04\/deftech-day_affiche_27-octobre-2022_web.jpg);\n}\n<\/style>\n  <\/div>\n    <\/div>\n  \n\t\t<\/div>\n\n\t\t\n<style>\n#section_1256765723 {\n  padding-top: 30px;\n  padding-bottom: 30px;\n}\n<\/style>\n\t<\/section>\n\t\n\n\t<section class=\"section\" id=\"section_1204961652\">\n\t\t<div class=\"section-bg fill\" >\n\t\t\t\t\t\t\t\t\t\n\t\t\t\n\n\t\t<\/div>\n\n\t\t\n\n\t\t<div class=\"section-content relative\">\n\t\t\t\n<div class=\"row\"  id=\"row-1307186126\">\n\n\t<div id=\"col-420315665\" class=\"col small-12 large-12\"  >\n\t\t\t\t<div class=\"col-inner text-left\"  >\n\t\t\t\n\t\t\t\n<div class=\"row\"  id=\"row-96790532\">\n\n\t<div id=\"col-1415234108\" class=\"col small-12 large-12\"  >\n\t\t\t\t<div class=\"col-inner\"  >\n\t\t\t\n\t\t\t\n<h1>Future Situational Awareness<\/h1>\n<div><\/div>\n<div>\n<div>Secondo la definizione fornita da Wikipedia, la consapevolezza situazionale o <a href=\"http:\/\/Situational awareness\"><strong>Situational awareness<\/strong><\/a> (SA) \u00e8 la percezione di elementi ed eventi ambientali in relazione al tempo o allo spazio, la comprensione del loro significato e la proiezione del loro stato futuro.<\/div>\n<div><\/div>\n<div>Gli sviluppi in molte aree della tecnologia e la convergenza di vari campi stanno portando a innovazioni e nuovi concetti in sensori, algoritmi e prodotti.<\/div>\n<\/div>\n\t<div id=\"gap-1727391105\" class=\"gap-element clearfix\" style=\"display:block; height:auto;\">\n\t\t\n<style>\n#gap-1727391105 {\n  padding-top: 30px;\n}\n<\/style>\n\t<\/div>\n\t\n\t\t<\/div>\n\t\t\t\t\t<\/div>\n\n\t\n<\/div>\n<div class=\"row align-center\"  id=\"row-1882925913\">\n\n\t<div id=\"col-2058107157\" class=\"col medium-6 small-12 large-6\"  >\n\t\t\t\t<div class=\"col-inner\"  >\n\t\t\t\n\t\t\t\n<p><strong>Come percepire la situazione con precisione?<\/strong><\/p>\n<ul>\n<li>Misurare, rilevare, raccogliere dati e informazioni sulla situazione<\/li>\n<\/ul>\n<p><strong>Come fare per capire bene la situazione?<\/strong><\/p>\n<ul>\n<li>Dare un senso ai dati raccolti<\/li>\n<li>Rimuovere l&#8217;effetto dei pregiudizi umani<\/li>\n<\/ul>\n<p><strong>Come presentare la situazione in modo ottimale?<\/strong><\/p>\n<ul>\n<li>Visualizzare informazioni senza sovraccarico cognitivo<\/li>\n<li>L&#8217;informazione giusta al momento giusto<\/li>\n<\/ul>\n<p><strong>Come proiettare la situazione in modo affidabile?<\/strong><\/p>\n<ul>\n<li>Anticipare &#8220;left of the bang&#8221; piuttosto che &#8220;dopo un evento&#8221;.<\/li>\n<\/ul>\n\t<div id=\"gap-42549220\" class=\"gap-element clearfix\" style=\"display:block; height:auto;\">\n\t\t\n<style>\n#gap-42549220 {\n  padding-top: 30px;\n}\n<\/style>\n\t<\/div>\n\t\n\t\t<\/div>\n\t\t\t\t\n<style>\n#col-2058107157 > .col-inner {\n  padding: 15px 10px 0px 10px;\n}\n<\/style>\n\t<\/div>\n\n\t\n\n\t<div id=\"col-323408340\" class=\"col medium-6 small-12 large-6\"  >\n\t\t\t\t<div class=\"col-inner text-center\"  >\n\t\t\t\n\t\t\t\n\t<div class=\"img has-hover x md-x lg-x y md-y lg-y\" id=\"image_200142867\">\n\t\t<a class=\"\" href=\"https:\/\/event.armasuisse.ch\/future-situational-awareness\" >\t\t\t\t\t\t<div class=\"img-inner dark\" >\n\t\t\t<img loading=\"lazy\" decoding=\"async\" width=\"724\" height=\"1024\" src=\"https:\/\/deftech.ch\/wp-content\/uploads\/2022\/04\/deftech-day_affiche_27-octobre-2022_web-724x1024.jpg\" class=\"attachment-large size-large\" alt=\"\" srcset=\"https:\/\/deftech.ch\/wp-content\/uploads\/2022\/04\/deftech-day_affiche_27-octobre-2022_web-724x1024.jpg 724w, https:\/\/deftech.ch\/wp-content\/uploads\/2022\/04\/deftech-day_affiche_27-octobre-2022_web-212x300.jpg 212w, https:\/\/deftech.ch\/wp-content\/uploads\/2022\/04\/deftech-day_affiche_27-octobre-2022_web-768x1086.jpg 768w, https:\/\/deftech.ch\/wp-content\/uploads\/2022\/04\/deftech-day_affiche_27-octobre-2022_web.jpg 905w\" sizes=\"auto, (max-width: 724px) 100vw, 724px\" \/>\t\t\t\t\t\t\n\t\t\t\t\t<\/div>\n\t\t\t\t\t\t<\/a>\t\t\n<style>\n#image_200142867 {\n  width: 100%;\n}\n<\/style>\n\t<\/div>\n\t\n\t\t<\/div>\n\t\t\t\t\t<\/div>\n\n\t\n\n<style>\n#row-1882925913 > .col > .col-inner {\n  background-color: rgba(245, 139, 139, 0.517);\n}\n<\/style>\n<\/div>\n\t\t<\/div>\n\t\t\t\t\t<\/div>\n\n\t\n<\/div>\n\t\t<\/div>\n\n\t\t\n<style>\n#section_1204961652 {\n  padding-top: 30px;\n  padding-bottom: 30px;\n}\n<\/style>\n\t<\/section>\n\t\n\n\t<section class=\"section\" id=\"section_1621233137\">\n\t\t<div class=\"section-bg fill\" >\n\t\t\t\t\t\t\t\t\t\n\t\t\t\n\n\t\t<\/div>\n\n\t\t\n\n\t\t<div class=\"section-content relative\">\n\t\t\t\n<div class=\"row\"  id=\"row-988852714\">\n\n\t<div id=\"col-452412504\" class=\"col small-12 large-12\"  >\n\t\t\t\t<div class=\"col-inner\"  >\n\t\t\t\n\t\t\t\n<div class=\"text-center\"><div class=\"is-divider divider clearfix\" style=\"max-width:55px;height:2px;background-color:rgb(244, 6, 6);\"><\/div><\/div>\n\t<div id=\"gap-337054829\" class=\"gap-element clearfix\" style=\"display:block; height:auto;\">\n\t\t\n<style>\n#gap-337054829 {\n  padding-top: 55px;\n}\n<\/style>\n\t<\/div>\n\t\n<h1>Programma<\/h1>\n<table>\n<tbody>\n<tr>\n<td>09:00 &#8211; 09:15<\/td>\n<td><strong>Introduction<\/strong><\/td>\n<td>Quentin Ladetto, <a href=\"https:\/\/armasuisse.ch\/wt\">armasuisse S+T<\/a><\/td>\n<\/tr>\n<tr>\n<td><\/td>\n<td><\/td>\n<td><\/td>\n<\/tr>\n<tr>\n<td>09:15 &#8211; 10:00<\/td>\n<td><strong>Situational Awareness f\u00fcr die zuk\u00fcnftige operationelle Umgebungen<\/strong><\/td>\n<td>Philippe Kl\u00fcfers, <a href=\"https:\/\/www.iabg.de\/\">IABG<\/a><\/td>\n<\/tr>\n<tr>\n<td><\/td>\n<td><\/td>\n<td><\/td>\n<\/tr>\n<tr>\n<td>10:00 &#8211; 12:15<\/td>\n<td><strong>Situational Awareness for Land Forces<\/strong><\/td>\n<td>Mirja Wolf, <a href=\"https:\/\/www.mbda-deutschland.de\/\">MBDA-Germany<\/a><\/td>\n<\/tr>\n<tr>\n<td><\/td>\n<td><strong>Situation Awareness Optimisation via Data Fusion and Analytics in ISR<\/strong><\/td>\n<td>Felix Opitz, <a href=\"https:\/\/www.airbus.com\/en\">Airbus<\/a><\/td>\n<\/tr>\n<tr>\n<td><\/td>\n<td><strong>Feed your VR simulation a balanced diet of data<\/strong><\/td>\n<td>Simon Felix, <a href=\"https:\/\/www.ateleris.ch\/\">Ateleris GmbH<\/a><\/td>\n<\/tr>\n<tr>\n<td><\/td>\n<td><\/td>\n<td><\/td>\n<\/tr>\n<tr>\n<td>12:15 &#8211; 13:15<\/td>\n<td><strong>Pranzo | Networking<\/strong><\/td>\n<td><\/td>\n<\/tr>\n<tr>\n<td><\/td>\n<td><\/td>\n<td><\/td>\n<\/tr>\n<tr>\n<td>13:15 &#8211; 16:00<\/td>\n<td><strong>Who can watch us from space and when?<\/strong><\/td>\n<td>Ulrich Langer, <a href=\"https:\/\/armasuisse.ch\/wt\">armasuisse S+T<\/a><\/td>\n<\/tr>\n<tr>\n<td><\/td>\n<td><strong>Eyes in the back<\/strong><\/td>\n<td>Fabien Mael, <a href=\"https:\/\/www.biped.ai\/\">biped.ai<\/a><\/td>\n<\/tr>\n<tr>\n<td><\/td>\n<td><strong>Situational Awareness f\u00fcr Einsatzkr\u00e4fte<\/strong><\/td>\n<td>Lukas Scherrer, <a href=\"https:\/\/www.shibuleru.com\/\">Shibuleru<\/a><\/td>\n<\/tr>\n<tr>\n<td><\/td>\n<td><strong>5G XR visual augmentation for first responders:<br \/>\nfrom training, to command center inspection and field real-time inspection<\/strong><\/td>\n<td>Paul Zikas, <a href=\"https:\/\/oramavr.com\/\">ORamaVR<\/a><\/td>\n<\/tr>\n<tr>\n<td><\/td>\n<td><strong>Gamification as support for future situational awareness<\/strong><\/td>\n<td>Moritz Zumb\u00fchl, <a href=\"https:\/\/www.blindflugstudios.com\/\">Blindflug Studios AG<\/a><\/td>\n<\/tr>\n<tr>\n<td><\/td>\n<td><\/td>\n<td><\/td>\n<\/tr>\n<tr>\n<td>16:00<\/td>\n<td><strong>Fine della giornata<\/strong><\/td>\n<td><\/td>\n<\/tr>\n<\/tbody>\n<\/table>\n\t<div id=\"gap-1552807092\" class=\"gap-element clearfix\" style=\"display:block; height:auto;\">\n\t\t\n<style>\n#gap-1552807092 {\n  padding-top: 55px;\n}\n<\/style>\n\t<\/div>\n\t\n<div class=\"text-center\"><div class=\"is-divider divider clearfix\" style=\"max-width:55px;height:2px;background-color:rgb(244, 6, 6);\"><\/div><\/div>\n\t\t<\/div>\n\t\t\t\t\t<\/div>\n\n\t\n<\/div>\n\t\t<\/div>\n\n\t\t\n<style>\n#section_1621233137 {\n  padding-top: 30px;\n  padding-bottom: 30px;\n}\n<\/style>\n\t<\/section>\n\t\n<div class=\"row\"  id=\"row-354690978\">\n\n\t<div id=\"col-1880430928\" class=\"col small-12 large-12\"  >\n\t\t\t\t<div class=\"col-inner text-center\"  >\n\t\t\t\n\t\t\t\n<a href=\"https:\/\/kdrive.infomaniak.com\/app\/share\/119220\/02545c5f-1bf5-41b0-a172-9dab43e0df3a\" class=\"button success box-shadow-2\" style=\"border-radius:13px;\">\n\t\t<span>Download<\/span>\n\t<\/a>\n\n\t\t<\/div>\n\t\t\t\t\t<\/div>\n\n\t\n<\/div>\n\n\t<section class=\"section\" id=\"section_1959476944\">\n\t\t<div class=\"section-bg fill\" >\n\t\t\t\t\t\t\t\t\t\n\t\t\t\n\n\t\t<\/div>\n\n\t\t\n\n\t\t<div class=\"section-content relative\">\n\t\t\t\n<div class=\"row\"  id=\"row-675198001\">\n\n\t<div id=\"col-174424887\" class=\"col small-12 large-12\"  >\n\t\t\t\t<div class=\"col-inner\"  >\n\t\t\t\n\t\t\t\n<h2>Pubblico<\/h2>\n<p>Aspettatevi un buon mix di partecipanti dai militari, ingegneri, ricercatori e accademici. Questa \u00e8 un\u2019opportunit\u00e0 unica per conoscere i bisogni e le esigenze degli utenti finali, mostrando loro ci\u00f2 che \u00e8 o sar\u00e0 presto possibile!<\/p>\n<p>La maggior parte dei partecipanti sar\u00e0 pi\u00f9 interessata ai concetti, alla visione, ai risultati effettivi rispetto a quelli di laboratorio, ai requisiti di sistema, ecc. piuttosto che alla matematica dettagliata (ma ci sono sempre esperti nella stanza!).<\/p>\n\t<div id=\"gap-1622468170\" class=\"gap-element clearfix\" style=\"display:block; height:auto;\">\n\t\t\n<style>\n#gap-1622468170 {\n  padding-top: 30px;\n}\n<\/style>\n\t<\/div>\n\t\n<h1>Indirizzo<\/h1>\n<p><a href=\"https:\/\/s.geo.admin.ch\/8402fe4154\">Feuerwerkerstrasse 39<\/a><br \/>\nCH-3602 Thun<\/p>\n\t\t<\/div>\n\t\t\t\t\t<\/div>\n\n\t\n<\/div>\n\t\t<\/div>\n\n\t\t\n<style>\n#section_1959476944 {\n  padding-top: 30px;\n  padding-bottom: 30px;\n}\n<\/style>\n\t<\/section>\n\t\n\n\t<section class=\"section\" id=\"section_402210772\">\n\t\t<div class=\"section-bg fill\" >\n\t\t\t\t\t\t\t\t\t\n\t\t\t\n\n\t\t<\/div>\n\n\t\t\n\n\t\t<div class=\"section-content relative\">\n\t\t\t\n\n\t<section class=\"section\" id=\"section_92706873\">\n\t\t<div class=\"section-bg fill\" >\n\t\t\t\t\t\t\t\t\t\n\t\t\t\n\n\t\t<\/div>\n\n\t\t\n\n\t\t<div class=\"section-content relative\">\n\t\t\t\n<div class=\"row\"  id=\"row-1561253860\">\n\n\t<div id=\"col-2029469522\" class=\"col small-12 large-12\"  >\n\t\t\t\t<div class=\"col-inner text-center\"  >\n\t\t\t\n\t\t\t\n<a href=\"https:\/\/event.armasuisse.ch\/future-situational-awareness\" class=\"button success is-bevel is-xlarge box-shadow-4 box-shadow-5-hover\" style=\"border-radius:10px;\">\n\t\t<span>Partecipare alla giornata<\/span>\n\t<\/a>\n\n\t\t<\/div>\n\t\t\t\t\t<\/div>\n\n\t\n<\/div>\n\t\t<\/div>\n\n\t\t\n<style>\n#section_92706873 {\n  padding-top: 30px;\n  padding-bottom: 30px;\n}\n<\/style>\n\t<\/section>\n\t\n<div class=\"row\"  id=\"row-2018327833\">\n\n\t<div id=\"col-1373859889\" class=\"col small-12 large-12\"  >\n\t\t\t\t<div class=\"col-inner\"  >\n\t\t\t\n\t\t\t\n<p class=\"lead\" style=\"text-align: center;\">Organizzato<br \/>\nda<\/p>\n\t\t<\/div>\n\t\t\t\t\t<\/div>\n\n\t\n<\/div>\n\t\t<\/div>\n\n\t\t\n<style>\n#section_402210772 {\n  padding-top: 30px;\n  padding-bottom: 30px;\n}\n<\/style>\n\t<\/section>\n\t\n\n\t<section class=\"section\" id=\"section_121563172\">\n\t\t<div class=\"section-bg fill\" >\n\t\t\t\t\t\t\t\t\t\n\t\t\t\n\n\t\t<\/div>\n\n\t\t\n\n\t\t<div class=\"section-content relative\">\n\t\t\t\n<div class=\"row align-center\"  id=\"row-830887595\">\n\n\t<div id=\"col-1631521398\" class=\"col medium-4 small-12 large-4\"  >\n\t\t\t\t<div class=\"col-inner\"  >\n\t\t\t\n\t\t\t\n\t<div class=\"img has-hover x md-x lg-x y md-y lg-y\" id=\"image_682067033\">\n\t\t\t\t\t\t\t\t<div class=\"img-inner dark\" >\n\t\t\t<img loading=\"lazy\" decoding=\"async\" width=\"1000\" height=\"650\" src=\"https:\/\/deftech.ch\/wp-content\/uploads\/2021\/02\/deftech-2021_alone_lent.gif\" class=\"attachment-large size-large\" alt=\"\" \/>\t\t\t\t\t\t\n\t\t\t\t\t<\/div>\n\t\t\t\t\t\t\t\t\n<style>\n#image_682067033 {\n  width: 100%;\n}\n<\/style>\n\t<\/div>\n\t\n\t<div class=\"img has-hover x md-x lg-x y md-y lg-y\" id=\"image_1638944950\">\n\t\t\t\t\t\t\t\t<div class=\"img-inner dark\" >\n\t\t\t<img loading=\"lazy\" decoding=\"async\" width=\"1020\" height=\"383\" src=\"https:\/\/deftech.ch\/wp-content\/uploads\/2021\/02\/deftech_2021_text-1024x385.png\" class=\"attachment-large size-large\" alt=\"\" srcset=\"https:\/\/deftech.ch\/wp-content\/uploads\/2021\/02\/deftech_2021_text-1024x385.png 1024w, https:\/\/deftech.ch\/wp-content\/uploads\/2021\/02\/deftech_2021_text-300x113.png 300w, https:\/\/deftech.ch\/wp-content\/uploads\/2021\/02\/deftech_2021_text-768x289.png 768w, https:\/\/deftech.ch\/wp-content\/uploads\/2021\/02\/deftech_2021_text-1536x577.png 1536w, https:\/\/deftech.ch\/wp-content\/uploads\/2021\/02\/deftech_2021_text.png 1703w\" sizes=\"auto, (max-width: 1020px) 100vw, 1020px\" \/>\t\t\t\t\t\t\n\t\t\t\t\t<\/div>\n\t\t\t\t\t\t\t\t\n<style>\n#image_1638944950 {\n  width: 100%;\n}\n<\/style>\n\t<\/div>\n\t\n\t\t<\/div>\n\t\t\t\t\t<\/div>\n\n\t\n<\/div>\n\t\t<\/div>\n\n\t\t\n<style>\n#section_121563172 {\n  padding-top: 30px;\n  padding-bottom: 30px;\n}\n<\/style>\n\t<\/section>\n\t\n","protected":false},"excerpt":{"rendered":"","protected":false},"author":3,"featured_media":31603,"parent":0,"menu_order":0,"comment_status":"closed","ping_status":"closed","template":"","meta":{"jetpack_post_was_ever_published":false,"footnotes":""},"class_list":["post-31349","page","type-page","status-publish","has-post-thumbnail","hentry"],"yoast_head":"<!-- This site is optimized with the Yoast SEO plugin v27.4 - https:\/\/yoast.com\/product\/yoast-seo-wordpress\/ -->\n<title>Future Situational Awareness - Deftech \u00b7 Defence Future Technologies<\/title>\n<meta name=\"robots\" content=\"index, follow, max-snippet:-1, max-image-preview:large, max-video-preview:-1\" \/>\n<link rel=\"canonical\" href=\"https:\/\/deftech.ch\/it\/future-situational-awareness\/\" \/>\n<meta property=\"og:locale\" content=\"it_IT\" \/>\n<meta property=\"og:type\" content=\"article\" \/>\n<meta property=\"og:title\" content=\"Future Situational Awareness - Deftech \u00b7 Defence Future Technologies\" \/>\n<meta property=\"og:url\" content=\"https:\/\/deftech.ch\/it\/future-situational-awareness\/\" \/>\n<meta property=\"og:site_name\" content=\"Deftech \u00b7 Defence Future Technologies\" \/>\n<meta property=\"article:modified_time\" content=\"2022-11-02T06:45:00+00:00\" \/>\n<meta property=\"og:image\" content=\"https:\/\/deftech.ch\/wp-content\/uploads\/2022\/04\/deftech-day_affiche_27-octobre-2022_web.jpg\" \/>\n\t<meta property=\"og:image:width\" content=\"905\" \/>\n\t<meta property=\"og:image:height\" content=\"1280\" \/>\n\t<meta property=\"og:image:type\" content=\"image\/jpeg\" \/>\n<meta name=\"twitter:card\" content=\"summary_large_image\" \/>\n<meta name=\"twitter:site\" content=\"@deftechCH\" \/>\n<meta name=\"twitter:label1\" content=\"Tempo di lettura stimato\" \/>\n\t<meta name=\"twitter:data1\" content=\"3 minuti\" \/>\n<script type=\"application\/ld+json\" class=\"yoast-schema-graph\">{\"@context\":\"https:\\\/\\\/schema.org\",\"@graph\":[{\"@type\":\"WebPage\",\"@id\":\"https:\\\/\\\/deftech.ch\\\/it\\\/future-situational-awareness\\\/\",\"url\":\"https:\\\/\\\/deftech.ch\\\/it\\\/future-situational-awareness\\\/\",\"name\":\"Future Situational Awareness - Deftech \u00b7 Defence Future Technologies\",\"isPartOf\":{\"@id\":\"https:\\\/\\\/deftech.ch\\\/#website\"},\"primaryImageOfPage\":{\"@id\":\"https:\\\/\\\/deftech.ch\\\/it\\\/future-situational-awareness\\\/#primaryimage\"},\"image\":{\"@id\":\"https:\\\/\\\/deftech.ch\\\/it\\\/future-situational-awareness\\\/#primaryimage\"},\"thumbnailUrl\":\"https:\\\/\\\/deftech.ch\\\/wp-content\\\/uploads\\\/2022\\\/04\\\/deftech-day_affiche_27-octobre-2022_web.jpg\",\"datePublished\":\"2022-02-18T21:05:45+00:00\",\"dateModified\":\"2022-11-02T06:45:00+00:00\",\"breadcrumb\":{\"@id\":\"https:\\\/\\\/deftech.ch\\\/it\\\/future-situational-awareness\\\/#breadcrumb\"},\"inLanguage\":\"it-IT\",\"potentialAction\":[{\"@type\":\"ReadAction\",\"target\":[\"https:\\\/\\\/deftech.ch\\\/it\\\/future-situational-awareness\\\/\"]}]},{\"@type\":\"ImageObject\",\"inLanguage\":\"it-IT\",\"@id\":\"https:\\\/\\\/deftech.ch\\\/it\\\/future-situational-awareness\\\/#primaryimage\",\"url\":\"https:\\\/\\\/deftech.ch\\\/wp-content\\\/uploads\\\/2022\\\/04\\\/deftech-day_affiche_27-octobre-2022_web.jpg\",\"contentUrl\":\"https:\\\/\\\/deftech.ch\\\/wp-content\\\/uploads\\\/2022\\\/04\\\/deftech-day_affiche_27-octobre-2022_web.jpg\",\"width\":905,\"height\":1280},{\"@type\":\"BreadcrumbList\",\"@id\":\"https:\\\/\\\/deftech.ch\\\/it\\\/future-situational-awareness\\\/#breadcrumb\",\"itemListElement\":[{\"@type\":\"ListItem\",\"position\":1,\"name\":\"Home\",\"item\":\"https:\\\/\\\/deftech.ch\\\/it\\\/\"},{\"@type\":\"ListItem\",\"position\":2,\"name\":\"Future Situational Awareness\"}]},{\"@type\":\"WebSite\",\"@id\":\"https:\\\/\\\/deftech.ch\\\/#website\",\"url\":\"https:\\\/\\\/deftech.ch\\\/\",\"name\":\"Deftech - Defence Future Technologies\",\"description\":\"Inspire - Inform - Instruct\",\"publisher\":{\"@id\":\"https:\\\/\\\/deftech.ch\\\/#organization\"},\"potentialAction\":[{\"@type\":\"SearchAction\",\"target\":{\"@type\":\"EntryPoint\",\"urlTemplate\":\"https:\\\/\\\/deftech.ch\\\/?s={search_term_string}\"},\"query-input\":{\"@type\":\"PropertyValueSpecification\",\"valueRequired\":true,\"valueName\":\"search_term_string\"}}],\"inLanguage\":\"it-IT\"},{\"@type\":\"Organization\",\"@id\":\"https:\\\/\\\/deftech.ch\\\/#organization\",\"name\":\"Deftech - Defence Future Technologies\",\"alternateName\":\"Foresight Program by armasuisse Science and Technology\",\"url\":\"https:\\\/\\\/deftech.ch\\\/\",\"logo\":{\"@type\":\"ImageObject\",\"inLanguage\":\"it-IT\",\"@id\":\"https:\\\/\\\/deftech.ch\\\/#\\\/schema\\\/logo\\\/image\\\/\",\"url\":\"https:\\\/\\\/i0.wp.com\\\/deftech.ch\\\/wp-content\\\/uploads\\\/2024\\\/09\\\/deftech-white-red-round-background.002.png?fit=1500%2C1500&ssl=1\",\"contentUrl\":\"https:\\\/\\\/i0.wp.com\\\/deftech.ch\\\/wp-content\\\/uploads\\\/2024\\\/09\\\/deftech-white-red-round-background.002.png?fit=1500%2C1500&ssl=1\",\"width\":1500,\"height\":1500,\"caption\":\"Deftech - Defence Future Technologies\"},\"image\":{\"@id\":\"https:\\\/\\\/deftech.ch\\\/#\\\/schema\\\/logo\\\/image\\\/\"},\"sameAs\":[\"https:\\\/\\\/x.com\\\/deftechCH\",\"https:\\\/\\\/linkedin.com\\\/in\\\/ladetto\"]}]}<\/script>\n<!-- \/ Yoast SEO plugin. -->","yoast_head_json":{"title":"Future Situational Awareness - Deftech \u00b7 Defence Future Technologies","robots":{"index":"index","follow":"follow","max-snippet":"max-snippet:-1","max-image-preview":"max-image-preview:large","max-video-preview":"max-video-preview:-1"},"canonical":"https:\/\/deftech.ch\/it\/future-situational-awareness\/","og_locale":"it_IT","og_type":"article","og_title":"Future Situational Awareness - Deftech \u00b7 Defence Future Technologies","og_url":"https:\/\/deftech.ch\/it\/future-situational-awareness\/","og_site_name":"Deftech \u00b7 Defence Future Technologies","article_modified_time":"2022-11-02T06:45:00+00:00","og_image":[{"width":905,"height":1280,"url":"https:\/\/deftech.ch\/wp-content\/uploads\/2022\/04\/deftech-day_affiche_27-octobre-2022_web.jpg","type":"image\/jpeg"}],"twitter_card":"summary_large_image","twitter_site":"@deftechCH","twitter_misc":{"Tempo di lettura stimato":"3 minuti"},"schema":{"@context":"https:\/\/schema.org","@graph":[{"@type":"WebPage","@id":"https:\/\/deftech.ch\/it\/future-situational-awareness\/","url":"https:\/\/deftech.ch\/it\/future-situational-awareness\/","name":"Future Situational Awareness - Deftech \u00b7 Defence Future Technologies","isPartOf":{"@id":"https:\/\/deftech.ch\/#website"},"primaryImageOfPage":{"@id":"https:\/\/deftech.ch\/it\/future-situational-awareness\/#primaryimage"},"image":{"@id":"https:\/\/deftech.ch\/it\/future-situational-awareness\/#primaryimage"},"thumbnailUrl":"https:\/\/deftech.ch\/wp-content\/uploads\/2022\/04\/deftech-day_affiche_27-octobre-2022_web.jpg","datePublished":"2022-02-18T21:05:45+00:00","dateModified":"2022-11-02T06:45:00+00:00","breadcrumb":{"@id":"https:\/\/deftech.ch\/it\/future-situational-awareness\/#breadcrumb"},"inLanguage":"it-IT","potentialAction":[{"@type":"ReadAction","target":["https:\/\/deftech.ch\/it\/future-situational-awareness\/"]}]},{"@type":"ImageObject","inLanguage":"it-IT","@id":"https:\/\/deftech.ch\/it\/future-situational-awareness\/#primaryimage","url":"https:\/\/deftech.ch\/wp-content\/uploads\/2022\/04\/deftech-day_affiche_27-octobre-2022_web.jpg","contentUrl":"https:\/\/deftech.ch\/wp-content\/uploads\/2022\/04\/deftech-day_affiche_27-octobre-2022_web.jpg","width":905,"height":1280},{"@type":"BreadcrumbList","@id":"https:\/\/deftech.ch\/it\/future-situational-awareness\/#breadcrumb","itemListElement":[{"@type":"ListItem","position":1,"name":"Home","item":"https:\/\/deftech.ch\/it\/"},{"@type":"ListItem","position":2,"name":"Future Situational Awareness"}]},{"@type":"WebSite","@id":"https:\/\/deftech.ch\/#website","url":"https:\/\/deftech.ch\/","name":"Deftech - Defence Future Technologies","description":"Inspire - Inform - Instruct","publisher":{"@id":"https:\/\/deftech.ch\/#organization"},"potentialAction":[{"@type":"SearchAction","target":{"@type":"EntryPoint","urlTemplate":"https:\/\/deftech.ch\/?s={search_term_string}"},"query-input":{"@type":"PropertyValueSpecification","valueRequired":true,"valueName":"search_term_string"}}],"inLanguage":"it-IT"},{"@type":"Organization","@id":"https:\/\/deftech.ch\/#organization","name":"Deftech - Defence Future Technologies","alternateName":"Foresight Program by armasuisse Science and Technology","url":"https:\/\/deftech.ch\/","logo":{"@type":"ImageObject","inLanguage":"it-IT","@id":"https:\/\/deftech.ch\/#\/schema\/logo\/image\/","url":"https:\/\/i0.wp.com\/deftech.ch\/wp-content\/uploads\/2024\/09\/deftech-white-red-round-background.002.png?fit=1500%2C1500&ssl=1","contentUrl":"https:\/\/i0.wp.com\/deftech.ch\/wp-content\/uploads\/2024\/09\/deftech-white-red-round-background.002.png?fit=1500%2C1500&ssl=1","width":1500,"height":1500,"caption":"Deftech - Defence Future Technologies"},"image":{"@id":"https:\/\/deftech.ch\/#\/schema\/logo\/image\/"},"sameAs":["https:\/\/x.com\/deftechCH","https:\/\/linkedin.com\/in\/ladetto"]}]}},"jetpack_sharing_enabled":true,"jetpack_shortlink":"https:\/\/wp.me\/PaO9lW-89D","_links":{"self":[{"href":"https:\/\/deftech.ch\/it\/wp-json\/wp\/v2\/pages\/31349","targetHints":{"allow":["GET"]}}],"collection":[{"href":"https:\/\/deftech.ch\/it\/wp-json\/wp\/v2\/pages"}],"about":[{"href":"https:\/\/deftech.ch\/it\/wp-json\/wp\/v2\/types\/page"}],"author":[{"embeddable":true,"href":"https:\/\/deftech.ch\/it\/wp-json\/wp\/v2\/users\/3"}],"replies":[{"embeddable":true,"href":"https:\/\/deftech.ch\/it\/wp-json\/wp\/v2\/comments?post=31349"}],"version-history":[{"count":2,"href":"https:\/\/deftech.ch\/it\/wp-json\/wp\/v2\/pages\/31349\/revisions"}],"predecessor-version":[{"id":34019,"href":"https:\/\/deftech.ch\/it\/wp-json\/wp\/v2\/pages\/31349\/revisions\/34019"}],"wp:featuredmedia":[{"embeddable":true,"href":"https:\/\/deftech.ch\/it\/wp-json\/wp\/v2\/media\/31603"}],"wp:attachment":[{"href":"https:\/\/deftech.ch\/it\/wp-json\/wp\/v2\/media?parent=31349"}],"curies":[{"name":"wp","href":"https:\/\/api.w.org\/{rel}","templated":true}]}}