{"id":35181,"date":"2023-04-05T14:03:39","date_gmt":"2023-04-05T12:03:39","guid":{"rendered":"https:\/\/deftech.ch\/?page_id=35181"},"modified":"2023-04-05T14:03:51","modified_gmt":"2023-04-05T12:03:51","slug":"lo-spazio","status":"publish","type":"page","link":"https:\/\/deftech.ch\/it\/lo-spazio\/","title":{"rendered":"Lo spazio"},"content":{"rendered":"\n\t<section class=\"section\" id=\"section_172378946\">\n\t\t<div class=\"section-bg fill\" >\n\t\t\t\t\t\t\t\t\t\n\t\t\t\n\n\t\t<\/div>\n\n\t\t\n\n\t\t<div class=\"section-content relative\">\n\t\t\t\n<div class=\"container section-title-container\" ><h3 class=\"section-title section-title-normal\"><b aria-hidden=\"true\"><\/b><span class=\"section-title-main\" >Lo spazio<\/span><b aria-hidden=\"true\"><\/b><\/h3><\/div>\n<div class=\"row row-full-width align-middle\"  id=\"row-705731795\">\n\n\t<div id=\"col-664265011\" class=\"col small-12 large-12\"  >\n\t\t\t\t<div class=\"col-inner\"  >\n\t\t\t\n\t\t\t\n\t<div class=\"img has-hover x md-x lg-x y md-y lg-y\" id=\"image_2111824199\">\n\t\t\t\t\t\t\t\t<div class=\"img-inner dark\" >\n\t\t\t<img loading=\"lazy\" decoding=\"async\" width=\"1020\" height=\"510\" src=\"https:\/\/deftech.ch\/wp-content\/uploads\/2023\/04\/NATO-space-1024x512.jpg\" class=\"attachment-large size-large\" alt=\"\" srcset=\"https:\/\/deftech.ch\/wp-content\/uploads\/2023\/04\/NATO-space-1024x512.jpg 1024w, https:\/\/deftech.ch\/wp-content\/uploads\/2023\/04\/NATO-space-300x150.jpg 300w, https:\/\/deftech.ch\/wp-content\/uploads\/2023\/04\/NATO-space-768x384.jpg 768w, https:\/\/deftech.ch\/wp-content\/uploads\/2023\/04\/NATO-space-1536x769.jpg 1536w, https:\/\/deftech.ch\/wp-content\/uploads\/2023\/04\/NATO-space-2048x1025.jpg 2048w\" sizes=\"auto, (max-width: 1020px) 100vw, 1020px\" \/>\t\t\t\t\t\t\n\t\t\t\t\t<\/div>\n\t\t\t\t\t\t\t\t\n<style>\n#image_2111824199 {\n  width: 100%;\n}\n<\/style>\n\t<\/div>\n\t\n<p>Lo spazio \u00e8 un dominio fisico unico che sfida la percezione tradizionale degli Alleati di tempo, distanza e geografia. In genere si considera che inizi a 90-100 km (la linea di Karman) sopra il livello del mare.<\/p>\n<p>Le tecnologie spaziali sfruttano o devono confrontarsi con l&#8217;ambiente operativo unico dello spazio, che comprende: libert\u00e0 di azione, campo visivo globale, velocit\u00e0, libert\u00e0 di accesso, quasi vuoto, microgravit\u00e0, isolamento e ambienti estremi (temperatura, vibrazioni, suono e pressione).<\/p>\n\t\t<\/div>\n\t\t\t\t\t<\/div>\n\n\t\n\n<style>\n#row-705731795 > .col > .col-inner {\n  padding: 10px 10px 10px 10px;\n  background-color: rgba(39, 158, 233, 0.564);\n  border-radius: 25px;\n}\n<\/style>\n<\/div>\n\t\t<\/div>\n\n\t\t\n<style>\n#section_172378946 {\n  padding-top: 30px;\n  padding-bottom: 30px;\n}\n<\/style>\n\t<\/section>\n\t\n\n\t<section class=\"section\" id=\"section_1780351713\">\n\t\t<div class=\"section-bg fill\" >\n\t\t\t\t\t\t\t\t\t<div class=\"section-bg-overlay absolute fill\"><\/div>\n\t\t\t\n\n\t\t<\/div>\n\n\t\t\n\n\t\t<div class=\"section-content relative\">\n\t\t\t\n<div class=\"row\"  id=\"row-52039933\">\n\n\t<div id=\"col-1549283851\" class=\"col small-12 large-12\"  >\n\t\t\t\t<div class=\"col-inner\"  >\n\t\t\t\n\t\t\t\n\n  \n    <div id=\"row-1813443554\" class=\"row large-columns-3 medium-columns- small-columns-1 has-shadow row-box-shadow-2 row-masonry\" data-packery-options='{\"itemSelector\": \".col\", \"gutter\": 0, \"presentageWidth\" : true}'>\n\n  <div class=\"col post-item\" >\n\t\t\t<div class=\"col-inner\">\n\t\t\t\t<div class=\"box box-none box-text-bottom box-blog-post has-hover\">\n            \t\t\t\t\t<div class=\"box-image\" >\n  \t\t\t\t\t\t<div class=\"image-cover\" style=\"padding-top:180px;\">\n\t\t\t\t\t\t\t<a href=\"https:\/\/deftech.ch\/it\/2023\/08\/21\/china-successfully-tests-most-powerful-mach-30-wind-tunnel\/\" class=\"plain\" aria-label=\"China successfully tests &#8220;most powerful&#8221; Mach 30 wind tunnel\">\n\t\t\t\t\t\t\t\t<img loading=\"lazy\" decoding=\"async\" width=\"300\" height=\"169\" src=\"https:\/\/deftech.ch\/wp-content\/uploads\/2023\/08\/Mach30_hypervelocity-300x169.jpg\" class=\"attachment-medium size-medium wp-post-image\" alt=\"\" srcset=\"https:\/\/deftech.ch\/wp-content\/uploads\/2023\/08\/Mach30_hypervelocity-300x169.jpg 300w, https:\/\/deftech.ch\/wp-content\/uploads\/2023\/08\/Mach30_hypervelocity-1024x576.jpg 1024w, https:\/\/deftech.ch\/wp-content\/uploads\/2023\/08\/Mach30_hypervelocity-768x432.jpg 768w, https:\/\/deftech.ch\/wp-content\/uploads\/2023\/08\/Mach30_hypervelocity-1536x864.jpg 1536w, https:\/\/deftech.ch\/wp-content\/uploads\/2023\/08\/Mach30_hypervelocity.jpg 2048w\" sizes=\"auto, (max-width: 300px) 100vw, 300px\" \/>\t\t\t\t\t\t\t<\/a>\n  \t\t\t\t\t\t\t  \t\t\t\t\t\t\t  \t\t\t\t\t\t<\/div>\n  \t\t\t\t\t\t  \t\t\t\t\t<\/div>\n          \t\t\t\t\t<div class=\"box-text text-center\" >\n\t\t\t\t\t<div class=\"box-text-inner blog-post-inner\">\n\n\t\t\t\t\t\n\t\t\t\t\t\t\t\t\t\t<h5 class=\"post-title is-large \">\n\t\t\t\t\t\t<a href=\"https:\/\/deftech.ch\/it\/2023\/08\/21\/china-successfully-tests-most-powerful-mach-30-wind-tunnel\/\" class=\"plain\">China successfully tests &#8220;most powerful&#8221; Mach 30 wind tunnel<\/a>\n\t\t\t\t\t<\/h5>\n\t\t\t\t\t\t\t\t\t\t<div class=\"is-divider\"><\/div>\n\t\t\t\t\t\t\t\t\t\t<p class=\"from_the_blog_excerpt \">\n\t\t\t\t\t\tIn mid-July the government of the People&rsquo;s Republic of China released a video showing what [...]\t\t\t\t\t<\/p>\n\t\t\t\t\t                    \n\t\t\t\t\t\t\t\t\t\t\t<a href=\"https:\/\/deftech.ch\/it\/2023\/08\/21\/china-successfully-tests-most-powerful-mach-30-wind-tunnel\/\" class=\"button  is-outline is-small mb-0\">\n\t\t\t\t\t\t\tRead more\t\t\t\t\t\t<\/a>\n\t\t\t\t\t\n\t\t\t\t\t\n\t\t\t\t\t<\/div>\n\t\t\t\t\t<\/div>\n\t\t\t\t\t\t\t\t\t\t\t\t\t\t\t\t<div class=\"badge absolute top post-date badge-outline\">\n\t\t\t\t\t\t\t<div class=\"badge-inner\">\n\t\t\t\t\t\t\t\t<span class=\"post-date-day\">21<\/span><br>\n\t\t\t\t\t\t\t\t<span class=\"post-date-month is-xsmall\">Ago<\/span>\n\t\t\t\t\t\t\t<\/div>\n\t\t\t\t\t\t<\/div>\n\t\t\t\t\t\t\t\t\t<\/div>\n\t\t\t<\/div>\n\t\t<\/div><div class=\"col post-item\" >\n\t\t\t<div class=\"col-inner\">\n\t\t\t\t<div class=\"box box-none box-text-bottom box-blog-post has-hover\">\n            \t\t\t\t\t<div class=\"box-image\" >\n  \t\t\t\t\t\t<div class=\"image-cover\" style=\"padding-top:180px;\">\n\t\t\t\t\t\t\t<a href=\"https:\/\/deftech.ch\/it\/2023\/04\/21\/resilience-and-creativity-in-the-contested-environment-of-ukraine\/\" class=\"plain\" aria-label=\"Resilience and creativity in the contested environment of Ukraine\">\n\t\t\t\t\t\t\t\t<img loading=\"lazy\" decoding=\"async\" width=\"300\" height=\"203\" src=\"https:\/\/deftech.ch\/wp-content\/uploads\/2023\/04\/ukraine-starlink-300x203.webp\" class=\"attachment-medium size-medium wp-post-image\" alt=\"\" srcset=\"https:\/\/deftech.ch\/wp-content\/uploads\/2023\/04\/ukraine-starlink-300x203.webp 300w, https:\/\/deftech.ch\/wp-content\/uploads\/2023\/04\/ukraine-starlink-1024x693.webp 1024w, https:\/\/deftech.ch\/wp-content\/uploads\/2023\/04\/ukraine-starlink-768x520.webp 768w, https:\/\/deftech.ch\/wp-content\/uploads\/2023\/04\/ukraine-starlink.webp 1200w\" sizes=\"auto, (max-width: 300px) 100vw, 300px\" \/>\t\t\t\t\t\t\t<\/a>\n  \t\t\t\t\t\t\t  \t\t\t\t\t\t\t  \t\t\t\t\t\t<\/div>\n  \t\t\t\t\t\t  \t\t\t\t\t<\/div>\n          \t\t\t\t\t<div class=\"box-text text-center\" >\n\t\t\t\t\t<div class=\"box-text-inner blog-post-inner\">\n\n\t\t\t\t\t\n\t\t\t\t\t\t\t\t\t\t<h5 class=\"post-title is-large \">\n\t\t\t\t\t\t<a href=\"https:\/\/deftech.ch\/it\/2023\/04\/21\/resilience-and-creativity-in-the-contested-environment-of-ukraine\/\" class=\"plain\">Resilience and creativity in the contested environment of Ukraine<\/a>\n\t\t\t\t\t<\/h5>\n\t\t\t\t\t\t\t\t\t\t<div class=\"is-divider\"><\/div>\n\t\t\t\t\t\t\t\t\t\t<p class=\"from_the_blog_excerpt \">\n\t\t\t\t\t\tReporting from Defense One in March indicates that Ukrainian forces operating behind Russian lines are [...]\t\t\t\t\t<\/p>\n\t\t\t\t\t                    \n\t\t\t\t\t\t\t\t\t\t\t<a href=\"https:\/\/deftech.ch\/it\/2023\/04\/21\/resilience-and-creativity-in-the-contested-environment-of-ukraine\/\" class=\"button  is-outline is-small mb-0\">\n\t\t\t\t\t\t\tRead more\t\t\t\t\t\t<\/a>\n\t\t\t\t\t\n\t\t\t\t\t\n\t\t\t\t\t<\/div>\n\t\t\t\t\t<\/div>\n\t\t\t\t\t\t\t\t\t\t\t\t\t\t\t\t<div class=\"badge absolute top post-date badge-outline\">\n\t\t\t\t\t\t\t<div class=\"badge-inner\">\n\t\t\t\t\t\t\t\t<span class=\"post-date-day\">21<\/span><br>\n\t\t\t\t\t\t\t\t<span class=\"post-date-month is-xsmall\">Apr<\/span>\n\t\t\t\t\t\t\t<\/div>\n\t\t\t\t\t\t<\/div>\n\t\t\t\t\t\t\t\t\t<\/div>\n\t\t\t<\/div>\n\t\t<\/div><div class=\"col post-item\" >\n\t\t\t<div class=\"col-inner\">\n\t\t\t\t<div class=\"box box-none box-text-bottom box-blog-post has-hover\">\n            \t\t\t\t\t<div class=\"box-image\" >\n  \t\t\t\t\t\t<div class=\"image-cover\" style=\"padding-top:180px;\">\n\t\t\t\t\t\t\t<a href=\"https:\/\/deftech.ch\/it\/2023\/04\/12\/us-space-development-agency-takes-steps-toward-space-resilience\/\" class=\"plain\" aria-label=\"US Space Development Agency takes steps toward space resilience\">\n\t\t\t\t\t\t\t\t<img loading=\"lazy\" decoding=\"async\" width=\"300\" height=\"171\" src=\"https:\/\/deftech.ch\/wp-content\/uploads\/2023\/04\/how-low-earth-satellites-are-changing-the-game-300x171.jpg\" class=\"attachment-medium size-medium wp-post-image\" alt=\"\" srcset=\"https:\/\/deftech.ch\/wp-content\/uploads\/2023\/04\/how-low-earth-satellites-are-changing-the-game-300x171.jpg 300w, https:\/\/deftech.ch\/wp-content\/uploads\/2023\/04\/how-low-earth-satellites-are-changing-the-game-1024x585.jpg 1024w, https:\/\/deftech.ch\/wp-content\/uploads\/2023\/04\/how-low-earth-satellites-are-changing-the-game-768x439.jpg 768w, https:\/\/deftech.ch\/wp-content\/uploads\/2023\/04\/how-low-earth-satellites-are-changing-the-game-1536x877.jpg 1536w, https:\/\/deftech.ch\/wp-content\/uploads\/2023\/04\/how-low-earth-satellites-are-changing-the-game-2048x1170.jpg 2048w\" sizes=\"auto, (max-width: 300px) 100vw, 300px\" \/>\t\t\t\t\t\t\t<\/a>\n  \t\t\t\t\t\t\t  \t\t\t\t\t\t\t  \t\t\t\t\t\t<\/div>\n  \t\t\t\t\t\t  \t\t\t\t\t<\/div>\n          \t\t\t\t\t<div class=\"box-text text-center\" >\n\t\t\t\t\t<div class=\"box-text-inner blog-post-inner\">\n\n\t\t\t\t\t\n\t\t\t\t\t\t\t\t\t\t<h5 class=\"post-title is-large \">\n\t\t\t\t\t\t<a href=\"https:\/\/deftech.ch\/it\/2023\/04\/12\/us-space-development-agency-takes-steps-toward-space-resilience\/\" class=\"plain\">US Space Development Agency takes steps toward space resilience<\/a>\n\t\t\t\t\t<\/h5>\n\t\t\t\t\t\t\t\t\t\t<div class=\"is-divider\"><\/div>\n\t\t\t\t\t\t\t\t\t\t<p class=\"from_the_blog_excerpt \">\n\t\t\t\t\t\tThe US Space Development Agency (SDA) launched the first 10 of its 28 Tranche 0 [...]\t\t\t\t\t<\/p>\n\t\t\t\t\t                    \n\t\t\t\t\t\t\t\t\t\t\t<a href=\"https:\/\/deftech.ch\/it\/2023\/04\/12\/us-space-development-agency-takes-steps-toward-space-resilience\/\" class=\"button  is-outline is-small mb-0\">\n\t\t\t\t\t\t\tRead more\t\t\t\t\t\t<\/a>\n\t\t\t\t\t\n\t\t\t\t\t\n\t\t\t\t\t<\/div>\n\t\t\t\t\t<\/div>\n\t\t\t\t\t\t\t\t\t\t\t\t\t\t\t\t<div class=\"badge absolute top post-date badge-outline\">\n\t\t\t\t\t\t\t<div class=\"badge-inner\">\n\t\t\t\t\t\t\t\t<span class=\"post-date-day\">12<\/span><br>\n\t\t\t\t\t\t\t\t<span class=\"post-date-month is-xsmall\">Apr<\/span>\n\t\t\t\t\t\t\t<\/div>\n\t\t\t\t\t\t<\/div>\n\t\t\t\t\t\t\t\t\t<\/div>\n\t\t\t<\/div>\n\t\t<\/div><\/div>\n\t\t<\/div>\n\t\t\t\t\t<\/div>\n\n\t\n<\/div>\n\t\t<\/div>\n\n\t\t\n<style>\n#section_1780351713 {\n  padding-top: 0px;\n  padding-bottom: 0px;\n  background-color: rgb(247, 247, 247);\n}\n#section_1780351713 .section-bg-overlay {\n  background-color: rgba(255, 255, 255, 0.85);\n}\n<\/style>\n\t<\/section>\n\t\n","protected":false},"excerpt":{"rendered":"","protected":false},"author":3,"featured_media":34976,"parent":0,"menu_order":0,"comment_status":"closed","ping_status":"closed","template":"","meta":{"jetpack_post_was_ever_published":false,"footnotes":""},"class_list":["post-35181","page","type-page","status-publish","has-post-thumbnail","hentry"],"yoast_head":"<!-- This site is optimized with the Yoast SEO plugin v27.4 - https:\/\/yoast.com\/product\/yoast-seo-wordpress\/ -->\n<title>Lo spazio - Deftech \u00b7 Defence Future Technologies<\/title>\n<meta name=\"robots\" content=\"index, follow, max-snippet:-1, max-image-preview:large, max-video-preview:-1\" \/>\n<link rel=\"canonical\" href=\"https:\/\/deftech.ch\/it\/lo-spazio\/\" \/>\n<meta property=\"og:locale\" content=\"it_IT\" \/>\n<meta property=\"og:type\" content=\"article\" \/>\n<meta property=\"og:title\" content=\"Lo spazio - Deftech \u00b7 Defence Future Technologies\" \/>\n<meta property=\"og:url\" content=\"https:\/\/deftech.ch\/it\/lo-spazio\/\" \/>\n<meta property=\"og:site_name\" content=\"Deftech \u00b7 Defence Future Technologies\" \/>\n<meta property=\"article:modified_time\" content=\"2023-04-05T12:03:51+00:00\" \/>\n<meta property=\"og:image\" content=\"https:\/\/deftech.ch\/wp-content\/uploads\/2023\/04\/NATO-space.jpg\" \/>\n\t<meta property=\"og:image:width\" content=\"2466\" \/>\n\t<meta property=\"og:image:height\" content=\"1234\" \/>\n\t<meta property=\"og:image:type\" content=\"image\/jpeg\" \/>\n<meta name=\"twitter:card\" content=\"summary_large_image\" \/>\n<meta name=\"twitter:site\" content=\"@deftechCH\" \/>\n<meta name=\"twitter:label1\" content=\"Tempo di lettura stimato\" \/>\n\t<meta name=\"twitter:data1\" content=\"1 minuto\" \/>\n<script type=\"application\/ld+json\" class=\"yoast-schema-graph\">{\"@context\":\"https:\\\/\\\/schema.org\",\"@graph\":[{\"@type\":\"WebPage\",\"@id\":\"https:\\\/\\\/deftech.ch\\\/it\\\/lo-spazio\\\/\",\"url\":\"https:\\\/\\\/deftech.ch\\\/it\\\/lo-spazio\\\/\",\"name\":\"Lo spazio - Deftech \u00b7 Defence Future Technologies\",\"isPartOf\":{\"@id\":\"https:\\\/\\\/deftech.ch\\\/#website\"},\"primaryImageOfPage\":{\"@id\":\"https:\\\/\\\/deftech.ch\\\/it\\\/lo-spazio\\\/#primaryimage\"},\"image\":{\"@id\":\"https:\\\/\\\/deftech.ch\\\/it\\\/lo-spazio\\\/#primaryimage\"},\"thumbnailUrl\":\"https:\\\/\\\/deftech.ch\\\/wp-content\\\/uploads\\\/2023\\\/04\\\/NATO-space.jpg\",\"datePublished\":\"2023-04-05T12:03:39+00:00\",\"dateModified\":\"2023-04-05T12:03:51+00:00\",\"breadcrumb\":{\"@id\":\"https:\\\/\\\/deftech.ch\\\/it\\\/lo-spazio\\\/#breadcrumb\"},\"inLanguage\":\"it-IT\",\"potentialAction\":[{\"@type\":\"ReadAction\",\"target\":[\"https:\\\/\\\/deftech.ch\\\/it\\\/lo-spazio\\\/\"]}]},{\"@type\":\"ImageObject\",\"inLanguage\":\"it-IT\",\"@id\":\"https:\\\/\\\/deftech.ch\\\/it\\\/lo-spazio\\\/#primaryimage\",\"url\":\"https:\\\/\\\/deftech.ch\\\/wp-content\\\/uploads\\\/2023\\\/04\\\/NATO-space.jpg\",\"contentUrl\":\"https:\\\/\\\/deftech.ch\\\/wp-content\\\/uploads\\\/2023\\\/04\\\/NATO-space.jpg\",\"width\":2466,\"height\":1234},{\"@type\":\"BreadcrumbList\",\"@id\":\"https:\\\/\\\/deftech.ch\\\/it\\\/lo-spazio\\\/#breadcrumb\",\"itemListElement\":[{\"@type\":\"ListItem\",\"position\":1,\"name\":\"Home\",\"item\":\"https:\\\/\\\/deftech.ch\\\/it\\\/\"},{\"@type\":\"ListItem\",\"position\":2,\"name\":\"Lo spazio\"}]},{\"@type\":\"WebSite\",\"@id\":\"https:\\\/\\\/deftech.ch\\\/#website\",\"url\":\"https:\\\/\\\/deftech.ch\\\/\",\"name\":\"Deftech - Defence Future Technologies\",\"description\":\"Inspire - Inform - Instruct\",\"publisher\":{\"@id\":\"https:\\\/\\\/deftech.ch\\\/#organization\"},\"potentialAction\":[{\"@type\":\"SearchAction\",\"target\":{\"@type\":\"EntryPoint\",\"urlTemplate\":\"https:\\\/\\\/deftech.ch\\\/?s={search_term_string}\"},\"query-input\":{\"@type\":\"PropertyValueSpecification\",\"valueRequired\":true,\"valueName\":\"search_term_string\"}}],\"inLanguage\":\"it-IT\"},{\"@type\":\"Organization\",\"@id\":\"https:\\\/\\\/deftech.ch\\\/#organization\",\"name\":\"Deftech - Defence Future Technologies\",\"alternateName\":\"Foresight Program by armasuisse Science and Technology\",\"url\":\"https:\\\/\\\/deftech.ch\\\/\",\"logo\":{\"@type\":\"ImageObject\",\"inLanguage\":\"it-IT\",\"@id\":\"https:\\\/\\\/deftech.ch\\\/#\\\/schema\\\/logo\\\/image\\\/\",\"url\":\"https:\\\/\\\/i0.wp.com\\\/deftech.ch\\\/wp-content\\\/uploads\\\/2024\\\/09\\\/deftech-white-red-round-background.002.png?fit=1500%2C1500&ssl=1\",\"contentUrl\":\"https:\\\/\\\/i0.wp.com\\\/deftech.ch\\\/wp-content\\\/uploads\\\/2024\\\/09\\\/deftech-white-red-round-background.002.png?fit=1500%2C1500&ssl=1\",\"width\":1500,\"height\":1500,\"caption\":\"Deftech - Defence Future Technologies\"},\"image\":{\"@id\":\"https:\\\/\\\/deftech.ch\\\/#\\\/schema\\\/logo\\\/image\\\/\"},\"sameAs\":[\"https:\\\/\\\/x.com\\\/deftechCH\",\"https:\\\/\\\/linkedin.com\\\/in\\\/ladetto\"]}]}<\/script>\n<!-- \/ Yoast SEO plugin. -->","yoast_head_json":{"title":"Lo spazio - Deftech \u00b7 Defence Future Technologies","robots":{"index":"index","follow":"follow","max-snippet":"max-snippet:-1","max-image-preview":"max-image-preview:large","max-video-preview":"max-video-preview:-1"},"canonical":"https:\/\/deftech.ch\/it\/lo-spazio\/","og_locale":"it_IT","og_type":"article","og_title":"Lo spazio - Deftech \u00b7 Defence Future Technologies","og_url":"https:\/\/deftech.ch\/it\/lo-spazio\/","og_site_name":"Deftech \u00b7 Defence Future Technologies","article_modified_time":"2023-04-05T12:03:51+00:00","og_image":[{"width":2466,"height":1234,"url":"https:\/\/deftech.ch\/wp-content\/uploads\/2023\/04\/NATO-space.jpg","type":"image\/jpeg"}],"twitter_card":"summary_large_image","twitter_site":"@deftechCH","twitter_misc":{"Tempo di lettura stimato":"1 minuto"},"schema":{"@context":"https:\/\/schema.org","@graph":[{"@type":"WebPage","@id":"https:\/\/deftech.ch\/it\/lo-spazio\/","url":"https:\/\/deftech.ch\/it\/lo-spazio\/","name":"Lo spazio - Deftech \u00b7 Defence Future Technologies","isPartOf":{"@id":"https:\/\/deftech.ch\/#website"},"primaryImageOfPage":{"@id":"https:\/\/deftech.ch\/it\/lo-spazio\/#primaryimage"},"image":{"@id":"https:\/\/deftech.ch\/it\/lo-spazio\/#primaryimage"},"thumbnailUrl":"https:\/\/deftech.ch\/wp-content\/uploads\/2023\/04\/NATO-space.jpg","datePublished":"2023-04-05T12:03:39+00:00","dateModified":"2023-04-05T12:03:51+00:00","breadcrumb":{"@id":"https:\/\/deftech.ch\/it\/lo-spazio\/#breadcrumb"},"inLanguage":"it-IT","potentialAction":[{"@type":"ReadAction","target":["https:\/\/deftech.ch\/it\/lo-spazio\/"]}]},{"@type":"ImageObject","inLanguage":"it-IT","@id":"https:\/\/deftech.ch\/it\/lo-spazio\/#primaryimage","url":"https:\/\/deftech.ch\/wp-content\/uploads\/2023\/04\/NATO-space.jpg","contentUrl":"https:\/\/deftech.ch\/wp-content\/uploads\/2023\/04\/NATO-space.jpg","width":2466,"height":1234},{"@type":"BreadcrumbList","@id":"https:\/\/deftech.ch\/it\/lo-spazio\/#breadcrumb","itemListElement":[{"@type":"ListItem","position":1,"name":"Home","item":"https:\/\/deftech.ch\/it\/"},{"@type":"ListItem","position":2,"name":"Lo spazio"}]},{"@type":"WebSite","@id":"https:\/\/deftech.ch\/#website","url":"https:\/\/deftech.ch\/","name":"Deftech - Defence Future Technologies","description":"Inspire - Inform - Instruct","publisher":{"@id":"https:\/\/deftech.ch\/#organization"},"potentialAction":[{"@type":"SearchAction","target":{"@type":"EntryPoint","urlTemplate":"https:\/\/deftech.ch\/?s={search_term_string}"},"query-input":{"@type":"PropertyValueSpecification","valueRequired":true,"valueName":"search_term_string"}}],"inLanguage":"it-IT"},{"@type":"Organization","@id":"https:\/\/deftech.ch\/#organization","name":"Deftech - Defence Future Technologies","alternateName":"Foresight Program by armasuisse Science and Technology","url":"https:\/\/deftech.ch\/","logo":{"@type":"ImageObject","inLanguage":"it-IT","@id":"https:\/\/deftech.ch\/#\/schema\/logo\/image\/","url":"https:\/\/i0.wp.com\/deftech.ch\/wp-content\/uploads\/2024\/09\/deftech-white-red-round-background.002.png?fit=1500%2C1500&ssl=1","contentUrl":"https:\/\/i0.wp.com\/deftech.ch\/wp-content\/uploads\/2024\/09\/deftech-white-red-round-background.002.png?fit=1500%2C1500&ssl=1","width":1500,"height":1500,"caption":"Deftech - Defence Future Technologies"},"image":{"@id":"https:\/\/deftech.ch\/#\/schema\/logo\/image\/"},"sameAs":["https:\/\/x.com\/deftechCH","https:\/\/linkedin.com\/in\/ladetto"]}]}},"jetpack_sharing_enabled":true,"jetpack_shortlink":"https:\/\/wp.me\/PaO9lW-99r","_links":{"self":[{"href":"https:\/\/deftech.ch\/it\/wp-json\/wp\/v2\/pages\/35181","targetHints":{"allow":["GET"]}}],"collection":[{"href":"https:\/\/deftech.ch\/it\/wp-json\/wp\/v2\/pages"}],"about":[{"href":"https:\/\/deftech.ch\/it\/wp-json\/wp\/v2\/types\/page"}],"author":[{"embeddable":true,"href":"https:\/\/deftech.ch\/it\/wp-json\/wp\/v2\/users\/3"}],"replies":[{"embeddable":true,"href":"https:\/\/deftech.ch\/it\/wp-json\/wp\/v2\/comments?post=35181"}],"version-history":[{"count":2,"href":"https:\/\/deftech.ch\/it\/wp-json\/wp\/v2\/pages\/35181\/revisions"}],"predecessor-version":[{"id":35183,"href":"https:\/\/deftech.ch\/it\/wp-json\/wp\/v2\/pages\/35181\/revisions\/35183"}],"wp:featuredmedia":[{"embeddable":true,"href":"https:\/\/deftech.ch\/it\/wp-json\/wp\/v2\/media\/34976"}],"wp:attachment":[{"href":"https:\/\/deftech.ch\/it\/wp-json\/wp\/v2\/media?parent=35181"}],"curies":[{"name":"wp","href":"https:\/\/api.w.org\/{rel}","templated":true}]}}