{"id":37929,"date":"2024-03-09T12:17:44","date_gmt":"2024-03-09T11:17:44","guid":{"rendered":"https:\/\/deftech.ch\/?page_id=37929"},"modified":"2024-03-17T21:49:43","modified_gmt":"2024-03-17T20:49:43","slug":"situations-2043","status":"publish","type":"page","link":"https:\/\/deftech.ch\/it\/situations-2043\/","title":{"rendered":"Situations 2043"},"content":{"rendered":"\n\t<section class=\"section\" id=\"section_1349136208\">\n\t\t<div class=\"section-bg fill\" >\n\t\t\t\t\t\t\t\t\t\n\t\t\t\n\n\t\t<\/div>\n\n\t\t\n\n\t\t<div class=\"section-content relative\">\n\t\t\t\n<div class=\"row align-center\"  id=\"row-1900415383\">\n\n\t<div id=\"col-164828765\" class=\"col medium-10 small-12 large-10\"  >\n\t\t\t\t<div class=\"col-inner text-center\"  >\n\t\t\t\n\t\t\t\n\t<div class=\"img has-hover x md-x lg-x y md-y lg-y\" id=\"image_274335816\">\n\t\t<a class=\"\" href=\"https:\/\/deftech.ch\/fr\/publications\/#2024\" >\t\t\t\t\t\t<div class=\"img-inner box-shadow-3 dark\" >\n\t\t\t<img loading=\"lazy\" decoding=\"async\" width=\"841\" height=\"1024\" src=\"https:\/\/deftech.ch\/wp-content\/uploads\/2024\/01\/Situations2043_Pages_WEB_cover-841x1024.jpg\" class=\"attachment-large size-large\" alt=\"\" srcset=\"https:\/\/deftech.ch\/wp-content\/uploads\/2024\/01\/Situations2043_Pages_WEB_cover-841x1024.jpg 841w, https:\/\/deftech.ch\/wp-content\/uploads\/2024\/01\/Situations2043_Pages_WEB_cover-246x300.jpg 246w, https:\/\/deftech.ch\/wp-content\/uploads\/2024\/01\/Situations2043_Pages_WEB_cover-768x935.jpg 768w, https:\/\/deftech.ch\/wp-content\/uploads\/2024\/01\/Situations2043_Pages_WEB_cover-1261x1536.jpg 1261w, https:\/\/deftech.ch\/wp-content\/uploads\/2024\/01\/Situations2043_Pages_WEB_cover.jpg 1303w\" sizes=\"auto, (max-width: 841px) 100vw, 841px\" \/>\t\t\t\t\t\t\n\t\t\t\t\t\t\t<div class=\"caption\">Couverture du livre <a href=\"https:\/\/deftech.ch\/fr\/publications\/#2024\">Situations 2043<\/a> co-r\u00e9dig\u00e9 par <a href=\"\">Fr\u00e9d\u00e9ric Jaccaud, <a href=\"https:\/\/www.linkedin.com\/in\/boris-bruckler-241645208\/\">Boris Bruckler<\/a>, <a href=\"https:\/\/www.linkedin.com\/in\/laurentbolli\/\">Laurent Bolli<\/a> et <a href=\"https:\/\/www.linkedin.com\/in\/rodolphekoller\/\">Rodolphe Koller<\/a>.<br> Illustrations et mise en page par <a href=\"https:\/\/www.maximeschertenleib.ch\/\">Maxime Schertenleib<\/a><\/div>\n\t\t\t\t\t<\/div>\n\t\t\t\t\t\t<\/a>\t\t\n<style>\n#image_274335816 {\n  width: 100%;\n}\n@media (min-width:550px) {\n  #image_274335816 {\n    width: 55%;\n  }\n}\n<\/style>\n\t<\/div>\n\t\n\t<div id=\"gap-1222926751\" class=\"gap-element clearfix\" style=\"display:block; height:auto;\">\n\t\t\n<style>\n#gap-1222926751 {\n  padding-top: 30px;\n}\n<\/style>\n\t<\/div>\n\t\n<p class=\"lead\">Devant l\u2019engouement suscit\u00e9 par l\u2019initiative de la <a href=\"https:\/\/redteamdefense.org\/\">Red Team<\/a> par l\u2019<a href=\"https:\/\/www.defense.gouv.fr\/aid\">Agence de l&#8217;Innovation de D\u00e9fense<\/a> (AID), nous avons lanc\u00e9 un projet r\u00e9dactionnel men\u00e9 avec <a href=\"https:\/\/atelierdesfuturs.org\/author\/frederic-jaccaud\/\">Fr\u00e9d\u00e9ric Jaccaud<\/a>. Le projet devait pr\u00e9senter des situations sur territoire helv\u00e9tique.<\/p>\n<p class=\"lead\">Plut\u00f4t qu\u2019une description de technologies de rupture utilis\u00e9es de mani\u00e8re spectaculaire, l\u2019intention est ici de voir comment des situations de la vie quotidienne pourraient se trouver boulevers\u00e9es par des usages technologiques.<\/p>\n<p class=\"lead\"><em><a href=\"https:\/\/deftech.ch\/publications\/#2024\">Situations 2043<\/a> co-r\u00e9dig\u00e9 par <a href=\"https:\/\/atelierdesfuturs.org\/author\/frederic-jaccaud\/\">Fr\u00e9d\u00e9ric Jaccaud, <\/a><a href=\"https:\/\/www.linkedin.com\/in\/boris-bruckler-241645208\/\">Boris Bruckler<\/a><a>, <\/a><a href=\"https:\/\/www.linkedin.com\/in\/laurentbolli\/\">Laurent Bolli<\/a> et <a href=\"https:\/\/www.linkedin.com\/in\/rodolphekoller\/\">Rodolphe Koller<\/a>. <br \/>Illustrations et mise en page par <a href=\"https:\/\/www.maximeschertenleib.ch\/\">Maxime Schertenleib<\/a><\/em><\/p>\n\t\t<\/div>\n\t\t\t\t\t<\/div>\n\n\t\n<\/div>\n\t<div id=\"gap-1857006435\" class=\"gap-element clearfix\" style=\"display:block; height:auto;\">\n\t\t\n<style>\n#gap-1857006435 {\n  padding-top: 30px;\n}\n<\/style>\n\t<\/div>\n\t\n<div class=\"text-center\"><div class=\"is-divider divider clearfix\" style=\"max-width:55px;background-color:rgb(248, 1, 1);\"><\/div><\/div>\n\t<div id=\"gap-1485407918\" class=\"gap-element clearfix\" style=\"display:block; height:auto;\">\n\t\t\n<style>\n#gap-1485407918 {\n  padding-top: 30px;\n}\n<\/style>\n\t<\/div>\n\t\n<div class=\"row align-center\"  id=\"row-233354759\">\n\n\t<div id=\"col-183526941\" class=\"col medium-5 small-12 large-5\"  >\n\t\t\t\t<div class=\"col-inner text-center\"  >\n\t\t\t\n\t\t\t\n<h1 style=\"text-align: left;\"><a href=\"https:\/\/www.rts.ch\/audio-podcast\/2024\/audio\/quand-la-sf-offre-des-solutions-28440298.html\">Quand la SF offre des solutions<\/a><\/h1>\n<p class=\"lead\" style=\"text-align: left;\">Emission: <br \/><a href=\"https:\/\/www.rts.ch\/audio-podcast\/2021\/emission\/quartier-livre-25785426.html\">Quartier livre<\/a> du 17 mars 2024<\/p>\n<p class=\"lead\" style=\"text-align: left;\">Animation : <br \/><a href=\"https:\/\/www.linkedin.com\/in\/eichters\/\">Ellen Ichters<\/a> \/ Carte Blanche : Daniel Vuataz<\/p>\n\t<div id=\"gap-1074123991\" class=\"gap-element clearfix\" style=\"display:block; height:auto;\">\n\t\t\n<style>\n#gap-1074123991 {\n  padding-top: 30px;\n}\n<\/style>\n\t<\/div>\n\t\n\t\t<\/div>\n\t\t\t\t\t<\/div>\n\n\t\n\n\t<div id=\"col-1518197063\" class=\"col medium-5 small-12 large-5\"  >\n\t\t\t\t<div class=\"col-inner\"  >\n\t\t\t\n\t\t\t\n\t<div class=\"img has-hover x md-x lg-x y md-y lg-y\" id=\"image_1157498692\">\n\t\t<a class=\"\" href=\"https:\/\/www.rts.ch\/audio-podcast\/2024\/audio\/quand-la-sf-offre-des-solutions-28440298.html\" >\t\t\t\t\t\t<div class=\"img-inner dark\" >\n\t\t\t<img loading=\"lazy\" decoding=\"async\" width=\"1020\" height=\"1020\" src=\"https:\/\/deftech.ch\/wp-content\/uploads\/2024\/03\/Quartier-livre-du-17-03-2024-mp3-image-1024x1024.png\" class=\"attachment-large size-large\" alt=\"\" srcset=\"https:\/\/deftech.ch\/wp-content\/uploads\/2024\/03\/Quartier-livre-du-17-03-2024-mp3-image-1024x1024.png 1024w, https:\/\/deftech.ch\/wp-content\/uploads\/2024\/03\/Quartier-livre-du-17-03-2024-mp3-image-300x300.png 300w, https:\/\/deftech.ch\/wp-content\/uploads\/2024\/03\/Quartier-livre-du-17-03-2024-mp3-image-150x150.png 150w, https:\/\/deftech.ch\/wp-content\/uploads\/2024\/03\/Quartier-livre-du-17-03-2024-mp3-image-768x768.png 768w, https:\/\/deftech.ch\/wp-content\/uploads\/2024\/03\/Quartier-livre-du-17-03-2024-mp3-image.png 1500w\" sizes=\"auto, (max-width: 1020px) 100vw, 1020px\" \/>\t\t\t\t\t\t\n\t\t\t\t\t<\/div>\n\t\t\t\t\t\t<\/a>\t\t\n<style>\n#image_1157498692 {\n  width: 100%;\n}\n<\/style>\n\t<\/div>\n\t\n<audio class=\"wp-audio-shortcode\" id=\"audio-37929-1\" preload=\"none\" style=\"width: 100%;\" controls=\"controls\"><source type=\"audio\/mpeg\" src=\"https:\/\/deftech.ch\/wp-content\/uploads\/2024\/03\/Quartier-livre-du-17-03-2024.mp3?_=1\" \/><a href=\"https:\/\/deftech.ch\/wp-content\/uploads\/2024\/03\/Quartier-livre-du-17-03-2024.mp3\">https:\/\/deftech.ch\/wp-content\/uploads\/2024\/03\/Quartier-livre-du-17-03-2024.mp3<\/a><\/audio>\n<p>\u00a0<\/p>\n\t\t<\/div>\n\t\t\t\t\t<\/div>\n\n\t\n<\/div>\n<div class=\"row align-center\"  id=\"row-1154126884\">\n\n\t<div id=\"col-887745253\" class=\"col medium-5 small-12 large-5\"  >\n\t\t\t\t<div class=\"col-inner text-center\"  >\n\t\t\t\n\t\t\t\n<p class=\"lead\" style=\"text-align: left;\">Recension du livre par <a href=\"https:\/\/atelierdesfuturs.org\/author\/thomas-michaud\/\">Thomas Michaud<\/a> sur l&#8217;<a href=\"https:\/\/atelierdesfuturs.org\">atelierdesfuturs.org<\/a><\/p>\n\t<div id=\"gap-1629585285\" class=\"gap-element clearfix\" style=\"display:block; height:auto;\">\n\t\t\n<style>\n#gap-1629585285 {\n  padding-top: 30px;\n}\n<\/style>\n\t<\/div>\n\t\n\t\t<\/div>\n\t\t\t\t\t<\/div>\n\n\t\n\n\t<div id=\"col-1428360725\" class=\"col medium-5 small-12 large-5\"  >\n\t\t\t\t<div class=\"col-inner\"  >\n\t\t\t\n\t\t\t\n\t<div class=\"img has-hover x md-x lg-x y md-y lg-y\" id=\"image_164637446\">\n\t\t<a class=\"\" href=\"https:\/\/atelierdesfuturs.org\/q201-l-anthologie-situations-2043-une-science-fiction-institutionnelle-armasuisse\/\" >\t\t\t\t\t\t<div class=\"img-inner dark\" >\n\t\t\t<img loading=\"lazy\" decoding=\"async\" width=\"1020\" height=\"833\" src=\"https:\/\/deftech.ch\/wp-content\/uploads\/2024\/03\/CasualHacking-1024x836.webp\" class=\"attachment-large size-large\" alt=\"\" srcset=\"https:\/\/deftech.ch\/wp-content\/uploads\/2024\/03\/CasualHacking-1024x836.webp 1024w, https:\/\/deftech.ch\/wp-content\/uploads\/2024\/03\/CasualHacking-300x245.webp 300w, https:\/\/deftech.ch\/wp-content\/uploads\/2024\/03\/CasualHacking-768x627.webp 768w, https:\/\/deftech.ch\/wp-content\/uploads\/2024\/03\/CasualHacking.webp 1280w\" sizes=\"auto, (max-width: 1020px) 100vw, 1020px\" \/>\t\t\t\t\t\t\n\t\t\t\t\t<\/div>\n\t\t\t\t\t\t<\/a>\t\t\n<style>\n#image_164637446 {\n  width: 100%;\n}\n<\/style>\n\t<\/div>\n\t\n\t\t<\/div>\n\t\t\t\t\t<\/div>\n\n\t\n<\/div>\n<div class=\"row align-center\"  id=\"row-1882951735\">\n\n\t<div id=\"col-1573741927\" class=\"col medium-5 small-12 large-5\"  >\n\t\t\t\t<div class=\"col-inner text-center\"  >\n\t\t\t\n\t\t\t\n<p class=\"lead\" style=\"text-align: left;\">D\u00e9couvrez la pr\u00e9sentation du livre dans l&#8217;\u00e9mission <a href=\"https:\/\/www.youtube.com\/@SuperFlux\">SUPER FLUX<\/a> de <a href=\"https:\/\/programmesradio.rts.ch\/couleur3\">Couleur3<\/a> !<\/p>\n\t<div id=\"gap-1248467306\" class=\"gap-element clearfix\" style=\"display:block; height:auto;\">\n\t\t\n<style>\n#gap-1248467306 {\n  padding-top: 30px;\n}\n<\/style>\n\t<\/div>\n\t\n\t\t<\/div>\n\t\t\t\t\t<\/div>\n\n\t\n\n\t<div id=\"col-1446422037\" class=\"col medium-5 small-12 large-5\"  >\n\t\t\t\t<div class=\"col-inner\"  >\n\t\t\t\n\t\t\t\n<div class=\"video video-fit mb\" style=\"padding-top:56.25%;\"><p><span class=\"embed-youtube\" style=\"text-align:center; display: block;\"><iframe loading=\"lazy\" class=\"youtube-player\" width=\"1020\" height=\"574\" src=\"https:\/\/www.youtube.com\/embed\/bSfn8WrFHjk?version=3&#038;rel=1&#038;showsearch=0&#038;showinfo=1&#038;iv_load_policy=1&#038;fs=1&#038;hl=it-IT&#038;autohide=2&#038;start=3024&#038;wmode=transparent\" allowfullscreen=\"true\" style=\"border:0;\" sandbox=\"allow-scripts allow-same-origin allow-popups allow-presentation allow-popups-to-escape-sandbox\"><\/iframe><\/span><\/p>\n<\/div>\n\t\t<\/div>\n\t\t\t\t\t<\/div>\n\n\t\n<\/div>\n\t\t<\/div>\n\n\t\t\n<style>\n#section_1349136208 {\n  padding-top: 30px;\n  padding-bottom: 30px;\n}\n<\/style>\n\t<\/section>\n\t\n","protected":false},"excerpt":{"rendered":"","protected":false},"author":3,"featured_media":36688,"parent":0,"menu_order":0,"comment_status":"closed","ping_status":"closed","template":"","meta":{"jetpack_post_was_ever_published":false,"footnotes":""},"class_list":["post-37929","page","type-page","status-publish","has-post-thumbnail","hentry"],"yoast_head":"<!-- This site is optimized with the Yoast SEO plugin v27.4 - https:\/\/yoast.com\/product\/yoast-seo-wordpress\/ -->\n<title>Situations 2043 - Deftech \u00b7 Defence Future Technologies<\/title>\n<meta name=\"robots\" content=\"index, follow, max-snippet:-1, max-image-preview:large, max-video-preview:-1\" \/>\n<link rel=\"canonical\" href=\"https:\/\/deftech.ch\/it\/situations-2043\/\" \/>\n<meta property=\"og:locale\" content=\"it_IT\" \/>\n<meta property=\"og:type\" content=\"article\" \/>\n<meta property=\"og:title\" content=\"Situations 2043 - Deftech \u00b7 Defence Future Technologies\" \/>\n<meta property=\"og:url\" content=\"https:\/\/deftech.ch\/it\/situations-2043\/\" \/>\n<meta property=\"og:site_name\" content=\"Deftech \u00b7 Defence Future Technologies\" \/>\n<meta property=\"article:modified_time\" content=\"2024-03-17T20:49:43+00:00\" \/>\n<meta property=\"og:image\" content=\"https:\/\/deftech.ch\/wp-content\/uploads\/2024\/01\/Situations2043_Pages_WEB_cover.jpg\" \/>\n\t<meta property=\"og:image:width\" content=\"1303\" \/>\n\t<meta property=\"og:image:height\" content=\"1587\" \/>\n\t<meta property=\"og:image:type\" content=\"image\/jpeg\" \/>\n<meta name=\"twitter:card\" content=\"summary_large_image\" \/>\n<meta name=\"twitter:site\" content=\"@deftechCH\" \/>\n<meta name=\"twitter:label1\" content=\"Tempo di lettura stimato\" \/>\n\t<meta name=\"twitter:data1\" content=\"1 minuto\" \/>\n<script type=\"application\/ld+json\" class=\"yoast-schema-graph\">{\"@context\":\"https:\\\/\\\/schema.org\",\"@graph\":[{\"@type\":\"WebPage\",\"@id\":\"https:\\\/\\\/deftech.ch\\\/it\\\/situations-2043\\\/\",\"url\":\"https:\\\/\\\/deftech.ch\\\/it\\\/situations-2043\\\/\",\"name\":\"Situations 2043 - Deftech \u00b7 Defence Future Technologies\",\"isPartOf\":{\"@id\":\"https:\\\/\\\/deftech.ch\\\/#website\"},\"primaryImageOfPage\":{\"@id\":\"https:\\\/\\\/deftech.ch\\\/it\\\/situations-2043\\\/#primaryimage\"},\"image\":{\"@id\":\"https:\\\/\\\/deftech.ch\\\/it\\\/situations-2043\\\/#primaryimage\"},\"thumbnailUrl\":\"https:\\\/\\\/deftech.ch\\\/wp-content\\\/uploads\\\/2024\\\/01\\\/Situations2043_Pages_WEB_cover.jpg\",\"datePublished\":\"2024-03-09T11:17:44+00:00\",\"dateModified\":\"2024-03-17T20:49:43+00:00\",\"breadcrumb\":{\"@id\":\"https:\\\/\\\/deftech.ch\\\/it\\\/situations-2043\\\/#breadcrumb\"},\"inLanguage\":\"it-IT\",\"potentialAction\":[{\"@type\":\"ReadAction\",\"target\":[\"https:\\\/\\\/deftech.ch\\\/it\\\/situations-2043\\\/\"]}]},{\"@type\":\"ImageObject\",\"inLanguage\":\"it-IT\",\"@id\":\"https:\\\/\\\/deftech.ch\\\/it\\\/situations-2043\\\/#primaryimage\",\"url\":\"https:\\\/\\\/deftech.ch\\\/wp-content\\\/uploads\\\/2024\\\/01\\\/Situations2043_Pages_WEB_cover.jpg\",\"contentUrl\":\"https:\\\/\\\/deftech.ch\\\/wp-content\\\/uploads\\\/2024\\\/01\\\/Situations2043_Pages_WEB_cover.jpg\",\"width\":1303,\"height\":1587,\"caption\":\"Couverture du livre Situations 2043 co-r\u00e9dig\u00e9 par Fr\u00e9d\u00e9ric Jaccaud, Boris Bruckler, Laurent Bolli et Rodolphe Koller. Illustrations et mise en page par Maxime Schertenleib\"},{\"@type\":\"BreadcrumbList\",\"@id\":\"https:\\\/\\\/deftech.ch\\\/it\\\/situations-2043\\\/#breadcrumb\",\"itemListElement\":[{\"@type\":\"ListItem\",\"position\":1,\"name\":\"Home\",\"item\":\"https:\\\/\\\/deftech.ch\\\/it\\\/\"},{\"@type\":\"ListItem\",\"position\":2,\"name\":\"Situations 2043\"}]},{\"@type\":\"WebSite\",\"@id\":\"https:\\\/\\\/deftech.ch\\\/#website\",\"url\":\"https:\\\/\\\/deftech.ch\\\/\",\"name\":\"Deftech - Defence Future Technologies\",\"description\":\"Inspire - Inform - Instruct\",\"publisher\":{\"@id\":\"https:\\\/\\\/deftech.ch\\\/#organization\"},\"potentialAction\":[{\"@type\":\"SearchAction\",\"target\":{\"@type\":\"EntryPoint\",\"urlTemplate\":\"https:\\\/\\\/deftech.ch\\\/?s={search_term_string}\"},\"query-input\":{\"@type\":\"PropertyValueSpecification\",\"valueRequired\":true,\"valueName\":\"search_term_string\"}}],\"inLanguage\":\"it-IT\"},{\"@type\":\"Organization\",\"@id\":\"https:\\\/\\\/deftech.ch\\\/#organization\",\"name\":\"Deftech - Defence Future Technologies\",\"alternateName\":\"Foresight Program by armasuisse Science and Technology\",\"url\":\"https:\\\/\\\/deftech.ch\\\/\",\"logo\":{\"@type\":\"ImageObject\",\"inLanguage\":\"it-IT\",\"@id\":\"https:\\\/\\\/deftech.ch\\\/#\\\/schema\\\/logo\\\/image\\\/\",\"url\":\"https:\\\/\\\/i0.wp.com\\\/deftech.ch\\\/wp-content\\\/uploads\\\/2024\\\/09\\\/deftech-white-red-round-background.002.png?fit=1500%2C1500&ssl=1\",\"contentUrl\":\"https:\\\/\\\/i0.wp.com\\\/deftech.ch\\\/wp-content\\\/uploads\\\/2024\\\/09\\\/deftech-white-red-round-background.002.png?fit=1500%2C1500&ssl=1\",\"width\":1500,\"height\":1500,\"caption\":\"Deftech - Defence Future Technologies\"},\"image\":{\"@id\":\"https:\\\/\\\/deftech.ch\\\/#\\\/schema\\\/logo\\\/image\\\/\"},\"sameAs\":[\"https:\\\/\\\/x.com\\\/deftechCH\",\"https:\\\/\\\/linkedin.com\\\/in\\\/ladetto\"]}]}<\/script>\n<!-- \/ Yoast SEO plugin. -->","yoast_head_json":{"title":"Situations 2043 - Deftech \u00b7 Defence Future Technologies","robots":{"index":"index","follow":"follow","max-snippet":"max-snippet:-1","max-image-preview":"max-image-preview:large","max-video-preview":"max-video-preview:-1"},"canonical":"https:\/\/deftech.ch\/it\/situations-2043\/","og_locale":"it_IT","og_type":"article","og_title":"Situations 2043 - Deftech \u00b7 Defence Future Technologies","og_url":"https:\/\/deftech.ch\/it\/situations-2043\/","og_site_name":"Deftech \u00b7 Defence Future Technologies","article_modified_time":"2024-03-17T20:49:43+00:00","og_image":[{"width":1303,"height":1587,"url":"https:\/\/deftech.ch\/wp-content\/uploads\/2024\/01\/Situations2043_Pages_WEB_cover.jpg","type":"image\/jpeg"}],"twitter_card":"summary_large_image","twitter_site":"@deftechCH","twitter_misc":{"Tempo di lettura stimato":"1 minuto"},"schema":{"@context":"https:\/\/schema.org","@graph":[{"@type":"WebPage","@id":"https:\/\/deftech.ch\/it\/situations-2043\/","url":"https:\/\/deftech.ch\/it\/situations-2043\/","name":"Situations 2043 - Deftech \u00b7 Defence Future Technologies","isPartOf":{"@id":"https:\/\/deftech.ch\/#website"},"primaryImageOfPage":{"@id":"https:\/\/deftech.ch\/it\/situations-2043\/#primaryimage"},"image":{"@id":"https:\/\/deftech.ch\/it\/situations-2043\/#primaryimage"},"thumbnailUrl":"https:\/\/deftech.ch\/wp-content\/uploads\/2024\/01\/Situations2043_Pages_WEB_cover.jpg","datePublished":"2024-03-09T11:17:44+00:00","dateModified":"2024-03-17T20:49:43+00:00","breadcrumb":{"@id":"https:\/\/deftech.ch\/it\/situations-2043\/#breadcrumb"},"inLanguage":"it-IT","potentialAction":[{"@type":"ReadAction","target":["https:\/\/deftech.ch\/it\/situations-2043\/"]}]},{"@type":"ImageObject","inLanguage":"it-IT","@id":"https:\/\/deftech.ch\/it\/situations-2043\/#primaryimage","url":"https:\/\/deftech.ch\/wp-content\/uploads\/2024\/01\/Situations2043_Pages_WEB_cover.jpg","contentUrl":"https:\/\/deftech.ch\/wp-content\/uploads\/2024\/01\/Situations2043_Pages_WEB_cover.jpg","width":1303,"height":1587,"caption":"Couverture du livre Situations 2043 co-r\u00e9dig\u00e9 par Fr\u00e9d\u00e9ric Jaccaud, Boris Bruckler, Laurent Bolli et Rodolphe Koller. Illustrations et mise en page par Maxime Schertenleib"},{"@type":"BreadcrumbList","@id":"https:\/\/deftech.ch\/it\/situations-2043\/#breadcrumb","itemListElement":[{"@type":"ListItem","position":1,"name":"Home","item":"https:\/\/deftech.ch\/it\/"},{"@type":"ListItem","position":2,"name":"Situations 2043"}]},{"@type":"WebSite","@id":"https:\/\/deftech.ch\/#website","url":"https:\/\/deftech.ch\/","name":"Deftech - Defence Future Technologies","description":"Inspire - Inform - Instruct","publisher":{"@id":"https:\/\/deftech.ch\/#organization"},"potentialAction":[{"@type":"SearchAction","target":{"@type":"EntryPoint","urlTemplate":"https:\/\/deftech.ch\/?s={search_term_string}"},"query-input":{"@type":"PropertyValueSpecification","valueRequired":true,"valueName":"search_term_string"}}],"inLanguage":"it-IT"},{"@type":"Organization","@id":"https:\/\/deftech.ch\/#organization","name":"Deftech - Defence Future Technologies","alternateName":"Foresight Program by armasuisse Science and Technology","url":"https:\/\/deftech.ch\/","logo":{"@type":"ImageObject","inLanguage":"it-IT","@id":"https:\/\/deftech.ch\/#\/schema\/logo\/image\/","url":"https:\/\/i0.wp.com\/deftech.ch\/wp-content\/uploads\/2024\/09\/deftech-white-red-round-background.002.png?fit=1500%2C1500&ssl=1","contentUrl":"https:\/\/i0.wp.com\/deftech.ch\/wp-content\/uploads\/2024\/09\/deftech-white-red-round-background.002.png?fit=1500%2C1500&ssl=1","width":1500,"height":1500,"caption":"Deftech - Defence Future Technologies"},"image":{"@id":"https:\/\/deftech.ch\/#\/schema\/logo\/image\/"},"sameAs":["https:\/\/x.com\/deftechCH","https:\/\/linkedin.com\/in\/ladetto"]}]}},"jetpack_sharing_enabled":true,"jetpack_shortlink":"https:\/\/wp.me\/PaO9lW-9RL","_links":{"self":[{"href":"https:\/\/deftech.ch\/it\/wp-json\/wp\/v2\/pages\/37929","targetHints":{"allow":["GET"]}}],"collection":[{"href":"https:\/\/deftech.ch\/it\/wp-json\/wp\/v2\/pages"}],"about":[{"href":"https:\/\/deftech.ch\/it\/wp-json\/wp\/v2\/types\/page"}],"author":[{"embeddable":true,"href":"https:\/\/deftech.ch\/it\/wp-json\/wp\/v2\/users\/3"}],"replies":[{"embeddable":true,"href":"https:\/\/deftech.ch\/it\/wp-json\/wp\/v2\/comments?post=37929"}],"version-history":[{"count":6,"href":"https:\/\/deftech.ch\/it\/wp-json\/wp\/v2\/pages\/37929\/revisions"}],"predecessor-version":[{"id":37998,"href":"https:\/\/deftech.ch\/it\/wp-json\/wp\/v2\/pages\/37929\/revisions\/37998"}],"wp:featuredmedia":[{"embeddable":true,"href":"https:\/\/deftech.ch\/it\/wp-json\/wp\/v2\/media\/36688"}],"wp:attachment":[{"href":"https:\/\/deftech.ch\/it\/wp-json\/wp\/v2\/media?parent=37929"}],"curies":[{"name":"wp","href":"https:\/\/api.w.org\/{rel}","templated":true}]}}