{"id":4396,"date":"2019-09-17T22:44:26","date_gmt":"2019-09-17T20:44:26","guid":{"rendered":"https:\/\/deftech.ch\/?page_id=4396"},"modified":"2024-02-09T17:34:48","modified_gmt":"2024-02-09T16:34:48","slug":"the-transition-game","status":"publish","type":"page","link":"https:\/\/deftech.ch\/it\/the-transition-game\/","title":{"rendered":"Il gioco della transizione"},"content":{"rendered":"\n\t<section class=\"section\" id=\"section_399051614\">\n\t\t<div class=\"section-bg fill\" >\n\t\t\t\t\t\t\t\t\t\n\t\t\t\n\n\t\t<\/div>\n\n\t\t\n\n\t\t<div class=\"section-content relative\">\n\t\t\t\n<div class=\"row align-center\"  id=\"row-1840392337\">\n\n\t<div id=\"col-1391351375\" class=\"col medium-10 small-12 large-10\"  >\n\t\t\t\t<div class=\"col-inner\"  >\n\t\t\t\n\t\t\t\n<div class=\"container section-title-container\" ><h1 class=\"section-title section-title-center\"><b aria-hidden=\"true\"><\/b><span class=\"section-title-main\" >Il Gioco della Transizione<\/span><b aria-hidden=\"true\"><\/b><\/h1><\/div>\n<p>Il gioco della transizione \u00e8 una versione adattata del &#8220;<a href=\"http:\/\/reseau.fing.org\/qntransitions\/jeu-de-la-transition\">Le jeu de la transition<\/a>&#8221; sviluppato dalla Think Tank francese\u00a0<a href=\"http:\/\/fing.org\/\">FING (Fondation Internet Nouvelle G\u00e9n\u00e9ration)\u00a0<\/a>. In un ambiente legato alla difesa, abbiamo dovuto limitare l&#8217;orizzonte di possibili futuri, non perch\u00e9 alcune di esse non possono accadere, ma perch\u00e9 alcune decisioni, soprattutto quelle relative all&#8217;acquisto di attrezzature, le stanno in qualche modo limitando.<\/p>\n<p>Ci\u00f2 che ci ha realmente motivato ad utilizzare e adattare questa metodologia \u00e8 stato il fatto che stiamo\u00a0<b>partendo proprio dal presente<\/b>. Questo argomento, che pu\u00f2 sembrare ovvio a prima vista (ma non lo \u00e8), permette di attirare immediatamente l&#8217;attenzione dei partecipanti, perch\u00e9 le situazioni sono quelle che stanno vivendo oggi. La metodologia dovrebbe evidenziare le sfide o le possibili situazioni che sono o dovranno affrontare domani.<\/p>\n<p>Speriamo di aver mantenuto vivo lo spirito del gioco creando una versione Excel del processo! Questo aiuta il moderatore a prendere appunti sulle diverse discussioni, a classificare i risultati in base alla loro importanza e a fornire una sintesi del workshop generata automaticamente per supportare la parte finale della narrazione.<\/p>\n<p><em>Questa versione del gioco di transizione \u00e8 stata preparata originariamente per il workshop DEFTECH dell&#8217;8 maggio 2019 &#8220;<a href=\"https:\/\/deftech.ch\/wp-content\/uploads\/2019\/03\/DEFTECH-The-Future-Soldier-Digital-and-Enhanced-8-Mai-2019.pdf\">The future soldier: digital and enhanced?<\/a>&#8220;.<\/em><br \/>\n<em>Le seguenti persone hanno reso possibile tutto questo:\u00a0<a href=\"https:\/\/www.linkedin.com\/in\/mariella-biegeler\/\">Mrs. Mariella Biegeler<\/a>,\u00a0<a href=\"https:\/\/www.linkedin.com\/in\/sibylle-lang-81440a82\/\">Dr. Sibylle Lang<\/a>,\u00a0<a href=\"https:\/\/www.linkedin.com\/in\/philipp-kl%C3%BCfers-b9390ab2\/\">Mr. Philipp Kl\u00fcfers<\/a>,\u00a0<a href=\"https:\/\/www.linkedin.com\/in\/dr-pascal-van-overloop\/\">Mr. Pascal van Overloop<\/a>,\u00a0<a href=\"https:\/\/www.linkedin.com\/in\/felix-gl%C3%A4ser-8541b4166\/\">Mr. Felix Gl\u00e4ser<\/a>\u00a0from\u00a0<a href=\"https:\/\/www.iabg.de\/en\/\">IABG<\/a>.<\/em><\/p>\n<p><em>E&#8217; stato un onore contare su\u00a0<a href=\"https:\/\/www.linkedin.com\/in\/kaplandaniel\/\">SIg. Daniel Kaplan<\/a>, creatore dell&#8217;originale &#8220;Le jeu de la transition&#8221; e co-fondatore del\u00a0<a href=\"https:\/\/deftech.ch\/it\/the-transition-game\/plurality-university.org\">Plurality University Network<\/a><\/em><\/p>\n\t<div id=\"gap-2001034338\" class=\"gap-element clearfix\" style=\"display:block; height:auto;\">\n\t\t\n<style>\n#gap-2001034338 {\n  padding-top: 50px;\n}\n<\/style>\n\t<\/div>\n\t\n<div class=\"row\"  id=\"row-1598259583\">\n\n\t<div id=\"col-486162630\" class=\"col medium-6 small-12 large-6\"  >\n\t\t\t\t<div class=\"col-inner\"  >\n\t\t\t\n\t\t\t\n<h2>Il Gioco della Transizione in Excel<\/h2>\n<p>Per adattare lo strumento Excel al\u00a0<b>proprio<\/b>\u00a0tema, utilizzare l&#8217;ultimo foglio chiamato &#8220;liste&#8221; per adattare le diverse definizioni. I diversi testi saranno poi propagati automaticamente nei diversi fogli.<\/p>\n<p>Solo l&#8217;ultima sezione di ogni scheda (con numeri e priorit\u00e0) deve essere compilata direttamente &#8211; dopo il lavoro di gruppo.<\/p>\n\t\t<\/div>\n\t\t\t\t\t<\/div>\n\n\t\n\n\t<div id=\"col-1338960348\" class=\"col medium-6 small-12 large-6\"  >\n\t\t\t\t<div class=\"col-inner\"  >\n\t\t\t\n\t\t\t\n\t<div class=\"img has-hover x md-x lg-x y md-y lg-y\" id=\"image_163403749\">\n\t\t<a class=\"\" href=\"https:\/\/deftech.ch\/wp-content\/uploads\/2019\/07\/DEFTECH_armasuisse_Transition-Game_Tool.zip\" >\t\t\t\t\t\t<div class=\"img-inner dark\" >\n\t\t\t<img loading=\"lazy\" decoding=\"async\" width=\"300\" height=\"167\" src=\"https:\/\/deftech.ch\/wp-content\/uploads\/2019\/07\/DEFTECH_armasuisse_Transition-Game-300x167.jpg\" class=\"attachment-medium size-medium\" alt=\"\" srcset=\"https:\/\/deftech.ch\/wp-content\/uploads\/2019\/07\/DEFTECH_armasuisse_Transition-Game-300x167.jpg 300w, https:\/\/deftech.ch\/wp-content\/uploads\/2019\/07\/DEFTECH_armasuisse_Transition-Game-768x428.jpg 768w, https:\/\/deftech.ch\/wp-content\/uploads\/2019\/07\/DEFTECH_armasuisse_Transition-Game-1024x570.jpg 1024w, https:\/\/deftech.ch\/wp-content\/uploads\/2019\/07\/DEFTECH_armasuisse_Transition-Game-260x146.jpg 260w, https:\/\/deftech.ch\/wp-content\/uploads\/2019\/07\/DEFTECH_armasuisse_Transition-Game-50x28.jpg 50w, https:\/\/deftech.ch\/wp-content\/uploads\/2019\/07\/DEFTECH_armasuisse_Transition-Game-135x75.jpg 135w\" sizes=\"auto, (max-width: 300px) 100vw, 300px\" \/>\t\t\t\t\t\t\n\t\t\t\t\t<\/div>\n\t\t\t\t\t\t<\/a>\t\t\n<style>\n#image_163403749 {\n  width: 100%;\n}\n<\/style>\n\t<\/div>\n\t\n\t\t<\/div>\n\t\t\t\t\t<\/div>\n\n\t\n<\/div>\n\t\t<\/div>\n\t\t\t\t\t<\/div>\n\n\t\n<\/div>\n<div class=\"row align-center\"  id=\"row-212175067\">\n\n\t<div id=\"col-1237712641\" class=\"col medium-10 small-12 large-10\"  >\n\t\t\t\t<div class=\"col-inner\" style=\"background-color:rgba(251, 1, 1, 0.23);\" >\n\t\t\t\n\t\t\t\n<h2>Alcune osservazioni pratiche tratte dall&#8217;esperienza<\/h2>\n<ol>\n<li>Abbiamo avuto una buona esperienza con\u00a0<b>gruppi di 7-10 persone<\/b>.<br \/>\n<i>Con pi\u00f9 partecipanti, alcuni individui si concentreranno su altri compiti (principalmente sui loro telefoni cellulari). Limitando troppo la dimensione dei gruppi, il risultato potrebbe riflettere fortemente il punto di vista di una persona.<\/i><\/li>\n<li>Troviamo che\u00a0<b>4 ore<\/b>\u00a0\u00e8 un tempo minimo da investire se si desidera iniziare ad avere soluzioni &#8220;innovative&#8221;.<br \/>\n<i>Non dimenticate mai che se lavorate in gruppo, \u00e8 naturale fare il giro del tavolo e presentarvi per conoscere i vostri vicini. Questo processo \u00e8 essenziale, pu\u00f2 costare qualche minuto prezioso che si riveler\u00e0 poi essere ben investito.<\/i><\/li>\n<li>Definire la situazione attuale. Non lasciare che il gruppo lo faccia.<br \/>\n<i>Siamo interessati al futuro, non troppo al presente (per questo esercizio!). Come tutti possono vedere il Presente da una diversa angolazione, dover scendere a compromessi per una visione comune pu\u00f2 richiedere ore, molto di pi\u00f9!<\/i><\/li>\n<\/ol>\n<hr class=\"no_line\" \/>\n<p>Ricordate&#8230;.. questo \u00e8 il modo e il processo che abbiamo seguito&#8230;. niente di pi\u00f9, niente di meno&#8230; se avete altre esperienze, saremmo pi\u00f9 che felici di saperne di pi\u00f9 e condividere le migliori pratiche!<\/p>\n<p>Non esitate a\u00a0<a href=\"https:\/\/deftech.ch\/contact\/\">contattarci<\/a>!<\/p>\n\t\t<\/div>\n\t\t\t\t\n<style>\n#col-1237712641 > .col-inner {\n  padding: 20px 20px 20px 20px;\n}\n<\/style>\n\t<\/div>\n\n\t\n<\/div>\n<div class=\"row align-center\"  id=\"row-176100673\">\n\n\t<div id=\"col-1887779445\" class=\"col medium-10 small-12 large-10\"  >\n\t\t\t\t<div class=\"col-inner\"  >\n\t\t\t\n\t\t\t\n<h2>Un piccolo aiuto per facilitare il procedimento<\/h2>\n<div class=\"row align-center\"  id=\"row-1769944019\">\n\n\t<div id=\"col-562968538\" class=\"col medium-4 small-12 large-4\"  >\n\t\t\t\t<div class=\"col-inner\"  >\n\t\t\t\n\t\t\t\n\t<div class=\"box has-hover   has-hover box-text-bottom\" >\n\n\t\t<div class=\"box-image\" >\n\t\t\t<a href=\"https:\/\/deftech.ch\/wp-content\/uploads\/2019\/07\/DEFTECH_Transition-Game_Rules-for-Moderators.pdf\" >\t\t\t<div class=\"\" >\n\t\t\t\t<img loading=\"lazy\" decoding=\"async\" width=\"595\" height=\"841\" src=\"https:\/\/deftech.ch\/wp-content\/uploads\/2019\/07\/DEFTECH_Transition-Game_Rules-for-Moderators.jpg\" class=\"attachment- size-\" alt=\"\" srcset=\"https:\/\/deftech.ch\/wp-content\/uploads\/2019\/07\/DEFTECH_Transition-Game_Rules-for-Moderators.jpg 595w, https:\/\/deftech.ch\/wp-content\/uploads\/2019\/07\/DEFTECH_Transition-Game_Rules-for-Moderators-212x300.jpg 212w, https:\/\/deftech.ch\/wp-content\/uploads\/2019\/07\/DEFTECH_Transition-Game_Rules-for-Moderators-103x146.jpg 103w, https:\/\/deftech.ch\/wp-content\/uploads\/2019\/07\/DEFTECH_Transition-Game_Rules-for-Moderators-35x50.jpg 35w, https:\/\/deftech.ch\/wp-content\/uploads\/2019\/07\/DEFTECH_Transition-Game_Rules-for-Moderators-53x75.jpg 53w\" sizes=\"auto, (max-width: 595px) 100vw, 595px\" \/>\t\t\t\t\t\t\t\t\t\t\t<\/div>\n\t\t\t<\/a>\t\t<\/div>\n\n\t\t<div class=\"box-text text-center\" >\n\t\t\t<div class=\"box-text-inner\">\n\t\t\t\t\n<h4>DEFTECH Gioco della Transizione<\/h4>\n<p><a href=\"https:\/\/deftech.ch\/wp-content\/uploads\/2019\/07\/DEFTECH_Transition-Game_Rules-for-Moderators.pdf\">Regole per i moderatori<\/a><\/p>\n\t\t\t<\/div>\n\t\t<\/div>\n\t<\/div>\n\t\n\t\t<\/div>\n\t\t\t\t\t<\/div>\n\n\t\n\n\t<div id=\"col-1262871770\" class=\"col medium-4 small-12 large-4\"  >\n\t\t\t\t<div class=\"col-inner\"  >\n\t\t\t\n\t\t\t\n\t<div class=\"box has-hover   has-hover box-text-bottom\" >\n\n\t\t<div class=\"box-image\" >\n\t\t\t<a href=\"https:\/\/deftech.ch\/wp-content\/uploads\/2019\/07\/DEFTECH_Transition-Game_Story_Mobility_Example.pdf\" >\t\t\t<div class=\"\" >\n\t\t\t\t<img loading=\"lazy\" decoding=\"async\" width=\"595\" height=\"841\" src=\"https:\/\/deftech.ch\/wp-content\/uploads\/2019\/07\/DEFTECH_Transition-Game_Story_Mobility_Example.jpg\" class=\"attachment- size-\" alt=\"\" srcset=\"https:\/\/deftech.ch\/wp-content\/uploads\/2019\/07\/DEFTECH_Transition-Game_Story_Mobility_Example.jpg 595w, https:\/\/deftech.ch\/wp-content\/uploads\/2019\/07\/DEFTECH_Transition-Game_Story_Mobility_Example-212x300.jpg 212w, https:\/\/deftech.ch\/wp-content\/uploads\/2019\/07\/DEFTECH_Transition-Game_Story_Mobility_Example-103x146.jpg 103w, https:\/\/deftech.ch\/wp-content\/uploads\/2019\/07\/DEFTECH_Transition-Game_Story_Mobility_Example-35x50.jpg 35w, https:\/\/deftech.ch\/wp-content\/uploads\/2019\/07\/DEFTECH_Transition-Game_Story_Mobility_Example-53x75.jpg 53w\" sizes=\"auto, (max-width: 595px) 100vw, 595px\" \/>\t\t\t\t\t\t\t\t\t\t\t<\/div>\n\t\t\t<\/a>\t\t<\/div>\n\n\t\t<div class=\"box-text text-center\" >\n\t\t\t<div class=\"box-text-inner\">\n\t\t\t\t\n<h4>DEFTECH Gioco della Transizione<\/h4>\n<p><a href=\"https:\/\/deftech.ch\/wp-content\/uploads\/2019\/07\/DEFTECH_Transition-Game_Story_Mobility_Example.pdf\">Esempio di risultato<\/a><\/p>\n\t\t\t<\/div>\n\t\t<\/div>\n\t<\/div>\n\t\n\t\t<\/div>\n\t\t\t\t\t<\/div>\n\n\t\n<\/div>\n<div class=\"is-divider divider clearfix\" style=\"max-width:0px;\"><\/div>\n<h2>Possibile Risultato<\/h2>\n<p>Sta a voi decidere come riferire i diversi risultati di un tale workshop. Invece di pubblicare le diverse storie in forma testuale, abbiamo deciso di farne un fumetto.<\/p>\n<p>In questo modo, non solo si crea un modo piacevole per diffondere informazioni, ma, dovendo progettare la storia completa, si permette al lettore di visualizzare una prima realizzazione di un possibile futuro, o in questo caso, di tutto il futuro combinato insieme. I nuovi sistemi sono modellati e non solo le parole, ma evolvono in un ambiente rappresentato.<\/p>\n<p>Realistico o meno, piacevole o minaccioso, ora abbiamo un punto di partenza per le nostre iterazioni!<\/p>\n<p>.Ma \u00e8 stata una nostra scelta&#8230;.. qual&#8217;\u00e8 la tua?<\/p>\n<div class=\"is-divider divider clearfix\" style=\"max-width:0px;\"><\/div>\n\t<div class=\"box has-hover   has-hover box-text-bottom\" >\n\n\t\t<div class=\"box-image\" style=\"width:44%;\">\n\t\t\t<a href=\"https:\/\/deftech.ch\/publications\/\" >\t\t\t<div class=\"\" >\n\t\t\t\t<img loading=\"lazy\" decoding=\"async\" width=\"574\" height=\"800\" src=\"https:\/\/deftech.ch\/wp-content\/uploads\/2019\/08\/armasuisse-DEFTECH__CH-2050-The-Future-Soldier_Cover.jpg\" class=\"attachment- size-\" alt=\"\" srcset=\"https:\/\/deftech.ch\/wp-content\/uploads\/2019\/08\/armasuisse-DEFTECH__CH-2050-The-Future-Soldier_Cover.jpg 574w, https:\/\/deftech.ch\/wp-content\/uploads\/2019\/08\/armasuisse-DEFTECH__CH-2050-The-Future-Soldier_Cover-215x300.jpg 215w, https:\/\/deftech.ch\/wp-content\/uploads\/2019\/08\/armasuisse-DEFTECH__CH-2050-The-Future-Soldier_Cover-105x146.jpg 105w, https:\/\/deftech.ch\/wp-content\/uploads\/2019\/08\/armasuisse-DEFTECH__CH-2050-The-Future-Soldier_Cover-36x50.jpg 36w, https:\/\/deftech.ch\/wp-content\/uploads\/2019\/08\/armasuisse-DEFTECH__CH-2050-The-Future-Soldier_Cover-54x75.jpg 54w\" sizes=\"auto, (max-width: 574px) 100vw, 574px\" \/>\t\t\t\t\t\t\t\t\t\t\t<\/div>\n\t\t\t<\/a>\t\t<\/div>\n\n\t\t<div class=\"box-text text-center\" >\n\t\t\t<div class=\"box-text-inner\">\n\t\t\t\t\n<h4><a href=\"https:\/\/deftech.ch\/publications\/\">CH-2050 The Future Soldier<\/a><\/h4>\n\t\t\t<\/div>\n\t\t<\/div>\n\t<\/div>\n\t\n\t\t<\/div>\n\t\t\t\t\t<\/div>\n\n\t\n<\/div>\n\t\t<\/div>\n\n\t\t\n<style>\n#section_399051614 {\n  padding-top: 30px;\n  padding-bottom: 30px;\n}\n<\/style>\n\t<\/section>\n\t\n","protected":false},"excerpt":{"rendered":"","protected":false},"author":1,"featured_media":0,"parent":0,"menu_order":0,"comment_status":"closed","ping_status":"closed","template":"","meta":{"jetpack_post_was_ever_published":false,"footnotes":""},"class_list":["post-4396","page","type-page","status-publish","hentry"],"yoast_head":"<!-- This site is optimized with the Yoast SEO plugin v27.4 - https:\/\/yoast.com\/product\/yoast-seo-wordpress\/ -->\n<title>Il gioco della transizione - Deftech \u00b7 Defence Future Technologies<\/title>\n<meta name=\"description\" content=\"Il gioco della transizione \u00e8 una versione adattata di &quot;Le jeu de la transition&quot; sviluppata dalla Think Tank FING (Fondation Internet Nouvelle G\u00e9n\u00e9ration).\" \/>\n<meta name=\"robots\" content=\"index, follow, max-snippet:-1, max-image-preview:large, max-video-preview:-1\" \/>\n<link rel=\"canonical\" href=\"https:\/\/deftech.ch\/it\/the-transition-game\/\" \/>\n<meta property=\"og:locale\" content=\"it_IT\" \/>\n<meta property=\"og:type\" content=\"article\" \/>\n<meta property=\"og:title\" content=\"Il gioco della transizione - Deftech \u00b7 Defence Future Technologies\" \/>\n<meta property=\"og:description\" content=\"Il gioco della transizione \u00e8 una versione adattata di &quot;Le jeu de la transition&quot; sviluppata dalla Think Tank FING (Fondation Internet Nouvelle G\u00e9n\u00e9ration).\" \/>\n<meta property=\"og:url\" content=\"https:\/\/deftech.ch\/it\/the-transition-game\/\" \/>\n<meta property=\"og:site_name\" content=\"Deftech \u00b7 Defence Future Technologies\" \/>\n<meta property=\"article:modified_time\" content=\"2024-02-09T16:34:48+00:00\" \/>\n<meta property=\"og:image\" content=\"https:\/\/deftech.ch\/wp-content\/uploads\/2024\/01\/LOGO_DEFTECH-RED_Transparent_avec-Texte.png\" \/>\n\t<meta property=\"og:image:width\" content=\"944\" \/>\n\t<meta property=\"og:image:height\" content=\"838\" \/>\n\t<meta property=\"og:image:type\" content=\"image\/png\" \/>\n<meta name=\"twitter:card\" content=\"summary_large_image\" \/>\n<meta name=\"twitter:site\" content=\"@deftechCH\" \/>\n<meta name=\"twitter:label1\" content=\"Tempo di lettura stimato\" \/>\n\t<meta name=\"twitter:data1\" content=\"4 minuti\" \/>\n<script type=\"application\/ld+json\" class=\"yoast-schema-graph\">{\"@context\":\"https:\\\/\\\/schema.org\",\"@graph\":[{\"@type\":\"WebPage\",\"@id\":\"https:\\\/\\\/deftech.ch\\\/it\\\/the-transition-game\\\/\",\"url\":\"https:\\\/\\\/deftech.ch\\\/it\\\/the-transition-game\\\/\",\"name\":\"Il gioco della transizione - Deftech \u00b7 Defence Future Technologies\",\"isPartOf\":{\"@id\":\"https:\\\/\\\/deftech.ch\\\/#website\"},\"datePublished\":\"2019-09-17T20:44:26+00:00\",\"dateModified\":\"2024-02-09T16:34:48+00:00\",\"description\":\"Il gioco della transizione \u00e8 una versione adattata di \\\"Le jeu de la transition\\\" sviluppata dalla Think Tank FING (Fondation Internet Nouvelle G\u00e9n\u00e9ration).\",\"breadcrumb\":{\"@id\":\"https:\\\/\\\/deftech.ch\\\/it\\\/the-transition-game\\\/#breadcrumb\"},\"inLanguage\":\"it-IT\",\"potentialAction\":[{\"@type\":\"ReadAction\",\"target\":[\"https:\\\/\\\/deftech.ch\\\/it\\\/the-transition-game\\\/\"]}]},{\"@type\":\"BreadcrumbList\",\"@id\":\"https:\\\/\\\/deftech.ch\\\/it\\\/the-transition-game\\\/#breadcrumb\",\"itemListElement\":[{\"@type\":\"ListItem\",\"position\":1,\"name\":\"Home\",\"item\":\"https:\\\/\\\/deftech.ch\\\/it\\\/\"},{\"@type\":\"ListItem\",\"position\":2,\"name\":\"Il gioco della transizione\"}]},{\"@type\":\"WebSite\",\"@id\":\"https:\\\/\\\/deftech.ch\\\/#website\",\"url\":\"https:\\\/\\\/deftech.ch\\\/\",\"name\":\"Deftech - Defence Future Technologies\",\"description\":\"Inspire - Inform - Instruct\",\"publisher\":{\"@id\":\"https:\\\/\\\/deftech.ch\\\/#organization\"},\"potentialAction\":[{\"@type\":\"SearchAction\",\"target\":{\"@type\":\"EntryPoint\",\"urlTemplate\":\"https:\\\/\\\/deftech.ch\\\/?s={search_term_string}\"},\"query-input\":{\"@type\":\"PropertyValueSpecification\",\"valueRequired\":true,\"valueName\":\"search_term_string\"}}],\"inLanguage\":\"it-IT\"},{\"@type\":\"Organization\",\"@id\":\"https:\\\/\\\/deftech.ch\\\/#organization\",\"name\":\"Deftech - Defence Future Technologies\",\"alternateName\":\"Foresight Program by armasuisse Science and Technology\",\"url\":\"https:\\\/\\\/deftech.ch\\\/\",\"logo\":{\"@type\":\"ImageObject\",\"inLanguage\":\"it-IT\",\"@id\":\"https:\\\/\\\/deftech.ch\\\/#\\\/schema\\\/logo\\\/image\\\/\",\"url\":\"https:\\\/\\\/i0.wp.com\\\/deftech.ch\\\/wp-content\\\/uploads\\\/2024\\\/09\\\/deftech-white-red-round-background.002.png?fit=1500%2C1500&ssl=1\",\"contentUrl\":\"https:\\\/\\\/i0.wp.com\\\/deftech.ch\\\/wp-content\\\/uploads\\\/2024\\\/09\\\/deftech-white-red-round-background.002.png?fit=1500%2C1500&ssl=1\",\"width\":1500,\"height\":1500,\"caption\":\"Deftech - Defence Future Technologies\"},\"image\":{\"@id\":\"https:\\\/\\\/deftech.ch\\\/#\\\/schema\\\/logo\\\/image\\\/\"},\"sameAs\":[\"https:\\\/\\\/x.com\\\/deftechCH\",\"https:\\\/\\\/linkedin.com\\\/in\\\/ladetto\"]}]}<\/script>\n<!-- \/ Yoast SEO plugin. -->","yoast_head_json":{"title":"Il gioco della transizione - Deftech \u00b7 Defence Future Technologies","description":"Il gioco della transizione \u00e8 una versione adattata di \"Le jeu de la transition\" sviluppata dalla Think Tank FING (Fondation Internet Nouvelle G\u00e9n\u00e9ration).","robots":{"index":"index","follow":"follow","max-snippet":"max-snippet:-1","max-image-preview":"max-image-preview:large","max-video-preview":"max-video-preview:-1"},"canonical":"https:\/\/deftech.ch\/it\/the-transition-game\/","og_locale":"it_IT","og_type":"article","og_title":"Il gioco della transizione - Deftech \u00b7 Defence Future Technologies","og_description":"Il gioco della transizione \u00e8 una versione adattata di \"Le jeu de la transition\" sviluppata dalla Think Tank FING (Fondation Internet Nouvelle G\u00e9n\u00e9ration).","og_url":"https:\/\/deftech.ch\/it\/the-transition-game\/","og_site_name":"Deftech \u00b7 Defence Future Technologies","article_modified_time":"2024-02-09T16:34:48+00:00","og_image":[{"width":944,"height":838,"url":"https:\/\/deftech.ch\/wp-content\/uploads\/2024\/01\/LOGO_DEFTECH-RED_Transparent_avec-Texte.png","type":"image\/png"}],"twitter_card":"summary_large_image","twitter_site":"@deftechCH","twitter_misc":{"Tempo di lettura stimato":"4 minuti"},"schema":{"@context":"https:\/\/schema.org","@graph":[{"@type":"WebPage","@id":"https:\/\/deftech.ch\/it\/the-transition-game\/","url":"https:\/\/deftech.ch\/it\/the-transition-game\/","name":"Il gioco della transizione - Deftech \u00b7 Defence Future Technologies","isPartOf":{"@id":"https:\/\/deftech.ch\/#website"},"datePublished":"2019-09-17T20:44:26+00:00","dateModified":"2024-02-09T16:34:48+00:00","description":"Il gioco della transizione \u00e8 una versione adattata di \"Le jeu de la transition\" sviluppata dalla Think Tank FING (Fondation Internet Nouvelle G\u00e9n\u00e9ration).","breadcrumb":{"@id":"https:\/\/deftech.ch\/it\/the-transition-game\/#breadcrumb"},"inLanguage":"it-IT","potentialAction":[{"@type":"ReadAction","target":["https:\/\/deftech.ch\/it\/the-transition-game\/"]}]},{"@type":"BreadcrumbList","@id":"https:\/\/deftech.ch\/it\/the-transition-game\/#breadcrumb","itemListElement":[{"@type":"ListItem","position":1,"name":"Home","item":"https:\/\/deftech.ch\/it\/"},{"@type":"ListItem","position":2,"name":"Il gioco della transizione"}]},{"@type":"WebSite","@id":"https:\/\/deftech.ch\/#website","url":"https:\/\/deftech.ch\/","name":"Deftech - Defence Future Technologies","description":"Inspire - Inform - Instruct","publisher":{"@id":"https:\/\/deftech.ch\/#organization"},"potentialAction":[{"@type":"SearchAction","target":{"@type":"EntryPoint","urlTemplate":"https:\/\/deftech.ch\/?s={search_term_string}"},"query-input":{"@type":"PropertyValueSpecification","valueRequired":true,"valueName":"search_term_string"}}],"inLanguage":"it-IT"},{"@type":"Organization","@id":"https:\/\/deftech.ch\/#organization","name":"Deftech - Defence Future Technologies","alternateName":"Foresight Program by armasuisse Science and Technology","url":"https:\/\/deftech.ch\/","logo":{"@type":"ImageObject","inLanguage":"it-IT","@id":"https:\/\/deftech.ch\/#\/schema\/logo\/image\/","url":"https:\/\/i0.wp.com\/deftech.ch\/wp-content\/uploads\/2024\/09\/deftech-white-red-round-background.002.png?fit=1500%2C1500&ssl=1","contentUrl":"https:\/\/i0.wp.com\/deftech.ch\/wp-content\/uploads\/2024\/09\/deftech-white-red-round-background.002.png?fit=1500%2C1500&ssl=1","width":1500,"height":1500,"caption":"Deftech - Defence Future Technologies"},"image":{"@id":"https:\/\/deftech.ch\/#\/schema\/logo\/image\/"},"sameAs":["https:\/\/x.com\/deftechCH","https:\/\/linkedin.com\/in\/ladetto"]}]}},"jetpack_sharing_enabled":true,"jetpack_shortlink":"https:\/\/wp.me\/PaO9lW-18U","_links":{"self":[{"href":"https:\/\/deftech.ch\/it\/wp-json\/wp\/v2\/pages\/4396","targetHints":{"allow":["GET"]}}],"collection":[{"href":"https:\/\/deftech.ch\/it\/wp-json\/wp\/v2\/pages"}],"about":[{"href":"https:\/\/deftech.ch\/it\/wp-json\/wp\/v2\/types\/page"}],"author":[{"embeddable":true,"href":"https:\/\/deftech.ch\/it\/wp-json\/wp\/v2\/users\/1"}],"replies":[{"embeddable":true,"href":"https:\/\/deftech.ch\/it\/wp-json\/wp\/v2\/comments?post=4396"}],"version-history":[{"count":1,"href":"https:\/\/deftech.ch\/it\/wp-json\/wp\/v2\/pages\/4396\/revisions"}],"predecessor-version":[{"id":37652,"href":"https:\/\/deftech.ch\/it\/wp-json\/wp\/v2\/pages\/4396\/revisions\/37652"}],"wp:attachment":[{"href":"https:\/\/deftech.ch\/it\/wp-json\/wp\/v2\/media?parent=4396"}],"curies":[{"name":"wp","href":"https:\/\/api.w.org\/{rel}","templated":true}]}}