{"id":9493,"date":"2020-08-30T19:08:28","date_gmt":"2020-08-30T17:08:28","guid":{"rendered":"https:\/\/deftech.ch\/?page_id=9493"},"modified":"2024-01-22T11:35:55","modified_gmt":"2024-01-22T10:35:55","slug":"storie-dal-futuro","status":"publish","type":"page","link":"https:\/\/deftech.ch\/it\/storie-dal-futuro\/","title":{"rendered":"Storie dal futuro"},"content":{"rendered":"\n\t<section class=\"section\" id=\"section_1956936894\">\n\t\t<div class=\"section-bg fill\" >\n\t\t\t\t\t\t\t\t\t\n\t\t\t\n\n\t\t<\/div>\n\n\t\t\n\n\t\t<div class=\"section-content relative\">\n\t\t\t\n<div class=\"row align-center\"  id=\"row-368472922\">\n\n\t<div id=\"col-1786442827\" class=\"col medium-10 small-12 large-10\"  >\n\t\t\t\t<div class=\"col-inner\"  >\n\t\t\t\n\t\t\t\n\t<div class=\"img has-hover x md-x lg-x y md-y lg-y\" id=\"image_302226553\">\n\t\t<a class=\"\" href=\"https:\/\/deftech.ch\/future-narratives-2020\/\" >\t\t\t\t<div data-animate=\"blurIn\">\t\t<div class=\"img-inner dark\" >\n\t\t\t<img loading=\"lazy\" decoding=\"async\" width=\"1020\" height=\"579\" src=\"https:\/\/deftech.ch\/wp-content\/uploads\/2020\/08\/future_narratives_centaur-1024x581.jpg\" class=\"attachment-large size-large\" alt=\"\" srcset=\"https:\/\/deftech.ch\/wp-content\/uploads\/2020\/08\/future_narratives_centaur-1024x581.jpg 1024w, https:\/\/deftech.ch\/wp-content\/uploads\/2020\/08\/future_narratives_centaur-300x170.jpg 300w, https:\/\/deftech.ch\/wp-content\/uploads\/2020\/08\/future_narratives_centaur-768x436.jpg 768w, https:\/\/deftech.ch\/wp-content\/uploads\/2020\/08\/future_narratives_centaur-1536x872.jpg 1536w, https:\/\/deftech.ch\/wp-content\/uploads\/2020\/08\/future_narratives_centaur-2048x1162.jpg 2048w\" sizes=\"auto, (max-width: 1020px) 100vw, 1020px\" \/>\t\t\t\t\t\t\n\t\t\t\t\t<\/div>\n\t\t<\/div>\t\t\t\t<\/a>\t\t\n<style>\n#image_302226553 {\n  width: 100%;\n}\n<\/style>\n\t<\/div>\n\t\n<h1>Storie dal futuro<\/h1>\n<p>Identificare un elenco di tecnologie che avranno un impatto su un&#8217;area specifica \u00e8 un passo importante e necessario. Capire come questi effetti possano verificarsi richiede un approccio diverso, ma complementare.<\/p>\n<p class=\"p1\">Con <a href=\"https:\/\/www.envisioning.io\/\">envisioning<\/a> abbiamo sviluppato insieme <a href=\"https:\/\/deftech.ch\/it\/visualizzare\/\"><span class=\"s1\">diversi radar su diversi argomenti<\/span><\/a>, tutti focalizzati pi\u00f9 sulle tecnologie che su ci\u00f2 che potrebbero abilitare una volta implementate ed effettivamente utilizzate.<\/p>\n\t<div id=\"gap-2042239227\" class=\"gap-element clearfix\" style=\"display:block; height:auto;\">\n\t\t\n<style>\n#gap-2042239227 {\n  padding-top: 50px;\n}\n<\/style>\n\t<\/div>\n\t\n<div class=\"row\"  id=\"row-434548763\">\n\n\t<div id=\"col-2127427473\" class=\"col medium-6 small-12 large-6\"  >\n\t\t\t\t<div class=\"col-inner\"  >\n\t\t\t\n\t\t\t\n<p class=\"p1\">Questa ricerca cerca di aggiungere un ulteriore livello di comprensione all&#8217;analisi delle tecnologie. Quello che presentiamo qui si presenta sotto forma di una narrazione in cui il lettore \u00e8 parte del processo decisionale.<\/p>\n<p class=\"p1\">Sottolineiamo che non c&#8217;\u00e8 fatalit\u00e0 nell&#8217;utilizzo o meno di una tecnologia. A un certo punto si deve decidere se integrarla o meno.<\/p>\n<p><em>Esempio di un albero decisionale in cui si pu\u00f2 scegliere di essere pi\u00f9 o meno conservatori sulla tecnologia. Essere conservatori vi collocher\u00e0 in un ambiente in cui le tecnologie a vostra disposizione esistono gi\u00e0 oggi (intorno a <a href=\"https:\/\/en.wikipedia.org\/wiki\/Technology_readiness_level\">TRL 9<\/a>), mentre abbracciare pienamente le tecnologie vi permetter\u00e0 di utilizzare tecnologie che non esistono ancora e alcune delle quali esistono solo come idee (intorno a <a href=\"https:\/\/en.wikipedia.org\/wiki\/Technology_readiness_level\">TRL 1<\/a>).\u00a0<\/em><\/p>\n\t\t<\/div>\n\t\t\t\t\t<\/div>\n\n\t\n\n\t<div id=\"col-2106751449\" class=\"col medium-6 small-12 large-6\"  >\n\t\t\t\t<div class=\"col-inner\"  >\n\t\t\t\n\t\t\t\n\t<div class=\"img has-hover x md-x lg-x y md-y lg-y\" id=\"image_560381606\">\n\t\t<a class=\"\" href=\"https:\/\/deftech.ch\/wp-content\/uploads\/2020\/08\/future-narrative_story-tree.png\" >\t\t\t\t\t\t<div class=\"img-inner dark\" >\n\t\t\t<img loading=\"lazy\" decoding=\"async\" width=\"1020\" height=\"888\" src=\"https:\/\/deftech.ch\/wp-content\/uploads\/2020\/08\/future-narrative_story-tree-1024x891.png\" class=\"attachment-large size-large\" alt=\"\" srcset=\"https:\/\/deftech.ch\/wp-content\/uploads\/2020\/08\/future-narrative_story-tree-1024x891.png 1024w, https:\/\/deftech.ch\/wp-content\/uploads\/2020\/08\/future-narrative_story-tree-300x261.png 300w, https:\/\/deftech.ch\/wp-content\/uploads\/2020\/08\/future-narrative_story-tree-768x668.png 768w, https:\/\/deftech.ch\/wp-content\/uploads\/2020\/08\/future-narrative_story-tree.png 1469w\" sizes=\"auto, (max-width: 1020px) 100vw, 1020px\" \/>\t\t\t\t\t\t\n\t\t\t\t\t<\/div>\n\t\t\t\t\t\t<\/a>\t\t\n<style>\n#image_560381606 {\n  width: 100%;\n}\n<\/style>\n\t<\/div>\n\t\n\t\t<\/div>\n\t\t\t\t\t<\/div>\n\n\t\n<\/div>\n\t<div id=\"gap-847497077\" class=\"gap-element clearfix\" style=\"display:block; height:auto;\">\n\t\t\n<style>\n#gap-847497077 {\n  padding-top: 50px;\n}\n<\/style>\n\t<\/div>\n\t\n<p>Inspirati dalle <a href=\"https:\/\/viz.envisioning.io\/deftech\/centaur\/?pg=welcome\">53 tendenze tecnologiche emergenti<\/a> che dovrebbero avere un impatto sulle interazioni uomo-macchina, abbiamo chiesto a autori di fantascienza di sviluppare <a href=\"https:\/\/deftech.ch\/future-narratives-2020\/\">quattro storie interattive<\/a> &#8211; <em>per adesso solo in inglese<\/em> &#8211; con queste interazioni al centro delle trame.<\/p>\n<p class=\"p1\">Speriamo che questa fase aggiuntiva aiuti a comprendere meglio le opportunit\u00e0 e le conseguenze che le tecnologie future possono avere in questo contesto.<\/p>\n<p>Ti auguriamo una lettura interessante di <a href=\"https:\/\/deftech.ch\/future-narratives-2020\/\">queste storie<\/a> nelle quale sei l&#8217;eroi!<\/p>\n\t<div id=\"gap-1230117672\" class=\"gap-element clearfix\" style=\"display:block; height:auto;\">\n\t\t\n<style>\n#gap-1230117672 {\n  padding-top: 50px;\n}\n<\/style>\n\t<\/div>\n\t\n<div class=\"row\"  id=\"row-329546821\">\n\n\t<div id=\"col-1205712770\" class=\"col medium-3 small-6 large-3\"  >\n\t\t\t\t<div class=\"col-inner\"  >\n\t\t\t\n\t\t\t\n\t<div class=\"img has-hover x md-x lg-x y md-y lg-y\" id=\"image_883922378\">\n\t\t<a class=\"\" href=\"https:\/\/deftech.ch\/future-narratives-2020\/\" >\t\t\t\t\t\t<div class=\"img-inner dark\" >\n\t\t\t<img loading=\"lazy\" decoding=\"async\" width=\"640\" height=\"480\" src=\"https:\/\/deftech.ch\/wp-content\/uploads\/2020\/08\/2_cover.png\" class=\"attachment-large size-large\" alt=\"\" srcset=\"https:\/\/deftech.ch\/wp-content\/uploads\/2020\/08\/2_cover.png 640w, https:\/\/deftech.ch\/wp-content\/uploads\/2020\/08\/2_cover-300x225.png 300w\" sizes=\"auto, (max-width: 640px) 100vw, 640px\" \/>\t\t\t\t\t\t\n\t\t\t\t\t<\/div>\n\t\t\t\t\t\t<\/a>\t\t\n<style>\n#image_883922378 {\n  width: 100%;\n}\n<\/style>\n\t<\/div>\n\t\n\t\t<\/div>\n\t\t\t\t\t<\/div>\n\n\t\n\n\t<div id=\"col-340358937\" class=\"col medium-3 small-6 large-3\"  >\n\t\t\t\t<div class=\"col-inner\"  >\n\t\t\t\n\t\t\t\n\t<div class=\"img has-hover x md-x lg-x y md-y lg-y\" id=\"image_1450388744\">\n\t\t<a class=\"\" href=\"https:\/\/deftech.ch\/future-narratives-2020\/\" >\t\t\t\t\t\t<div class=\"img-inner dark\" >\n\t\t\t<img loading=\"lazy\" decoding=\"async\" width=\"640\" height=\"480\" src=\"https:\/\/deftech.ch\/wp-content\/uploads\/2020\/08\/4_cover.png\" class=\"attachment-large size-large\" alt=\"\" srcset=\"https:\/\/deftech.ch\/wp-content\/uploads\/2020\/08\/4_cover.png 640w, https:\/\/deftech.ch\/wp-content\/uploads\/2020\/08\/4_cover-300x225.png 300w\" sizes=\"auto, (max-width: 640px) 100vw, 640px\" \/>\t\t\t\t\t\t\n\t\t\t\t\t<\/div>\n\t\t\t\t\t\t<\/a>\t\t\n<style>\n#image_1450388744 {\n  width: 100%;\n}\n<\/style>\n\t<\/div>\n\t\n\t\t<\/div>\n\t\t\t\t\t<\/div>\n\n\t\n\n\t<div id=\"col-1208665754\" class=\"col medium-3 small-6 large-3\"  >\n\t\t\t\t<div class=\"col-inner\"  >\n\t\t\t\n\t\t\t\n\t<div class=\"img has-hover x md-x lg-x y md-y lg-y\" id=\"image_1655630780\">\n\t\t<a class=\"\" href=\"https:\/\/deftech.ch\/future-narratives-2020\/\" >\t\t\t\t\t\t<div class=\"img-inner dark\" >\n\t\t\t<img loading=\"lazy\" decoding=\"async\" width=\"640\" height=\"480\" src=\"https:\/\/deftech.ch\/wp-content\/uploads\/2020\/08\/1_cover_mil.png\" class=\"attachment-large size-large\" alt=\"\" srcset=\"https:\/\/deftech.ch\/wp-content\/uploads\/2020\/08\/1_cover_mil.png 640w, https:\/\/deftech.ch\/wp-content\/uploads\/2020\/08\/1_cover_mil-300x225.png 300w\" sizes=\"auto, (max-width: 640px) 100vw, 640px\" \/>\t\t\t\t\t\t\n\t\t\t\t\t<\/div>\n\t\t\t\t\t\t<\/a>\t\t\n<style>\n#image_1655630780 {\n  width: 100%;\n}\n<\/style>\n\t<\/div>\n\t\n\t\t<\/div>\n\t\t\t\t\t<\/div>\n\n\t\n\n\t<div id=\"col-385764283\" class=\"col medium-3 small-6 large-3\"  >\n\t\t\t\t<div class=\"col-inner\"  >\n\t\t\t\n\t\t\t\n\t<div class=\"img has-hover x md-x lg-x y md-y lg-y\" id=\"image_364411103\">\n\t\t<a class=\"\" href=\"https:\/\/deftech.ch\/future-narratives-2020\/\" >\t\t\t\t\t\t<div class=\"img-inner dark\" >\n\t\t\t<img loading=\"lazy\" decoding=\"async\" width=\"640\" height=\"480\" src=\"https:\/\/deftech.ch\/wp-content\/uploads\/2020\/08\/3_cover.png\" class=\"attachment-large size-large\" alt=\"\" srcset=\"https:\/\/deftech.ch\/wp-content\/uploads\/2020\/08\/3_cover.png 640w, https:\/\/deftech.ch\/wp-content\/uploads\/2020\/08\/3_cover-300x225.png 300w\" sizes=\"auto, (max-width: 640px) 100vw, 640px\" \/>\t\t\t\t\t\t\n\t\t\t\t\t<\/div>\n\t\t\t\t\t\t<\/a>\t\t\n<style>\n#image_364411103 {\n  width: 100%;\n}\n<\/style>\n\t<\/div>\n\t\n\t\t<\/div>\n\t\t\t\t\t<\/div>\n\n\t\n<\/div>\n\t<div id=\"gap-1603142122\" class=\"gap-element clearfix\" style=\"display:block; height:auto;\">\n\t\t\n<style>\n#gap-1603142122 {\n  padding-top: 50px;\n}\n<\/style>\n\t<\/div>\n\t\n<h1>Il Radar<\/h1>\n<p>Certo, non potevamo fare a meno di presentare le tecnologie utilizzate dagli autori nella nostra forma ormai <a href=\"https:\/\/viz.envisioning.io\/deftech\/centaur\/?pg=welcome\">standard<\/a>. Le tecnologie sono identificate nelle diverse <a href=\"https:\/\/deftech.ch\/future-narratives-2020\/\">storie<\/a> collegate direttamente al Radar.<\/p>\n<p><a href=\"https:\/\/viz.envisioning.io\/deftech\/centaur\/?pg=welcome\"><img loading=\"lazy\" decoding=\"async\" class=\"aligncenter wp-image-9467\" src=\"https:\/\/deftech.ch\/wp-content\/uploads\/2020\/09\/future_narratives_radar.jpg\" alt=\"DEFTECH-un radar per il futuro dell'interazione uomo-macchina\" width=\"466\" height=\"423\" \/><\/a><\/p>\n\t\t<\/div>\n\t\t\t\t\t<\/div>\n\n\t\n<\/div>\n\t\t<\/div>\n\n\t\t\n<style>\n#section_1956936894 {\n  padding-top: 30px;\n  padding-bottom: 30px;\n}\n<\/style>\n\t<\/section>\n\t\n","protected":false},"excerpt":{"rendered":"","protected":false},"author":3,"featured_media":0,"parent":0,"menu_order":0,"comment_status":"closed","ping_status":"closed","template":"","meta":{"jetpack_post_was_ever_published":false,"footnotes":""},"class_list":["post-9493","page","type-page","status-publish","hentry"],"yoast_head":"<!-- This site is optimized with the Yoast SEO plugin v27.4 - https:\/\/yoast.com\/product\/yoast-seo-wordpress\/ -->\n<title>Storie dal futuro - Deftech \u00b7 Defence Future Technologies<\/title>\n<meta name=\"robots\" content=\"index, follow, max-snippet:-1, max-image-preview:large, max-video-preview:-1\" \/>\n<link rel=\"canonical\" href=\"https:\/\/deftech.ch\/it\/storie-dal-futuro\/\" \/>\n<meta property=\"og:locale\" content=\"it_IT\" \/>\n<meta property=\"og:type\" content=\"article\" \/>\n<meta property=\"og:title\" content=\"Storie dal futuro - Deftech \u00b7 Defence Future Technologies\" \/>\n<meta property=\"og:url\" content=\"https:\/\/deftech.ch\/it\/storie-dal-futuro\/\" \/>\n<meta property=\"og:site_name\" content=\"Deftech \u00b7 Defence Future Technologies\" \/>\n<meta property=\"article:modified_time\" content=\"2024-01-22T10:35:55+00:00\" \/>\n<meta property=\"og:image\" content=\"https:\/\/deftech.ch\/wp-content\/uploads\/2020\/09\/future_narratives_radar.jpg\" \/>\n<meta name=\"twitter:card\" content=\"summary_large_image\" \/>\n<meta name=\"twitter:site\" content=\"@deftechCH\" \/>\n<meta name=\"twitter:label1\" content=\"Tempo di lettura stimato\" \/>\n\t<meta name=\"twitter:data1\" content=\"2 minuti\" \/>\n<script type=\"application\/ld+json\" class=\"yoast-schema-graph\">{\"@context\":\"https:\\\/\\\/schema.org\",\"@graph\":[{\"@type\":\"WebPage\",\"@id\":\"https:\\\/\\\/deftech.ch\\\/it\\\/storie-dal-futuro\\\/\",\"url\":\"https:\\\/\\\/deftech.ch\\\/it\\\/storie-dal-futuro\\\/\",\"name\":\"Storie dal futuro - Deftech \u00b7 Defence Future Technologies\",\"isPartOf\":{\"@id\":\"https:\\\/\\\/deftech.ch\\\/#website\"},\"primaryImageOfPage\":{\"@id\":\"https:\\\/\\\/deftech.ch\\\/it\\\/storie-dal-futuro\\\/#primaryimage\"},\"image\":{\"@id\":\"https:\\\/\\\/deftech.ch\\\/it\\\/storie-dal-futuro\\\/#primaryimage\"},\"thumbnailUrl\":\"https:\\\/\\\/deftech.ch\\\/wp-content\\\/uploads\\\/2020\\\/09\\\/future_narratives_radar.jpg\",\"datePublished\":\"2020-08-30T17:08:28+00:00\",\"dateModified\":\"2024-01-22T10:35:55+00:00\",\"breadcrumb\":{\"@id\":\"https:\\\/\\\/deftech.ch\\\/it\\\/storie-dal-futuro\\\/#breadcrumb\"},\"inLanguage\":\"it-IT\",\"potentialAction\":[{\"@type\":\"ReadAction\",\"target\":[\"https:\\\/\\\/deftech.ch\\\/it\\\/storie-dal-futuro\\\/\"]}]},{\"@type\":\"ImageObject\",\"inLanguage\":\"it-IT\",\"@id\":\"https:\\\/\\\/deftech.ch\\\/it\\\/storie-dal-futuro\\\/#primaryimage\",\"url\":\"https:\\\/\\\/deftech.ch\\\/wp-content\\\/uploads\\\/2020\\\/09\\\/future_narratives_radar.jpg\",\"contentUrl\":\"https:\\\/\\\/deftech.ch\\\/wp-content\\\/uploads\\\/2020\\\/09\\\/future_narratives_radar.jpg\"},{\"@type\":\"BreadcrumbList\",\"@id\":\"https:\\\/\\\/deftech.ch\\\/it\\\/storie-dal-futuro\\\/#breadcrumb\",\"itemListElement\":[{\"@type\":\"ListItem\",\"position\":1,\"name\":\"Home\",\"item\":\"https:\\\/\\\/deftech.ch\\\/it\\\/\"},{\"@type\":\"ListItem\",\"position\":2,\"name\":\"Storie dal futuro\"}]},{\"@type\":\"WebSite\",\"@id\":\"https:\\\/\\\/deftech.ch\\\/#website\",\"url\":\"https:\\\/\\\/deftech.ch\\\/\",\"name\":\"Deftech - Defence Future Technologies\",\"description\":\"Inspire - Inform - Instruct\",\"publisher\":{\"@id\":\"https:\\\/\\\/deftech.ch\\\/#organization\"},\"potentialAction\":[{\"@type\":\"SearchAction\",\"target\":{\"@type\":\"EntryPoint\",\"urlTemplate\":\"https:\\\/\\\/deftech.ch\\\/?s={search_term_string}\"},\"query-input\":{\"@type\":\"PropertyValueSpecification\",\"valueRequired\":true,\"valueName\":\"search_term_string\"}}],\"inLanguage\":\"it-IT\"},{\"@type\":\"Organization\",\"@id\":\"https:\\\/\\\/deftech.ch\\\/#organization\",\"name\":\"Deftech - Defence Future Technologies\",\"alternateName\":\"Foresight Program by armasuisse Science and Technology\",\"url\":\"https:\\\/\\\/deftech.ch\\\/\",\"logo\":{\"@type\":\"ImageObject\",\"inLanguage\":\"it-IT\",\"@id\":\"https:\\\/\\\/deftech.ch\\\/#\\\/schema\\\/logo\\\/image\\\/\",\"url\":\"https:\\\/\\\/i0.wp.com\\\/deftech.ch\\\/wp-content\\\/uploads\\\/2024\\\/09\\\/deftech-white-red-round-background.002.png?fit=1500%2C1500&ssl=1\",\"contentUrl\":\"https:\\\/\\\/i0.wp.com\\\/deftech.ch\\\/wp-content\\\/uploads\\\/2024\\\/09\\\/deftech-white-red-round-background.002.png?fit=1500%2C1500&ssl=1\",\"width\":1500,\"height\":1500,\"caption\":\"Deftech - Defence Future Technologies\"},\"image\":{\"@id\":\"https:\\\/\\\/deftech.ch\\\/#\\\/schema\\\/logo\\\/image\\\/\"},\"sameAs\":[\"https:\\\/\\\/x.com\\\/deftechCH\",\"https:\\\/\\\/linkedin.com\\\/in\\\/ladetto\"]}]}<\/script>\n<!-- \/ Yoast SEO plugin. -->","yoast_head_json":{"title":"Storie dal futuro - Deftech \u00b7 Defence Future Technologies","robots":{"index":"index","follow":"follow","max-snippet":"max-snippet:-1","max-image-preview":"max-image-preview:large","max-video-preview":"max-video-preview:-1"},"canonical":"https:\/\/deftech.ch\/it\/storie-dal-futuro\/","og_locale":"it_IT","og_type":"article","og_title":"Storie dal futuro - Deftech \u00b7 Defence Future Technologies","og_url":"https:\/\/deftech.ch\/it\/storie-dal-futuro\/","og_site_name":"Deftech \u00b7 Defence Future Technologies","article_modified_time":"2024-01-22T10:35:55+00:00","og_image":[{"url":"https:\/\/deftech.ch\/wp-content\/uploads\/2020\/09\/future_narratives_radar.jpg","type":"","width":"","height":""}],"twitter_card":"summary_large_image","twitter_site":"@deftechCH","twitter_misc":{"Tempo di lettura stimato":"2 minuti"},"schema":{"@context":"https:\/\/schema.org","@graph":[{"@type":"WebPage","@id":"https:\/\/deftech.ch\/it\/storie-dal-futuro\/","url":"https:\/\/deftech.ch\/it\/storie-dal-futuro\/","name":"Storie dal futuro - Deftech \u00b7 Defence Future Technologies","isPartOf":{"@id":"https:\/\/deftech.ch\/#website"},"primaryImageOfPage":{"@id":"https:\/\/deftech.ch\/it\/storie-dal-futuro\/#primaryimage"},"image":{"@id":"https:\/\/deftech.ch\/it\/storie-dal-futuro\/#primaryimage"},"thumbnailUrl":"https:\/\/deftech.ch\/wp-content\/uploads\/2020\/09\/future_narratives_radar.jpg","datePublished":"2020-08-30T17:08:28+00:00","dateModified":"2024-01-22T10:35:55+00:00","breadcrumb":{"@id":"https:\/\/deftech.ch\/it\/storie-dal-futuro\/#breadcrumb"},"inLanguage":"it-IT","potentialAction":[{"@type":"ReadAction","target":["https:\/\/deftech.ch\/it\/storie-dal-futuro\/"]}]},{"@type":"ImageObject","inLanguage":"it-IT","@id":"https:\/\/deftech.ch\/it\/storie-dal-futuro\/#primaryimage","url":"https:\/\/deftech.ch\/wp-content\/uploads\/2020\/09\/future_narratives_radar.jpg","contentUrl":"https:\/\/deftech.ch\/wp-content\/uploads\/2020\/09\/future_narratives_radar.jpg"},{"@type":"BreadcrumbList","@id":"https:\/\/deftech.ch\/it\/storie-dal-futuro\/#breadcrumb","itemListElement":[{"@type":"ListItem","position":1,"name":"Home","item":"https:\/\/deftech.ch\/it\/"},{"@type":"ListItem","position":2,"name":"Storie dal futuro"}]},{"@type":"WebSite","@id":"https:\/\/deftech.ch\/#website","url":"https:\/\/deftech.ch\/","name":"Deftech - Defence Future Technologies","description":"Inspire - Inform - Instruct","publisher":{"@id":"https:\/\/deftech.ch\/#organization"},"potentialAction":[{"@type":"SearchAction","target":{"@type":"EntryPoint","urlTemplate":"https:\/\/deftech.ch\/?s={search_term_string}"},"query-input":{"@type":"PropertyValueSpecification","valueRequired":true,"valueName":"search_term_string"}}],"inLanguage":"it-IT"},{"@type":"Organization","@id":"https:\/\/deftech.ch\/#organization","name":"Deftech - Defence Future Technologies","alternateName":"Foresight Program by armasuisse Science and Technology","url":"https:\/\/deftech.ch\/","logo":{"@type":"ImageObject","inLanguage":"it-IT","@id":"https:\/\/deftech.ch\/#\/schema\/logo\/image\/","url":"https:\/\/i0.wp.com\/deftech.ch\/wp-content\/uploads\/2024\/09\/deftech-white-red-round-background.002.png?fit=1500%2C1500&ssl=1","contentUrl":"https:\/\/i0.wp.com\/deftech.ch\/wp-content\/uploads\/2024\/09\/deftech-white-red-round-background.002.png?fit=1500%2C1500&ssl=1","width":1500,"height":1500,"caption":"Deftech - Defence Future Technologies"},"image":{"@id":"https:\/\/deftech.ch\/#\/schema\/logo\/image\/"},"sameAs":["https:\/\/x.com\/deftechCH","https:\/\/linkedin.com\/in\/ladetto"]}]}},"jetpack_sharing_enabled":true,"jetpack_shortlink":"https:\/\/wp.me\/PaO9lW-2t7","_links":{"self":[{"href":"https:\/\/deftech.ch\/it\/wp-json\/wp\/v2\/pages\/9493","targetHints":{"allow":["GET"]}}],"collection":[{"href":"https:\/\/deftech.ch\/it\/wp-json\/wp\/v2\/pages"}],"about":[{"href":"https:\/\/deftech.ch\/it\/wp-json\/wp\/v2\/types\/page"}],"author":[{"embeddable":true,"href":"https:\/\/deftech.ch\/it\/wp-json\/wp\/v2\/users\/3"}],"replies":[{"embeddable":true,"href":"https:\/\/deftech.ch\/it\/wp-json\/wp\/v2\/comments?post=9493"}],"version-history":[{"count":2,"href":"https:\/\/deftech.ch\/it\/wp-json\/wp\/v2\/pages\/9493\/revisions"}],"predecessor-version":[{"id":37152,"href":"https:\/\/deftech.ch\/it\/wp-json\/wp\/v2\/pages\/9493\/revisions\/37152"}],"wp:attachment":[{"href":"https:\/\/deftech.ch\/it\/wp-json\/wp\/v2\/media?parent=9493"}],"curies":[{"name":"wp","href":"https:\/\/api.w.org\/{rel}","templated":true}]}}